{"id":115,"date":"2024-02-22T16:55:12","date_gmt":"2024-02-22T15:55:12","guid":{"rendered":"https:\/\/bionaturaa.wordpress.com\/?page_id=115"},"modified":"2024-06-15T14:23:36","modified_gmt":"2024-06-15T14:23:36","slug":"115-2","status":"publish","type":"page","link":"https:\/\/natura-diet.com\/?page_id=115","title":{"rendered":"INELDEA"},"content":{"rendered":"\n<div class=\"wp-block-cover alignfull is-light\"><span aria-hidden=\"true\" class=\"wp-block-cover__background has-theme-4-background-color has-background-dim-0 has-background-dim\"><\/span><img loading=\"lazy\" decoding=\"async\" width=\"1440\" height=\"453\" class=\"wp-block-cover__image-background wp-image-2639\" alt=\"\" src=\"https:\/\/natura-diet.com\/wp-content\/uploads\/2024\/05\/ineldea-2.png\" data-object-fit=\"cover\" srcset=\"https:\/\/natura-diet.com\/wp-content\/uploads\/2024\/05\/ineldea-2.png 1440w, https:\/\/natura-diet.com\/wp-content\/uploads\/2024\/05\/ineldea-2-300x94.png 300w, https:\/\/natura-diet.com\/wp-content\/uploads\/2024\/05\/ineldea-2-1024x322.png 1024w, https:\/\/natura-diet.com\/wp-content\/uploads\/2024\/05\/ineldea-2-768x242.png 768w\" sizes=\"auto, (max-width: 1440px) 100vw, 1440px\" \/><div class=\"wp-block-cover__inner-container is-layout-flow wp-block-cover-is-layout-flow\">\n<p class=\"has-text-align-center has-large-font-size\"><\/p>\n<\/div><\/div>\n\n\n\n<div style=\"height:100px\" aria-hidden=\"true\" class=\"wp-block-spacer\"><\/div>\n\n\n\n<p>Se sentir bien dans son corps et dans son esprit le plus longtemps possible, cultiver la vitalit\u00e9 et la fra\u00eecheur de la jeunesse, se prot\u00e9ger autant que possible des maux quotidiens, pr\u00e9server sa sant\u00e9 dans un environnement durable&#8230; C&#8217;est ce \u00e0 quoi nous aspirons tous, et c&#8217;est ce que les Laboratoires INELD\u00c9A proposent. Pour les Laboratoires INELD\u00c9A, la Sant\u00e9 Durable est un choix conscient guid\u00e9 par une vision, une conviction constante que nous d\u00e9fendons depuis 20 ans. Et si la Sant\u00e9 Durable a du sens aujourd&#8217;hui, c&#8217;est parce qu&#8217;elle est une approche globale de la sant\u00e9 qui privil\u00e9gie la pr\u00e9vention et une meilleure coordination des professions de sant\u00e9 pour permettre \u00e0 chacun, dans un environnement sain, de vivre mieux et plus longtemps. Aujourd&#8217;hui, plus que jamais, la Sant\u00e9 Durable est une n\u00e9cessit\u00e9, un avenir \u00e0 d\u00e9fendre en combinant nos forces et nos connaissances.<\/p>\n\n\n\n<div style=\"height:29px\" aria-hidden=\"true\" class=\"wp-block-spacer\"><\/div>\n\n\n\n<div class=\"wp-block-group alignfull has-global-padding is-content-justification-center is-layout-constrained wp-container-core-group-is-layout-8852b4d9 wp-block-group-is-layout-constrained\" style=\"margin-top:0;margin-bottom:0;padding-top:40px;padding-right:var(u002du002dwpu002du002dstyleu002du002drootu002du002dpadding-right, var(u002du002dwpu002du002dcustomu002du002dgapu002du002dhorizontal));padding-bottom:40px;padding-left:var(u002du002dwpu002du002dstyleu002du002drootu002du002dpadding-left, var(u002du002dwpu002du002dcustomu002du002dgapu002du002dhorizontal))\">\n<div style=\"height:54px\" aria-hidden=\"true\" class=\"wp-block-spacer\"><\/div>\n\n\n\n<div class=\"container\">\n  <main class=\"container-grid\">\n    <article>\n      <img decoding=\"async\" src=\"https:\/\/natura-diet.com\/wp-content\/uploads\/2024\/05\/pediakid-5.png\" alt=\"Sample photo\">\n      <div class=\"text\">\n\n        <p>PEDIAKID\u00ae is the first range of natural health products, developed based from 100% natural active ingredients. It offers innovative, exclusive and patented formulations\u2014a set of solutions to each small disturbance in the life of a child (immunity, sleep, appetite, growth, digestion, etc.). Each PEDIAKID\u00ae formulation makes it possible to have a customised and safe response to the needs of even the youngest children, with gentle action without undesirable effects.<\/p>\n        <a href=\"https:\/\/natura-diet.com\/?page_id=1202\" class=\"btn btn-primary btn-block btn-pileje-5\">Voir plus<\/a>\n      <\/div>\n    <\/article>\n    <article>\n      <img decoding=\"async\" src=\"https:\/\/natura-diet.com\/wp-content\/uploads\/2024\/05\/effiderme-1.png\" alt=\"Sample photo\">\n      <div class=\"text\">\n   \n        <p>EFFIDERM\u00ae propose des cosm\u00e9tiques visage et corps modernes, actifs et respectueux de la nature et de votre peau.\n\n Leurs soins exceptionnels pr\u00e9servent naturellement la jeunesse de votre peau, gr\u00e2ce \u00e0 des ingr\u00e9dients actifs pr\u00e9cieux, s\u00e9lectionn\u00e9s avec soin pour convenir \u00e0 tous les types de peau, m\u00eame les plus sensibles.<\/p>\n    <a href=\"https:\/\/natura-diet.com\/?page_id=726\" class=\"btn btn-primary btn-block btn-pileje-4\">Voir plus<\/a>\n      <\/div>\n    <\/article>\n  <\/main>\n<\/div>\n<\/div>\n\n\n\n<div class=\"wp-block-group alignfull has-global-padding is-content-justification-center is-layout-constrained wp-container-core-group-is-layout-888b3e69 wp-block-group-is-layout-constrained\" style=\"margin-top:0;margin-bottom:0;padding-top:calc( 0.5 * var(u002du002dwpu002du002dstyleu002du002drootu002du002dpadding-right, var(u002du002dwpu002du002dcustomu002du002dgapu002du002dhorizontal)));padding-right:var(u002du002dwpu002du002dstyleu002du002drootu002du002dpadding-right, var(u002du002dwpu002du002dcustomu002du002dgapu002du002dhorizontal));padding-bottom:calc( 0.5 * var(u002du002dwpu002du002dstyleu002du002drootu002du002dpadding-right, var(u002du002dwpu002du002dcustomu002du002dgapu002du002dhorizontal)));padding-left:var(u002du002dwpu002du002dstyleu002du002drootu002du002dpadding-left, var(u002du002dwpu002du002dcustomu002du002dgapu002du002dhorizontal))\">\n<div style=\"height:calc( 0.25 * var(u002du002dwpu002du002dstyleu002du002drootu002du002dpadding-right, var(u002du002dwpu002du002dcustomu002du002dgapu002du002dhorizontal)))\" aria-hidden=\"true\" class=\"wp-block-spacer\"><\/div>\n\n\n\n<div class=\"wp-block-group alignwide has-global-padding is-layout-constrained wp-block-group-is-layout-constrained\"><\/div>\n<\/div>\n\n\n\n<div class=\"wp-block-columns alignfull is-layout-flex wp-container-core-columns-is-layout-28f84493 wp-block-columns-is-layout-flex\">\n<div class=\"wp-block-column is-vertically-aligned-center is-layout-flow wp-block-column-is-layout-flow\">\n<head>\n    <script src=\"https:\/\/kit.fontawesome.com\/3b161c540c.js\" crossorigin=\"anonymous\"><\/script>\n<\/head>\n<footer class=\"footer\">\n    <div class=\"container row\">\n        <div class=\"footer-col\">\n            <h4>Laboratoire Bionatura Diet<\/h4>\n            <ul>\n                <li><a href=\"https:\/\/natura-diet.com\/?page_id=21\">Qui Somme Nous<\/a><\/li>\n            <\/ul>\n        <\/div>\n        <div class=\"footer-col\">\n            <h4> Nos partenaires<\/h4>\n            <ul>\n                <li><a href=\"https:\/\/natura-diet.com\/?page_id=692\">PileJe<\/a><\/li>\n                <li><a href=\"https:\/\/natura-diet.com\/?page_id=115\">Ineldea<\/a><\/li>\n                <li><a href=\"#\">Fertyfarm<\/a><\/li>\n                <li><a href=\"#\">Polidis<\/a><\/li>\n                <li><a href=\"#\">Eafit<\/a><\/li>\n            <\/ul>\n\n        <\/div>\n        <div class=\"footer-col\">\n\n            <h4>Nos Gammes<\/h4>\n            <ul>\n                <li><a href=\"https:\/\/natura-diet.com\/?page_id=465\">Microbiotes<\/a><\/li>\n                <li><a href=\"https:\/\/natura-diet.com\/?page_id=694\">Micronutrition<\/a><\/li>\n                <li><a href=\"https:\/\/natura-diet.com\/?page_id=517\">Phytotherapie<\/a><\/li>\n                <li><a href=\"https:\/\/natura-diet.com\/?page_id=1202\">Pediakid<\/a><\/li>\n                <li><a href=\"https:\/\/natura-diet.com\/?page_id=726\">Effiderm<\/a><\/li>\n            <\/ul>\n\n        <\/div>\n        <div class=\"footer-col\">\n            <h4>Contactez-nous<\/h4>\n            <div class=\"social-links\">\n                <a href=\"tel:+21626330240\"><i class=\"fa fa-phone\"><\/i><\/a><span class=\"text-icon\">+216 26 330 240<\/span>\n                <br \/>\n                <a href=\"mailto:bionatura2@gmail.com\"><i class=\"fa fa-envelope\" aria-hidden=\"true\"><\/i><\/a><span\n                    class=\"text-icon\">bionatura2@gmail.com<\/span> <br \/>\n                <div class=\"social-media\">\n                    <a href=\"https:\/\/www.facebook.com\/profile.php?id=100054568084108\" target=\"_blank\" rel=\"noopener\"><i\n                            class=\"fa-brands fa-facebook\"><\/i><\/a>\n                    <a href=\"https:\/\/www.instagram.com\/bio.naturadiet?igsh=cXI0aDNvM3I3MXpk\" target=\"_blank\" rel=\"noopener\"><i class=\"fa-brands fa-instagram\"><\/i><\/a>\n                    <!-- <a href=\"#\"><i class=\"fa-brands fa-linkedin-in\"><\/i><\/a> -->\n                <\/div>\n            <\/div>\n        <\/div>\n        <div class=\"footer-col\" style=\"color: white; text-align: center; display: block;margin-left: auto;\n    margin-right: auto;margin-top: 20px;\">&copy; 2024 &#8211; All right\n            reserved <a href=\"https:\/\/zeenovi.com\/\" target=\"_blank\" style=\"color: white;\" rel=\"noopener\">Zeenovi\u2122<\/a>\n        <\/div>\n\n\n    <\/div>\n<\/footer>\n<\/div>\n<\/div>\n","protected":false},"excerpt":{"rendered":"<p>Se sentir bien dans son corps et dans son esprit le plus longtemps possible, cultiver la vitalit\u00e9 et la fra\u00eecheur de la jeunesse, se prot\u00e9ger autant que possible des maux [&hellip;]<\/p>\n","protected":false},"author":1,"featured_media":0,"parent":0,"menu_order":0,"comment_status":"closed","ping_status":"closed","template":"","meta":{"_eb_attr":"","_EventAllDay":false,"_EventTimezone":"","_EventStartDate":"","_EventEndDate":"","_EventStartDateUTC":"","_EventEndDateUTC":"","_EventShowMap":false,"_EventShowMapLink":false,"_EventURL":"","_EventCost":"","_EventCostDescription":"","_EventCurrencySymbol":"","_EventCurrencyCode":"","_EventCurrencyPosition":"","_EventDateTimeSeparator":"","_EventTimeRangeSeparator":"","_EventOrganizerID":[],"_EventVenueID":[],"_OrganizerEmail":"","_OrganizerPhone":"","_OrganizerWebsite":"","_VenueAddress":"","_VenueCity":"","_VenueCountry":"","_VenueProvince":"","_VenueState":"","_VenueZip":"","_VenuePhone":"","_VenueURL":"","_VenueStateProvince":"","_VenueLat":"","_VenueLng":"","_VenueShowMap":false,"_VenueShowMapLink":false,"footnotes":""},"class_list":["post-115","page","type-page","status-publish","hentry"],"_links":{"self":[{"href":"https:\/\/natura-diet.com\/index.php?rest_route=\/wp\/v2\/pages\/115","targetHints":{"allow":["GET"]}}],"collection":[{"href":"https:\/\/natura-diet.com\/index.php?rest_route=\/wp\/v2\/pages"}],"about":[{"href":"https:\/\/natura-diet.com\/index.php?rest_route=\/wp\/v2\/types\/page"}],"author":[{"embeddable":true,"href":"https:\/\/natura-diet.com\/index.php?rest_route=\/wp\/v2\/users\/1"}],"replies":[{"embeddable":true,"href":"https:\/\/natura-diet.com\/index.php?rest_route=%2Fwp%2Fv2%2Fcomments&post=115"}],"version-history":[{"count":44,"href":"https:\/\/natura-diet.com\/index.php?rest_route=\/wp\/v2\/pages\/115\/revisions"}],"predecessor-version":[{"id":3499,"href":"https:\/\/natura-diet.com\/index.php?rest_route=\/wp\/v2\/pages\/115\/revisions\/3499"}],"wp:attachment":[{"href":"https:\/\/natura-diet.com\/index.php?rest_route=%2Fwp%2Fv2%2Fmedia&parent=115"}],"curies":[{"name":"wp","href":"https:\/\/api.w.org\/{rel}","templated":true}]}}