{"id":1394,"date":"2024-03-28T12:17:53","date_gmt":"2024-03-28T11:17:53","guid":{"rendered":"https:\/\/bionaturaa.wordpress.com\/?page_id=1394"},"modified":"2024-06-06T12:26:28","modified_gmt":"2024-06-06T12:26:28","slug":"lactibiane-topic-ad","status":"publish","type":"page","link":"https:\/\/natura-diet.com\/?page_id=1394","title":{"rendered":"LACTIBIANE TOPIC AD"},"content":{"rendered":"\n<div class=\"wp-block-group alignfull has-global-padding is-content-justification-center is-layout-constrained wp-container-core-group-is-layout-888b3e69 wp-block-group-is-layout-constrained\" style=\"margin-top:0;margin-bottom:0;padding-top:calc( 0.5 * var(u002du002dwpu002du002dstyleu002du002drootu002du002dpadding-right, var(u002du002dwpu002du002dcustomu002du002dgapu002du002dhorizontal)));padding-right:var(u002du002dwpu002du002dstyleu002du002drootu002du002dpadding-right, var(u002du002dwpu002du002dcustomu002du002dgapu002du002dhorizontal));padding-bottom:calc( 0.5 * var(u002du002dwpu002du002dstyleu002du002drootu002du002dpadding-right, var(u002du002dwpu002du002dcustomu002du002dgapu002du002dhorizontal)));padding-left:var(u002du002dwpu002du002dstyleu002du002drootu002du002dpadding-left, var(u002du002dwpu002du002dcustomu002du002dgapu002du002dhorizontal))\">\n<div style=\"height:100px\" aria-hidden=\"true\" class=\"wp-block-spacer\"><\/div>\n\n\n\n<h3 class=\"wp-block-heading has-text-align-left has-large-font-size\"><mark style=\"background-color:rgba(0, 0, 0, 0)\" class=\"has-inline-color has-theme-3-color\">LACTIBIANE TOPIC AD<\/mark><\/h3>\n\n\n\n<div style=\"height:100px\" aria-hidden=\"true\" class=\"wp-block-spacer\"><\/div>\n\n\n\n<div class=\"wp-block-columns alignwide are-vertically-aligned-center is-layout-flex wp-container-core-columns-is-layout-f1bd724e wp-block-columns-is-layout-flex\" style=\"padding-right:80px;padding-left:80px\">\n<div class=\"wp-block-column is-vertically-aligned-center is-layout-flow wp-block-column-is-layout-flow\">\n<figure class=\"wp-block-image aligncenter size-large is-resized\"><img loading=\"lazy\" decoding=\"async\" width=\"1495\" height=\"2244\" src=\"https:\/\/bionaturaa.wordpress.com\/wp-content\/uploads\/2024\/03\/image-37-edited.png\" alt=\"\" class=\"wp-image-1177\" style=\"width:285px;height:auto\" srcset=\"https:\/\/natura-diet.com\/wp-content\/uploads\/2024\/03\/image-37-edited.png 1495w, https:\/\/natura-diet.com\/wp-content\/uploads\/2024\/03\/image-37-edited-200x300.png 200w, https:\/\/natura-diet.com\/wp-content\/uploads\/2024\/03\/image-37-edited-682x1024.png 682w, https:\/\/natura-diet.com\/wp-content\/uploads\/2024\/03\/image-37-edited-768x1153.png 768w, https:\/\/natura-diet.com\/wp-content\/uploads\/2024\/03\/image-37-edited-1023x1536.png 1023w, https:\/\/natura-diet.com\/wp-content\/uploads\/2024\/03\/image-37-edited-1364x2048.png 1364w\" sizes=\"auto, (max-width: 1495px) 100vw, 1495px\" \/><\/figure>\n<\/div>\n\n\n\n<div class=\"wp-block-column is-vertically-aligned-center is-layout-flow wp-block-column-is-layout-flow\">\n<head>\n\n\n    <script src=\"https:\/\/code.jquery.com\/jquery-3.6.0.min.js\"><\/script>\n  \n<\/head>\n<body>\n    <div class=\"container\">\n        <div class=\"accordion_inner\">\n       \n            <div class=\"accordion-section\">\n                <div class=\"each-accordionbox\">\n                    <h3 class=\"each-title\">Posologie<\/h3>\n                    <p class=\"each-text\">Une peau s\u00e8che \u00e0 tendance atopique est une r\u00e9action provoqu\u00e9e par une alt\u00e9ration de la barri\u00e8re cutan\u00e9e. Des facteurs g\u00e9n\u00e9tiques ou environnementaux peuvent \u00eatre \u00e0 l\u2019origine de cette perturbation qui peut fortement impacter la qualit\u00e9 de vie.\nPiLeJe Laboratoire a d\u00e9velopp\u00e9 le premier baume \u00e9mollient de sa gamme Microbiotes pour r\u00e9pondre aux besoins des peaux \u00e0 tendance atopique. Lactibiane Topic AD convient aux nourrissons, enfants et adultes.\nIl apaise et calme les sensations de d\u00e9mangeaisons et de grattages.\nLactibiane Topic AD est compos\u00e9 de plusieurs actifs pour une action compl\u00e8te sur la peau \u00e0 tendance atopique :\nLactobacillus ferment lysate augmente la diversit\u00e9 du microbiote cutan\u00e9 commensal et maintient l\u2019\u00e9quilibre du microbiote cutan\u00e9\nLe pr\u00e9biotique \u03b1-gluco-oligosaccharide prot\u00e8ge le microbiote cutan\u00e9.\nLe LPCa et la vitamine B3 contribuent \u00e0 fortifier la barri\u00e8re cutan\u00e9e.\n\u00c0 base de : Lactobacillus ferment lysate, Vitamine B3, Pr\u00e9biotique \u03b1-gluco-oligosaccharide, LPCa\n\n\n\n<\/p>\n                <\/div>\n\n\n                <div class=\"each-accordionbox\">\n                    <h3 class=\"each-title\">Composition<\/h3>\n                    <p class=\"each-text\">Aqua (Water), Glycerin, C15-19 Alkane, Oryza Sativa (Rice) Starch, Caprylic\/Capric Triglyceride, Coco-Caprylate\/Caprate, Prunus Armeniaca (Apricot) Kernel Oil, Vitis Vinifera (Grape) Seed Oil, Glyceryl Stearate, Glyceryl Stearate Citrate, Butyrospermum Parkii (Shea) Butter, Cocos Nucifera (Coconut) Oil, Niacinamide, Alpha-Glucan Oligosaccharide, 1,2-Hexanediol, Caprylyl Glycol, Xanthan Gum, Lactobacillus Ferment Lysate, Potassium Sorbate, Helianthus Annuus (Sunflower) Seed Oil, Tocopherol, Citric Acid, Propanediol, Calcium PCA.\nBaume \u00e9mollient notamment \u00e0 base de Lactobacillus Ferment Lysate et de pr\u00e9biotique pour les peaux s\u00e8ches \u00e0 tendance atopique.\nVolume net 125 ml\n\n\n\n\n\n<\/p>\n                <\/div>\n                <div class=\"each-accordionbox\">\n                    <h3 class=\"each-title\">Utilisation<\/h3>\n                    <p class=\"each-text\">Conseils d&#8217;utilisation<br\/>\nAppliquer Lactibiane Topic AD une \u00e0 deux fois par jour en \u00e9talant une fine couche sur les zones s\u00e8ches \/ atopiques du visage et du corps.\nConservation : 12 mois.\n\u00c9viter l\u2019exposition prolong\u00e9e \u00e0 la chaleur.\n \n\n\n<br\/>Pr\u00e9cautions d&#8217;emploi<br\/>\nD\u00e8s la naissance.\nSi les rougeurs ou d\u00e9mangeaisons persistent, consulter un professionnel de sant\u00e9.\n\n\n\n\n<\/p>\n                <\/div>\n            <\/div>\n        <\/div>           \n    <\/div> \n\n    <script>\n        $(document).ready(function() {\n            \/\/ Open the first accordion automatically\n            $(\".each-accordionbox:first-child\").addClass(\"active\").children(\".each-text\").slideDown();\n\n            \/\/ Accordion toggle functionality\n            $(\".each-title\").on(\"click\", function() {\n                if ($(this).parent().hasClass(\"active\")) {\n                    $(this).next().slideUp();\n                    $(this).parent().removeClass(\"active\");\n                } else {\n                    $(\".each-text\").slideUp();\n                    $(\".each-accordionbox\").removeClass(\"active\");\n                    $(this).parent().addClass(\"active\");\n                    $(this).next().slideDown();\n                }\n            });\n        });\n    <\/script>\n<\/body>\n<\/div>\n<\/div>\n<\/div>\n\n\n\n<div style=\"height:100px\" aria-hidden=\"true\" class=\"wp-block-spacer\"><\/div>\n\n\n\n<div style=\"height:100px\" aria-hidden=\"true\" class=\"wp-block-spacer\"><\/div>\n\n\n\n<div class=\"wp-block-columns alignfull is-layout-flex wp-container-core-columns-is-layout-28f84493 wp-block-columns-is-layout-flex\">\n<div class=\"wp-block-column is-vertically-aligned-center is-layout-flow wp-block-column-is-layout-flow\">\n<head>\n    <script src=\"https:\/\/kit.fontawesome.com\/3b161c540c.js\" crossorigin=\"anonymous\"><\/script>\n<\/head>\n<footer class=\"footer\">\n    <div class=\"container row\">\n        <div class=\"footer-col\">\n            <h4>Laboratoire Bionatura Diet<\/h4>\n            <ul>\n                <li><a href=\"https:\/\/natura-diet.com\/?page_id=21\">Qui Somme Nous<\/a><\/li>\n            <\/ul>\n        <\/div>\n        <div class=\"footer-col\">\n            <h4> Nos partenaires<\/h4>\n            <ul>\n                <li><a href=\"https:\/\/natura-diet.com\/?page_id=692\">PileJe<\/a><\/li>\n                <li><a href=\"https:\/\/natura-diet.com\/?page_id=115\">Ineldea<\/a><\/li>\n                <li><a href=\"#\">Fertyfarm<\/a><\/li>\n                <li><a href=\"#\">Polidis<\/a><\/li>\n                <li><a href=\"#\">Eafit<\/a><\/li>\n            <\/ul>\n\n        <\/div>\n        <div class=\"footer-col\">\n\n            <h4>Nos Gammes<\/h4>\n            <ul>\n                <li><a href=\"https:\/\/natura-diet.com\/?page_id=465\">Microbiotes<\/a><\/li>\n                <li><a href=\"https:\/\/natura-diet.com\/?page_id=694\">Micronutrition<\/a><\/li>\n                <li><a href=\"https:\/\/natura-diet.com\/?page_id=517\">Phytotherapie<\/a><\/li>\n                <li><a href=\"https:\/\/natura-diet.com\/?page_id=1202\">Pediakid<\/a><\/li>\n                <li><a href=\"https:\/\/natura-diet.com\/?page_id=726\">Effiderm<\/a><\/li>\n            <\/ul>\n\n        <\/div>\n        <div class=\"footer-col\">\n            <h4>Contactez-nous<\/h4>\n            <div class=\"social-links\">\n                <a href=\"tel:+21626330240\"><i class=\"fa fa-phone\"><\/i><\/a><span class=\"text-icon\">+216 26 330 240<\/span>\n                <br \/>\n                <a href=\"mailto:bionatura2@gmail.com\"><i class=\"fa fa-envelope\" aria-hidden=\"true\"><\/i><\/a><span\n                    class=\"text-icon\">bionatura2@gmail.com<\/span> <br \/>\n                <div class=\"social-media\">\n                    <a href=\"https:\/\/www.facebook.com\/profile.php?id=100054568084108\" target=\"_blank\" rel=\"noopener\"><i\n                            class=\"fa-brands fa-facebook\"><\/i><\/a>\n                    <a href=\"https:\/\/www.instagram.com\/bio.naturadiet?igsh=cXI0aDNvM3I3MXpk\" target=\"_blank\" rel=\"noopener\"><i class=\"fa-brands fa-instagram\"><\/i><\/a>\n                    <!-- <a href=\"#\"><i class=\"fa-brands fa-linkedin-in\"><\/i><\/a> -->\n                <\/div>\n            <\/div>\n        <\/div>\n        <div class=\"footer-col\" style=\"color: white; text-align: center; display: block;margin-left: auto;\n    margin-right: auto;margin-top: 20px;\">&copy; 2024 &#8211; All right\n            reserved <a href=\"https:\/\/zeenovi.com\/\" target=\"_blank\" style=\"color: white;\" rel=\"noopener\">Zeenovi\u2122<\/a>\n        <\/div>\n\n\n    <\/div>\n<\/footer>\n<\/div>\n<\/div>\n","protected":false},"excerpt":{"rendered":"<p>LACTIBIANE TOPIC AD Posologie Une peau s\u00e8che \u00e0 tendance atopique est une r\u00e9action provoqu\u00e9e par une alt\u00e9ration de la barri\u00e8re cutan\u00e9e. Des facteurs g\u00e9n\u00e9tiques ou environnementaux peuvent \u00eatre \u00e0 l\u2019origine [&hellip;]<\/p>\n","protected":false},"author":1,"featured_media":0,"parent":0,"menu_order":0,"comment_status":"closed","ping_status":"closed","template":"","meta":{"_eb_attr":"","_EventAllDay":false,"_EventTimezone":"","_EventStartDate":"","_EventEndDate":"","_EventStartDateUTC":"","_EventEndDateUTC":"","_EventShowMap":false,"_EventShowMapLink":false,"_EventURL":"","_EventCost":"","_EventCostDescription":"","_EventCurrencySymbol":"","_EventCurrencyCode":"","_EventCurrencyPosition":"","_EventDateTimeSeparator":"","_EventTimeRangeSeparator":"","_EventOrganizerID":[],"_EventVenueID":[],"_OrganizerEmail":"","_OrganizerPhone":"","_OrganizerWebsite":"","_VenueAddress":"","_VenueCity":"","_VenueCountry":"","_VenueProvince":"","_VenueState":"","_VenueZip":"","_VenuePhone":"","_VenueURL":"","_VenueStateProvince":"","_VenueLat":"","_VenueLng":"","_VenueShowMap":false,"_VenueShowMapLink":false,"footnotes":""},"class_list":["post-1394","page","type-page","status-publish","hentry"],"_links":{"self":[{"href":"https:\/\/natura-diet.com\/index.php?rest_route=\/wp\/v2\/pages\/1394","targetHints":{"allow":["GET"]}}],"collection":[{"href":"https:\/\/natura-diet.com\/index.php?rest_route=\/wp\/v2\/pages"}],"about":[{"href":"https:\/\/natura-diet.com\/index.php?rest_route=\/wp\/v2\/types\/page"}],"author":[{"embeddable":true,"href":"https:\/\/natura-diet.com\/index.php?rest_route=\/wp\/v2\/users\/1"}],"replies":[{"embeddable":true,"href":"https:\/\/natura-diet.com\/index.php?rest_route=%2Fwp%2Fv2%2Fcomments&post=1394"}],"version-history":[{"count":8,"href":"https:\/\/natura-diet.com\/index.php?rest_route=\/wp\/v2\/pages\/1394\/revisions"}],"predecessor-version":[{"id":3291,"href":"https:\/\/natura-diet.com\/index.php?rest_route=\/wp\/v2\/pages\/1394\/revisions\/3291"}],"wp:attachment":[{"href":"https:\/\/natura-diet.com\/index.php?rest_route=%2Fwp%2Fv2%2Fmedia&parent=1394"}],"curies":[{"name":"wp","href":"https:\/\/api.w.org\/{rel}","templated":true}]}}