{"id":465,"date":"2024-03-07T13:31:13","date_gmt":"2024-03-07T12:31:13","guid":{"rendered":"https:\/\/bionaturaa.wordpress.com\/?page_id=465"},"modified":"2024-06-06T12:35:22","modified_gmt":"2024-06-06T12:35:22","slug":"microbiotes-lactibian","status":"publish","type":"page","link":"https:\/\/natura-diet.com\/?page_id=465","title":{"rendered":"MICROBIOTES : LACTIBIAN"},"content":{"rendered":"\n<div style=\"height:0px\" aria-hidden=\"true\" class=\"wp-block-spacer\"><\/div>\n\n\n\n<div class=\"wp-block-cover alignfull\" style=\"min-height:430px;aspect-ratio:unset;\"><span aria-hidden=\"true\" class=\"wp-block-cover__background has-theme-4-background-color has-background-dim-0 has-background-dim\"><\/span><img loading=\"lazy\" decoding=\"async\" width=\"1440\" height=\"453\" class=\"wp-block-cover__image-background wp-image-2590\" alt=\"\" src=\"https:\/\/natura-diet.com\/wp-content\/uploads\/2024\/05\/lactibiane.png\" data-object-fit=\"cover\" srcset=\"https:\/\/natura-diet.com\/wp-content\/uploads\/2024\/05\/lactibiane.png 1440w, https:\/\/natura-diet.com\/wp-content\/uploads\/2024\/05\/lactibiane-300x94.png 300w, https:\/\/natura-diet.com\/wp-content\/uploads\/2024\/05\/lactibiane-1024x322.png 1024w, https:\/\/natura-diet.com\/wp-content\/uploads\/2024\/05\/lactibiane-768x242.png 768w\" sizes=\"auto, (max-width: 1440px) 100vw, 1440px\" \/><div class=\"wp-block-cover__inner-container is-layout-flow wp-block-cover-is-layout-flow\">\n<p class=\"has-text-align-center has-large-font-size\"><\/p>\n<\/div><\/div>\n\n\n\n<div class=\"wp-block-group alignfull has-global-padding is-content-justification-center is-layout-constrained wp-container-core-group-is-layout-916f1cb6 wp-block-group-is-layout-constrained\" style=\"margin-top:0;margin-bottom:0;padding-top:40px;padding-right:80px;padding-bottom:40px;padding-left:80px\">\n<div style=\"height:calc( 0.25 * var(--wp--style--root--padding-right, var(--wp--custom--gap--horizontal)))\" aria-hidden=\"true\" class=\"wp-block-spacer\"><\/div>\n\n\n\n<div class=\"wp-block-columns are-vertically-aligned-center is-layout-flex wp-container-core-columns-is-layout-28f84493 wp-block-columns-is-layout-flex\">\n<div class=\"wp-block-column is-vertically-aligned-center is-layout-flow wp-block-column-is-layout-flow\" style=\"flex-basis:100%\">\n<p class=\"has-text-align-justify\">D\u00e9couvrez la puissance de LACTIBIANE ! Notre gamme de produits exploite les bienfaits naturels du lactobacille, un probiotique reconnu pour son impact positif sur la sant\u00e9 intestinale. Des yaourts d\u00e9licieux aux compl\u00e9ments alimentaires pratiques, les produits LACTIBIANE sont con\u00e7us pour soutenir votre syst\u00e8me digestif et favoriser le bien-\u00eatre g\u00e9n\u00e9ral. Essayez LACTIBIANE d\u00e8s aujourd&#8217;hui et ressentez la diff\u00e9rence !<\/p>\n<\/div>\n<\/div>\n<\/div>\n\n\n\n<div style=\"height:25px\" aria-hidden=\"true\" class=\"wp-block-spacer\"><\/div>\n\n\n\n<div class=\"wp-block-columns alignwide are-vertically-aligned-center is-layout-flex wp-container-core-columns-is-layout-0fd90c73 wp-block-columns-is-layout-flex\" style=\"padding-top:40px;padding-right:80px;padding-bottom:40px;padding-left:80px\">\n<div class=\"wp-block-column is-vertically-aligned-center is-layout-flow wp-block-column-is-layout-flow\">\n<figure class=\"wp-block-image aligncenter size-large is-resized\"><a href=\"https:\/\/natura-diet.com\/?page_id=812\"><img decoding=\"async\" src=\"https:\/\/bionaturaa.wordpress.com\/wp-content\/uploads\/2024\/03\/etui-lact-reference-rv14-74x31x131-1.jpg?w=813\" alt=\"\" class=\"wp-image-480\" style=\"aspect-ratio:0.75;object-fit:cover;width:187px;height:auto\"\/><\/a><\/figure>\n\n\n\n<p class=\"has-text-align-center product-titles\"><strong><strong>LACTIBIANE REFERENCE B30<\/strong><\/strong><\/p>\n<\/div>\n\n\n\n<div class=\"wp-block-column is-vertically-aligned-center is-layout-flow wp-block-column-is-layout-flow\">\n<figure class=\"wp-block-image aligncenter size-large is-resized\"><a href=\"https:\/\/natura-diet.com\/?page_id=819\"><img decoding=\"async\" src=\"https:\/\/bionaturaa.wordpress.com\/wp-content\/uploads\/2024\/04\/lactibiane_reference-10gel-rv15v1-vect-bt0053-0205-1-edited.jpg\" alt=\"\" class=\"wp-image-1634\" style=\"width:189px;height:auto\"\/><\/a><\/figure>\n\n\n\n<p class=\"has-text-align-center product-titles\"><strong>LACTIBIANE REFERENCE B10<\/strong><\/p>\n<\/div>\n\n\n\n<div class=\"wp-block-column is-vertically-aligned-center is-layout-flow wp-block-column-is-layout-flow\">\n<figure class=\"wp-block-image aligncenter size-full is-resized\"><a href=\"https:\/\/natura-diet.com\/?page_id=825\"><img decoding=\"async\" src=\"https:\/\/bionaturaa.wordpress.com\/wp-content\/uploads\/2024\/03\/lactibiane_tolerance-30gel-rv17v0-vect-bt0053-0104-1.jpg\" alt=\"\" class=\"wp-image-493\" style=\"aspect-ratio:0.75;object-fit:cover;width:190px;height:auto\"\/><\/a><\/figure>\n\n\n\n<p class=\"has-text-align-center product-titles\"><strong>LACTIBIANE TOLERANCE<\/strong><\/p>\n<\/div>\n<\/div>\n\n\n\n<div style=\"height:20px\" aria-hidden=\"true\" class=\"wp-block-spacer\"><\/div>\n\n\n\n<div class=\"wp-block-columns alignwide are-vertically-aligned-center product-titles is-layout-flex wp-container-core-columns-is-layout-f1bd724e wp-block-columns-is-layout-flex\" style=\"padding-right:80px;padding-left:80px\">\n<div class=\"wp-block-column is-vertically-aligned-center is-layout-flow wp-block-column-is-layout-flow\" style=\"padding-top:40px;padding-right:40px;padding-bottom:40px;padding-left:40px\">\n<figure class=\"wp-block-image aligncenter size-large is-resized\"><a href=\"https:\/\/natura-diet.com\/?page_id=830\"><img decoding=\"async\" src=\"https:\/\/bionaturaa.wordpress.com\/wp-content\/uploads\/2024\/03\/lactibiane_enfant-30s-1g-rv34v0-vect-2.jpg?w=1024\" alt=\"\" class=\"wp-image-486\" style=\"width:256px;height:auto\"\/><\/a><\/figure>\n\n\n\n<p class=\"has-text-align-center product-titles\"><strong>LACTIBIANE ENFANT B30<\/strong><\/p>\n<\/div>\n\n\n\n<div class=\"wp-block-column is-vertically-aligned-center is-layout-flow wp-block-column-is-layout-flow\" style=\"padding-top:40px;padding-right:40px;padding-bottom:40px;padding-left:40px\">\n<figure class=\"wp-block-image aligncenter size-large is-resized\"><a href=\"https:\/\/natura-diet.com\/?page_id=833\"><img loading=\"lazy\" decoding=\"async\" width=\"1682\" height=\"2244\" src=\"https:\/\/bionaturaa.wordpress.com\/wp-content\/uploads\/2024\/03\/lactibiane-enfant-10-sachets-rv14-vect-2-edited.jpg\" alt=\"\" class=\"wp-image-1180\" style=\"width:176px;height:auto\" srcset=\"https:\/\/natura-diet.com\/wp-content\/uploads\/2024\/03\/lactibiane-enfant-10-sachets-rv14-vect-2-edited.jpg 1682w, https:\/\/natura-diet.com\/wp-content\/uploads\/2024\/03\/lactibiane-enfant-10-sachets-rv14-vect-2-edited-225x300.jpg 225w, https:\/\/natura-diet.com\/wp-content\/uploads\/2024\/03\/lactibiane-enfant-10-sachets-rv14-vect-2-edited-768x1025.jpg 768w, https:\/\/natura-diet.com\/wp-content\/uploads\/2024\/03\/lactibiane-enfant-10-sachets-rv14-vect-2-edited-1151x1536.jpg 1151w, https:\/\/natura-diet.com\/wp-content\/uploads\/2024\/03\/lactibiane-enfant-10-sachets-rv14-vect-2-edited-1535x2048.jpg 1535w\" sizes=\"auto, (max-width: 1682px) 100vw, 1682px\" \/><\/a><\/figure>\n\n\n\n<p class=\"has-text-align-center product-titles\"><strong>LACTIBIANE ENFANT B10<\/strong><\/p>\n<\/div>\n\n\n\n<div class=\"wp-block-column is-vertically-aligned-center is-layout-flow wp-block-column-is-layout-flow\" style=\"padding-top:40px;padding-right:40px;padding-bottom:40px;padding-left:40px\">\n<figure class=\"wp-block-image alignright size-large is-resized\"><a href=\"https:\/\/natura-diet.com\/?page_id=836\"><img decoding=\"async\" src=\"https:\/\/bionaturaa.wordpress.com\/wp-content\/uploads\/2024\/04\/lactibiane_imedia-4sticks-rv9v2-bis-vect-3-edited.jpg\" alt=\"\" class=\"wp-image-1636\" style=\"width:320px;height:auto\"\/><\/a><\/figure>\n\n\n\n<p class=\"has-text-align-center product-titles-1\" style=\"padding-top:20px\"><strong>LACTIBIANE IMEDIA<\/strong><\/p>\n<\/div>\n<\/div>\n\n\n\n<div style=\"height:20px\" aria-hidden=\"true\" class=\"wp-block-spacer\"><\/div>\n\n\n\n<div class=\"wp-block-columns alignwide are-vertically-aligned-center is-layout-flex wp-container-core-columns-is-layout-0fd90c73 wp-block-columns-is-layout-flex\" style=\"padding-top:40px;padding-right:80px;padding-bottom:40px;padding-left:80px\">\n<div class=\"wp-block-column is-vertically-aligned-center is-layout-flow wp-block-column-is-layout-flow\">\n<figure class=\"wp-block-image aligncenter size-full is-resized\"><a href=\"https:\/\/natura-diet.com\/?page_id=839\"><img decoding=\"async\" src=\"https:\/\/bionaturaa.wordpress.com\/wp-content\/uploads\/2024\/03\/lactibiane_cnd-10m-30gel-rv3v2-nc-vect-bt0053-0231-1.jpg\" alt=\"\" class=\"wp-image-484\" style=\"aspect-ratio:0.75;object-fit:cover;width:195px;height:auto\"\/><\/a><\/figure>\n\n\n\n<p class=\"has-text-align-center product-titles\"><strong>LACTIBIANE CND<\/strong><\/p>\n<\/div>\n\n\n\n<div class=\"wp-block-column is-vertically-aligned-center is-layout-flow wp-block-column-is-layout-flow\">\n<figure class=\"wp-block-image aligncenter size-large is-resized\"><a href=\"https:\/\/natura-diet.com\/?page_id=843\"><img decoding=\"async\" src=\"https:\/\/bionaturaa.wordpress.com\/wp-content\/uploads\/2024\/03\/lactibiane_atb-10gel-rv7v1-vect-bt0053-0183-1.jpg?w=1024\" alt=\"\" class=\"wp-image-483\" style=\"aspect-ratio:0.75;object-fit:cover;width:195px;height:auto\"\/><\/a><\/figure>\n\n\n\n<p class=\"has-text-align-center product-titles\"><strong>LACTIBIANE ATB<\/strong><\/p>\n<\/div>\n\n\n\n<div class=\"wp-block-column is-vertically-aligned-center is-layout-flow wp-block-column-is-layout-flow\">\n<figure class=\"wp-block-image aligncenter size-large is-resized\"><a href=\"https:\/\/natura-diet.com\/?page_id=805\"><img loading=\"lazy\" decoding=\"async\" width=\"1682\" height=\"2244\" src=\"https:\/\/bionaturaa.wordpress.com\/wp-content\/uploads\/2024\/03\/babybiane_imedia-7s-rv5v1-nc-vect-2-edited.jpg?w=768\" alt=\"\" class=\"wp-image-1181\" style=\"width:192px;height:auto\" srcset=\"https:\/\/natura-diet.com\/wp-content\/uploads\/2024\/03\/babybiane_imedia-7s-rv5v1-nc-vect-2-edited.jpg 1682w, https:\/\/natura-diet.com\/wp-content\/uploads\/2024\/03\/babybiane_imedia-7s-rv5v1-nc-vect-2-edited-225x300.jpg 225w, https:\/\/natura-diet.com\/wp-content\/uploads\/2024\/03\/babybiane_imedia-7s-rv5v1-nc-vect-2-edited-768x1025.jpg 768w, https:\/\/natura-diet.com\/wp-content\/uploads\/2024\/03\/babybiane_imedia-7s-rv5v1-nc-vect-2-edited-1151x1536.jpg 1151w, https:\/\/natura-diet.com\/wp-content\/uploads\/2024\/03\/babybiane_imedia-7s-rv5v1-nc-vect-2-edited-1535x2048.jpg 1535w\" sizes=\"auto, (max-width: 1682px) 100vw, 1682px\" \/><\/a><\/figure>\n\n\n\n<p class=\"has-text-align-center product-titles\"><strong>BABYBIANE IMEDIA<\/strong><\/p>\n<\/div>\n<\/div>\n\n\n\n<div class=\"wp-block-columns alignwide are-vertically-aligned-center is-layout-flex wp-container-core-columns-is-layout-92879f75 wp-block-columns-is-layout-flex\" style=\"padding-top:40px;padding-right:40px;padding-bottom:40px;padding-left:40px\">\n<div class=\"wp-block-column is-vertically-aligned-center is-layout-flow wp-block-column-is-layout-flow\"><\/div>\n\n\n\n<div class=\"wp-block-column is-vertically-aligned-center is-layout-flow wp-block-column-is-layout-flow\">\n<figure class=\"wp-block-image aligncenter size-large is-resized\"><a href=\"https:\/\/natura-diet.com\/?page_id=1394\"><img loading=\"lazy\" decoding=\"async\" width=\"1669\" height=\"2244\" src=\"https:\/\/bionaturaa.wordpress.com\/wp-content\/uploads\/2024\/03\/image-38.png?w=762\" alt=\"\" class=\"wp-image-1184\" style=\"width:236px;height:auto\" srcset=\"https:\/\/natura-diet.com\/wp-content\/uploads\/2024\/03\/image-38.png 1669w, https:\/\/natura-diet.com\/wp-content\/uploads\/2024\/03\/image-38-223x300.png 223w, https:\/\/natura-diet.com\/wp-content\/uploads\/2024\/03\/image-38-762x1024.png 762w, https:\/\/natura-diet.com\/wp-content\/uploads\/2024\/03\/image-38-768x1033.png 768w, https:\/\/natura-diet.com\/wp-content\/uploads\/2024\/03\/image-38-1142x1536.png 1142w, https:\/\/natura-diet.com\/wp-content\/uploads\/2024\/03\/image-38-1523x2048.png 1523w\" sizes=\"auto, (max-width: 1669px) 100vw, 1669px\" \/><\/a><\/figure>\n\n\n\n<p class=\"has-text-align-center product-titles\"><strong>LACTIBIANE TOPIC AD<\/strong><\/p>\n<\/div>\n\n\n\n<div class=\"wp-block-column is-vertically-aligned-center is-layout-flow wp-block-column-is-layout-flow\"><\/div>\n<\/div>\n\n\n\n<div class=\"wp-block-columns are-vertically-aligned-center is-layout-flex wp-container-core-columns-is-layout-92879f75 wp-block-columns-is-layout-flex\" style=\"padding-top:40px;padding-right:40px;padding-bottom:40px;padding-left:40px\">\n<div class=\"wp-block-column is-vertically-aligned-center is-layout-flow wp-block-column-is-layout-flow\"><\/div>\n<\/div>\n\n\n\n<div class=\"wp-block-columns alignfull is-layout-flex wp-container-core-columns-is-layout-28f84493 wp-block-columns-is-layout-flex\">\n<div class=\"wp-block-column is-vertically-aligned-center is-layout-flow wp-block-column-is-layout-flow\">\n<head>\n    <script src=\"https:\/\/kit.fontawesome.com\/3b161c540c.js\" crossorigin=\"anonymous\"><\/script>\n<\/head>\n<footer class=\"footer\">\n    <div class=\"container row\">\n        <div class=\"footer-col\">\n            <h4>Laboratoire Bionatura Diet<\/h4>\n            <ul>\n                <li><a href=\"https:\/\/natura-diet.com\/?page_id=21\">Qui Somme Nous<\/a><\/li>\n            <\/ul>\n        <\/div>\n        <div class=\"footer-col\">\n            <h4> Nos partenaires<\/h4>\n            <ul>\n                <li><a href=\"https:\/\/natura-diet.com\/?page_id=692\">PileJe<\/a><\/li>\n                <li><a href=\"https:\/\/natura-diet.com\/?page_id=115\">Ineldea<\/a><\/li>\n                <li><a href=\"#\">Fertyfarm<\/a><\/li>\n                <li><a href=\"#\">Polidis<\/a><\/li>\n                <li><a href=\"#\">Eafit<\/a><\/li>\n            <\/ul>\n\n        <\/div>\n        <div class=\"footer-col\">\n\n            <h4>Nos Gammes<\/h4>\n            <ul>\n                <li><a href=\"https:\/\/natura-diet.com\/?page_id=465\">Microbiotes<\/a><\/li>\n                <li><a href=\"https:\/\/natura-diet.com\/?page_id=694\">Micronutrition<\/a><\/li>\n                <li><a href=\"https:\/\/natura-diet.com\/?page_id=517\">Phytotherapie<\/a><\/li>\n                <li><a href=\"https:\/\/natura-diet.com\/?page_id=1202\">Pediakid<\/a><\/li>\n                <li><a href=\"https:\/\/natura-diet.com\/?page_id=726\">Effiderm<\/a><\/li>\n            <\/ul>\n\n        <\/div>\n        <div class=\"footer-col\">\n            <h4>Contactez-nous<\/h4>\n            <div class=\"social-links\">\n                <a href=\"tel:+21626330240\"><i class=\"fa fa-phone\"><\/i><\/a><span class=\"text-icon\">+216 26 330 240<\/span>\n                <br \/>\n                <a href=\"mailto:bionatura2@gmail.com\"><i class=\"fa fa-envelope\" aria-hidden=\"true\"><\/i><\/a><span\n                    class=\"text-icon\">bionatura2@gmail.com<\/span> <br \/>\n                <div class=\"social-media\">\n                    <a href=\"https:\/\/www.facebook.com\/profile.php?id=100054568084108\" target=\"_blank\" rel=\"noopener\"><i\n                            class=\"fa-brands fa-facebook\"><\/i><\/a>\n                    <a href=\"https:\/\/www.instagram.com\/bio.naturadiet?igsh=cXI0aDNvM3I3MXpk\" target=\"_blank\" rel=\"noopener\"><i class=\"fa-brands fa-instagram\"><\/i><\/a>\n                    <!-- <a href=\"#\"><i class=\"fa-brands fa-linkedin-in\"><\/i><\/a> -->\n                <\/div>\n            <\/div>\n        <\/div>\n        <div class=\"footer-col\" style=\"color: white; text-align: center; display: block;margin-left: auto;\n    margin-right: auto;margin-top: 20px;\">&copy; 2024 &#8211; All right\n            reserved <a href=\"https:\/\/zeenovi.com\/\" target=\"_blank\" style=\"color: white;\" rel=\"noopener\">Zeenovi\u2122<\/a>\n        <\/div>\n\n\n    <\/div>\n<\/footer>\n<\/div>\n<\/div>\n","protected":false},"excerpt":{"rendered":"<p>D\u00e9couvrez la puissance de LACTIBIANE ! Notre gamme de produits exploite les bienfaits naturels du lactobacille, un probiotique reconnu pour son impact positif sur la sant\u00e9 intestinale. Des yaourts d\u00e9licieux [&hellip;]<\/p>\n","protected":false},"author":1,"featured_media":0,"parent":0,"menu_order":0,"comment_status":"closed","ping_status":"closed","template":"","meta":{"_eb_attr":"","_EventAllDay":false,"_EventTimezone":"","_EventStartDate":"","_EventEndDate":"","_EventStartDateUTC":"","_EventEndDateUTC":"","_EventShowMap":false,"_EventShowMapLink":false,"_EventURL":"","_EventCost":"","_EventCostDescription":"","_EventCurrencySymbol":"","_EventCurrencyCode":"","_EventCurrencyPosition":"","_EventDateTimeSeparator":"","_EventTimeRangeSeparator":"","_EventOrganizerID":[],"_EventVenueID":[],"_OrganizerEmail":"","_OrganizerPhone":"","_OrganizerWebsite":"","_VenueAddress":"","_VenueCity":"","_VenueCountry":"","_VenueProvince":"","_VenueState":"","_VenueZip":"","_VenuePhone":"","_VenueURL":"","_VenueStateProvince":"","_VenueLat":"","_VenueLng":"","_VenueShowMap":false,"_VenueShowMapLink":false,"footnotes":""},"class_list":["post-465","page","type-page","status-publish","hentry"],"_links":{"self":[{"href":"https:\/\/natura-diet.com\/index.php?rest_route=\/wp\/v2\/pages\/465","targetHints":{"allow":["GET"]}}],"collection":[{"href":"https:\/\/natura-diet.com\/index.php?rest_route=\/wp\/v2\/pages"}],"about":[{"href":"https:\/\/natura-diet.com\/index.php?rest_route=\/wp\/v2\/types\/page"}],"author":[{"embeddable":true,"href":"https:\/\/natura-diet.com\/index.php?rest_route=\/wp\/v2\/users\/1"}],"replies":[{"embeddable":true,"href":"https:\/\/natura-diet.com\/index.php?rest_route=%2Fwp%2Fv2%2Fcomments&post=465"}],"version-history":[{"count":31,"href":"https:\/\/natura-diet.com\/index.php?rest_route=\/wp\/v2\/pages\/465\/revisions"}],"predecessor-version":[{"id":3297,"href":"https:\/\/natura-diet.com\/index.php?rest_route=\/wp\/v2\/pages\/465\/revisions\/3297"}],"wp:attachment":[{"href":"https:\/\/natura-diet.com\/index.php?rest_route=%2Fwp%2Fv2%2Fmedia&parent=465"}],"curies":[{"name":"wp","href":"https:\/\/api.w.org\/{rel}","templated":true}]}}