{"id":692,"date":"2024-02-27T12:24:42","date_gmt":"2024-02-27T11:24:42","guid":{"rendered":"https:\/\/bionaturaa.wordpress.com\/?page_id=306"},"modified":"2024-07-16T13:14:15","modified_gmt":"2024-07-16T13:14:15","slug":"pediakid","status":"publish","type":"page","link":"https:\/\/natura-diet.com\/?page_id=692","title":{"rendered":"PileJe"},"content":{"rendered":"\n<div class=\"wp-block-cover alignfull is-light\" style=\"min-height:414px;aspect-ratio:unset;\"><span aria-hidden=\"true\" class=\"wp-block-cover__background has-background-dim-0 has-background-dim\"><\/span><img loading=\"lazy\" decoding=\"async\" width=\"1440\" height=\"453\" class=\"wp-block-cover__image-background wp-image-2644\" alt=\"\" src=\"https:\/\/natura-diet.com\/wp-content\/uploads\/2024\/05\/pileje-1.png\" data-object-fit=\"cover\" srcset=\"https:\/\/natura-diet.com\/wp-content\/uploads\/2024\/05\/pileje-1.png 1440w, https:\/\/natura-diet.com\/wp-content\/uploads\/2024\/05\/pileje-1-300x94.png 300w, https:\/\/natura-diet.com\/wp-content\/uploads\/2024\/05\/pileje-1-1024x322.png 1024w, https:\/\/natura-diet.com\/wp-content\/uploads\/2024\/05\/pileje-1-768x242.png 768w\" sizes=\"auto, (max-width: 1440px) 100vw, 1440px\" \/><div class=\"wp-block-cover__inner-container has-global-padding is-layout-constrained wp-block-cover-is-layout-constrained\">\n<div style=\"height:13px\" aria-hidden=\"true\" class=\"wp-block-spacer\"><\/div>\n<\/div><\/div>\n\n\n\n<div class=\"wp-block-group alignfull has-global-padding is-content-justification-center is-layout-constrained wp-container-core-group-is-layout-888b3e69 wp-block-group-is-layout-constrained\" style=\"margin-top:0;margin-bottom:0;padding-top:calc( 0.5 * var(u002du002dwpu002du002dstyleu002du002drootu002du002dpadding-right, var(u002du002dwpu002du002dcustomu002du002dgapu002du002dhorizontal)));padding-right:var(u002du002dwpu002du002dstyleu002du002drootu002du002dpadding-right, var(u002du002dwpu002du002dcustomu002du002dgapu002du002dhorizontal));padding-bottom:calc( 0.5 * var(u002du002dwpu002du002dstyleu002du002drootu002du002dpadding-right, var(u002du002dwpu002du002dcustomu002du002dgapu002du002dhorizontal)));padding-left:var(u002du002dwpu002du002dstyleu002du002drootu002du002dpadding-left, var(u002du002dwpu002du002dcustomu002du002dgapu002du002dhorizontal))\">\n<div style=\"height:var(--wp--preset--spacing--10)\" aria-hidden=\"true\" class=\"wp-block-spacer\"><\/div>\n<\/div>\n\n\n\n<div class=\"wp-block-group alignfull has-global-padding is-content-justification-center is-layout-constrained wp-container-core-group-is-layout-888b3e69 wp-block-group-is-layout-constrained\" style=\"margin-top:0;margin-bottom:0;padding-top:calc( 0.5 * var(u002du002dwpu002du002dstyleu002du002drootu002du002dpadding-right, var(u002du002dwpu002du002dcustomu002du002dgapu002du002dhorizontal)));padding-right:var(u002du002dwpu002du002dstyleu002du002drootu002du002dpadding-right, var(u002du002dwpu002du002dcustomu002du002dgapu002du002dhorizontal));padding-bottom:calc( 0.5 * var(u002du002dwpu002du002dstyleu002du002drootu002du002dpadding-right, var(u002du002dwpu002du002dcustomu002du002dgapu002du002dhorizontal)));padding-left:var(u002du002dwpu002du002dstyleu002du002drootu002du002dpadding-left, var(u002du002dwpu002du002dcustomu002du002dgapu002du002dhorizontal))\">\n<div style=\"height:15px\" aria-hidden=\"true\" class=\"wp-block-spacer\"><\/div>\n\n\n\n<div style=\"height:49px\" aria-hidden=\"true\" class=\"wp-block-spacer\"><\/div>\n\n\n\n<p>Le but de PiLeJe est de promouvoir la sant\u00e9 de chaque individu et de la maintenir aussi longtemps que possible. Cela est r\u00e9alis\u00e9 en appliquant ce que le Dr Christian Leclerc, fondateur du groupe, appelle &#8220;la m\u00e9decine bas\u00e9e sur la sant\u00e9&#8221;.<\/p>\n\n\n\n<p>Ce concept d\u00e9coule de l&#8217;id\u00e9e qu&#8217;il existe pour chaque individu un \u00e9tat physiologique optimal. Vivre \u00e0 cet \u00e9tat ou pr\u00e8s de cet \u00e9tat am\u00e9liorera la qualit\u00e9 de vie. L&#8217;objectif de PiLeJe est d&#8217;orienter les individus vers leur \u00e9tat physiologique optimal, et ainsi am\u00e9liorer leur sant\u00e9 \u00e0 long terme.<\/p>\n\n\n\n<div style=\"height:37px\" aria-hidden=\"true\" class=\"wp-block-spacer\"><\/div>\n<\/div>\n\n\n\n<div style=\"height:15px\" aria-hidden=\"true\" class=\"wp-block-spacer\"><\/div>\n\n\n\n<div class=\"wp-block-columns alignwide is-layout-flex wp-container-core-columns-is-layout-2be0c77d wp-block-columns-is-layout-flex\" style=\"margin-top:40px;margin-bottom:40px\">\n<div class=\"wp-block-column is-layout-flow wp-block-column-is-layout-flow\">\n<div class=\"container\">\n  <main class=\"grid\">\n    <article>\n      <img decoding=\"async\" src=\"https:\/\/natura-diet.com\/wp-content\/uploads\/2024\/05\/LACTIBIANE-1.png\" alt=\"Sample photo\">\n      <div class=\"text\">\n\n        <p>Fond\u00e9 en 1991 par le Dr Christian Leclerc, le laboratoire PiLeJe s&#8217;inscrit en tant que pr\u00e9curseur de la recherche et de l&#8217;innovation sur les probiotiques. \nAvec la gamme Lactibiane, le laboratoire PiLeJe s&#8217;engage aux c\u00f4t\u00e9s des professionnels de sant\u00e9, garants d&#8217;un conseil personnalis\u00e9.<\/p>\n        <a href=\"https:\/\/natura-diet.com\/?page_id=465\" class=\"btn btn-primary btn-block btn-pileje-1\">Voir plus<\/a>\n      <\/div>\n    <\/article>\n    <article>\n      <img decoding=\"async\" src=\"https:\/\/natura-diet.com\/wp-content\/uploads\/2024\/05\/MICRONUTRUTION.png\" alt=\"Sample photo\">\n      <div class=\"text\">\n   \n        <p>La micronutrition consid\u00e8re l&#8217;impact des micronutriments sur la sant\u00e9 et \u00e9value les effets de toute carence dans le but de corriger et d&#8217;optimiser le statut micronutritionnel d&#8217;un individu.<\/p>\n    <a href=\"https:\/\/natura-diet.com\/?page_id=694\" class=\"btn btn-primary btn-block btn-pileje-2\">Voir plus<\/a>\n      <\/div>\n    <\/article>\n    <article>\n      <img decoding=\"async\" src=\"https:\/\/natura-diet.com\/wp-content\/uploads\/2024\/05\/PHYTOTH2RAPIE.png\" alt=\"Sample photo\">\n      <div class=\"text\">\n    \n        <p>PiLeJe est impliqu\u00e9 \u00e0 chaque \u00e9tape &#8211; de la culture de la plante jusqu&#8217;\u00e0 la phytoth\u00e9rapie clinique individualis\u00e9e.<\/p>\n   <a href=\"https:\/\/natura-diet.com\/?page_id=517\" class=\"btn btn-primary btn-block btn-pileje-3\">Voir plus<\/a>\n      <\/div>\n    <\/article>\n\n  <\/main>\n<\/div>\n<\/div>\n<\/div>\n\n\n\n<div class=\"wp-block-columns alignfull is-layout-flex wp-container-core-columns-is-layout-28f84493 wp-block-columns-is-layout-flex\">\n<div class=\"wp-block-column is-vertically-aligned-center is-layout-flow wp-block-column-is-layout-flow\">\n<head>\n    <script src=\"https:\/\/kit.fontawesome.com\/3b161c540c.js\" crossorigin=\"anonymous\"><\/script>\n<\/head>\n<footer class=\"footer\">\n    <div class=\"container row\">\n        <div class=\"footer-col\">\n            <h4>Laboratoire Bionatura Diet<\/h4>\n            <ul>\n                <li><a href=\"https:\/\/natura-diet.com\/?page_id=21\">Qui Somme Nous<\/a><\/li>\n            <\/ul>\n        <\/div>\n        <div class=\"footer-col\">\n            <h4> Nos partenaires<\/h4>\n            <ul>\n                <li><a href=\"https:\/\/natura-diet.com\/?page_id=692\">PileJe<\/a><\/li>\n                <li><a href=\"https:\/\/natura-diet.com\/?page_id=115\">Ineldea<\/a><\/li>\n                <li><a href=\"#\">Fertyfarm<\/a><\/li>\n                <li><a href=\"#\">Polidis<\/a><\/li>\n                <li><a href=\"#\">Eafit<\/a><\/li>\n            <\/ul>\n\n        <\/div>\n        <div class=\"footer-col\">\n\n            <h4>Nos Gammes<\/h4>\n            <ul>\n                <li><a href=\"https:\/\/natura-diet.com\/?page_id=465\">Microbiotes<\/a><\/li>\n                <li><a href=\"https:\/\/natura-diet.com\/?page_id=694\">Micronutrition<\/a><\/li>\n                <li><a href=\"https:\/\/natura-diet.com\/?page_id=517\">Phytotherapie<\/a><\/li>\n                <li><a href=\"https:\/\/natura-diet.com\/?page_id=1202\">Pediakid<\/a><\/li>\n                <li><a href=\"https:\/\/natura-diet.com\/?page_id=726\">Effiderm<\/a><\/li>\n            <\/ul>\n\n        <\/div>\n        <div class=\"footer-col\">\n            <h4>Contactez-nous<\/h4>\n            <div class=\"social-links\">\n                <a href=\"tel:+21626330240\"><i class=\"fa fa-phone\"><\/i><\/a><span class=\"text-icon\">+216 26 330 240<\/span>\n                <br \/>\n                <a href=\"mailto:bionatura2@gmail.com\"><i class=\"fa fa-envelope\" aria-hidden=\"true\"><\/i><\/a><span\n                    class=\"text-icon\">bionatura2@gmail.com<\/span> <br \/>\n                <div class=\"social-media\">\n                    <a href=\"https:\/\/www.facebook.com\/profile.php?id=100054568084108\" target=\"_blank\" rel=\"noopener\"><i\n                            class=\"fa-brands fa-facebook\"><\/i><\/a>\n                    <a href=\"https:\/\/www.instagram.com\/bio.naturadiet?igsh=cXI0aDNvM3I3MXpk\" target=\"_blank\" rel=\"noopener\"><i class=\"fa-brands fa-instagram\"><\/i><\/a>\n                    <!-- <a href=\"#\"><i class=\"fa-brands fa-linkedin-in\"><\/i><\/a> -->\n                <\/div>\n            <\/div>\n        <\/div>\n        <div class=\"footer-col\" style=\"color: white; text-align: center; display: block;margin-left: auto;\n    margin-right: auto;margin-top: 20px;\">&copy; 2024 &#8211; All right\n            reserved <a href=\"https:\/\/zeenovi.com\/\" target=\"_blank\" style=\"color: white;\" rel=\"noopener\">Zeenovi\u2122<\/a>\n        <\/div>\n\n\n    <\/div>\n<\/footer>\n<\/div>\n<\/div>\n","protected":false},"excerpt":{"rendered":"<p>Le but de PiLeJe est de promouvoir la sant\u00e9 de chaque individu et de la maintenir aussi longtemps que possible. Cela est r\u00e9alis\u00e9 en appliquant ce que le Dr Christian [&hellip;]<\/p>\n","protected":false},"author":1,"featured_media":0,"parent":0,"menu_order":0,"comment_status":"closed","ping_status":"closed","template":"","meta":{"_eb_attr":"","_EventAllDay":false,"_EventTimezone":"","_EventStartDate":"","_EventEndDate":"","_EventStartDateUTC":"","_EventEndDateUTC":"","_EventShowMap":false,"_EventShowMapLink":false,"_EventURL":"","_EventCost":"","_EventCostDescription":"","_EventCurrencySymbol":"","_EventCurrencyCode":"","_EventCurrencyPosition":"","_EventDateTimeSeparator":"","_EventTimeRangeSeparator":"","_EventOrganizerID":[],"_EventVenueID":[],"_OrganizerEmail":"","_OrganizerPhone":"","_OrganizerWebsite":"","_VenueAddress":"","_VenueCity":"","_VenueCountry":"","_VenueProvince":"","_VenueState":"","_VenueZip":"","_VenuePhone":"","_VenueURL":"","_VenueStateProvince":"","_VenueLat":"","_VenueLng":"","_VenueShowMap":false,"_VenueShowMapLink":false,"footnotes":""},"class_list":["post-692","page","type-page","status-publish","hentry"],"_links":{"self":[{"href":"https:\/\/natura-diet.com\/index.php?rest_route=\/wp\/v2\/pages\/692","targetHints":{"allow":["GET"]}}],"collection":[{"href":"https:\/\/natura-diet.com\/index.php?rest_route=\/wp\/v2\/pages"}],"about":[{"href":"https:\/\/natura-diet.com\/index.php?rest_route=\/wp\/v2\/types\/page"}],"author":[{"embeddable":true,"href":"https:\/\/natura-diet.com\/index.php?rest_route=\/wp\/v2\/users\/1"}],"replies":[{"embeddable":true,"href":"https:\/\/natura-diet.com\/index.php?rest_route=%2Fwp%2Fv2%2Fcomments&post=692"}],"version-history":[{"count":88,"href":"https:\/\/natura-diet.com\/index.php?rest_route=\/wp\/v2\/pages\/692\/revisions"}],"predecessor-version":[{"id":3615,"href":"https:\/\/natura-diet.com\/index.php?rest_route=\/wp\/v2\/pages\/692\/revisions\/3615"}],"wp:attachment":[{"href":"https:\/\/natura-diet.com\/index.php?rest_route=%2Fwp%2Fv2%2Fmedia&parent=692"}],"curies":[{"name":"wp","href":"https:\/\/api.w.org\/{rel}","templated":true}]}}