{"id":694,"date":"2024-03-07T13:37:29","date_gmt":"2024-03-07T12:37:29","guid":{"rendered":"https:\/\/bionaturaa.wordpress.com\/?page_id=501"},"modified":"2024-06-05T15:58:48","modified_gmt":"2024-06-05T15:58:48","slug":"micronutrition","status":"publish","type":"page","link":"https:\/\/natura-diet.com\/?page_id=694","title":{"rendered":"MICRONUTRITION"},"content":{"rendered":"\n<div class=\"wp-block-group alignfull has-global-padding is-content-justification-center is-layout-constrained wp-container-core-group-is-layout-888b3e69 wp-block-group-is-layout-constrained\" style=\"margin-top:0;margin-bottom:0;padding-top:calc( 0.5 * var(u002du002dwpu002du002dstyleu002du002drootu002du002dpadding-right, var(u002du002dwpu002du002dcustomu002du002dgapu002du002dhorizontal)));padding-right:var(u002du002dwpu002du002dstyleu002du002drootu002du002dpadding-right, var(u002du002dwpu002du002dcustomu002du002dgapu002du002dhorizontal));padding-bottom:calc( 0.5 * var(u002du002dwpu002du002dstyleu002du002drootu002du002dpadding-right, var(u002du002dwpu002du002dcustomu002du002dgapu002du002dhorizontal)));padding-left:var(u002du002dwpu002du002dstyleu002du002drootu002du002dpadding-left, var(u002du002dwpu002du002dcustomu002du002dgapu002du002dhorizontal))\">\n<div style=\"height:calc( 0.25 * var(u002du002dwpu002du002dstyleu002du002drootu002du002dpadding-right, var(u002du002dwpu002du002dcustomu002du002dgapu002du002dhorizontal)))\" aria-hidden=\"true\" class=\"wp-block-spacer\"><\/div>\n\n\n\n<div class=\"wp-block-cover alignfull is-light\" style=\"min-height:430px;aspect-ratio:unset;\"><span aria-hidden=\"true\" class=\"wp-block-cover__background has-theme-4-background-color has-background-dim-0 has-background-dim\"><\/span><img loading=\"lazy\" decoding=\"async\" width=\"1440\" height=\"453\" class=\"wp-block-cover__image-background wp-image-2591\" alt=\"\" src=\"https:\/\/natura-diet.com\/wp-content\/uploads\/2024\/05\/MICRONUTRITION-1.png\" data-object-fit=\"cover\" srcset=\"https:\/\/natura-diet.com\/wp-content\/uploads\/2024\/05\/MICRONUTRITION-1.png 1440w, https:\/\/natura-diet.com\/wp-content\/uploads\/2024\/05\/MICRONUTRITION-1-300x94.png 300w, https:\/\/natura-diet.com\/wp-content\/uploads\/2024\/05\/MICRONUTRITION-1-1024x322.png 1024w, https:\/\/natura-diet.com\/wp-content\/uploads\/2024\/05\/MICRONUTRITION-1-768x242.png 768w\" sizes=\"auto, (max-width: 1440px) 100vw, 1440px\" \/><div class=\"wp-block-cover__inner-container is-layout-flow wp-block-cover-is-layout-flow\">\n<p class=\"has-text-align-center has-theme-1-color has-text-color has-link-color has-large-font-size wp-elements-81293ea72baca7ebfd2b729cc896f515\"><\/p>\n<\/div><\/div>\n\n\n\n<div class=\"wp-block-columns are-vertically-aligned-center is-layout-flex wp-container-core-columns-is-layout-28f84493 wp-block-columns-is-layout-flex\">\n<div class=\"wp-block-column is-vertically-aligned-center is-layout-flow wp-block-column-is-layout-flow\" style=\"flex-basis:100%\">\n<div style=\"height:50px\" aria-hidden=\"true\" class=\"wp-block-spacer\"><\/div>\n\n\n\n<p class=\"has-text-align-justify\">D\u00e9couvrez les bienfaits de la micronutrition ! Notre s\u00e9lection de produits micronutritionnels offre une approche cibl\u00e9e pour optimiser votre sant\u00e9 et votre bien-\u00eatre. Avec des compl\u00e9ments alimentaires riches en vitamines, min\u00e9raux et antioxydants essentiels, la micronutrition aide \u00e0 combler les \u00e9ventuelles carences et \u00e0 soutenir votre organisme au quotidien. Adoptez la micronutrition et prenez soin de vous de l&#8217;int\u00e9rieur <\/p>\n\n\n\n<div style=\"height:30px\" aria-hidden=\"true\" class=\"wp-block-spacer\"><\/div>\n<\/div>\n<\/div>\n\n\n\n<div style=\"height:calc( 0.25 * var(u002du002dwpu002du002dstyleu002du002drootu002du002dpadding-right, var(u002du002dwpu002du002dcustomu002du002dgapu002du002dhorizontal)))\" aria-hidden=\"true\" class=\"wp-block-spacer\"><\/div>\n\n\n\n<div class=\"wp-block-columns alignwide are-vertically-aligned-center is-layout-flex wp-container-core-columns-is-layout-e6323484 wp-block-columns-is-layout-flex\" style=\"padding-top:20px;padding-right:20px;padding-bottom:20px;padding-left:20px\">\n<div class=\"wp-block-column is-vertically-aligned-center is-layout-flow wp-block-column-is-layout-flow\">\n<figure class=\"wp-block-image aligncenter size-large is-resized\"><a href=\"https:\/\/natura-diet.com\/?page_id=846\"><img decoding=\"async\" src=\"https:\/\/bionaturaa.wordpress.com\/wp-content\/uploads\/2024\/04\/2584-formag_magn_marin_30cp_75x25x110-05e-d-1-edited.jpg\" alt=\"\" class=\"wp-image-1666\" style=\"width:186px;height:auto\"\/><\/a><\/figure>\n\n\n\n<div class=\"wp-block-columns are-vertically-aligned-center is-layout-flex wp-container-core-columns-is-layout-1fe1f53f wp-block-columns-is-layout-flex\" style=\"padding-top:20px;padding-bottom:20px\">\n<div class=\"wp-block-column is-vertically-aligned-center is-layout-flow wp-block-column-is-layout-flow\" style=\"flex-basis:100%\">\n<p class=\"has-text-align-center titles-micro\" style=\"font-size:clamp(14px, 0.875rem + ((1vw - 3.2px) * 0.446), 19px);\"><strong>FORMAG<\/strong><\/p>\n<\/div>\n<\/div>\n<\/div>\n\n\n\n<div class=\"wp-block-column is-vertically-aligned-center is-layout-flow wp-block-column-is-layout-flow\">\n<figure class=\"wp-block-image aligncenter size-large is-resized\"><a href=\"https:\/\/natura-diet.com\/?page_id=850\"><img loading=\"lazy\" decoding=\"async\" width=\"1683\" height=\"2244\" src=\"https:\/\/bionaturaa.wordpress.com\/wp-content\/uploads\/2024\/03\/2584-oligobiane-fe-cu-30g-65x32x91-04bev-d-1-edited.jpg\" alt=\"\" class=\"wp-image-796\" style=\"width:221px;height:auto\" srcset=\"https:\/\/natura-diet.com\/wp-content\/uploads\/2024\/03\/2584-oligobiane-fe-cu-30g-65x32x91-04bev-d-1-edited.jpg 1683w, https:\/\/natura-diet.com\/wp-content\/uploads\/2024\/03\/2584-oligobiane-fe-cu-30g-65x32x91-04bev-d-1-edited-225x300.jpg 225w, https:\/\/natura-diet.com\/wp-content\/uploads\/2024\/03\/2584-oligobiane-fe-cu-30g-65x32x91-04bev-d-1-edited-768x1024.jpg 768w, https:\/\/natura-diet.com\/wp-content\/uploads\/2024\/03\/2584-oligobiane-fe-cu-30g-65x32x91-04bev-d-1-edited-1152x1536.jpg 1152w, https:\/\/natura-diet.com\/wp-content\/uploads\/2024\/03\/2584-oligobiane-fe-cu-30g-65x32x91-04bev-d-1-edited-1536x2048.jpg 1536w\" sizes=\"auto, (max-width: 1683px) 100vw, 1683px\" \/><\/a><\/figure>\n\n\n\n<p class=\"has-text-align-center titles-micro\" style=\"padding-top:20px;padding-bottom:20px;font-size:clamp(14px, 0.875rem + ((1vw - 3.2px) * 0.446), 19px);\"><strong>OLIGOBIANE<\/strong><\/p>\n<\/div>\n\n\n\n<div class=\"wp-block-column is-vertically-aligned-center is-layout-flow wp-block-column-is-layout-flow\">\n<figure class=\"wp-block-image aligncenter size-full is-resized\"><img loading=\"lazy\" decoding=\"async\" width=\"1781\" height=\"2244\" src=\"https:\/\/natura-diet.com\/wp-content\/uploads\/2024\/03\/2584-dynabiane-60gel_74x31x131-06-vf-sans-d-1.jpg\" alt=\"\" class=\"wp-image-578\" style=\"aspect-ratio:0.75;object-fit:cover;width:227px;height:auto\" srcset=\"https:\/\/natura-diet.com\/wp-content\/uploads\/2024\/03\/2584-dynabiane-60gel_74x31x131-06-vf-sans-d-1.jpg 1781w, https:\/\/natura-diet.com\/wp-content\/uploads\/2024\/03\/2584-dynabiane-60gel_74x31x131-06-vf-sans-d-1-238x300.jpg 238w, https:\/\/natura-diet.com\/wp-content\/uploads\/2024\/03\/2584-dynabiane-60gel_74x31x131-06-vf-sans-d-1-813x1024.jpg 813w, https:\/\/natura-diet.com\/wp-content\/uploads\/2024\/03\/2584-dynabiane-60gel_74x31x131-06-vf-sans-d-1-768x968.jpg 768w, https:\/\/natura-diet.com\/wp-content\/uploads\/2024\/03\/2584-dynabiane-60gel_74x31x131-06-vf-sans-d-1-1219x1536.jpg 1219w, https:\/\/natura-diet.com\/wp-content\/uploads\/2024\/03\/2584-dynabiane-60gel_74x31x131-06-vf-sans-d-1-1625x2048.jpg 1625w\" sizes=\"auto, (max-width: 1781px) 100vw, 1781px\" \/><\/figure>\n\n\n\n<p class=\"has-text-align-center titles-micro\" style=\"padding-top:20px;padding-bottom:20px;font-size:clamp(14px, 0.875rem + ((1vw - 3.2px) * 0.446), 19px);\"><strong>DYNABIANE<\/strong><\/p>\n<\/div>\n<\/div>\n<\/div>\n\n\n\n<div class=\"wp-block-columns alignfull are-vertically-aligned-center is-layout-flex wp-container-core-columns-is-layout-1fe1f53f wp-block-columns-is-layout-flex\" style=\"padding-top:20px;padding-bottom:20px\">\n<div class=\"wp-block-column is-vertically-aligned-center is-layout-flow wp-block-column-is-layout-flow\"><\/div>\n\n\n\n<div class=\"wp-block-column is-vertically-aligned-center is-layout-flow wp-block-column-is-layout-flow\"><\/div>\n\n\n\n<div class=\"wp-block-column is-vertically-aligned-center is-layout-flow wp-block-column-is-layout-flow\"><\/div>\n<\/div>\n\n\n\n<div class=\"wp-block-group alignfull has-global-padding is-content-justification-center is-layout-constrained wp-container-core-group-is-layout-812c4f97 wp-block-group-is-layout-constrained\" style=\"margin-top:0;margin-bottom:0;padding-top:20px;padding-right:var(u002du002dwpu002du002dstyleu002du002drootu002du002dpadding-right, var(u002du002dwpu002du002dcustomu002du002dgapu002du002dhorizontal));padding-bottom:20px;padding-left:var(u002du002dwpu002du002dstyleu002du002drootu002du002dpadding-left, var(u002du002dwpu002du002dcustomu002du002dgapu002du002dhorizontal))\">\n<div style=\"height:calc( 0.25 * var(u002du002dwpu002du002dstyleu002du002drootu002du002dpadding-right, var(u002du002dwpu002du002dcustomu002du002dgapu002du002dhorizontal)))\" aria-hidden=\"true\" class=\"wp-block-spacer\"><\/div>\n\n\n\n<div style=\"height:var(--wp--preset--spacing--30)\" aria-hidden=\"true\" class=\"wp-block-spacer\"><\/div>\n\n\n\n<div class=\"wp-block-columns alignwide is-layout-flex wp-container-core-columns-is-layout-28f84493 wp-block-columns-is-layout-flex\">\n<div class=\"wp-block-column is-layout-flow wp-block-column-is-layout-flow\"><\/div>\n\n\n\n<div class=\"wp-block-column is-layout-flow wp-block-column-is-layout-flow\">\n<figure class=\"wp-block-image aligncenter size-large is-resized\"><a href=\"https:\/\/natura-diet.com\/?page_id=858\"><img loading=\"lazy\" decoding=\"async\" width=\"2142\" height=\"2244\" src=\"https:\/\/bionaturaa.wordpress.com\/wp-content\/uploads\/2024\/03\/bat-cproca-proteochoc-36caps-74x46x100-rv26-d-4.jpg?w=977\" alt=\"\" class=\"wp-image-859\" style=\"width:274px;height:auto\" srcset=\"https:\/\/natura-diet.com\/wp-content\/uploads\/2024\/03\/bat-cproca-proteochoc-36caps-74x46x100-rv26-d-4.jpg 2142w, https:\/\/natura-diet.com\/wp-content\/uploads\/2024\/03\/bat-cproca-proteochoc-36caps-74x46x100-rv26-d-4-286x300.jpg 286w, https:\/\/natura-diet.com\/wp-content\/uploads\/2024\/03\/bat-cproca-proteochoc-36caps-74x46x100-rv26-d-4-977x1024.jpg 977w, https:\/\/natura-diet.com\/wp-content\/uploads\/2024\/03\/bat-cproca-proteochoc-36caps-74x46x100-rv26-d-4-768x805.jpg 768w, https:\/\/natura-diet.com\/wp-content\/uploads\/2024\/03\/bat-cproca-proteochoc-36caps-74x46x100-rv26-d-4-1466x1536.jpg 1466w, https:\/\/natura-diet.com\/wp-content\/uploads\/2024\/03\/bat-cproca-proteochoc-36caps-74x46x100-rv26-d-4-1955x2048.jpg 1955w\" sizes=\"auto, (max-width: 2142px) 100vw, 2142px\" \/><\/a><\/figure>\n<\/div>\n\n\n\n<div class=\"wp-block-column is-layout-flow wp-block-column-is-layout-flow\"><\/div>\n<\/div>\n\n\n\n<div style=\"height:calc( 0.25 * var(u002du002dwpu002du002dstyleu002du002drootu002du002dpadding-right, var(u002du002dwpu002du002dcustomu002du002dgapu002du002dhorizontal)))\" aria-hidden=\"true\" class=\"wp-block-spacer\"><\/div>\n<\/div>\n\n\n\n<div class=\"wp-block-columns alignwide is-layout-flex wp-container-core-columns-is-layout-28f84493 wp-block-columns-is-layout-flex\">\n<div class=\"wp-block-column is-layout-flow wp-block-column-is-layout-flow\"><\/div>\n\n\n\n<div class=\"wp-block-column is-layout-flow wp-block-column-is-layout-flow\" style=\"padding-top:20px;padding-bottom:20px\">\n<p class=\"has-text-align-center titles-micro-last\" style=\"font-size:clamp(14px, 0.875rem + ((1vw - 3.2px) * 0.446), 19px);\"><strong>PROTECHOC<\/strong><\/p>\n\n\n\n<div style=\"height:50px\" aria-hidden=\"true\" class=\"wp-block-spacer\"><\/div>\n<\/div>\n\n\n\n<div class=\"wp-block-column is-layout-flow wp-block-column-is-layout-flow\"><\/div>\n<\/div>\n\n\n\n<div class=\"wp-block-columns alignfull is-layout-flex wp-container-core-columns-is-layout-28f84493 wp-block-columns-is-layout-flex\">\n<div class=\"wp-block-column is-vertically-aligned-center is-layout-flow wp-block-column-is-layout-flow\">\n<head>\n    <script src=\"https:\/\/kit.fontawesome.com\/3b161c540c.js\" crossorigin=\"anonymous\"><\/script>\n<\/head>\n<footer class=\"footer\">\n    <div class=\"container row\">\n        <div class=\"footer-col\">\n            <h4>Laboratoire Bionatura Diet<\/h4>\n            <ul>\n                <li><a href=\"https:\/\/natura-diet.com\/?page_id=21\">Qui Somme Nous<\/a><\/li>\n            <\/ul>\n        <\/div>\n        <div class=\"footer-col\">\n            <h4> Nos partenaires<\/h4>\n            <ul>\n                <li><a href=\"https:\/\/natura-diet.com\/?page_id=692\">PileJe<\/a><\/li>\n                <li><a href=\"https:\/\/natura-diet.com\/?page_id=115\">Ineldea<\/a><\/li>\n                <li><a href=\"#\">Fertyfarm<\/a><\/li>\n                <li><a href=\"#\">Polidis<\/a><\/li>\n                <li><a href=\"#\">Eafit<\/a><\/li>\n            <\/ul>\n\n        <\/div>\n        <div class=\"footer-col\">\n\n            <h4>Nos Gammes<\/h4>\n            <ul>\n                <li><a href=\"https:\/\/natura-diet.com\/?page_id=465\">Microbiotes<\/a><\/li>\n                <li><a href=\"https:\/\/natura-diet.com\/?page_id=694\">Micronutrition<\/a><\/li>\n                <li><a href=\"https:\/\/natura-diet.com\/?page_id=517\">Phytotherapie<\/a><\/li>\n                <li><a href=\"https:\/\/natura-diet.com\/?page_id=1202\">Pediakid<\/a><\/li>\n                <li><a href=\"https:\/\/natura-diet.com\/?page_id=726\">Effiderm<\/a><\/li>\n            <\/ul>\n\n        <\/div>\n        <div class=\"footer-col\">\n            <h4>Contactez-nous<\/h4>\n            <div class=\"social-links\">\n                <a href=\"tel:+21626330240\"><i class=\"fa fa-phone\"><\/i><\/a><span class=\"text-icon\">+216 26 330 240<\/span>\n                <br \/>\n                <a href=\"mailto:bionatura2@gmail.com\"><i class=\"fa fa-envelope\" aria-hidden=\"true\"><\/i><\/a><span\n                    class=\"text-icon\">bionatura2@gmail.com<\/span> <br \/>\n                <div class=\"social-media\">\n                    <a href=\"https:\/\/www.facebook.com\/profile.php?id=100054568084108\" target=\"_blank\" rel=\"noopener\"><i\n                            class=\"fa-brands fa-facebook\"><\/i><\/a>\n                    <a href=\"https:\/\/www.instagram.com\/bio.naturadiet?igsh=cXI0aDNvM3I3MXpk\" target=\"_blank\" rel=\"noopener\"><i class=\"fa-brands fa-instagram\"><\/i><\/a>\n                    <!-- <a href=\"#\"><i class=\"fa-brands fa-linkedin-in\"><\/i><\/a> -->\n                <\/div>\n            <\/div>\n        <\/div>\n        <div class=\"footer-col\" style=\"color: white; text-align: center; display: block;margin-left: auto;\n    margin-right: auto;margin-top: 20px;\">&copy; 2024 &#8211; All right\n            reserved <a href=\"https:\/\/zeenovi.com\/\" target=\"_blank\" style=\"color: white;\" rel=\"noopener\">Zeenovi\u2122<\/a>\n        <\/div>\n\n\n    <\/div>\n<\/footer>\n<\/div>\n<\/div>\n","protected":false},"excerpt":{"rendered":"<p>D\u00e9couvrez les bienfaits de la micronutrition ! Notre s\u00e9lection de produits micronutritionnels offre une approche cibl\u00e9e pour optimiser votre sant\u00e9 et votre bien-\u00eatre. Avec des compl\u00e9ments alimentaires riches en vitamines, [&hellip;]<\/p>\n","protected":false},"author":1,"featured_media":0,"parent":0,"menu_order":0,"comment_status":"closed","ping_status":"closed","template":"","meta":{"_eb_attr":"","_EventAllDay":false,"_EventTimezone":"","_EventStartDate":"","_EventEndDate":"","_EventStartDateUTC":"","_EventEndDateUTC":"","_EventShowMap":false,"_EventShowMapLink":false,"_EventURL":"","_EventCost":"","_EventCostDescription":"","_EventCurrencySymbol":"","_EventCurrencyCode":"","_EventCurrencyPosition":"","_EventDateTimeSeparator":"","_EventTimeRangeSeparator":"","_EventOrganizerID":[],"_EventVenueID":[],"_OrganizerEmail":"","_OrganizerPhone":"","_OrganizerWebsite":"","_VenueAddress":"","_VenueCity":"","_VenueCountry":"","_VenueProvince":"","_VenueState":"","_VenueZip":"","_VenuePhone":"","_VenueURL":"","_VenueStateProvince":"","_VenueLat":"","_VenueLng":"","_VenueShowMap":false,"_VenueShowMapLink":false,"footnotes":""},"class_list":["post-694","page","type-page","status-publish","hentry"],"_links":{"self":[{"href":"https:\/\/natura-diet.com\/index.php?rest_route=\/wp\/v2\/pages\/694","targetHints":{"allow":["GET"]}}],"collection":[{"href":"https:\/\/natura-diet.com\/index.php?rest_route=\/wp\/v2\/pages"}],"about":[{"href":"https:\/\/natura-diet.com\/index.php?rest_route=\/wp\/v2\/types\/page"}],"author":[{"embeddable":true,"href":"https:\/\/natura-diet.com\/index.php?rest_route=\/wp\/v2\/users\/1"}],"replies":[{"embeddable":true,"href":"https:\/\/natura-diet.com\/index.php?rest_route=%2Fwp%2Fv2%2Fcomments&post=694"}],"version-history":[{"count":22,"href":"https:\/\/natura-diet.com\/index.php?rest_route=\/wp\/v2\/pages\/694\/revisions"}],"predecessor-version":[{"id":3228,"href":"https:\/\/natura-diet.com\/index.php?rest_route=\/wp\/v2\/pages\/694\/revisions\/3228"}],"wp:attachment":[{"href":"https:\/\/natura-diet.com\/index.php?rest_route=%2Fwp%2Fv2%2Fmedia&parent=694"}],"curies":[{"name":"wp","href":"https:\/\/api.w.org\/{rel}","templated":true}]}}