{"id":696,"date":"2024-03-11T14:09:50","date_gmt":"2024-03-11T13:09:50","guid":{"rendered":"https:\/\/bionaturaa.wordpress.com\/?page_id=663"},"modified":"2024-07-10T14:24:14","modified_gmt":"2024-07-10T14:24:14","slug":"confort-articulaire","status":"publish","type":"page","link":"https:\/\/natura-diet.com\/?page_id=696","title":{"rendered":"CONFORT ARTICULAIRE"},"content":{"rendered":"\n<div class=\"wp-block-group alignfull has-global-padding is-content-justification-center is-layout-constrained wp-container-core-group-is-layout-888b3e69 wp-block-group-is-layout-constrained\" style=\"margin-top:0;margin-bottom:0;padding-top:calc( 0.5 * var(u002du002dwpu002du002dstyleu002du002drootu002du002dpadding-right, var(u002du002dwpu002du002dcustomu002du002dgapu002du002dhorizontal)));padding-right:var(u002du002dwpu002du002dstyleu002du002drootu002du002dpadding-right, var(u002du002dwpu002du002dcustomu002du002dgapu002du002dhorizontal));padding-bottom:calc( 0.5 * var(u002du002dwpu002du002dstyleu002du002drootu002du002dpadding-right, var(u002du002dwpu002du002dcustomu002du002dgapu002du002dhorizontal)));padding-left:var(u002du002dwpu002du002dstyleu002du002drootu002du002dpadding-left, var(u002du002dwpu002du002dcustomu002du002dgapu002du002dhorizontal))\">\n<div style=\"height:calc( 0.25 * var(u002du002dwpu002du002dstyleu002du002drootu002du002dpadding-right, var(u002du002dwpu002du002dcustomu002du002dgapu002du002dhorizontal)))\" aria-hidden=\"true\" class=\"wp-block-spacer\"><\/div>\n\n\n\n<div class=\"wp-block-cover alignfull\" style=\"border-style:none;border-width:0px;border-radius:0px;min-height:362px;aspect-ratio:unset;\"><span aria-hidden=\"true\" class=\"wp-block-cover__background has-theme-4-background-color has-background-dim-60 has-background-dim\"><\/span><img loading=\"lazy\" decoding=\"async\" width=\"1864\" height=\"430\" class=\"wp-block-cover__image-background wp-image-1977\" alt=\"\" src=\"https:\/\/natura-diet.com\/wp-content\/uploads\/2024\/04\/close-up-woman-stretching-her-hand-leg-sitting-exercise-mat.png\" data-object-fit=\"cover\" srcset=\"https:\/\/natura-diet.com\/wp-content\/uploads\/2024\/04\/close-up-woman-stretching-her-hand-leg-sitting-exercise-mat.png 1864w, https:\/\/natura-diet.com\/wp-content\/uploads\/2024\/04\/close-up-woman-stretching-her-hand-leg-sitting-exercise-mat-300x69.png 300w, https:\/\/natura-diet.com\/wp-content\/uploads\/2024\/04\/close-up-woman-stretching-her-hand-leg-sitting-exercise-mat-1024x236.png 1024w, https:\/\/natura-diet.com\/wp-content\/uploads\/2024\/04\/close-up-woman-stretching-her-hand-leg-sitting-exercise-mat-768x177.png 768w, https:\/\/natura-diet.com\/wp-content\/uploads\/2024\/04\/close-up-woman-stretching-her-hand-leg-sitting-exercise-mat-1536x354.png 1536w\" sizes=\"auto, (max-width: 1864px) 100vw, 1864px\" \/><div class=\"wp-block-cover__inner-container is-layout-flow wp-block-cover-is-layout-flow\">\n<p class=\"has-text-align-center has-large-font-size\"><strong>CONFORT ARTICULAIRE<\/strong><\/p>\n<\/div><\/div>\n\n\n\n<div style=\"height:calc( 0.25 * var(u002du002dwpu002du002dstyleu002du002drootu002du002dpadding-right, var(u002du002dwpu002du002dcustomu002du002dgapu002du002dhorizontal)))\" aria-hidden=\"true\" class=\"wp-block-spacer\"><\/div>\n<\/div>\n\n\n\n<div class=\"wp-block-group alignwide has-global-padding is-content-justification-center is-layout-constrained wp-container-core-group-is-layout-888b3e69 wp-block-group-is-layout-constrained\" style=\"margin-top:0;margin-bottom:0;padding-top:calc( 0.5 * var(u002du002dwpu002du002dstyleu002du002drootu002du002dpadding-right, var(u002du002dwpu002du002dcustomu002du002dgapu002du002dhorizontal)));padding-right:var(u002du002dwpu002du002dstyleu002du002drootu002du002dpadding-right, var(u002du002dwpu002du002dcustomu002du002dgapu002du002dhorizontal));padding-bottom:calc( 0.5 * var(u002du002dwpu002du002dstyleu002du002drootu002du002dpadding-right, var(u002du002dwpu002du002dcustomu002du002dgapu002du002dhorizontal)));padding-left:var(u002du002dwpu002du002dstyleu002du002drootu002du002dpadding-left, var(u002du002dwpu002du002dcustomu002du002dgapu002du002dhorizontal))\">\n<div style=\"height:calc( 0.25 * var(u002du002dwpu002du002dstyleu002du002drootu002du002dpadding-right, var(u002du002dwpu002du002dcustomu002du002dgapu002du002dhorizontal)))\" aria-hidden=\"true\" class=\"wp-block-spacer\"><\/div>\n\n\n\n<div style=\"height:50px\" aria-hidden=\"true\" class=\"wp-block-spacer\"><\/div>\n\n\n\n<p class=\"has-text-align-justify\">Explorez notre gamme de produits pour le confort intestinal et digestif. D\u00e9couvrez des solutions naturelles pour favoriser une digestion saine et soulager les inconforts digestifs. Retrouvez l&#8217;\u00e9quilibre de votre syst\u00e8me digestif et profitez d&#8217;un bien-\u00eatre optimal au quotidien. Trouvez les produits adapt\u00e9s \u00e0 vos besoins et prenez soin de votre sant\u00e9 digestive d\u00e8s aujourd&#8217;hui !<\/p>\n\n\n\n<div style=\"height:50px\" aria-hidden=\"true\" class=\"wp-block-spacer\"><\/div>\n\n\n\n<div style=\"height:13px\" aria-hidden=\"true\" class=\"wp-block-spacer\"><\/div>\n\n\n\n<div class=\"wp-block-columns alignfull are-vertically-aligned-center is-layout-flex wp-container-core-columns-is-layout-d0846407 wp-block-columns-is-layout-flex\">\n<div class=\"wp-block-column is-vertically-aligned-center is-layout-flow wp-container-core-column-is-layout-8a368f38 wp-block-column-is-layout-flow\">\n<figure class=\"wp-block-image aligncenter size-large is-resized\"><a href=\"https:\/\/natura-diet.com\/?page_id=875\"><img decoding=\"async\" src=\"https:\/\/bionaturaa.wordpress.com\/wp-content\/uploads\/2024\/03\/harpagophytum-saule-30cp-rv4v0-vect-bt0125-0072-3-edited.jpg\" alt=\"\" class=\"wp-image-685\" style=\"width:308px;height:auto\"\/><\/a><\/figure>\n\n\n\n<div style=\"height:var(--wp--preset--spacing--20)\" aria-hidden=\"true\" class=\"wp-block-spacer\"><\/div>\n\n\n\n<p class=\"has-text-align-center\" style=\"font-size:clamp(14px, 0.875rem + ((1vw - 3.2px) * 0.357), 18px);\"><strong>PHYTOSTANDARD HARPAGOPHYTUM\/SAULE<\/strong><\/p>\n<\/div>\n\n\n\n<div class=\"wp-block-column is-vertically-aligned-center is-layout-flow wp-container-core-column-is-layout-8a368f38 wp-block-column-is-layout-flow\">\n<figure class=\"wp-block-image aligncenter size-large is-resized\"><a href=\"https:\/\/natura-diet.com\/?page_id=890\"><img decoding=\"async\" src=\"https:\/\/bionaturaa.wordpress.com\/wp-content\/uploads\/2024\/03\/curcuma-20gel-rv4-vecto-2-2-edited.jpg\" alt=\"\" class=\"wp-image-684\" style=\"width:236px;height:auto\"\/><\/a><\/figure>\n\n\n\n<div style=\"height:20px\" aria-hidden=\"true\" class=\"wp-block-spacer\"><\/div>\n\n\n\n<p class=\"has-text-align-center\" style=\"font-size:clamp(14px, 0.875rem + ((1vw - 3.2px) * 0.357), 18px);\"><strong>PHYTOSTANDARD CURCUMA<\/strong><\/p>\n<\/div>\n\n\n\n<div class=\"wp-block-column is-vertically-aligned-center is-layout-flow wp-container-core-column-is-layout-8a368f38 wp-block-column-is-layout-flow\">\n<figure class=\"wp-block-image aligncenter size-large is-resized\"><a href=\"https:\/\/natura-diet.com\/?page_id=858\"><img decoding=\"async\" src=\"https:\/\/bionaturaa.wordpress.com\/wp-content\/uploads\/2024\/03\/bat-cproca-proteochoc-36caps-74x46x100-rv26-d-3-edited.jpg\" alt=\"\" class=\"wp-image-682\" style=\"width:266px;height:auto\"\/><\/a><\/figure>\n\n\n\n<div style=\"height:20px\" aria-hidden=\"true\" class=\"wp-block-spacer\"><\/div>\n\n\n\n<p class=\"has-text-align-center\" style=\"font-size:clamp(14px, 0.875rem + ((1vw - 3.2px) * 0.357), 18px);\"><strong>PROTECHOC<\/strong><\/p>\n\n\n\n<div style=\"height:var(--wp--preset--spacing--20)\" aria-hidden=\"true\" class=\"wp-block-spacer\"><\/div>\n<\/div>\n<\/div>\n\n\n\n<div style=\"height:50px\" aria-hidden=\"true\" class=\"wp-block-spacer\"><\/div>\n<\/div>\n\n\n\n<div class=\"wp-block-columns alignfull is-layout-flex wp-container-core-columns-is-layout-28f84493 wp-block-columns-is-layout-flex\">\n<div class=\"wp-block-column is-vertically-aligned-center is-layout-flow wp-block-column-is-layout-flow\">\n<head>\n    <script src=\"https:\/\/kit.fontawesome.com\/3b161c540c.js\" crossorigin=\"anonymous\"><\/script>\n<\/head>\n<footer class=\"footer\">\n    <div class=\"container row\">\n        <div class=\"footer-col\">\n            <h4>Laboratoire Bionatura Diet<\/h4>\n            <ul>\n                <li><a href=\"https:\/\/natura-diet.com\/?page_id=21\">Qui Somme Nous<\/a><\/li>\n            <\/ul>\n        <\/div>\n        <div class=\"footer-col\">\n            <h4> Nos partenaires<\/h4>\n            <ul>\n                <li><a href=\"https:\/\/natura-diet.com\/?page_id=692\">PileJe<\/a><\/li>\n                <li><a href=\"https:\/\/natura-diet.com\/?page_id=115\">Ineldea<\/a><\/li>\n                <li><a href=\"#\">Fertyfarm<\/a><\/li>\n                <li><a href=\"#\">Polidis<\/a><\/li>\n                <li><a href=\"#\">Eafit<\/a><\/li>\n            <\/ul>\n\n        <\/div>\n        <div class=\"footer-col\">\n\n            <h4>Nos Gammes<\/h4>\n            <ul>\n                <li><a href=\"https:\/\/natura-diet.com\/?page_id=465\">Microbiotes<\/a><\/li>\n                <li><a href=\"https:\/\/natura-diet.com\/?page_id=694\">Micronutrition<\/a><\/li>\n                <li><a href=\"https:\/\/natura-diet.com\/?page_id=517\">Phytotherapie<\/a><\/li>\n                <li><a href=\"https:\/\/natura-diet.com\/?page_id=1202\">Pediakid<\/a><\/li>\n                <li><a href=\"https:\/\/natura-diet.com\/?page_id=726\">Effiderm<\/a><\/li>\n            <\/ul>\n\n        <\/div>\n        <div class=\"footer-col\">\n            <h4>Contactez-nous<\/h4>\n            <div class=\"social-links\">\n                <a href=\"tel:+21626330240\"><i class=\"fa fa-phone\"><\/i><\/a><span class=\"text-icon\">+216 26 330 240<\/span>\n                <br \/>\n                <a href=\"mailto:bionatura2@gmail.com\"><i class=\"fa fa-envelope\" aria-hidden=\"true\"><\/i><\/a><span\n                    class=\"text-icon\">bionatura2@gmail.com<\/span> <br \/>\n                <div class=\"social-media\">\n                    <a href=\"https:\/\/www.facebook.com\/profile.php?id=100054568084108\" target=\"_blank\" rel=\"noopener\"><i\n                            class=\"fa-brands fa-facebook\"><\/i><\/a>\n                    <a href=\"https:\/\/www.instagram.com\/bio.naturadiet?igsh=cXI0aDNvM3I3MXpk\" target=\"_blank\" rel=\"noopener\"><i class=\"fa-brands fa-instagram\"><\/i><\/a>\n                    <!-- <a href=\"#\"><i class=\"fa-brands fa-linkedin-in\"><\/i><\/a> -->\n                <\/div>\n            <\/div>\n        <\/div>\n        <div class=\"footer-col\" style=\"color: white; text-align: center; display: block;margin-left: auto;\n    margin-right: auto;margin-top: 20px;\">&copy; 2024 &#8211; All right\n            reserved <a href=\"https:\/\/zeenovi.com\/\" target=\"_blank\" style=\"color: white;\" rel=\"noopener\">Zeenovi\u2122<\/a>\n        <\/div>\n\n\n    <\/div>\n<\/footer>\n<\/div>\n<\/div>\n","protected":false},"excerpt":{"rendered":"<p>Explorez notre gamme de produits pour le confort intestinal et digestif. D\u00e9couvrez des solutions naturelles pour favoriser une digestion saine et soulager les inconforts digestifs. Retrouvez l&#8217;\u00e9quilibre de votre syst\u00e8me [&hellip;]<\/p>\n","protected":false},"author":1,"featured_media":0,"parent":0,"menu_order":0,"comment_status":"closed","ping_status":"closed","template":"","meta":{"_eb_attr":"","_EventAllDay":false,"_EventTimezone":"","_EventStartDate":"","_EventEndDate":"","_EventStartDateUTC":"","_EventEndDateUTC":"","_EventShowMap":false,"_EventShowMapLink":false,"_EventURL":"","_EventCost":"","_EventCostDescription":"","_EventCurrencySymbol":"","_EventCurrencyCode":"","_EventCurrencyPosition":"","_EventDateTimeSeparator":"","_EventTimeRangeSeparator":"","_EventOrganizerID":[],"_EventVenueID":[],"_OrganizerEmail":"","_OrganizerPhone":"","_OrganizerWebsite":"","_VenueAddress":"","_VenueCity":"","_VenueCountry":"","_VenueProvince":"","_VenueState":"","_VenueZip":"","_VenuePhone":"","_VenueURL":"","_VenueStateProvince":"","_VenueLat":"","_VenueLng":"","_VenueShowMap":false,"_VenueShowMapLink":false,"footnotes":""},"class_list":["post-696","page","type-page","status-publish","hentry"],"_links":{"self":[{"href":"https:\/\/natura-diet.com\/index.php?rest_route=\/wp\/v2\/pages\/696","targetHints":{"allow":["GET"]}}],"collection":[{"href":"https:\/\/natura-diet.com\/index.php?rest_route=\/wp\/v2\/pages"}],"about":[{"href":"https:\/\/natura-diet.com\/index.php?rest_route=\/wp\/v2\/types\/page"}],"author":[{"embeddable":true,"href":"https:\/\/natura-diet.com\/index.php?rest_route=\/wp\/v2\/users\/1"}],"replies":[{"embeddable":true,"href":"https:\/\/natura-diet.com\/index.php?rest_route=%2Fwp%2Fv2%2Fcomments&post=696"}],"version-history":[{"count":4,"href":"https:\/\/natura-diet.com\/index.php?rest_route=\/wp\/v2\/pages\/696\/revisions"}],"predecessor-version":[{"id":3538,"href":"https:\/\/natura-diet.com\/index.php?rest_route=\/wp\/v2\/pages\/696\/revisions\/3538"}],"wp:attachment":[{"href":"https:\/\/natura-diet.com\/index.php?rest_route=%2Fwp%2Fv2%2Fmedia&parent=696"}],"curies":[{"name":"wp","href":"https:\/\/api.w.org\/{rel}","templated":true}]}}