{"id":726,"date":"2024-03-12T11:06:47","date_gmt":"2024-03-12T10:06:47","guid":{"rendered":"https:\/\/bionaturaa.wordpress.com\/?page_id=726"},"modified":"2024-07-16T13:07:17","modified_gmt":"2024-07-16T13:07:17","slug":"effiderm","status":"publish","type":"page","link":"https:\/\/natura-diet.com\/?page_id=726","title":{"rendered":"EFFIDERM"},"content":{"rendered":"\n<div class=\"wp-block-group alignfull has-global-padding is-content-justification-center is-layout-constrained wp-container-core-group-is-layout-888b3e69 wp-block-group-is-layout-constrained\" style=\"margin-top:0;margin-bottom:0;padding-top:calc( 0.5 * var(u002du002dwpu002du002dstyleu002du002drootu002du002dpadding-right, var(u002du002dwpu002du002dcustomu002du002dgapu002du002dhorizontal)));padding-right:var(u002du002dwpu002du002dstyleu002du002drootu002du002dpadding-right, var(u002du002dwpu002du002dcustomu002du002dgapu002du002dhorizontal));padding-bottom:calc( 0.5 * var(u002du002dwpu002du002dstyleu002du002drootu002du002dpadding-right, var(u002du002dwpu002du002dcustomu002du002dgapu002du002dhorizontal)));padding-left:var(u002du002dwpu002du002dstyleu002du002drootu002du002dpadding-left, var(u002du002dwpu002du002dcustomu002du002dgapu002du002dhorizontal))\">\n<div class=\"wp-block-cover alignfull is-light has-theme-1-color has-text-color has-link-color wp-elements-c6949d88c97de0f695b9bbb12419d1aa\"><span aria-hidden=\"true\" class=\"wp-block-cover__background has-background-dim-0 has-background-dim\"><\/span><img loading=\"lazy\" decoding=\"async\" width=\"1440\" height=\"453\" class=\"wp-block-cover__image-background wp-image-3612\" alt=\"\" src=\"https:\/\/natura-diet.com\/wp-content\/uploads\/2024\/07\/effiderme.png\" data-object-fit=\"cover\" srcset=\"https:\/\/natura-diet.com\/wp-content\/uploads\/2024\/07\/effiderme.png 1440w, https:\/\/natura-diet.com\/wp-content\/uploads\/2024\/07\/effiderme-300x94.png 300w, https:\/\/natura-diet.com\/wp-content\/uploads\/2024\/07\/effiderme-1024x322.png 1024w, https:\/\/natura-diet.com\/wp-content\/uploads\/2024\/07\/effiderme-768x242.png 768w\" sizes=\"auto, (max-width: 1440px) 100vw, 1440px\" \/><div class=\"wp-block-cover__inner-container is-layout-flow wp-block-cover-is-layout-flow\">\n<p class=\"has-text-align-center has-large-font-size\"><\/p>\n<\/div><\/div>\n<\/div>\n\n\n\n<div style=\"height:50px\" aria-hidden=\"true\" class=\"wp-block-spacer\"><\/div>\n\n\n\n<div class=\"wp-block-columns are-vertically-aligned-center is-layout-flex wp-container-core-columns-is-layout-28f84493 wp-block-columns-is-layout-flex\">\n<div class=\"wp-block-column is-vertically-aligned-center is-layout-flow wp-block-column-is-layout-flow\" style=\"flex-basis:100%\">\n<p class=\"has-text-align-justify\">Effiderm est une marque fran\u00e7aise sp\u00e9cialis\u00e9e dans les produits de soins pour la peau. Leurs produits sont formul\u00e9s pour offrir des solutions efficaces et adapt\u00e9es \u00e0 diff\u00e9rents types de peau. La marque se concentre sur l&#8217;utilisation d&#8217;ingr\u00e9dients de haute qualit\u00e9 pour aider \u00e0 nourrir, hydrater et prot\u00e9ger la peau, tout en offrant des solutions pour des probl\u00e8mes sp\u00e9cifiques tels que l&#8217;acn\u00e9, la s\u00e9cheresse ou les signes de vieillissement cutan\u00e9. Effiderm s&#8217;engage \u00e0 offrir des produits s\u00fbrs et efficaces pour une peau saine et \u00e9clatante.<\/p>\n<\/div>\n<\/div>\n\n\n\n<div style=\"height:50px\" aria-hidden=\"true\" class=\"wp-block-spacer\"><\/div>\n\n\n\n<div class=\"wp-block-group alignfull has-global-padding is-content-justification-center is-layout-constrained wp-container-core-group-is-layout-888b3e69 wp-block-group-is-layout-constrained\" style=\"margin-top:0;margin-bottom:0;padding-top:calc( 0.5 * var(u002du002dwpu002du002dstyleu002du002drootu002du002dpadding-right, var(u002du002dwpu002du002dcustomu002du002dgapu002du002dhorizontal)));padding-right:var(u002du002dwpu002du002dstyleu002du002drootu002du002dpadding-right, var(u002du002dwpu002du002dcustomu002du002dgapu002du002dhorizontal));padding-bottom:calc( 0.5 * var(u002du002dwpu002du002dstyleu002du002drootu002du002dpadding-right, var(u002du002dwpu002du002dcustomu002du002dgapu002du002dhorizontal)));padding-left:var(u002du002dwpu002du002dstyleu002du002drootu002du002dpadding-left, var(u002du002dwpu002du002dcustomu002du002dgapu002du002dhorizontal))\">\n<div class=\"wp-block-columns alignwide are-vertically-aligned-center is-layout-flex wp-container-core-columns-is-layout-d0846407 wp-block-columns-is-layout-flex\">\n<div class=\"wp-block-column is-vertically-aligned-center is-layout-flow wp-block-column-is-layout-flow\">\n<figure class=\"wp-block-image aligncenter size-large is-resized\"><a href=\"https:\/\/natura-diet.com\/?page_id=931\"><img decoding=\"async\" src=\"https:\/\/bionaturaa.wordpress.com\/wp-content\/uploads\/2024\/03\/eau-micellaire-hydratante-300ml-1.jpg?w=388\" alt=\"\" class=\"wp-image-729\" style=\"width:156px;height:auto\"\/><\/a><\/figure>\n\n\n\n<p class=\"has-text-align-center\" style=\"font-size:clamp(14px, 0.875rem + ((1vw - 3.2px) * 0.357), 18px);\"><strong>EAU MICELLAIRE HYDRATANTE<\/strong><\/p>\n<\/div>\n\n\n\n<div class=\"wp-block-column is-vertically-aligned-center is-layout-flow wp-block-column-is-layout-flow\">\n<figure class=\"wp-block-image aligncenter size-large is-resized\"><a href=\"https:\/\/natura-diet.com\/?page_id=934\"><img decoding=\"async\" src=\"https:\/\/bionaturaa.wordpress.com\/wp-content\/uploads\/2024\/03\/creme-riche-anti-age_tube.jpg?w=586\" alt=\"\" class=\"wp-image-730\" style=\"width:230px;height:auto\"\/><\/a><\/figure>\n\n\n\n<p class=\"has-text-align-center\" style=\"font-size:clamp(14px, 0.875rem + ((1vw - 3.2px) * 0.357), 18px);\"><strong>CREME RICHE ANTI AGE<\/strong><\/p>\n<\/div>\n\n\n\n<div class=\"wp-block-column is-vertically-aligned-center is-layout-flow wp-block-column-is-layout-flow\">\n<figure class=\"wp-block-image aligncenter size-large is-resized\"><a href=\"https:\/\/natura-diet.com\/?page_id=937\"><img decoding=\"async\" src=\"https:\/\/bionaturaa.wordpress.com\/wp-content\/uploads\/2024\/03\/creme-fluide-hydratante-matifiante-50ml-etui.jpg?w=413\" alt=\"\" class=\"wp-image-731\" style=\"width:165px;height:auto\"\/><\/a><\/figure>\n\n\n\n<p class=\"has-text-align-center\" style=\"font-size:clamp(14px, 0.875rem + ((1vw - 3.2px) * 0.357), 18px);\"><strong>CREME FLUIDE HYDRATANTE MATIFIANTE<\/strong><\/p>\n<\/div>\n<\/div>\n\n\n\n<div style=\"height:var(--wp--preset--spacing--20)\" aria-hidden=\"true\" class=\"wp-block-spacer\"><\/div>\n\n\n\n<div class=\"wp-block-columns alignwide is-layout-flex wp-container-core-columns-is-layout-d0846407 wp-block-columns-is-layout-flex\">\n<div class=\"wp-block-column is-vertically-aligned-center is-layout-flow wp-block-column-is-layout-flow\">\n<figure class=\"wp-block-image aligncenter size-large is-resized\"><a href=\"https:\/\/natura-diet.com\/?page_id=940\"><img decoding=\"async\" src=\"https:\/\/bionaturaa.wordpress.com\/wp-content\/uploads\/2024\/03\/masque-creme-regenerant_tube.jpg?w=586\" alt=\"\" class=\"wp-image-732\" style=\"width:235px;height:auto\"\/><\/a><\/figure>\n\n\n\n<p class=\"has-text-align-center\" style=\"font-size:clamp(14px, 0.875rem + ((1vw - 3.2px) * 0.357), 18px);\"><strong>MASQUE CREME REGENERANT<\/strong><\/p>\n<\/div>\n\n\n\n<div class=\"wp-block-column is-vertically-aligned-center is-layout-flow wp-block-column-is-layout-flow\">\n<figure class=\"wp-block-image aligncenter size-large is-resized\"><a href=\"https:\/\/natura-diet.com\/?page_id=949\"><img loading=\"lazy\" decoding=\"async\" width=\"1100\" height=\"2380\" src=\"https:\/\/bionaturaa.wordpress.com\/wp-content\/uploads\/2024\/03\/huile-soyeuse-regenerante-30ml-etui.jpg?w=473\" alt=\"\" class=\"wp-image-734\" style=\"width:189px;height:auto\" srcset=\"https:\/\/natura-diet.com\/wp-content\/uploads\/2024\/03\/huile-soyeuse-regenerante-30ml-etui.jpg 1100w, https:\/\/natura-diet.com\/wp-content\/uploads\/2024\/03\/huile-soyeuse-regenerante-30ml-etui-139x300.jpg 139w, https:\/\/natura-diet.com\/wp-content\/uploads\/2024\/03\/huile-soyeuse-regenerante-30ml-etui-473x1024.jpg 473w, https:\/\/natura-diet.com\/wp-content\/uploads\/2024\/03\/huile-soyeuse-regenerante-30ml-etui-768x1662.jpg 768w, https:\/\/natura-diet.com\/wp-content\/uploads\/2024\/03\/huile-soyeuse-regenerante-30ml-etui-710x1536.jpg 710w, https:\/\/natura-diet.com\/wp-content\/uploads\/2024\/03\/huile-soyeuse-regenerante-30ml-etui-947x2048.jpg 947w\" sizes=\"auto, (max-width: 1100px) 100vw, 1100px\" \/><\/a><\/figure>\n\n\n\n<p class=\"has-text-align-center\" style=\"font-size:clamp(14px, 0.875rem + ((1vw - 3.2px) * 0.357), 18px);\"><strong>HUILE SOYEUSE REGENERANTE<\/strong><\/p>\n<\/div>\n\n\n\n<div class=\"wp-block-column is-vertically-aligned-center is-layout-flow wp-block-column-is-layout-flow\">\n<figure class=\"wp-block-image aligncenter size-large is-resized\"><a href=\"https:\/\/natura-diet.com\/?page_id=945\"><img decoding=\"async\" src=\"https:\/\/bionaturaa.wordpress.com\/wp-content\/uploads\/2024\/03\/exfoliant-desincrustant_tube.jpg?w=586\" alt=\"\" class=\"wp-image-733\" style=\"width:233px;height:auto\"\/><\/a><\/figure>\n\n\n\n<p class=\"has-text-align-center\" style=\"font-size:clamp(14px, 0.875rem + ((1vw - 3.2px) * 0.357), 18px);\"><strong>MASQUE EXFOLIANT DESINCRUSTANT<\/strong><\/p>\n<\/div>\n<\/div>\n<\/div>\n\n\n\n<div class=\"wp-block-group alignfull has-global-padding is-content-justification-center is-layout-constrained wp-container-core-group-is-layout-df757ecc wp-block-group-is-layout-constrained\" style=\"margin-top:0;margin-bottom:0;padding-top:calc( 0.5 * var(--wp--style--root--padding-right, var(--wp--custom--gap--horizontal)));padding-right:var(--wp--style--root--padding-right, var(--wp--custom--gap--horizontal));padding-bottom:calc( 0.5 * var(--wp--style--root--padding-right, var(--wp--custom--gap--horizontal)));padding-left:var(--wp--style--root--padding-left, var(--wp--custom--gap--horizontal))\">\n<div class=\"wp-block-group alignwide has-global-padding is-layout-constrained wp-block-group-is-layout-constrained\">\n<div style=\"height:var(--wp--preset--spacing--20)\" aria-hidden=\"true\" class=\"wp-block-spacer\"><\/div>\n\n\n\n<div class=\"wp-block-columns alignwide is-layout-flex wp-container-core-columns-is-layout-87beb0d0 wp-block-columns-is-layout-flex\">\n<div class=\"wp-block-column is-vertically-aligned-center is-layout-flow wp-container-core-column-is-layout-8a368f38 wp-block-column-is-layout-flow\">\n<div class=\"wp-block-group is-layout-flow wp-block-group-is-layout-flow\" style=\"margin-bottom:10px\">\n<figure class=\"wp-block-image aligncenter size-large is-resized\"><a href=\"https:\/\/natura-diet.com\/?page_id=956\"><img decoding=\"async\" src=\"https:\/\/bionaturaa.wordpress.com\/wp-content\/uploads\/2024\/03\/serum-anti-cerne-liftant_tube-6.jpg?w=447\" alt=\"\" class=\"wp-image-752\" style=\"width:182px;height:auto\"\/><\/a><\/figure>\n<\/div>\n\n\n\n<p class=\"has-text-align-center\" style=\"font-size:clamp(14px, 0.875rem + ((1vw - 3.2px) * 0.357), 18px);\"><strong>SERUM ANTI CERNE LIFTANT<\/strong><\/p>\n<\/div>\n\n\n\n<div class=\"wp-block-column is-vertically-aligned-center is-layout-flow wp-container-core-column-is-layout-8a368f38 wp-block-column-is-layout-flow\">\n<div class=\"wp-block-group is-layout-flow wp-block-group-is-layout-flow\" style=\"margin-bottom:10px\">\n<figure class=\"wp-block-image size-large is-resized\"><a href=\"https:\/\/natura-diet.com\/?page_id=959\"><img loading=\"lazy\" decoding=\"async\" width=\"2289\" height=\"1388\" src=\"https:\/\/bionaturaa.wordpress.com\/wp-content\/uploads\/2024\/03\/concentre-instant-eclat_etui-ampoule-3.jpg?w=1024\" alt=\"\" class=\"wp-image-753\" style=\"width:688px;height:auto\" srcset=\"https:\/\/natura-diet.com\/wp-content\/uploads\/2024\/03\/concentre-instant-eclat_etui-ampoule-3.jpg 2289w, https:\/\/natura-diet.com\/wp-content\/uploads\/2024\/03\/concentre-instant-eclat_etui-ampoule-3-300x182.jpg 300w, https:\/\/natura-diet.com\/wp-content\/uploads\/2024\/03\/concentre-instant-eclat_etui-ampoule-3-1024x621.jpg 1024w, https:\/\/natura-diet.com\/wp-content\/uploads\/2024\/03\/concentre-instant-eclat_etui-ampoule-3-768x466.jpg 768w, https:\/\/natura-diet.com\/wp-content\/uploads\/2024\/03\/concentre-instant-eclat_etui-ampoule-3-1536x931.jpg 1536w, https:\/\/natura-diet.com\/wp-content\/uploads\/2024\/03\/concentre-instant-eclat_etui-ampoule-3-2048x1242.jpg 2048w\" sizes=\"auto, (max-width: 2289px) 100vw, 2289px\" \/><\/a><\/figure>\n<\/div>\n\n\n\n<p class=\"has-text-align-center\" style=\"font-size:clamp(14px, 0.875rem + ((1vw - 3.2px) * 0.357), 18px);\"><strong>AMPOULES CONCENTREES INSTANT ECLAT<\/strong><\/p>\n<\/div>\n<\/div>\n<\/div>\n\n\n\n<div style=\"height:calc( 0.25 * var(--wp--style--root--padding-right, var(--wp--custom--gap--horizontal)))\" aria-hidden=\"true\" class=\"wp-block-spacer\"><\/div>\n\n\n\n<div style=\"height:50px\" aria-hidden=\"true\" class=\"wp-block-spacer\"><\/div>\n\n\n\n<h3 class=\"wp-block-heading alignfull has-text-align-center has-large-font-size\"><span style=\"text-decoration: underline\">N<\/span><mark style=\"background-color:rgba(0, 0, 0, 0)\" class=\"has-inline-color has-theme-3-color\">otre promesse<\/mark><\/h3>\n\n\n\n<div style=\"height:55px\" aria-hidden=\"true\" class=\"wp-block-spacer\"><\/div>\n\n\n\n<div class=\"wp-block-columns is-layout-flex wp-container-core-columns-is-layout-28f84493 wp-block-columns-is-layout-flex\">\n<div class=\"wp-block-column is-layout-flow wp-block-column-is-layout-flow\">\n<figure class=\"wp-block-image size-full is-resized\"><img loading=\"lazy\" decoding=\"async\" width=\"200\" height=\"110\" src=\"https:\/\/natura-diet.com\/wp-content\/uploads\/2024\/06\/vegan.webp\" alt=\"\" class=\"wp-image-3509\" style=\"object-fit:cover;width:200px;height:110px\"\/><\/figure>\n<\/div>\n\n\n\n<div class=\"wp-block-column is-layout-flow wp-block-column-is-layout-flow\">\n<figure class=\"wp-block-image size-full is-resized\"><img loading=\"lazy\" decoding=\"async\" width=\"200\" height=\"110\" src=\"https:\/\/natura-diet.com\/wp-content\/uploads\/2024\/06\/marque-francaise.webp\" alt=\"\" class=\"wp-image-3510\" style=\"object-fit:cover;width:200px;height:110px\"\/><\/figure>\n<\/div>\n\n\n\n<div class=\"wp-block-column is-layout-flow wp-block-column-is-layout-flow\">\n<figure class=\"wp-block-image size-full is-resized\"><img loading=\"lazy\" decoding=\"async\" width=\"200\" height=\"110\" src=\"https:\/\/natura-diet.com\/wp-content\/uploads\/2024\/06\/actifs-naturels-old.webp\" alt=\"\" class=\"wp-image-3511\" style=\"object-fit:cover;width:200px;height:110px\"\/><\/figure>\n<\/div>\n\n\n\n<div class=\"wp-block-column is-layout-flow wp-block-column-is-layout-flow\">\n<figure class=\"wp-block-image size-full is-resized\"><img loading=\"lazy\" decoding=\"async\" width=\"200\" height=\"110\" src=\"https:\/\/natura-diet.com\/wp-content\/uploads\/2024\/06\/complexes-brevetes.webp\" alt=\"\" class=\"wp-image-3512\" style=\"object-fit:cover;width:200px;height:110px\"\/><\/figure>\n<\/div>\n<\/div>\n\n\n\n<div style=\"height:50px\" aria-hidden=\"true\" class=\"wp-block-spacer\"><\/div>\n<\/div>\n\n\n\n<div class=\"wp-block-columns alignfull is-layout-flex wp-container-core-columns-is-layout-28f84493 wp-block-columns-is-layout-flex\">\n<div class=\"wp-block-column is-vertically-aligned-center is-layout-flow wp-block-column-is-layout-flow\">\n<head>\n    <script src=\"https:\/\/kit.fontawesome.com\/3b161c540c.js\" crossorigin=\"anonymous\"><\/script>\n<\/head>\n<footer class=\"footer\">\n    <div class=\"container row\">\n        <div class=\"footer-col\">\n            <h4>Laboratoire Bionatura Diet<\/h4>\n            <ul>\n                <li><a href=\"https:\/\/natura-diet.com\/?page_id=21\">Qui Somme Nous<\/a><\/li>\n            <\/ul>\n        <\/div>\n        <div class=\"footer-col\">\n            <h4> Nos partenaires<\/h4>\n            <ul>\n                <li><a href=\"https:\/\/natura-diet.com\/?page_id=692\">PileJe<\/a><\/li>\n                <li><a href=\"https:\/\/natura-diet.com\/?page_id=115\">Ineldea<\/a><\/li>\n                <li><a href=\"#\">Fertyfarm<\/a><\/li>\n                <li><a href=\"#\">Polidis<\/a><\/li>\n                <li><a href=\"#\">Eafit<\/a><\/li>\n            <\/ul>\n\n        <\/div>\n        <div class=\"footer-col\">\n\n            <h4>Nos Gammes<\/h4>\n            <ul>\n                <li><a href=\"https:\/\/natura-diet.com\/?page_id=465\">Microbiotes<\/a><\/li>\n                <li><a href=\"https:\/\/natura-diet.com\/?page_id=694\">Micronutrition<\/a><\/li>\n                <li><a href=\"https:\/\/natura-diet.com\/?page_id=517\">Phytotherapie<\/a><\/li>\n                <li><a href=\"https:\/\/natura-diet.com\/?page_id=1202\">Pediakid<\/a><\/li>\n                <li><a href=\"https:\/\/natura-diet.com\/?page_id=726\">Effiderm<\/a><\/li>\n            <\/ul>\n\n        <\/div>\n        <div class=\"footer-col\">\n            <h4>Contactez-nous<\/h4>\n            <div class=\"social-links\">\n                <a href=\"tel:+21626330240\"><i class=\"fa fa-phone\"><\/i><\/a><span class=\"text-icon\">+216 26 330 240<\/span>\n                <br \/>\n                <a href=\"mailto:bionatura2@gmail.com\"><i class=\"fa fa-envelope\" aria-hidden=\"true\"><\/i><\/a><span\n                    class=\"text-icon\">bionatura2@gmail.com<\/span> <br \/>\n                <div class=\"social-media\">\n                    <a href=\"https:\/\/www.facebook.com\/profile.php?id=100054568084108\" target=\"_blank\" rel=\"noopener\"><i\n                            class=\"fa-brands fa-facebook\"><\/i><\/a>\n                    <a href=\"https:\/\/www.instagram.com\/bio.naturadiet?igsh=cXI0aDNvM3I3MXpk\" target=\"_blank\" rel=\"noopener\"><i class=\"fa-brands fa-instagram\"><\/i><\/a>\n                    <!-- <a href=\"#\"><i class=\"fa-brands fa-linkedin-in\"><\/i><\/a> -->\n                <\/div>\n            <\/div>\n        <\/div>\n        <div class=\"footer-col\" style=\"color: white; text-align: center; display: block;margin-left: auto;\n    margin-right: auto;margin-top: 20px;\">&copy; 2024 &#8211; All right\n            reserved <a href=\"https:\/\/zeenovi.com\/\" target=\"_blank\" style=\"color: white;\" rel=\"noopener\">Zeenovi\u2122<\/a>\n        <\/div>\n\n\n    <\/div>\n<\/footer>\n<\/div>\n<\/div>\n","protected":false},"excerpt":{"rendered":"<p>Effiderm est une marque fran\u00e7aise sp\u00e9cialis\u00e9e dans les produits de soins pour la peau. Leurs produits sont formul\u00e9s pour offrir des solutions efficaces et adapt\u00e9es \u00e0 diff\u00e9rents types de peau. [&hellip;]<\/p>\n","protected":false},"author":1,"featured_media":0,"parent":0,"menu_order":0,"comment_status":"closed","ping_status":"closed","template":"","meta":{"_eb_attr":"","_EventAllDay":false,"_EventTimezone":"","_EventStartDate":"","_EventEndDate":"","_EventStartDateUTC":"","_EventEndDateUTC":"","_EventShowMap":false,"_EventShowMapLink":false,"_EventURL":"","_EventCost":"","_EventCostDescription":"","_EventCurrencySymbol":"","_EventCurrencyCode":"","_EventCurrencyPosition":"","_EventDateTimeSeparator":"","_EventTimeRangeSeparator":"","_EventOrganizerID":[],"_EventVenueID":[],"_OrganizerEmail":"","_OrganizerPhone":"","_OrganizerWebsite":"","_VenueAddress":"","_VenueCity":"","_VenueCountry":"","_VenueProvince":"","_VenueState":"","_VenueZip":"","_VenuePhone":"","_VenueURL":"","_VenueStateProvince":"","_VenueLat":"","_VenueLng":"","_VenueShowMap":false,"_VenueShowMapLink":false,"footnotes":""},"class_list":["post-726","page","type-page","status-publish","hentry"],"_links":{"self":[{"href":"https:\/\/natura-diet.com\/index.php?rest_route=\/wp\/v2\/pages\/726","targetHints":{"allow":["GET"]}}],"collection":[{"href":"https:\/\/natura-diet.com\/index.php?rest_route=\/wp\/v2\/pages"}],"about":[{"href":"https:\/\/natura-diet.com\/index.php?rest_route=\/wp\/v2\/types\/page"}],"author":[{"embeddable":true,"href":"https:\/\/natura-diet.com\/index.php?rest_route=\/wp\/v2\/users\/1"}],"replies":[{"embeddable":true,"href":"https:\/\/natura-diet.com\/index.php?rest_route=%2Fwp%2Fv2%2Fcomments&post=726"}],"version-history":[{"count":27,"href":"https:\/\/natura-diet.com\/index.php?rest_route=\/wp\/v2\/pages\/726\/revisions"}],"predecessor-version":[{"id":3613,"href":"https:\/\/natura-diet.com\/index.php?rest_route=\/wp\/v2\/pages\/726\/revisions\/3613"}],"wp:attachment":[{"href":"https:\/\/natura-diet.com\/index.php?rest_route=%2Fwp%2Fv2%2Fmedia&parent=726"}],"curies":[{"name":"wp","href":"https:\/\/api.w.org\/{rel}","templated":true}]}}