{"id":825,"date":"2024-03-13T14:40:36","date_gmt":"2024-03-13T13:40:36","guid":{"rendered":"https:\/\/bionaturaa.wordpress.com\/?page_id=825"},"modified":"2024-06-06T10:38:55","modified_gmt":"2024-06-06T10:38:55","slug":"lactibiane-tolerance","status":"publish","type":"page","link":"https:\/\/natura-diet.com\/?page_id=825","title":{"rendered":"LACTIBIANE TOLERANCE"},"content":{"rendered":"\n<div style=\"height:100px\" aria-hidden=\"true\" class=\"wp-block-spacer\"><\/div>\n\n\n\n<h3 class=\"wp-block-heading has-text-align-left has-large-font-size\"><span style=\"text-decoration: underline\"><mark style=\"background-color:rgba(0, 0, 0, 0)\" class=\"has-inline-color has-theme-2-color\">L<\/mark><\/span><mark style=\"background-color:rgba(0, 0, 0, 0)\" class=\"has-inline-color has-theme-3-color\">ACTIBIANE TOLERANCE<\/mark><\/h3>\n\n\n\n<div style=\"height:62px\" aria-hidden=\"true\" class=\"wp-block-spacer\"><\/div>\n\n\n\n<div class=\"wp-block-group alignfull has-global-padding is-content-justification-center is-layout-constrained wp-container-core-group-is-layout-888b3e69 wp-block-group-is-layout-constrained\" style=\"margin-top:0;margin-bottom:0;padding-top:calc( 0.5 * var(u002du002dwpu002du002dstyleu002du002drootu002du002dpadding-right, var(u002du002dwpu002du002dcustomu002du002dgapu002du002dhorizontal)));padding-right:var(u002du002dwpu002du002dstyleu002du002drootu002du002dpadding-right, var(u002du002dwpu002du002dcustomu002du002dgapu002du002dhorizontal));padding-bottom:calc( 0.5 * var(u002du002dwpu002du002dstyleu002du002drootu002du002dpadding-right, var(u002du002dwpu002du002dcustomu002du002dgapu002du002dhorizontal)));padding-left:var(u002du002dwpu002du002dstyleu002du002drootu002du002dpadding-left, var(u002du002dwpu002du002dcustomu002du002dgapu002du002dhorizontal))\">\n<div style=\"height:calc( 0.25 * var(u002du002dwpu002du002dstyleu002du002drootu002du002dpadding-right, var(u002du002dwpu002du002dcustomu002du002dgapu002du002dhorizontal)))\" aria-hidden=\"true\" class=\"wp-block-spacer\"><\/div>\n\n\n\n<div class=\"wp-block-columns alignwide is-layout-flex wp-container-core-columns-is-layout-f1bd724e wp-block-columns-is-layout-flex\" style=\"padding-right:80px;padding-left:80px\">\n<div class=\"wp-block-column is-vertically-aligned-center is-layout-flow wp-block-column-is-layout-flow\">\n<figure class=\"wp-block-image aligncenter size-large is-resized\"><img decoding=\"async\" src=\"https:\/\/bionaturaa.files.wordpress.com\/2024\/03\/lactibiane_tolerance-30gel-rv17v0-vect-bt0053-0104-5-edited.jpg\" alt=\"\" class=\"wp-image-828\" style=\"width:314px;height:auto\"\/><\/figure>\n<\/div>\n\n\n\n<div class=\"wp-block-column is-layout-flow wp-block-column-is-layout-flow\">\n<head>\n\n\n    <script src=\"https:\/\/code.jquery.com\/jquery-3.6.0.min.js\"><\/script>\n  \n<\/head>\n<body>\n    <div class=\"container\">\n        <div class=\"accordion_inner\">\n       \n            <div class=\"accordion-section\">\n                <div class=\"each-accordionbox\">\n                    <h3 class=\"each-title\">Posologie<\/h3>\n                    <p class=\"each-text\">Pionniers dans l\u2019\u00e9tude des microbiotes depuis 1991, nous s\u00e9lectionnons de mani\u00e8re rigoureuse les souches probiotiques pr\u00e9sentes dans nos compl\u00e9ments alimentaires.\n\nNous avons ainsi d\u00e9velopp\u00e9 Lactibiane Tol\u00e9rance, compl\u00e9ment alimentaire contenant 5 souches probiotiques dos\u00e9es \u00e0 10 milliards par g\u00e9lule :\n\nBifidobacterium lactis LA303\nLactobacillus acidophilus LA201\nLactiplantibacillus plantarum LA301, pr\u00e9c\u00e9demment appel\u00e9e Lactobacillus plantarum LA301\nLigilactobacillus salivarius LA302, pr\u00e9c\u00e9demment appel\u00e9e Lactobacillus salivarius LA302\nBifidobacterium animalis subsp. lactis LA304, pr\u00e9c\u00e9demment appel\u00e9e Bifidobacterium lactis LA304\n\u00c0 base de : Bifidobacterium lactis LA303, Lactobacillus acidophilus LA201, Lactiplantibacillus plantarum LA301, Ligilactobacillus salivarius LA302, Bifidobacterium animalis subsp. lactis LA304<\/p>\n                <\/div>\n\n\n                <div class=\"each-accordionbox\">\n                    <h3 class=\"each-title\">Composition<\/h3>\n                    <p class=\"each-text\">Amidon de ma\u00efs, g\u00e9lule d\u2019origine v\u00e9g\u00e9tale, ferments lactiques, anti-agglom\u00e9rants : acides gras.<br\/>\n\nCompl\u00e9ment alimentaire \u00e0 base de 4 souches probiotiques dos\u00e9es \u00e0 10 milliards par g\u00e9lule<\/p>\n                <\/div>\n                <div class=\"each-accordionbox\">\n                    <h3 class=\"each-title\">Utilisation<\/h3>\n                    <p class=\"each-text\">Conseils d\u2019utilisation<br\/>\n1 g\u00e9lule par jour \u00e0 avaler avec un grand verre d\u2019eau.\n\n\u00c0 prendre avant un repas.\n\nConservation : dans un endroit frais et sec. <br\/>\n\nPr\u00e9cautions d\u2019emploi<br\/>\nNe pas d\u00e9passer les doses journali\u00e8res recommand\u00e9es. \n\nCe compl\u00e9ment alimentaire ne peut se substituer \u00e0 une alimentation vari\u00e9e, \u00e9quilibr\u00e9e et \u00e0 un mode de vie sain.\n\n\u00c0 tenir hors de port\u00e9e des enfants.\n\n\u00c0 consommer de pr\u00e9f\u00e9rence avant fin et n\u00b0 de lot mentionn\u00e9s sur la face inf\u00e9rieure de l\u2019\u00e9tui.\n\n<\/p>\n                <\/div>\n            <\/div>\n        <\/div>           \n    <\/div> \n\n    <script>\n        $(document).ready(function() {\n            \/\/ Open the first accordion automatically\n            $(\".each-accordionbox:first-child\").addClass(\"active\").children(\".each-text\").slideDown();\n\n            \/\/ Accordion toggle functionality\n            $(\".each-title\").on(\"click\", function() {\n                if ($(this).parent().hasClass(\"active\")) {\n                    $(this).next().slideUp();\n                    $(this).parent().removeClass(\"active\");\n                } else {\n                    $(\".each-text\").slideUp();\n                    $(\".each-accordionbox\").removeClass(\"active\");\n                    $(this).parent().addClass(\"active\");\n                    $(this).next().slideDown();\n                }\n            });\n        });\n    <\/script>\n<\/body>\n<\/div>\n<\/div>\n<\/div>\n\n\n\n<div style=\"height:100px\" aria-hidden=\"true\" class=\"wp-block-spacer\"><\/div>\n\n\n\n<div class=\"wp-block-columns alignfull is-layout-flex wp-container-core-columns-is-layout-28f84493 wp-block-columns-is-layout-flex\">\n<div class=\"wp-block-column is-layout-flow wp-block-column-is-layout-flow\">\n<head>\r\n\t<script src=\"https:\/\/kit.fontawesome.com\/3b161c540c.js\" crossorigin=\"anonymous\"><\/script>\r\n<\/head>\r\n<footer class=\"footer\">\r\n\t\t<div class=\"container row\">\r\n\t\t\t<div class=\"footer-col\">\r\n\t\t\t\t<h4>company<\/h4>\r\n\t\t\t\t<ul>\r\n\t\t\t\t\t<li><a href=\"#\">about us<\/a><\/li>\r\n\t\t\t\t\t<li><a href=\"#\">our services<\/a><\/li>\r\n\t\t\t\t\t<li><a href=\"#\">privacy policy<\/a><\/li>\r\n\t\t\t\t\t<li><a href=\"#\">visit website<\/a><\/li>\r\n\t\t\t\t<\/ul>\r\n\t\t\t<\/div>\r\n\t\t\t<div class=\"footer-col\">\r\n\t\t\t\t<h4>get help<\/h4>\r\n\t\t\t\t<ul>\r\n\t\t\t\t\t<li><a href=\"#\">FAQ<\/a><\/li>\r\n\t\t\t\t\t<li><a href=\"#\">shipping<\/a><\/li>\r\n\t\t\t\t\t<li><a href=\"#\">returns<\/a><\/li>\r\n\t\t\t\t\t<li><a href=\"#\">order status<\/a><\/li>\r\n\t\t\t\t\t<li><a href=\"#\">payment options<\/a><\/li>\r\n\t\t\t\t<\/ul>\r\n\t\t\t<\/div>\r\n\t\t\t<div class=\"footer-col\">\r\n\t\t\t\t<h4>online shop<\/h4>\r\n\t\t\t\t<ul>\r\n\t\t\t\t\t<li><a href=\"#\">download<\/a><\/li>\r\n\t\t\t\t\t<li><a href=\"#\">changelog<\/a><\/li>\r\n\t\t\t\t\t<li><a href=\"#\">github<\/a><\/li>\r\n\t\t\t\t\t<li><a href=\"#\">all version<\/a><\/li>\r\n\t\t\t\t<\/ul>\r\n\t\t\t<\/div>\r\n\t\t\t<div class=\"footer-col\">\r\n\t\t\t\t<h4>follow us<\/h4>\r\n\t\t\t\t<div class=\"social-links\">\r\n\t\t\t\t\t<a href=\"#\"><i class=\"fa-brands fa-facebook-f\"><\/i><\/a>\r\n\t\t\t\t\t<a href=\"#\"><i class=\"fa-brands fa-x-twitter\"><\/i><\/a>\r\n\t\t\t\t\t<a href=\"#\"><i class=\"fa-brands fa-instagram\"><\/i><\/a>\r\n\t\t\t\t\t<a href=\"#\"><i class=\"fa-brands fa-linkedin-in\"><\/i><\/a>\r\n\t\t\t\t<\/div>\r\n\t\t\t<\/div>\r\n\t\t<\/div>\r\n\t<\/footer>\n<\/div>\n<\/div>\n","protected":false},"excerpt":{"rendered":"<p>LACTIBIANE TOLERANCE Posologie Pionniers dans l\u2019\u00e9tude des microbiotes depuis 1991, nous s\u00e9lectionnons de mani\u00e8re rigoureuse les souches probiotiques pr\u00e9sentes dans nos compl\u00e9ments alimentaires. Nous avons ainsi d\u00e9velopp\u00e9 Lactibiane Tol\u00e9rance, compl\u00e9ment [&hellip;]<\/p>\n","protected":false},"author":1,"featured_media":0,"parent":0,"menu_order":0,"comment_status":"closed","ping_status":"closed","template":"","meta":{"_eb_attr":"","_EventAllDay":false,"_EventTimezone":"","_EventStartDate":"","_EventEndDate":"","_EventStartDateUTC":"","_EventEndDateUTC":"","_EventShowMap":false,"_EventShowMapLink":false,"_EventURL":"","_EventCost":"","_EventCostDescription":"","_EventCurrencySymbol":"","_EventCurrencyCode":"","_EventCurrencyPosition":"","_EventDateTimeSeparator":"","_EventTimeRangeSeparator":"","_EventOrganizerID":[],"_EventVenueID":[],"_OrganizerEmail":"","_OrganizerPhone":"","_OrganizerWebsite":"","_VenueAddress":"","_VenueCity":"","_VenueCountry":"","_VenueProvince":"","_VenueState":"","_VenueZip":"","_VenuePhone":"","_VenueURL":"","_VenueStateProvince":"","_VenueLat":"","_VenueLng":"","_VenueShowMap":false,"_VenueShowMapLink":false,"footnotes":""},"class_list":["post-825","page","type-page","status-publish","hentry"],"_links":{"self":[{"href":"https:\/\/natura-diet.com\/index.php?rest_route=\/wp\/v2\/pages\/825","targetHints":{"allow":["GET"]}}],"collection":[{"href":"https:\/\/natura-diet.com\/index.php?rest_route=\/wp\/v2\/pages"}],"about":[{"href":"https:\/\/natura-diet.com\/index.php?rest_route=\/wp\/v2\/types\/page"}],"author":[{"embeddable":true,"href":"https:\/\/natura-diet.com\/index.php?rest_route=\/wp\/v2\/users\/1"}],"replies":[{"embeddable":true,"href":"https:\/\/natura-diet.com\/index.php?rest_route=%2Fwp%2Fv2%2Fcomments&post=825"}],"version-history":[{"count":13,"href":"https:\/\/natura-diet.com\/index.php?rest_route=\/wp\/v2\/pages\/825\/revisions"}],"predecessor-version":[{"id":3262,"href":"https:\/\/natura-diet.com\/index.php?rest_route=\/wp\/v2\/pages\/825\/revisions\/3262"}],"wp:attachment":[{"href":"https:\/\/natura-diet.com\/index.php?rest_route=%2Fwp%2Fv2%2Fmedia&parent=825"}],"curies":[{"name":"wp","href":"https:\/\/api.w.org\/{rel}","templated":true}]}}