{"id":846,"date":"2024-03-13T15:05:52","date_gmt":"2024-03-13T14:05:52","guid":{"rendered":"https:\/\/bionaturaa.wordpress.com\/?page_id=846"},"modified":"2024-06-06T12:56:10","modified_gmt":"2024-06-06T12:56:10","slug":"formag","status":"publish","type":"page","link":"https:\/\/natura-diet.com\/?page_id=846","title":{"rendered":"FORMAG"},"content":{"rendered":"\n<div style=\"height:100px\" aria-hidden=\"true\" class=\"wp-block-spacer\"><\/div>\n\n\n\n<h3 class=\"wp-block-heading has-text-align-left has-large-font-size\">FORMAG<\/h3>\n\n\n\n<div class=\"wp-block-group alignfull has-global-padding is-content-justification-center is-layout-constrained wp-container-core-group-is-layout-888b3e69 wp-block-group-is-layout-constrained\" style=\"margin-top:0;margin-bottom:0;padding-top:calc( 0.5 * var(u002du002dwpu002du002dstyleu002du002drootu002du002dpadding-right, var(u002du002dwpu002du002dcustomu002du002dgapu002du002dhorizontal)));padding-right:var(u002du002dwpu002du002dstyleu002du002drootu002du002dpadding-right, var(u002du002dwpu002du002dcustomu002du002dgapu002du002dhorizontal));padding-bottom:calc( 0.5 * var(u002du002dwpu002du002dstyleu002du002drootu002du002dpadding-right, var(u002du002dwpu002du002dcustomu002du002dgapu002du002dhorizontal)));padding-left:var(u002du002dwpu002du002dstyleu002du002drootu002du002dpadding-left, var(u002du002dwpu002du002dcustomu002du002dgapu002du002dhorizontal))\">\n<div style=\"height:calc( 0.25 * var(u002du002dwpu002du002dstyleu002du002drootu002du002dpadding-right, var(u002du002dwpu002du002dcustomu002du002dgapu002du002dhorizontal)))\" aria-hidden=\"true\" class=\"wp-block-spacer\"><\/div>\n\n\n\n<div class=\"wp-block-columns alignwide is-layout-flex wp-container-core-columns-is-layout-f1bd724e wp-block-columns-is-layout-flex\" style=\"padding-right:80px;padding-left:80px\">\n<div class=\"wp-block-column is-vertically-aligned-center is-layout-flow wp-block-column-is-layout-flow\">\n<figure class=\"wp-block-image aligncenter size-large is-resized\"><img loading=\"lazy\" decoding=\"async\" width=\"1782\" height=\"2244\" src=\"https:\/\/bionaturaa.wordpress.com\/wp-content\/uploads\/2024\/03\/2584-formag_magn_marin_30cp_75x25x110-05e-d-4.jpg?w=813\" alt=\"\" class=\"wp-image-847\" style=\"width:376px;height:auto\" srcset=\"https:\/\/natura-diet.com\/wp-content\/uploads\/2024\/03\/2584-formag_magn_marin_30cp_75x25x110-05e-d-4.jpg 1782w, https:\/\/natura-diet.com\/wp-content\/uploads\/2024\/03\/2584-formag_magn_marin_30cp_75x25x110-05e-d-4-238x300.jpg 238w, https:\/\/natura-diet.com\/wp-content\/uploads\/2024\/03\/2584-formag_magn_marin_30cp_75x25x110-05e-d-4-813x1024.jpg 813w, https:\/\/natura-diet.com\/wp-content\/uploads\/2024\/03\/2584-formag_magn_marin_30cp_75x25x110-05e-d-4-768x967.jpg 768w, https:\/\/natura-diet.com\/wp-content\/uploads\/2024\/03\/2584-formag_magn_marin_30cp_75x25x110-05e-d-4-1220x1536.jpg 1220w, https:\/\/natura-diet.com\/wp-content\/uploads\/2024\/03\/2584-formag_magn_marin_30cp_75x25x110-05e-d-4-1626x2048.jpg 1626w\" sizes=\"auto, (max-width: 1782px) 100vw, 1782px\" \/><\/figure>\n<\/div>\n\n\n\n<div class=\"wp-block-column is-vertically-aligned-center is-layout-flow wp-block-column-is-layout-flow\">\n<head>\n\n\n    <script src=\"https:\/\/code.jquery.com\/jquery-3.6.0.min.js\"><\/script>\n  \n<\/head>\n<body>\n    <div class=\"container\">\n        <div class=\"accordion_inner\">\n       \n            <div class=\"accordion-section\">\n                <div class=\"each-accordionbox\">\n                    <h3 class=\"each-title\">Posologie<\/h3>\n                    <p class=\"each-text\">Le magn\u00e9sium est un min\u00e9ral incontournable pr\u00e9sent dans presque toutes nos cellules ainsi que dans de nombreux aliments (chocolat, fruits secs, fruits de mer&#8230;).\nConsid\u00e9r\u00e9 comme le min\u00e9ral de l\u2019\u00e9nergie, il est essentiel \u00e0 l\u2019organisme et impliqu\u00e9 dans plus de 300 r\u00e9actions biologiques dont le bon fonctionnement du syst\u00e8me nerveux et la fonction musculaire.<br\/>\nL\u2019apport satisfaisant en magn\u00e9sium s\u2019\u00e9l\u00e8ve \u00e0 350 mg par jour pour un homme et \u00e0 300 mg par jour pour une femme1. Cependant, son apport est largement inf\u00e9rieur \u00e0 ces recommandations et plus de 7 Fran\u00e7ais sur 10 ont un apport insuffisant en magn\u00e9sium2. <br\/>\nD\u00e8s lors, une compl\u00e9mentation peut parfois s&#8217;av\u00e9rer n\u00e9cessaire afin de couvrir les besoins journaliers. <br\/>\nFormag Magn\u00e9sium marin est compos\u00e9 : <br\/>\n&#8211; De magn\u00e9sium, sous forme d\u2019Hypro-ri\u00ae Mag et d\u2019oxyde de magn\u00e9sium marin obtenu \u00e0 partir d&#8217;eau de mer naturellement concentr\u00e9e en sels min\u00e9raux. Le magn\u00e9sium contribue au fonctionnement normal du syst\u00e8me nerveux et \u00e0 r\u00e9duire la fatigue. <br\/>\n-De vitamine B6 qui contribue \u00e0 r\u00e9duire la fatigue. <br\/>\n-De taurine, une mol\u00e9cule naturellement synth\u00e9tis\u00e9e par l\u2019organisme.. <br\/>\n\n\nEn savoir plus sur la nouvelle formule de Formag Magn\u00e9sium Marin\n\nDans une d\u00e9marche d\u2019innovation et d\u2019am\u00e9lioration continue, les \u00e9quipes de Recherche et D\u00e9veloppement PiLeJe mettent en \u0153uvre tout leur savoir-faire pour vous proposer des formules toujours plus qualitatives, s\u00fbres et efficaces. \nApr\u00e8s 2 ans de recherches et plus de 70 essais, Formag Magn\u00e9sium marin se pr\u00e9sente d\u00e9sormais sous une nouvelle formule. La liste d\u2019ingr\u00e9dients a \u00e9t\u00e9 r\u00e9duite et centr\u00e9e sur les actifs essentiels : le magn\u00e9sium Hypro-ri Mag, la vitamine B6 et la taurine. La qualit\u00e9 et la quantit\u00e9 de ces ingr\u00e9dients actifs restent identiques \u00e0 la formule pr\u00e9c\u00e9dente.<br\/>\n\n1-EFSA Journal 2015;13(7):4186<br\/>\n2-\u00c9tude Su.VI.MAX 2002<br\/>\n\u00c0 base de : Hypro ri\u00ae mag, Taurine, Vitamine B6\n\n\n                <\/div>\n\n\n                <div class=\"each-accordionbox\">\n                    <h3 class=\"each-title\">Composition<\/h3>\n                    <p class=\"each-text\">Magn\u00e9sium (Hypro-ri\u00ae Mag (oxyde de magn\u00e9sium marin et hydrolysat de prot\u00e9ines de riz) et oxyde de magn\u00e9sium), pulpe de fruit de baobab (Adansonia digitata L.), taurine, maltodextrine, anti-agglom\u00e9rant : acides gras, agents d&#8217;enrobage : hydroxypropylm\u00e9thylcellulose et acides gras, vitamine B6.\nCompl\u00e9ment alimentaire \u00e0 base d&#8217;Hypro-ri\u00ae Mag, oxyde de magn\u00e9sium, vitamine B6 et taurine.\n\n\n\n\n\n\n<\/p>\n                <\/div>\n                <div class=\"each-accordionbox\">\n                    <h3 class=\"each-title\">Utilisation<\/h3>\n                    <p class=\"each-text\">Conseils d&#8217;utilisation<br\/>\n1 \u00e0 2 comprim\u00e9s par jour \u00e0 avaler avec un verre d&#8217;eau.\nConservation : dans un endroit frais et sec\n\n\n \n\n\n<br\/>Pr\u00e9cautions d&#8217;emploi<br\/>\nR\u00e9serv\u00e9 \u00e0 l&#8217;adulte.\nNe doit pas \u00eatre donn\u00e9 aux insuffisants r\u00e9naux sans avis m\u00e9dical.\nPeut avoir un effet laxatif.\nNe pas d\u00e9passer la dose journali\u00e8re recommand\u00e9e.\nCe compl\u00e9ment alimentaire ne peut se substituer \u00e0 une alimentation vari\u00e9e, \u00e9quilibr\u00e9e et \u00e0 un mode de vie sain.\n\u00c0 tenir hors de port\u00e9e des enfants.\n\u00c0 consommer de pr\u00e9f\u00e9rence avant fin et n\u00b0 de lot mentionn\u00e9s sur la face inf\u00e9rieure de l&#8217;\u00e9tui.\n\n\n\n\n\n\n<\/p>\n                <\/div>\n            <\/div>\n        <\/div>           \n    <\/div> \n\n    <script>\n        $(document).ready(function() {\n            \/\/ Open the first accordion automatically\n            $(\".each-accordionbox:first-child\").addClass(\"active\").children(\".each-text\").slideDown();\n\n            \/\/ Accordion toggle functionality\n            $(\".each-title\").on(\"click\", function() {\n                if ($(this).parent().hasClass(\"active\")) {\n                    $(this).next().slideUp();\n                    $(this).parent().removeClass(\"active\");\n                } else {\n                    $(\".each-text\").slideUp();\n                    $(\".each-accordionbox\").removeClass(\"active\");\n                    $(this).parent().addClass(\"active\");\n                    $(this).next().slideDown();\n                }\n            });\n        });\n    <\/script>\n<\/body>\n\n\n<\/div>\n<\/div>\n<\/div>\n\n\n\n<div style=\"height:100px\" aria-hidden=\"true\" class=\"wp-block-spacer\"><\/div>\n\n\n\n<div class=\"wp-block-columns alignfull is-layout-flex wp-container-core-columns-is-layout-28f84493 wp-block-columns-is-layout-flex\">\n<div class=\"wp-block-column is-vertically-aligned-center is-layout-flow wp-block-column-is-layout-flow\">\n<head>\n    <script src=\"https:\/\/kit.fontawesome.com\/3b161c540c.js\" crossorigin=\"anonymous\"><\/script>\n<\/head>\n<footer class=\"footer\">\n    <div class=\"container row\">\n        <div class=\"footer-col\">\n            <h4>Laboratoire Bionatura Diet<\/h4>\n            <ul>\n                <li><a href=\"https:\/\/natura-diet.com\/?page_id=21\">Qui Somme Nous<\/a><\/li>\n            <\/ul>\n        <\/div>\n        <div class=\"footer-col\">\n            <h4> Nos partenaires<\/h4>\n            <ul>\n                <li><a href=\"https:\/\/natura-diet.com\/?page_id=692\">PileJe<\/a><\/li>\n                <li><a href=\"https:\/\/natura-diet.com\/?page_id=115\">Ineldea<\/a><\/li>\n                <li><a href=\"#\">Fertyfarm<\/a><\/li>\n                <li><a href=\"#\">Polidis<\/a><\/li>\n                <li><a href=\"#\">Eafit<\/a><\/li>\n            <\/ul>\n\n        <\/div>\n        <div class=\"footer-col\">\n\n            <h4>Nos Gammes<\/h4>\n            <ul>\n                <li><a href=\"https:\/\/natura-diet.com\/?page_id=465\">Microbiotes<\/a><\/li>\n                <li><a href=\"https:\/\/natura-diet.com\/?page_id=694\">Micronutrition<\/a><\/li>\n                <li><a href=\"https:\/\/natura-diet.com\/?page_id=517\">Phytotherapie<\/a><\/li>\n                <li><a href=\"https:\/\/natura-diet.com\/?page_id=1202\">Pediakid<\/a><\/li>\n                <li><a href=\"https:\/\/natura-diet.com\/?page_id=726\">Effiderm<\/a><\/li>\n            <\/ul>\n\n        <\/div>\n        <div class=\"footer-col\">\n            <h4>Contactez-nous<\/h4>\n            <div class=\"social-links\">\n                <a href=\"tel:+21626330240\"><i class=\"fa fa-phone\"><\/i><\/a><span class=\"text-icon\">+216 26 330 240<\/span>\n                <br \/>\n                <a href=\"mailto:bionatura2@gmail.com\"><i class=\"fa fa-envelope\" aria-hidden=\"true\"><\/i><\/a><span\n                    class=\"text-icon\">bionatura2@gmail.com<\/span> <br \/>\n                <div class=\"social-media\">\n                    <a href=\"https:\/\/www.facebook.com\/profile.php?id=100054568084108\" target=\"_blank\" rel=\"noopener\"><i\n                            class=\"fa-brands fa-facebook\"><\/i><\/a>\n                    <a href=\"https:\/\/www.instagram.com\/bio.naturadiet?igsh=cXI0aDNvM3I3MXpk\" target=\"_blank\" rel=\"noopener\"><i class=\"fa-brands fa-instagram\"><\/i><\/a>\n                    <!-- <a href=\"#\"><i class=\"fa-brands fa-linkedin-in\"><\/i><\/a> -->\n                <\/div>\n            <\/div>\n        <\/div>\n        <div class=\"footer-col\" style=\"color: white; text-align: center; display: block;margin-left: auto;\n    margin-right: auto;margin-top: 20px;\">&copy; 2024 &#8211; All right\n            reserved <a href=\"https:\/\/zeenovi.com\/\" target=\"_blank\" style=\"color: white;\" rel=\"noopener\">Zeenovi\u2122<\/a>\n        <\/div>\n\n\n    <\/div>\n<\/footer>\n<\/div>\n<\/div>\n","protected":false},"excerpt":{"rendered":"<p>FORMAG Posologie Le magn\u00e9sium est un min\u00e9ral incontournable pr\u00e9sent dans presque toutes nos cellules ainsi que dans de nombreux aliments (chocolat, fruits secs, fruits de mer&#8230;). Consid\u00e9r\u00e9 comme le min\u00e9ral [&hellip;]<\/p>\n","protected":false},"author":1,"featured_media":0,"parent":0,"menu_order":0,"comment_status":"closed","ping_status":"closed","template":"","meta":{"_eb_attr":"","_EventAllDay":false,"_EventTimezone":"","_EventStartDate":"","_EventEndDate":"","_EventStartDateUTC":"","_EventEndDateUTC":"","_EventShowMap":false,"_EventShowMapLink":false,"_EventURL":"","_EventCost":"","_EventCostDescription":"","_EventCurrencySymbol":"","_EventCurrencyCode":"","_EventCurrencyPosition":"","_EventDateTimeSeparator":"","_EventTimeRangeSeparator":"","_EventOrganizerID":[],"_EventVenueID":[],"_OrganizerEmail":"","_OrganizerPhone":"","_OrganizerWebsite":"","_VenueAddress":"","_VenueCity":"","_VenueCountry":"","_VenueProvince":"","_VenueState":"","_VenueZip":"","_VenuePhone":"","_VenueURL":"","_VenueStateProvince":"","_VenueLat":"","_VenueLng":"","_VenueShowMap":false,"_VenueShowMapLink":false,"footnotes":""},"class_list":["post-846","page","type-page","status-publish","hentry"],"_links":{"self":[{"href":"https:\/\/natura-diet.com\/index.php?rest_route=\/wp\/v2\/pages\/846","targetHints":{"allow":["GET"]}}],"collection":[{"href":"https:\/\/natura-diet.com\/index.php?rest_route=\/wp\/v2\/pages"}],"about":[{"href":"https:\/\/natura-diet.com\/index.php?rest_route=\/wp\/v2\/types\/page"}],"author":[{"embeddable":true,"href":"https:\/\/natura-diet.com\/index.php?rest_route=\/wp\/v2\/users\/1"}],"replies":[{"embeddable":true,"href":"https:\/\/natura-diet.com\/index.php?rest_route=%2Fwp%2Fv2%2Fcomments&post=846"}],"version-history":[{"count":15,"href":"https:\/\/natura-diet.com\/index.php?rest_route=\/wp\/v2\/pages\/846\/revisions"}],"predecessor-version":[{"id":3305,"href":"https:\/\/natura-diet.com\/index.php?rest_route=\/wp\/v2\/pages\/846\/revisions\/3305"}],"wp:attachment":[{"href":"https:\/\/natura-diet.com\/index.php?rest_route=%2Fwp%2Fv2%2Fmedia&parent=846"}],"curies":[{"name":"wp","href":"https:\/\/api.w.org\/{rel}","templated":true}]}}