{"id":854,"date":"2024-03-13T15:07:41","date_gmt":"2024-03-13T14:07:41","guid":{"rendered":"https:\/\/bionaturaa.wordpress.com\/?page_id=854"},"modified":"2024-06-06T13:12:57","modified_gmt":"2024-06-06T13:12:57","slug":"dynabiane","status":"publish","type":"page","link":"https:\/\/natura-diet.com\/?page_id=854","title":{"rendered":"DYNABIANE"},"content":{"rendered":"\n<div style=\"height:100px\" aria-hidden=\"true\" class=\"wp-block-spacer\"><\/div>\n\n\n\n<h3 class=\"wp-block-heading has-text-align-left has-large-font-size\"><mark style=\"background-color:rgba(0, 0, 0, 0)\" class=\"has-inline-color has-theme-3-color\">OLIGOBIANE<\/mark><\/h3>\n\n\n\n<div style=\"height:100px\" aria-hidden=\"true\" class=\"wp-block-spacer\"><\/div>\n\n\n\n<div class=\"wp-block-group alignfull has-global-padding is-content-justification-center is-layout-constrained wp-container-core-group-is-layout-888b3e69 wp-block-group-is-layout-constrained\" style=\"margin-top:0;margin-bottom:0;padding-top:calc( 0.5 * var(u002du002dwpu002du002dstyleu002du002drootu002du002dpadding-right, var(u002du002dwpu002du002dcustomu002du002dgapu002du002dhorizontal)));padding-right:var(u002du002dwpu002du002dstyleu002du002drootu002du002dpadding-right, var(u002du002dwpu002du002dcustomu002du002dgapu002du002dhorizontal));padding-bottom:calc( 0.5 * var(u002du002dwpu002du002dstyleu002du002drootu002du002dpadding-right, var(u002du002dwpu002du002dcustomu002du002dgapu002du002dhorizontal)));padding-left:var(u002du002dwpu002du002dstyleu002du002drootu002du002dpadding-left, var(u002du002dwpu002du002dcustomu002du002dgapu002du002dhorizontal))\">\n<div style=\"height:calc( 0.25 * var(u002du002dwpu002du002dstyleu002du002drootu002du002dpadding-right, var(u002du002dwpu002du002dcustomu002du002dgapu002du002dhorizontal)))\" aria-hidden=\"true\" class=\"wp-block-spacer\"><\/div>\n\n\n\n<div class=\"wp-block-columns alignwide is-layout-flex wp-container-core-columns-is-layout-f1bd724e wp-block-columns-is-layout-flex\" style=\"padding-right:80px;padding-left:80px\">\n<div class=\"wp-block-column is-vertically-aligned-center is-layout-flow wp-block-column-is-layout-flow\">\n<figure class=\"wp-block-image aligncenter size-large is-resized\"><img loading=\"lazy\" decoding=\"async\" width=\"1495\" height=\"2244\" src=\"https:\/\/bionaturaa.wordpress.com\/wp-content\/uploads\/2024\/03\/2584-dynabiane-60gel_74x31x131-06-vf-sans-d-2-edited.jpg\" alt=\"\" class=\"wp-image-856\" style=\"width:314px;height:auto\" srcset=\"https:\/\/natura-diet.com\/wp-content\/uploads\/2024\/03\/2584-dynabiane-60gel_74x31x131-06-vf-sans-d-2-edited.jpg 1495w, https:\/\/natura-diet.com\/wp-content\/uploads\/2024\/03\/2584-dynabiane-60gel_74x31x131-06-vf-sans-d-2-edited-200x300.jpg 200w, https:\/\/natura-diet.com\/wp-content\/uploads\/2024\/03\/2584-dynabiane-60gel_74x31x131-06-vf-sans-d-2-edited-682x1024.jpg 682w, https:\/\/natura-diet.com\/wp-content\/uploads\/2024\/03\/2584-dynabiane-60gel_74x31x131-06-vf-sans-d-2-edited-768x1153.jpg 768w, https:\/\/natura-diet.com\/wp-content\/uploads\/2024\/03\/2584-dynabiane-60gel_74x31x131-06-vf-sans-d-2-edited-1023x1536.jpg 1023w, https:\/\/natura-diet.com\/wp-content\/uploads\/2024\/03\/2584-dynabiane-60gel_74x31x131-06-vf-sans-d-2-edited-1364x2048.jpg 1364w\" sizes=\"auto, (max-width: 1495px) 100vw, 1495px\" \/><\/figure>\n<\/div>\n\n\n\n<div class=\"wp-block-column is-vertically-aligned-center is-layout-flow wp-block-column-is-layout-flow\">\n<head>\n\n\n    <script src=\"https:\/\/code.jquery.com\/jquery-3.6.0.min.js\"><\/script>\n  \n<\/head>\n<body>\n    <div class=\"container\">\n        <div class=\"accordion_inner\">\n       \n            <div class=\"accordion-section\">\n                <div class=\"each-accordionbox\">\n                    <h3 class=\"each-title\">Posologie<\/h3>\n                    <p class=\"each-text\">Les fonctions cognitives d\u00e9signent l\u2019ensemble des fonctions c\u00e9r\u00e9brales n\u00e9cessaires \u00e0 la perception, l\u2019int\u00e9gration et le traitement des informations. La m\u00e9moire, la concentration ou encore le raisonnement font partie de ces fonctions cognitives.  <br\/>\nLes nutriments, indispensables pour le fonctionnement g\u00e9n\u00e9ral de l\u2019organisme, jouent \u00e9galement un r\u00f4le primordial sur les fonctions cognitives. <br\/>\nParmi eux, les neurotransmetteurs comme la dopamine assurent la transmission des messages d\u2019un neurone \u00e0 l\u2019autre et agissent ainsi sur plusieurs organes. La dopamine est notamment synth\u00e9tis\u00e9e par certaines cellules nerveuses \u00e0 partir de la tyrosine, un acide amin\u00e9. <br\/>\nLe bon fonctionnement de ces neurom\u00e9diateurs permet notamment d\u2019\u00e9viter une fatigue matinale.  <br\/>\nDynabiane Start permet de d\u00e9marrer activement la journ\u00e9e et de soutenir la vitalit\u00e9, gr\u00e2ce \u00e0 sa composition \u00e0 base de vitamines. Ce compl\u00e9ment alimentaire est formul\u00e9 \u00e0 base : <br\/>\nde tyrosine, ginseng, guarana et cuivre <br\/>\nde vitamines B6, B9 (acide folique), B12 et C qui contribuent \u00e0 r\u00e9duire la fatigue. <br\/>\nManque d\u2019\u00e9nergie, \u00e9puisement, faiblesse, inefficacit\u00e9 intellectuelle\u2026 Que la fatigue soit mentale ou physique, elle impacte la vie quotidienne d\u2019une large partie de la population : presque 1 Fran\u00e7ais sur 2 est concern\u00e9 par la fatigue1.\nFace \u00e0 ce constat, le laboratoire PiLeJe a d\u00e9velopp\u00e9 la gamme Dynabiane, 3 solutions destin\u00e9es \u00e0 r\u00e9pondre \u00e0 toutes les formes de fatigue. <br\/>\nD\u00e9couvrez aussi Dynabiane Focus et Dynabiane Focus Plus.\n1- Source Ipsos \u2013 Pr\u00e8s d\u2019un Fran\u00e7ais sur deux souffre de la fatigue \u2013 mars 2020\n\u00c0 base de : Cuivre, Ginseng, Guarana, Tyrosine, Vitamine B6, Vitamine B9, Vitamine C <br\/>\n\n<\/p>\n\n                <\/div>\n\n\n                <div class=\"each-accordionbox\">\n                    <h3 class=\"each-title\">Composition<\/h3>\n                    <p class=\"each-text\">L-tyrosine, g\u00e9lule d\u2019origine v\u00e9g\u00e9tale, extrait de ginseng1 (Panax ginseng CA Meyer, racine), extrait de guarana2 (Paullinia cupana,graine), anti-agglom\u00e9rants : mono et di-glyc\u00e9rides d\u2019acides gras et sels de magn\u00e9sium d\u2019acides gras, vitamines C, Hypro-ri\u00ae cuivre (sulfate de cuivre et hydrolysat de prot\u00e9ines de riz), vitamine B12, vitamines B6, vitamine B9 (acide folique).\n1 Origine UE\n2 Origine non-UE\nCompl\u00e9ment alimentaire \u00e0 base de tyrosine, ginseng, guarana, vitamines B6, B9 (acide folique), B12, C et cuivre\n\n\n\n\n<\/p>\n                <\/div>\n                <div class=\"each-accordionbox\">\n                    <h3 class=\"each-title\">Utilisation<\/h3>\n                    <p class=\"each-text\">Conseils d&#8217;utilisation<br\/>\n2 g\u00e9lules par jour \u00e0 avaler avec un grand verre d\u2019eau.\n\u00c0 prendre de pr\u00e9f\u00e9rence le matin, en dehors des repas.\nConservation : \u00e0 conserver dans un endroit frais et sec.\n<br\/>Pr\u00e9cautions d&#8217;emploi<br\/>\nContient de la caf\u00e9ine (10 mg\/2 g\u00e9lules).\nCe compl\u00e9ment alimentaire est d\u00e9conseill\u00e9 chez les femmes enceintes et allaitantes, les enfants et les personnes sous traitement antidiab\u00e9tique.\nNe pas d\u00e9passer la dose journali\u00e8re recommand\u00e9e.\nCe compl\u00e9ment alimentaire ne peut se substituer \u00e0 une alimentation vari\u00e9e, \u00e9quilibr\u00e9e et \u00e0 un mode de vie sain.\n\u00c0 tenir hors de port\u00e9e des enfants.\n\n\n\n\n\n\n\n\n<\/p>\n                <\/div>\n            <\/div>\n        <\/div>           \n    <\/div> \n\n    <script>\n        $(document).ready(function() {\n            \/\/ Open the first accordion automatically\n            $(\".each-accordionbox:first-child\").addClass(\"active\").children(\".each-text\").slideDown();\n\n            \/\/ Accordion toggle functionality\n            $(\".each-title\").on(\"click\", function() {\n                if ($(this).parent().hasClass(\"active\")) {\n                    $(this).next().slideUp();\n                    $(this).parent().removeClass(\"active\");\n                } else {\n                    $(\".each-text\").slideUp();\n                    $(\".each-accordionbox\").removeClass(\"active\");\n                    $(this).parent().addClass(\"active\");\n                    $(this).next().slideDown();\n                }\n            });\n        });\n    <\/script>\n<\/body>\n\n\n\n<p><\/p>\n\n\n\n<div style=\"height:var(--wp--preset--spacing--10)\" aria-hidden=\"true\" class=\"wp-block-spacer\"><\/div>\n<\/div>\n<\/div>\n<\/div>\n\n\n\n<div style=\"height:100px\" aria-hidden=\"true\" class=\"wp-block-spacer\"><\/div>\n\n\n\n<div style=\"height:100px\" aria-hidden=\"true\" class=\"wp-block-spacer\"><\/div>\n\n\n\n<div class=\"wp-block-columns alignfull is-layout-flex wp-container-core-columns-is-layout-28f84493 wp-block-columns-is-layout-flex\">\n<div class=\"wp-block-column is-vertically-aligned-center is-layout-flow wp-block-column-is-layout-flow\">\n<head>\n    <script src=\"https:\/\/kit.fontawesome.com\/3b161c540c.js\" crossorigin=\"anonymous\"><\/script>\n<\/head>\n<footer class=\"footer\">\n    <div class=\"container row\">\n        <div class=\"footer-col\">\n            <h4>Laboratoire Bionatura Diet<\/h4>\n            <ul>\n                <li><a href=\"https:\/\/natura-diet.com\/?page_id=21\">Qui Somme Nous<\/a><\/li>\n            <\/ul>\n        <\/div>\n        <div class=\"footer-col\">\n            <h4> Nos partenaires<\/h4>\n            <ul>\n                <li><a href=\"https:\/\/natura-diet.com\/?page_id=692\">PileJe<\/a><\/li>\n                <li><a href=\"https:\/\/natura-diet.com\/?page_id=115\">Ineldea<\/a><\/li>\n                <li><a href=\"#\">Fertyfarm<\/a><\/li>\n                <li><a href=\"#\">Polidis<\/a><\/li>\n                <li><a href=\"#\">Eafit<\/a><\/li>\n            <\/ul>\n\n        <\/div>\n        <div class=\"footer-col\">\n\n            <h4>Nos Gammes<\/h4>\n            <ul>\n                <li><a href=\"https:\/\/natura-diet.com\/?page_id=465\">Microbiotes<\/a><\/li>\n                <li><a href=\"https:\/\/natura-diet.com\/?page_id=694\">Micronutrition<\/a><\/li>\n                <li><a href=\"https:\/\/natura-diet.com\/?page_id=517\">Phytotherapie<\/a><\/li>\n                <li><a href=\"https:\/\/natura-diet.com\/?page_id=1202\">Pediakid<\/a><\/li>\n                <li><a href=\"https:\/\/natura-diet.com\/?page_id=726\">Effiderm<\/a><\/li>\n            <\/ul>\n\n        <\/div>\n        <div class=\"footer-col\">\n            <h4>Contactez-nous<\/h4>\n            <div class=\"social-links\">\n                <a href=\"tel:+21626330240\"><i class=\"fa fa-phone\"><\/i><\/a><span class=\"text-icon\">+216 26 330 240<\/span>\n                <br \/>\n                <a href=\"mailto:bionatura2@gmail.com\"><i class=\"fa fa-envelope\" aria-hidden=\"true\"><\/i><\/a><span\n                    class=\"text-icon\">bionatura2@gmail.com<\/span> <br \/>\n                <div class=\"social-media\">\n                    <a href=\"https:\/\/www.facebook.com\/profile.php?id=100054568084108\" target=\"_blank\" rel=\"noopener\"><i\n                            class=\"fa-brands fa-facebook\"><\/i><\/a>\n                    <a href=\"https:\/\/www.instagram.com\/bio.naturadiet?igsh=cXI0aDNvM3I3MXpk\" target=\"_blank\" rel=\"noopener\"><i class=\"fa-brands fa-instagram\"><\/i><\/a>\n                    <!-- <a href=\"#\"><i class=\"fa-brands fa-linkedin-in\"><\/i><\/a> -->\n                <\/div>\n            <\/div>\n        <\/div>\n        <div class=\"footer-col\" style=\"color: white; text-align: center; display: block;margin-left: auto;\n    margin-right: auto;margin-top: 20px;\">&copy; 2024 &#8211; All right\n            reserved <a href=\"https:\/\/zeenovi.com\/\" target=\"_blank\" style=\"color: white;\" rel=\"noopener\">Zeenovi\u2122<\/a>\n        <\/div>\n\n\n    <\/div>\n<\/footer>\n<\/div>\n<\/div>\n","protected":false},"excerpt":{"rendered":"<p>OLIGOBIANE Posologie Les fonctions cognitives d\u00e9signent l\u2019ensemble des fonctions c\u00e9r\u00e9brales n\u00e9cessaires \u00e0 la perception, l\u2019int\u00e9gration et le traitement des informations. La m\u00e9moire, la concentration ou encore le raisonnement font partie [&hellip;]<\/p>\n","protected":false},"author":1,"featured_media":0,"parent":0,"menu_order":0,"comment_status":"closed","ping_status":"closed","template":"","meta":{"_eb_attr":"","_EventAllDay":false,"_EventTimezone":"","_EventStartDate":"","_EventEndDate":"","_EventStartDateUTC":"","_EventEndDateUTC":"","_EventShowMap":false,"_EventShowMapLink":false,"_EventURL":"","_EventCost":"","_EventCostDescription":"","_EventCurrencySymbol":"","_EventCurrencyCode":"","_EventCurrencyPosition":"","_EventDateTimeSeparator":"","_EventTimeRangeSeparator":"","_EventOrganizerID":[],"_EventVenueID":[],"_OrganizerEmail":"","_OrganizerPhone":"","_OrganizerWebsite":"","_VenueAddress":"","_VenueCity":"","_VenueCountry":"","_VenueProvince":"","_VenueState":"","_VenueZip":"","_VenuePhone":"","_VenueURL":"","_VenueStateProvince":"","_VenueLat":"","_VenueLng":"","_VenueShowMap":false,"_VenueShowMapLink":false,"footnotes":""},"class_list":["post-854","page","type-page","status-publish","hentry"],"_links":{"self":[{"href":"https:\/\/natura-diet.com\/index.php?rest_route=\/wp\/v2\/pages\/854","targetHints":{"allow":["GET"]}}],"collection":[{"href":"https:\/\/natura-diet.com\/index.php?rest_route=\/wp\/v2\/pages"}],"about":[{"href":"https:\/\/natura-diet.com\/index.php?rest_route=\/wp\/v2\/types\/page"}],"author":[{"embeddable":true,"href":"https:\/\/natura-diet.com\/index.php?rest_route=\/wp\/v2\/users\/1"}],"replies":[{"embeddable":true,"href":"https:\/\/natura-diet.com\/index.php?rest_route=%2Fwp%2Fv2%2Fcomments&post=854"}],"version-history":[{"count":7,"href":"https:\/\/natura-diet.com\/index.php?rest_route=\/wp\/v2\/pages\/854\/revisions"}],"predecessor-version":[{"id":3312,"href":"https:\/\/natura-diet.com\/index.php?rest_route=\/wp\/v2\/pages\/854\/revisions\/3312"}],"wp:attachment":[{"href":"https:\/\/natura-diet.com\/index.php?rest_route=%2Fwp%2Fv2%2Fmedia&parent=854"}],"curies":[{"name":"wp","href":"https:\/\/api.w.org\/{rel}","templated":true}]}}