{"id":861,"date":"2024-03-13T15:09:34","date_gmt":"2024-03-13T14:09:34","guid":{"rendered":"https:\/\/bionaturaa.wordpress.com\/?page_id=861"},"modified":"2024-06-06T13:31:35","modified_gmt":"2024-06-06T13:31:35","slug":"phytostandard-rhodiole-safran","status":"publish","type":"page","link":"https:\/\/natura-diet.com\/?page_id=861","title":{"rendered":"PHYTOSTANDARD RHODIOLE \/SAFRAN"},"content":{"rendered":"\n<div style=\"height:100px\" aria-hidden=\"true\" class=\"wp-block-spacer\"><\/div>\n\n\n\n<h3 class=\"wp-block-heading has-text-align-left has-large-font-size\"><mark style=\"background-color:rgba(0, 0, 0, 0)\" class=\"has-inline-color has-theme-3-color\">PHYTOSTANDARD RHODIOLE \/SAFRAN<\/mark><\/h3>\n\n\n\n<div style=\"height:100px\" aria-hidden=\"true\" class=\"wp-block-spacer\"><\/div>\n\n\n\n<div class=\"wp-block-group alignfull has-global-padding is-content-justification-center is-layout-constrained wp-container-core-group-is-layout-888b3e69 wp-block-group-is-layout-constrained\" style=\"margin-top:0;margin-bottom:0;padding-top:calc( 0.5 * var(u002du002dwpu002du002dstyleu002du002drootu002du002dpadding-right, var(u002du002dwpu002du002dcustomu002du002dgapu002du002dhorizontal)));padding-right:var(u002du002dwpu002du002dstyleu002du002drootu002du002dpadding-right, var(u002du002dwpu002du002dcustomu002du002dgapu002du002dhorizontal));padding-bottom:calc( 0.5 * var(u002du002dwpu002du002dstyleu002du002drootu002du002dpadding-right, var(u002du002dwpu002du002dcustomu002du002dgapu002du002dhorizontal)));padding-left:var(u002du002dwpu002du002dstyleu002du002drootu002du002dpadding-left, var(u002du002dwpu002du002dcustomu002du002dgapu002du002dhorizontal))\">\n<div style=\"height:calc( 0.25 * var(u002du002dwpu002du002dstyleu002du002drootu002du002dpadding-right, var(u002du002dwpu002du002dcustomu002du002dgapu002du002dhorizontal)))\" aria-hidden=\"true\" class=\"wp-block-spacer\"><\/div>\n\n\n\n<div class=\"wp-block-columns alignwide is-layout-flex wp-container-core-columns-is-layout-f1bd724e wp-block-columns-is-layout-flex\" style=\"padding-right:80px;padding-left:80px\">\n<div class=\"wp-block-column is-vertically-aligned-center is-layout-flow wp-block-column-is-layout-flow\">\n<figure class=\"wp-block-image aligncenter size-large is-resized\"><img decoding=\"async\" src=\"https:\/\/bionaturaa.wordpress.com\/wp-content\/uploads\/2024\/03\/rhodiole-safran-30cp-rv7v1-vect-2.jpg?w=1024\" alt=\"\" class=\"wp-image-862\" style=\"width:536px;height:auto\"\/><\/figure>\n<\/div>\n\n\n\n<div class=\"wp-block-column is-vertically-aligned-center is-layout-flow wp-block-column-is-layout-flow\">\n<head>\n\n\n    <script src=\"https:\/\/code.jquery.com\/jquery-3.6.0.min.js\"><\/script>\n  \n<\/head>\n<body>\n    <div class=\"container\">\n        <div class=\"accordion_inner\">\n       \n            <div class=\"accordion-section\">\n                <div class=\"each-accordionbox\">\n                    <h3 class=\"each-title\">Posologie<\/h3>\n                    <p class=\"each-text\">De nombreuses situations de vie peuvent entrainer du stress \u00e9motionnel et fragiliser l\u2019\u00e9tat d\u2019esprit. Certaines plantes peuvent alors favoriser naturellement l\u2019adaptation \u00e0 ces surcharges \u00e9motionnelles.<br\/>\nLe compl\u00e9ment alimentaire Phytostandard\u00ae de rhodiole et safran a \u00e9t\u00e9 d\u00e9velopp\u00e9 pour les personnes souhaitant am\u00e9liorer leur \u00e9tat d\u2019esprit gr\u00e2ce \u00e0 la phytonutrition. En effet, la rhodiole aide l\u2019organisme \u00e0 s\u2019adapter au stress \u00e9motionnel et aide \u00e0 am\u00e9liorer l\u2019humeur. Nous avons ainsi s\u00e9lectionn\u00e9 les parties de la plante les plus riches en compos\u00e9s pour \u00e9laborer ce duo : les racines de rhodiole (Rhodiola rosea L.) et les stigmates de safran (Crocus sativus L.)<br\/>\nComment sont s\u00e9lectionn\u00e9s les extraits de rhodiole et le safran de ce Phytostandard\u00ae ?<br\/>\nLa rhodiole est une plante vivace, \u00e9galement appel\u00e9e \u00ab orpin rose \u00bb pour l\u2019odeur subtile de rose que d\u00e9gagent ses racines fra\u00eechement coup\u00e9es. Elle pousse jusqu\u2019\u00e0 4000 m d\u2019altitude et fleurit g\u00e9n\u00e9ralement au printemps ou en \u00e9t\u00e9. Elle est utilis\u00e9e dans diverses pr\u00e9parations en Chine, depuis des mill\u00e9naires. Nous r\u00e9coltons ses racines au bout de 4 ans minimum afin qu\u2019elles soient suffisamment charg\u00e9es en compos\u00e9s.<br\/>\nDepuis des milliers d\u2019ann\u00e9es, le safran est utilis\u00e9 comme assaisonnement, parfum, teinture\u2026. Appel\u00e9 \u00ab or rouge \u00bb, le safran est connu pour \u00eatre l\u2019\u00e9pice la plus ch\u00e8re au monde. La cueillette manuelle des stigmates (partie du pistil recevant le pollen) se fait sur une courte p\u00e9riode et il ne faut pas moins de 75 000 fleurs (soit un terrain de football de plantations) pour faire un demi kg de safran ! Afin d\u2019obtenir l\u2019extrait de safran le plus riche en compos\u00e9s, nous s\u00e9lectionnons le safran de la vari\u00e9t\u00e9 Sargol \u2013 cat\u00e9gorie 1, cultiv\u00e9 dans la province de Khorasan dans le Nord de l\u2019Iran.<br\/>\n\u00c0 base de : Safran, Rhodiole\n\n\n\n<\/p>\n\n                <\/div>\n\n\n                <div class=\"each-accordionbox\">\n                    <h3 class=\"each-title\">Composition<\/h3>\n                    <p class=\"each-text\">Agent de charge : cellulose microcristalline, extrait Phytostandard\u00ae rhodiole (Rhodiola rosea L. racines) (support : fibre d\u2019acacia), stabilisant : carboxym\u00e9thylcellulose sodique, extrait de safran (Crocus Sativus L. stigmates) (support : maltodextrine), anti-agglom\u00e9rant : sels de magn\u00e9sium d\u2019acides gras.<br\/>\nCompl\u00e9ment alimentaire \u00e0 base d\u2019extraits de Rhodiole (Rhodiola rosea L.) et Safran (Crocus Sativus L.<br\/>\n\n\n\n\n\n\n<\/p>\n                <\/div>\n                <div class=\"each-accordionbox\">\n                    <h3 class=\"each-title\">Utilisation<\/h3>\n                    <p class=\"each-text\">Conseils d&#8217;utilisation<br\/>\n2 comprim\u00e9s par jour, \u00e0 avaler, \u00e0 prendre de pr\u00e9f\u00e9rence le matin avec un grand verre d\u2019eau.<br\/>\nConservation : dans un endroit frais et sec.\n\n\n\n\n<br\/>Pr\u00e9cautions d&#8217;emploi<br\/>\nD\u00e9conseill\u00e9 chez les personnes sous antid\u00e9presseur.<br\/>\nCe compl\u00e9ment alimentaire est contre-indiqu\u00e9 chez les femmes enceintes et allaitantes, les personnes bipolaires et les enfants.<br\/>\nNe pas d\u00e9passer la dose journali\u00e8re recommand\u00e9e.<br\/>\nUne consommation excessive peut avoir des effets laxatifs.<br\/>\nCe compl\u00e9ment alimentaire ne peut se substituer \u00e0 une alimentation vari\u00e9e, \u00e9quilibr\u00e9e et \u00e0 un mode de vie sain.<br\/>\n\u00c0 tenir hors de port\u00e9e des enfants.<br\/>\n\u00c0 consommer de pr\u00e9f\u00e9rence avant fin et n\u00b0 de lot mentionn\u00e9s sur la face inf\u00e9rieure de l\u2019\u00e9tui.<br\/>\n\n\n\n\n\n\n\n\n\n\n\n\n\n\n<\/p>\n                <\/div>\n            <\/div>\n        <\/div>           \n    <\/div> \n\n    <script>\n        $(document).ready(function() {\n            \/\/ Open the first accordion automatically\n            $(\".each-accordionbox:first-child\").addClass(\"active\").children(\".each-text\").slideDown();\n\n            \/\/ Accordion toggle functionality\n            $(\".each-title\").on(\"click\", function() {\n                if ($(this).parent().hasClass(\"active\")) {\n                    $(this).next().slideUp();\n                    $(this).parent().removeClass(\"active\");\n                } else {\n                    $(\".each-text\").slideUp();\n                    $(\".each-accordionbox\").removeClass(\"active\");\n                    $(this).parent().addClass(\"active\");\n                    $(this).next().slideDown();\n                }\n            });\n        });\n    <\/script>\n<\/body>\n\n\n\n<p><\/p>\n<\/div>\n<\/div>\n<\/div>\n\n\n\n<div style=\"height:100px\" aria-hidden=\"true\" class=\"wp-block-spacer\"><\/div>\n\n\n\n<div class=\"wp-block-columns alignfull is-layout-flex wp-container-core-columns-is-layout-28f84493 wp-block-columns-is-layout-flex\">\n<div class=\"wp-block-column is-vertically-aligned-center is-layout-flow wp-block-column-is-layout-flow\">\n<head>\n    <script src=\"https:\/\/kit.fontawesome.com\/3b161c540c.js\" crossorigin=\"anonymous\"><\/script>\n<\/head>\n<footer class=\"footer\">\n    <div class=\"container row\">\n        <div class=\"footer-col\">\n            <h4>Laboratoire Bionatura Diet<\/h4>\n            <ul>\n                <li><a href=\"https:\/\/natura-diet.com\/?page_id=21\">Qui Somme Nous<\/a><\/li>\n            <\/ul>\n        <\/div>\n        <div class=\"footer-col\">\n            <h4> Nos partenaires<\/h4>\n            <ul>\n                <li><a href=\"https:\/\/natura-diet.com\/?page_id=692\">PileJe<\/a><\/li>\n                <li><a href=\"https:\/\/natura-diet.com\/?page_id=115\">Ineldea<\/a><\/li>\n                <li><a href=\"#\">Fertyfarm<\/a><\/li>\n                <li><a href=\"#\">Polidis<\/a><\/li>\n                <li><a href=\"#\">Eafit<\/a><\/li>\n            <\/ul>\n\n        <\/div>\n        <div class=\"footer-col\">\n\n            <h4>Nos Gammes<\/h4>\n            <ul>\n                <li><a href=\"https:\/\/natura-diet.com\/?page_id=465\">Microbiotes<\/a><\/li>\n                <li><a href=\"https:\/\/natura-diet.com\/?page_id=694\">Micronutrition<\/a><\/li>\n                <li><a href=\"https:\/\/natura-diet.com\/?page_id=517\">Phytotherapie<\/a><\/li>\n                <li><a href=\"https:\/\/natura-diet.com\/?page_id=1202\">Pediakid<\/a><\/li>\n                <li><a href=\"https:\/\/natura-diet.com\/?page_id=726\">Effiderm<\/a><\/li>\n            <\/ul>\n\n        <\/div>\n        <div class=\"footer-col\">\n            <h4>Contactez-nous<\/h4>\n            <div class=\"social-links\">\n                <a href=\"tel:+21626330240\"><i class=\"fa fa-phone\"><\/i><\/a><span class=\"text-icon\">+216 26 330 240<\/span>\n                <br \/>\n                <a href=\"mailto:bionatura2@gmail.com\"><i class=\"fa fa-envelope\" aria-hidden=\"true\"><\/i><\/a><span\n                    class=\"text-icon\">bionatura2@gmail.com<\/span> <br \/>\n                <div class=\"social-media\">\n                    <a href=\"https:\/\/www.facebook.com\/profile.php?id=100054568084108\" target=\"_blank\" rel=\"noopener\"><i\n                            class=\"fa-brands fa-facebook\"><\/i><\/a>\n                    <a href=\"https:\/\/www.instagram.com\/bio.naturadiet?igsh=cXI0aDNvM3I3MXpk\" target=\"_blank\" rel=\"noopener\"><i class=\"fa-brands fa-instagram\"><\/i><\/a>\n                    <!-- <a href=\"#\"><i class=\"fa-brands fa-linkedin-in\"><\/i><\/a> -->\n                <\/div>\n            <\/div>\n        <\/div>\n        <div class=\"footer-col\" style=\"color: white; text-align: center; display: block;margin-left: auto;\n    margin-right: auto;margin-top: 20px;\">&copy; 2024 &#8211; All right\n            reserved <a href=\"https:\/\/zeenovi.com\/\" target=\"_blank\" style=\"color: white;\" rel=\"noopener\">Zeenovi\u2122<\/a>\n        <\/div>\n\n\n    <\/div>\n<\/footer>\n<\/div>\n<\/div>\n","protected":false},"excerpt":{"rendered":"<p>PHYTOSTANDARD RHODIOLE \/SAFRAN Posologie De nombreuses situations de vie peuvent entrainer du stress \u00e9motionnel et fragiliser l\u2019\u00e9tat d\u2019esprit. Certaines plantes peuvent alors favoriser naturellement l\u2019adaptation \u00e0 ces surcharges \u00e9motionnelles. Le [&hellip;]<\/p>\n","protected":false},"author":1,"featured_media":0,"parent":0,"menu_order":0,"comment_status":"closed","ping_status":"closed","template":"","meta":{"_eb_attr":"","_EventAllDay":false,"_EventTimezone":"","_EventStartDate":"","_EventEndDate":"","_EventStartDateUTC":"","_EventEndDateUTC":"","_EventShowMap":false,"_EventShowMapLink":false,"_EventURL":"","_EventCost":"","_EventCostDescription":"","_EventCurrencySymbol":"","_EventCurrencyCode":"","_EventCurrencyPosition":"","_EventDateTimeSeparator":"","_EventTimeRangeSeparator":"","_EventOrganizerID":[],"_EventVenueID":[],"_OrganizerEmail":"","_OrganizerPhone":"","_OrganizerWebsite":"","_VenueAddress":"","_VenueCity":"","_VenueCountry":"","_VenueProvince":"","_VenueState":"","_VenueZip":"","_VenuePhone":"","_VenueURL":"","_VenueStateProvince":"","_VenueLat":"","_VenueLng":"","_VenueShowMap":false,"_VenueShowMapLink":false,"footnotes":""},"class_list":["post-861","page","type-page","status-publish","hentry"],"_links":{"self":[{"href":"https:\/\/natura-diet.com\/index.php?rest_route=\/wp\/v2\/pages\/861","targetHints":{"allow":["GET"]}}],"collection":[{"href":"https:\/\/natura-diet.com\/index.php?rest_route=\/wp\/v2\/pages"}],"about":[{"href":"https:\/\/natura-diet.com\/index.php?rest_route=\/wp\/v2\/types\/page"}],"author":[{"embeddable":true,"href":"https:\/\/natura-diet.com\/index.php?rest_route=\/wp\/v2\/users\/1"}],"replies":[{"embeddable":true,"href":"https:\/\/natura-diet.com\/index.php?rest_route=%2Fwp%2Fv2%2Fcomments&post=861"}],"version-history":[{"count":9,"href":"https:\/\/natura-diet.com\/index.php?rest_route=\/wp\/v2\/pages\/861\/revisions"}],"predecessor-version":[{"id":3323,"href":"https:\/\/natura-diet.com\/index.php?rest_route=\/wp\/v2\/pages\/861\/revisions\/3323"}],"wp:attachment":[{"href":"https:\/\/natura-diet.com\/index.php?rest_route=%2Fwp%2Fv2%2Fmedia&parent=861"}],"curies":[{"name":"wp","href":"https:\/\/api.w.org\/{rel}","templated":true}]}}