{"id":864,"date":"2024-03-13T15:10:25","date_gmt":"2024-03-13T14:10:25","guid":{"rendered":"https:\/\/bionaturaa.wordpress.com\/?page_id=864"},"modified":"2024-06-06T13:36:55","modified_gmt":"2024-06-06T13:36:55","slug":"phytostandard-escholtzia-valeriane","status":"publish","type":"page","link":"https:\/\/natura-diet.com\/?page_id=864","title":{"rendered":"PHYTOSTANDARD ESCHOLTZIA\/VALERIANE"},"content":{"rendered":"\n<div style=\"height:100px\" aria-hidden=\"true\" class=\"wp-block-spacer\"><\/div>\n\n\n\n<h3 class=\"wp-block-heading has-text-align-left has-large-font-size\"><mark style=\"background-color:rgba(0, 0, 0, 0)\" class=\"has-inline-color has-theme-3-color\">PHYTOSTANDARD ESCHOLTZIA\/VALERIANE<\/mark><\/h3>\n\n\n\n<div style=\"height:100px\" aria-hidden=\"true\" class=\"wp-block-spacer\"><\/div>\n\n\n\n<div class=\"wp-block-group alignfull has-global-padding is-content-justification-center is-layout-constrained wp-container-core-group-is-layout-888b3e69 wp-block-group-is-layout-constrained\" style=\"margin-top:0;margin-bottom:0;padding-top:calc( 0.5 * var(u002du002dwpu002du002dstyleu002du002drootu002du002dpadding-right, var(u002du002dwpu002du002dcustomu002du002dgapu002du002dhorizontal)));padding-right:var(u002du002dwpu002du002dstyleu002du002drootu002du002dpadding-right, var(u002du002dwpu002du002dcustomu002du002dgapu002du002dhorizontal));padding-bottom:calc( 0.5 * var(u002du002dwpu002du002dstyleu002du002drootu002du002dpadding-right, var(u002du002dwpu002du002dcustomu002du002dgapu002du002dhorizontal)));padding-left:var(u002du002dwpu002du002dstyleu002du002drootu002du002dpadding-left, var(u002du002dwpu002du002dcustomu002du002dgapu002du002dhorizontal))\">\n<div style=\"height:calc( 0.25 * var(u002du002dwpu002du002dstyleu002du002drootu002du002dpadding-right, var(u002du002dwpu002du002dcustomu002du002dgapu002du002dhorizontal)))\" aria-hidden=\"true\" class=\"wp-block-spacer\"><\/div>\n\n\n\n<div class=\"wp-block-columns alignwide are-vertically-aligned-center is-layout-flex wp-container-core-columns-is-layout-f1bd724e wp-block-columns-is-layout-flex\" style=\"padding-right:80px;padding-left:80px\">\n<div class=\"wp-block-column is-vertically-aligned-center is-layout-flow wp-block-column-is-layout-flow\">\n<figure class=\"wp-block-image aligncenter size-large is-resized\"><img decoding=\"async\" src=\"https:\/\/bionaturaa.wordpress.com\/wp-content\/uploads\/2024\/03\/eschscholtzia-valeriane-30cp-rv4v2-vect-1.jpg?w=1024\" alt=\"\" class=\"wp-image-865\" style=\"width:536px;height:auto\"\/><\/figure>\n<\/div>\n\n\n\n<div class=\"wp-block-column is-vertically-aligned-center is-layout-flow wp-block-column-is-layout-flow\">\n<head>\n\n\n    <script src=\"https:\/\/code.jquery.com\/jquery-3.6.0.min.js\"><\/script>\n  \n<\/head>\n<body>\n    <div class=\"container\">\n        <div class=\"accordion_inner\">\n       \n            <div class=\"accordion-section\">\n                <div class=\"each-accordionbox\">\n                    <h3 class=\"each-title\">Posologie<\/h3>\n                    <p class=\"each-text\">Le besoin de sommeil et la qualit\u00e9 de ce dernier varient de mani\u00e8re importante d\u2019une personne \u00e0 l\u2019autre. De nombreux facteurs tels que l\u2019alimentation ou le rythme de vie influent le repos. Certaines plantes peuvent alors favoriser naturellement un sommeil de qualit\u00e9.<br\/>\nL\u2019eschscholtzia contribue en effet \u00e0 favoriser un sommeil de qualit\u00e9 et contribue \u00e0 une relaxation optimale. Nous avons ainsi s\u00e9lectionn\u00e9 les parties de la plante les plus riches en compos\u00e9s pour \u00e9laborer ce compl\u00e9ment alimentaire Phytostandard\u00ae duo d\u2019eschscholtzia et de val\u00e9riane : les parties a\u00e9riennes fleuries de l\u2019eschscholtzia (Eschscholtzia californica Cham.) et les racines de val\u00e9riane (Valeriana officinalis L.).<br\/>\nComment sont s\u00e9lectionn\u00e9s les extraits d\u2019eschscholtzia et de val\u00e9riane du Phytostandard\u00ae duo ?<br\/>\nAppel\u00e9e couramment pavot de Californie, l\u2019eschscholtzia est une plante annuelle vivace : elle vit plus de deux ann\u00e9es. Sem\u00e9e en mai, elle peut \u00eatre r\u00e9colt\u00e9e deux fois dans l\u2019ann\u00e9e (juillet et octobre). Elle est surtout cultiv\u00e9e aux Etats-Unis et en Europe. Nous la r\u00e9coltons en Ard\u00e8che, en juillet, mois au cours duquel ses fleurs sont plus denses. Ce sont, en effet, les parties a\u00e9riennes fleuries que nous utilisons dans notre extrait Phytostandard\u00ae. Ces parties a\u00e9riennes fleuries, d\u00e9licates, sont congel\u00e9es rapidement sur place avant extraction dans notre usine.<br\/>\nLa val\u00e9riane, \u00e9galement appel\u00e9e \u00ab herbe aux chats \u00bb par son odeur caract\u00e9ristique attirant les chats, est une plante vivace dont la r\u00e9colte a lieu en septembre et octobre. Originaire d\u2019Europe et d\u2019Asie, acclimat\u00e9e dans le Nord-Est de l\u2019Am\u00e9rique, la val\u00e9riane cro\u00eet pr\u00e9f\u00e9rentiellement sur des sols argilo-siliceux. Nous s\u00e9lectionnons les val\u00e9rianes de 1 \u00e0 2 ans de pousse et issues d\u2019une vari\u00e9t\u00e9 sp\u00e9cifiquement riche en compos\u00e9s. Les racines sont r\u00e9colt\u00e9es m\u00e9caniquement puis nettoy\u00e9es et congel\u00e9es rapidement sur place. La fabrication de l\u2019extrait est ensuite assur\u00e9e sur notre site en Ari\u00e8ge.<br\/>\n\u00c0 base de : Eschscholtzia, Val\u00e9riane<br\/>\n\n\n\n\n\n\n<\/p>\n\n                <\/div>\n\n\n                <div class=\"each-accordionbox\">\n                    <h3 class=\"each-title\">Composition<\/h3>\n                    <p class=\"each-text\">Extraits Phytostandard\u00ae eschscholtzia (Eschscholtzia californica Cham., parties a\u00e9riennes fleuries) et val\u00e9riane (Valeriana officinalis L., racines) (support : fibre d\u2019acacia), agent de charge :<br\/> cellulose microcristalline, stabilisants : amidon de ma\u00efs et carboxym\u00e9thylcellulose sodique r\u00e9ticul\u00e9e, anti-agglom\u00e9rants : sels de magn\u00e9sium d\u2019acides gras. <br\/>\nCompl\u00e9ment alimentaire \u00e0 base d\u2019extraits d\u2019Eschscholtzia (Eschscholtzia californica Cham.) et de Val\u00e9riane (Valeriana officinalis L.,)<br\/>\n\n\n\n\n<\/p>\n                <\/div>\n                <div class=\"each-accordionbox\">\n                    <h3 class=\"each-title\">Utilisation<\/h3>\n                    <p class=\"each-text\">Conseils d&#8217;utilisation<br\/>\n2 \u00e0 4 comprim\u00e9s par jour, \u00e0 avaler, \u00e0 prendre au moment du coucher avec un grand verre d\u2019eau.<br\/>\nConservation : dans un endroit frais et sec.\n\n\n\n\n\n\n<br\/>Pr\u00e9cautions d&#8217;emploi<br\/>\nD\u00e9conseill\u00e9 aux femmes enceintes et allaitantes et aux enfants de moins de 12 ans.<br\/>\nNe pas d\u00e9passer la dose journali\u00e8re recommand\u00e9e.<br\/>\nUne consommation excessive peut avoir des effets laxatifs.<br\/>\nCe compl\u00e9ment alimentaire ne peut se substituer \u00e0 une alimentation vari\u00e9e, <br\/>\u00e9quilibr\u00e9e et \u00e0 un mode de vie sain.<br\/>\n\u00c0 tenir hors de port\u00e9e des enfants.<br\/>\n\u00c0 consommer de pr\u00e9f\u00e9rence avant fin et n\u00b0 de lot mentionn\u00e9s sur la face inf\u00e9rieure de l\u2019\u00e9tui.<br\/>\n\n\n\n\n\n\n\n\n\n\n\n\n\n\n\n\n<\/p>\n                <\/div>\n            <\/div>\n        <\/div>           \n    <\/div> \n\n    <script>\n        $(document).ready(function() {\n            \/\/ Open the first accordion automatically\n            $(\".each-accordionbox:first-child\").addClass(\"active\").children(\".each-text\").slideDown();\n\n            \/\/ Accordion toggle functionality\n            $(\".each-title\").on(\"click\", function() {\n                if ($(this).parent().hasClass(\"active\")) {\n                    $(this).next().slideUp();\n                    $(this).parent().removeClass(\"active\");\n                } else {\n                    $(\".each-text\").slideUp();\n                    $(\".each-accordionbox\").removeClass(\"active\");\n                    $(this).parent().addClass(\"active\");\n                    $(this).next().slideDown();\n                }\n            });\n        });\n    <\/script>\n<\/body>\n\n\n\n\n\n<p><\/p>\n<\/div>\n<\/div>\n<\/div>\n\n\n\n<div style=\"height:100px\" aria-hidden=\"true\" class=\"wp-block-spacer\"><\/div>\n\n\n\n<div style=\"height:100px\" aria-hidden=\"true\" class=\"wp-block-spacer\"><\/div>\n\n\n\n<div class=\"wp-block-columns alignfull is-layout-flex wp-container-core-columns-is-layout-28f84493 wp-block-columns-is-layout-flex\">\n<div class=\"wp-block-column is-vertically-aligned-center is-layout-flow wp-block-column-is-layout-flow\">\n<head>\n    <script src=\"https:\/\/kit.fontawesome.com\/3b161c540c.js\" crossorigin=\"anonymous\"><\/script>\n<\/head>\n<footer class=\"footer\">\n    <div class=\"container row\">\n        <div class=\"footer-col\">\n            <h4>Laboratoire Bionatura Diet<\/h4>\n            <ul>\n                <li><a href=\"https:\/\/natura-diet.com\/?page_id=21\">Qui Somme Nous<\/a><\/li>\n            <\/ul>\n        <\/div>\n        <div class=\"footer-col\">\n            <h4> Nos partenaires<\/h4>\n            <ul>\n                <li><a href=\"https:\/\/natura-diet.com\/?page_id=692\">PileJe<\/a><\/li>\n                <li><a href=\"https:\/\/natura-diet.com\/?page_id=115\">Ineldea<\/a><\/li>\n                <li><a href=\"#\">Fertyfarm<\/a><\/li>\n                <li><a href=\"#\">Polidis<\/a><\/li>\n                <li><a href=\"#\">Eafit<\/a><\/li>\n            <\/ul>\n\n        <\/div>\n        <div class=\"footer-col\">\n\n            <h4>Nos Gammes<\/h4>\n            <ul>\n                <li><a href=\"https:\/\/natura-diet.com\/?page_id=465\">Microbiotes<\/a><\/li>\n                <li><a href=\"https:\/\/natura-diet.com\/?page_id=694\">Micronutrition<\/a><\/li>\n                <li><a href=\"https:\/\/natura-diet.com\/?page_id=517\">Phytotherapie<\/a><\/li>\n                <li><a href=\"https:\/\/natura-diet.com\/?page_id=1202\">Pediakid<\/a><\/li>\n                <li><a href=\"https:\/\/natura-diet.com\/?page_id=726\">Effiderm<\/a><\/li>\n            <\/ul>\n\n        <\/div>\n        <div class=\"footer-col\">\n            <h4>Contactez-nous<\/h4>\n            <div class=\"social-links\">\n                <a href=\"tel:+21626330240\"><i class=\"fa fa-phone\"><\/i><\/a><span class=\"text-icon\">+216 26 330 240<\/span>\n                <br \/>\n                <a href=\"mailto:bionatura2@gmail.com\"><i class=\"fa fa-envelope\" aria-hidden=\"true\"><\/i><\/a><span\n                    class=\"text-icon\">bionatura2@gmail.com<\/span> <br \/>\n                <div class=\"social-media\">\n                    <a href=\"https:\/\/www.facebook.com\/profile.php?id=100054568084108\" target=\"_blank\" rel=\"noopener\"><i\n                            class=\"fa-brands fa-facebook\"><\/i><\/a>\n                    <a href=\"https:\/\/www.instagram.com\/bio.naturadiet?igsh=cXI0aDNvM3I3MXpk\" target=\"_blank\" rel=\"noopener\"><i class=\"fa-brands fa-instagram\"><\/i><\/a>\n                    <!-- <a href=\"#\"><i class=\"fa-brands fa-linkedin-in\"><\/i><\/a> -->\n                <\/div>\n            <\/div>\n        <\/div>\n        <div class=\"footer-col\" style=\"color: white; text-align: center; display: block;margin-left: auto;\n    margin-right: auto;margin-top: 20px;\">&copy; 2024 &#8211; All right\n            reserved <a href=\"https:\/\/zeenovi.com\/\" target=\"_blank\" style=\"color: white;\" rel=\"noopener\">Zeenovi\u2122<\/a>\n        <\/div>\n\n\n    <\/div>\n<\/footer>\n<\/div>\n<\/div>\n","protected":false},"excerpt":{"rendered":"<p>PHYTOSTANDARD ESCHOLTZIA\/VALERIANE Posologie Le besoin de sommeil et la qualit\u00e9 de ce dernier varient de mani\u00e8re importante d\u2019une personne \u00e0 l\u2019autre. De nombreux facteurs tels que l\u2019alimentation ou le rythme [&hellip;]<\/p>\n","protected":false},"author":1,"featured_media":0,"parent":0,"menu_order":0,"comment_status":"closed","ping_status":"closed","template":"","meta":{"_eb_attr":"","_EventAllDay":false,"_EventTimezone":"","_EventStartDate":"","_EventEndDate":"","_EventStartDateUTC":"","_EventEndDateUTC":"","_EventShowMap":false,"_EventShowMapLink":false,"_EventURL":"","_EventCost":"","_EventCostDescription":"","_EventCurrencySymbol":"","_EventCurrencyCode":"","_EventCurrencyPosition":"","_EventDateTimeSeparator":"","_EventTimeRangeSeparator":"","_EventOrganizerID":[],"_EventVenueID":[],"_OrganizerEmail":"","_OrganizerPhone":"","_OrganizerWebsite":"","_VenueAddress":"","_VenueCity":"","_VenueCountry":"","_VenueProvince":"","_VenueState":"","_VenueZip":"","_VenuePhone":"","_VenueURL":"","_VenueStateProvince":"","_VenueLat":"","_VenueLng":"","_VenueShowMap":false,"_VenueShowMapLink":false,"footnotes":""},"class_list":["post-864","page","type-page","status-publish","hentry"],"_links":{"self":[{"href":"https:\/\/natura-diet.com\/index.php?rest_route=\/wp\/v2\/pages\/864","targetHints":{"allow":["GET"]}}],"collection":[{"href":"https:\/\/natura-diet.com\/index.php?rest_route=\/wp\/v2\/pages"}],"about":[{"href":"https:\/\/natura-diet.com\/index.php?rest_route=\/wp\/v2\/types\/page"}],"author":[{"embeddable":true,"href":"https:\/\/natura-diet.com\/index.php?rest_route=\/wp\/v2\/users\/1"}],"replies":[{"embeddable":true,"href":"https:\/\/natura-diet.com\/index.php?rest_route=%2Fwp%2Fv2%2Fcomments&post=864"}],"version-history":[{"count":9,"href":"https:\/\/natura-diet.com\/index.php?rest_route=\/wp\/v2\/pages\/864\/revisions"}],"predecessor-version":[{"id":3327,"href":"https:\/\/natura-diet.com\/index.php?rest_route=\/wp\/v2\/pages\/864\/revisions\/3327"}],"wp:attachment":[{"href":"https:\/\/natura-diet.com\/index.php?rest_route=%2Fwp%2Fv2%2Fmedia&parent=864"}],"curies":[{"name":"wp","href":"https:\/\/api.w.org\/{rel}","templated":true}]}}