{"id":871,"date":"2024-03-13T15:13:02","date_gmt":"2024-03-13T14:13:02","guid":{"rendered":"https:\/\/bionaturaa.wordpress.com\/?page_id=871"},"modified":"2024-06-06T13:51:59","modified_gmt":"2024-06-06T13:51:59","slug":"phytostandard-cassis-plantain","status":"publish","type":"page","link":"https:\/\/natura-diet.com\/?page_id=871","title":{"rendered":"PHYTOSTANDARD CASSIS \/PLANTAIN"},"content":{"rendered":"\n<div style=\"height:100px\" aria-hidden=\"true\" class=\"wp-block-spacer\"><\/div>\n\n\n\n<h3 class=\"wp-block-heading has-text-align-left has-large-font-size\"><mark style=\"background-color:rgba(0, 0, 0, 0)\" class=\"has-inline-color has-theme-3-color\">PHYTOSTANDARD CASSIS \/PLANTAIN<\/mark><\/h3>\n\n\n\n<div style=\"height:100px\" aria-hidden=\"true\" class=\"wp-block-spacer\"><\/div>\n\n\n\n<div class=\"wp-block-group alignfull has-global-padding is-content-justification-center is-layout-constrained wp-container-core-group-is-layout-888b3e69 wp-block-group-is-layout-constrained\" style=\"margin-top:0;margin-bottom:0;padding-top:calc( 0.5 * var(u002du002dwpu002du002dstyleu002du002drootu002du002dpadding-right, var(u002du002dwpu002du002dcustomu002du002dgapu002du002dhorizontal)));padding-right:var(u002du002dwpu002du002dstyleu002du002drootu002du002dpadding-right, var(u002du002dwpu002du002dcustomu002du002dgapu002du002dhorizontal));padding-bottom:calc( 0.5 * var(u002du002dwpu002du002dstyleu002du002drootu002du002dpadding-right, var(u002du002dwpu002du002dcustomu002du002dgapu002du002dhorizontal)));padding-left:var(u002du002dwpu002du002dstyleu002du002drootu002du002dpadding-left, var(u002du002dwpu002du002dcustomu002du002dgapu002du002dhorizontal))\">\n<div style=\"height:calc( 0.25 * var(u002du002dwpu002du002dstyleu002du002drootu002du002dpadding-right, var(u002du002dwpu002du002dcustomu002du002dgapu002du002dhorizontal)))\" aria-hidden=\"true\" class=\"wp-block-spacer\"><\/div>\n\n\n\n<div class=\"wp-block-columns alignwide are-vertically-aligned-center is-layout-flex wp-container-core-columns-is-layout-f1bd724e wp-block-columns-is-layout-flex\" style=\"padding-right:80px;padding-left:80px\">\n<div class=\"wp-block-column is-vertically-aligned-center is-layout-flow wp-block-column-is-layout-flow\">\n<figure class=\"wp-block-image aligncenter size-large is-resized\"><img decoding=\"async\" src=\"https:\/\/bionaturaa.wordpress.com\/wp-content\/uploads\/2024\/03\/cassis-plantain-30cp-rv4v2-vect-1.jpg?w=1024\" alt=\"\" class=\"wp-image-872\" style=\"width:524px;height:auto\"\/><\/figure>\n<\/div>\n\n\n\n<div class=\"wp-block-column is-vertically-aligned-center is-layout-flow wp-block-column-is-layout-flow\">\n\n<head>\n\n\n    <script src=\"https:\/\/code.jquery.com\/jquery-3.6.0.min.js\"><\/script>\n  \n<\/head>\n<body>\n    <div class=\"container\">\n        <div class=\"accordion_inner\">\n       \n            <div class=\"accordion-section\">\n                <div class=\"each-accordionbox\">\n                    <h3 class=\"each-title\">Posologie<\/h3>\n                    <p class=\"each-text\">Depuis plus de 20 ans, PiLeJe d\u00e9veloppe son savoir-faire en phytonutrition et focalise son exigence sur la qualit\u00e9 de la plante fra\u00eeche d\u2019origine. La marque Phytostandard\u00ae regroupe ainsi des extraits v\u00e9g\u00e9taux de haute qualit\u00e9, issus de cette expertise.<br\/>\n\nNous avons ainsi s\u00e9lectionn\u00e9 les parties de la plante les plus riches en compos\u00e9s : les noix de cypr\u00e8s (Cupressus sempervirens L.) et les racines d\u2019\u00e9chinac\u00e9e (Echinacea purpurea L.) pour \u00e9laborer le compl\u00e9ment alimentaire Phytostandard\u00ae duo de cypr\u00e8s et d\u2019\u00e9chinac\u00e9e.<br\/>\nComment sont s\u00e9lectionn\u00e9s les extraits de cypr\u00e8s et d\u2019\u00e9chinac\u00e9e du Phytostandard\u00ae duo ?<br\/>\nTr\u00e8s r\u00e9pandu en Europe et en Asie, c\u2019est le fruit du cypr\u00e8s, plus exactement la noix qui renferme les compos\u00e9s. Nous r\u00e9coltons la noix alors qu\u2019elle est encore verte car c\u2019est \u00e0 ce stade qu\u2019elle renferme un maximum de compos\u00e9s. La r\u00e9colte du cypr\u00e8s est d\u00e9licate car les arbres s\u00e9lectionn\u00e9s sont sauvages, tr\u00e8s hauts et souvent situ\u00e9s dans des zones escarp\u00e9es. La cueillette \u00e0 la main devient alors p\u00e9rilleuse.<br\/>\nNous mettons en place des plans de gestion des collectes afin de respecter le cycle de vie de la plante et pr\u00e9server sa p\u00e9rennit\u00e9.<br\/>\n \nPlante originaire d\u2019Am\u00e9rique du Nord et d\u2019Europe, l\u2019\u00e9chinac\u00e9e est une plante vivace, c\u2019est-\u00e0-dire qui vit plus de deux ann\u00e9es, qui pr\u00e9sente des tiges \u00e9paisses et des fleurs pourpres. <br\/>\nCe sont ses racines que nous utilisons pour notre extrait Phytostandard\u00ae. Elles doivent avoir deux ans d\u2019\u00e2ge pour garantir une forte teneur en compos\u00e9s. Apr\u00e8s r\u00e9colte dans la Dr\u00f4me, les racines sont congel\u00e9es sur place et transport\u00e9es sur le lieu de fabrication de l\u2019extrait en Ari\u00e8ge. Nos producteurs dans la Dr\u00f4me nous fournissent les plus grosses quantit\u00e9s d\u2019\u00e9chinac\u00e9e. Pour une question de s\u00e9curisation de l\u2019approvisionnement, nous nous sommes diversifi\u00e9s en nous tournant vers l\u2019Allemagne.\n \n\u00c0 base de : Cypr\u00e8s, Echinac\u00e9e <br\/>\n\n<\/p>\n\n                <\/div>\n\n\n                <div class=\"each-accordionbox\">\n                    <h3 class=\"each-title\">Composition<\/h3>\n                    <p class=\"each-text\">Extraits Phytostandard\u00ae cassis (Ribes nigrum L., feuilles) et plantain (Plantago lanceolata L., feuilles) (support : fibre d\u2019acacia), agents de charge : cellulose microcristalline, stabilisant : carboxym\u00e9thylcellulose sodique r\u00e9ticul\u00e9e, anti-agglom\u00e9rant : sels de magn\u00e9sium d\u2019acides gras.\nCompl\u00e9ment alimentaire \u00e0 base d\u2019extraits de Cassis (Ribes nigrum L.) et de Plantain (Plantago lanceolata L.)<br\/>\n\n\n\n\n\n<\/p>\n                <\/div>\n                <div class=\"each-accordionbox\">\n                    <h3 class=\"each-title\">Utilisation<\/h3>\n                    <p class=\"each-text\">Conseils d&#8217;utilisation<br\/>\n1 \u00e0 4 comprim\u00e9s par jour, \u00e0 avaler avec un grand verre d\u2019eau.\nConservation : dans un endroit frais et sec.\n.<br\/>\nConservation : dans un endroit frais et sec.\n\n\n\n\n\n\n<br\/>Pr\u00e9cautions d&#8217;emploi<br\/>\nNe pas d\u00e9passer la dose journali\u00e8re recommand\u00e9e.<br\/>\nUne consommation excessive peut avoir des effets laxatifs.<br\/>\nCe compl\u00e9ment alimentaire ne peut se substituer \u00e0 une alimentation vari\u00e9e, \u00e9quilibr\u00e9e et \u00e0 un mode de vie sain.<br\/>\n\u00c0 tenir hors de port\u00e9e des enfants.<br\/>\n\u00c0 consommer de pr\u00e9f\u00e9rence avant fin et n\u00b0 de lot mentionn\u00e9s sur la face inf\u00e9rieure de l\u2019\u00e9tui.<br\/>\n\n\n\n\n\n\n\n\n\n\n\n\n\n\n\n\n\n\n<\/p>\n                <\/div>\n            <\/div>\n        <\/div>           \n    <\/div> \n\n    <script>\n        $(document).ready(function() {\n            \/\/ Open the first accordion automatically\n            $(\".each-accordionbox:first-child\").addClass(\"active\").children(\".each-text\").slideDown();\n\n            \/\/ Accordion toggle functionality\n            $(\".each-title\").on(\"click\", function() {\n                if ($(this).parent().hasClass(\"active\")) {\n                    $(this).next().slideUp();\n                    $(this).parent().removeClass(\"active\");\n                } else {\n                    $(\".each-text\").slideUp();\n                    $(\".each-accordionbox\").removeClass(\"active\");\n                    $(this).parent().addClass(\"active\");\n                    $(this).next().slideDown();\n                }\n            });\n        });\n    <\/script>\n<\/body>\n\n<\/div>\n<\/div>\n\n\n\n<div style=\"height:100px\" aria-hidden=\"true\" class=\"wp-block-spacer\"><\/div>\n<\/div>\n\n\n\n<div class=\"wp-block-columns alignfull is-layout-flex wp-container-core-columns-is-layout-28f84493 wp-block-columns-is-layout-flex\">\n<div class=\"wp-block-column is-vertically-aligned-center is-layout-flow wp-block-column-is-layout-flow\">\n<head>\n    <script src=\"https:\/\/kit.fontawesome.com\/3b161c540c.js\" crossorigin=\"anonymous\"><\/script>\n<\/head>\n<footer class=\"footer\">\n    <div class=\"container row\">\n        <div class=\"footer-col\">\n            <h4>Laboratoire Bionatura Diet<\/h4>\n            <ul>\n                <li><a href=\"https:\/\/natura-diet.com\/?page_id=21\">Qui Somme Nous<\/a><\/li>\n            <\/ul>\n        <\/div>\n        <div class=\"footer-col\">\n            <h4> Nos partenaires<\/h4>\n            <ul>\n                <li><a href=\"https:\/\/natura-diet.com\/?page_id=692\">PileJe<\/a><\/li>\n                <li><a href=\"https:\/\/natura-diet.com\/?page_id=115\">Ineldea<\/a><\/li>\n                <li><a href=\"#\">Fertyfarm<\/a><\/li>\n                <li><a href=\"#\">Polidis<\/a><\/li>\n                <li><a href=\"#\">Eafit<\/a><\/li>\n            <\/ul>\n\n        <\/div>\n        <div class=\"footer-col\">\n\n            <h4>Nos Gammes<\/h4>\n            <ul>\n                <li><a href=\"https:\/\/natura-diet.com\/?page_id=465\">Microbiotes<\/a><\/li>\n                <li><a href=\"https:\/\/natura-diet.com\/?page_id=694\">Micronutrition<\/a><\/li>\n                <li><a href=\"https:\/\/natura-diet.com\/?page_id=517\">Phytotherapie<\/a><\/li>\n                <li><a href=\"https:\/\/natura-diet.com\/?page_id=1202\">Pediakid<\/a><\/li>\n                <li><a href=\"https:\/\/natura-diet.com\/?page_id=726\">Effiderm<\/a><\/li>\n            <\/ul>\n\n        <\/div>\n        <div class=\"footer-col\">\n            <h4>Contactez-nous<\/h4>\n            <div class=\"social-links\">\n                <a href=\"tel:+21626330240\"><i class=\"fa fa-phone\"><\/i><\/a><span class=\"text-icon\">+216 26 330 240<\/span>\n                <br \/>\n                <a href=\"mailto:bionatura2@gmail.com\"><i class=\"fa fa-envelope\" aria-hidden=\"true\"><\/i><\/a><span\n                    class=\"text-icon\">bionatura2@gmail.com<\/span> <br \/>\n                <div class=\"social-media\">\n                    <a href=\"https:\/\/www.facebook.com\/profile.php?id=100054568084108\" target=\"_blank\" rel=\"noopener\"><i\n                            class=\"fa-brands fa-facebook\"><\/i><\/a>\n                    <a href=\"https:\/\/www.instagram.com\/bio.naturadiet?igsh=cXI0aDNvM3I3MXpk\" target=\"_blank\" rel=\"noopener\"><i class=\"fa-brands fa-instagram\"><\/i><\/a>\n                    <!-- <a href=\"#\"><i class=\"fa-brands fa-linkedin-in\"><\/i><\/a> -->\n                <\/div>\n            <\/div>\n        <\/div>\n        <div class=\"footer-col\" style=\"color: white; text-align: center; display: block;margin-left: auto;\n    margin-right: auto;margin-top: 20px;\">&copy; 2024 &#8211; All right\n            reserved <a href=\"https:\/\/zeenovi.com\/\" target=\"_blank\" style=\"color: white;\" rel=\"noopener\">Zeenovi\u2122<\/a>\n        <\/div>\n\n\n    <\/div>\n<\/footer>\n<\/div>\n<\/div>\n","protected":false},"excerpt":{"rendered":"<p>PHYTOSTANDARD CASSIS \/PLANTAIN Posologie Depuis plus de 20 ans, PiLeJe d\u00e9veloppe son savoir-faire en phytonutrition et focalise son exigence sur la qualit\u00e9 de la plante fra\u00eeche d\u2019origine. La marque Phytostandard\u00ae [&hellip;]<\/p>\n","protected":false},"author":1,"featured_media":0,"parent":0,"menu_order":0,"comment_status":"closed","ping_status":"closed","template":"","meta":{"_eb_attr":"","_EventAllDay":false,"_EventTimezone":"","_EventStartDate":"","_EventEndDate":"","_EventStartDateUTC":"","_EventEndDateUTC":"","_EventShowMap":false,"_EventShowMapLink":false,"_EventURL":"","_EventCost":"","_EventCostDescription":"","_EventCurrencySymbol":"","_EventCurrencyCode":"","_EventCurrencyPosition":"","_EventDateTimeSeparator":"","_EventTimeRangeSeparator":"","_EventOrganizerID":[],"_EventVenueID":[],"_OrganizerEmail":"","_OrganizerPhone":"","_OrganizerWebsite":"","_VenueAddress":"","_VenueCity":"","_VenueCountry":"","_VenueProvince":"","_VenueState":"","_VenueZip":"","_VenuePhone":"","_VenueURL":"","_VenueStateProvince":"","_VenueLat":"","_VenueLng":"","_VenueShowMap":false,"_VenueShowMapLink":false,"footnotes":""},"class_list":["post-871","page","type-page","status-publish","hentry"],"_links":{"self":[{"href":"https:\/\/natura-diet.com\/index.php?rest_route=\/wp\/v2\/pages\/871","targetHints":{"allow":["GET"]}}],"collection":[{"href":"https:\/\/natura-diet.com\/index.php?rest_route=\/wp\/v2\/pages"}],"about":[{"href":"https:\/\/natura-diet.com\/index.php?rest_route=\/wp\/v2\/types\/page"}],"author":[{"embeddable":true,"href":"https:\/\/natura-diet.com\/index.php?rest_route=\/wp\/v2\/users\/1"}],"replies":[{"embeddable":true,"href":"https:\/\/natura-diet.com\/index.php?rest_route=%2Fwp%2Fv2%2Fcomments&post=871"}],"version-history":[{"count":6,"href":"https:\/\/natura-diet.com\/index.php?rest_route=\/wp\/v2\/pages\/871\/revisions"}],"predecessor-version":[{"id":3334,"href":"https:\/\/natura-diet.com\/index.php?rest_route=\/wp\/v2\/pages\/871\/revisions\/3334"}],"wp:attachment":[{"href":"https:\/\/natura-diet.com\/index.php?rest_route=%2Fwp%2Fv2%2Fmedia&parent=871"}],"curies":[{"name":"wp","href":"https:\/\/api.w.org\/{rel}","templated":true}]}}