{"id":878,"date":"2024-03-13T15:15:00","date_gmt":"2024-03-13T14:15:00","guid":{"rendered":"https:\/\/bionaturaa.wordpress.com\/?page_id=878"},"modified":"2024-06-06T14:05:22","modified_gmt":"2024-06-06T14:05:22","slug":"phytostandard-melilot-vigne-rouge","status":"publish","type":"page","link":"https:\/\/natura-diet.com\/?page_id=878","title":{"rendered":"PHYTOSTANDARD MELILOT\/VIGNE ROUGE"},"content":{"rendered":"\n<div style=\"height:100px\" aria-hidden=\"true\" class=\"wp-block-spacer\"><\/div>\n\n\n\n<h3 class=\"wp-block-heading has-text-align-left has-large-font-size\"><mark style=\"background-color:rgba(0, 0, 0, 0)\" class=\"has-inline-color has-theme-3-color\">PHYTOSTANDARD MELILOT\/VIGNE ROUGE<\/mark><\/h3>\n\n\n\n<div style=\"height:100px\" aria-hidden=\"true\" class=\"wp-block-spacer\"><\/div>\n\n\n\n<div class=\"wp-block-group alignfull has-global-padding is-content-justification-center is-layout-constrained wp-container-core-group-is-layout-888b3e69 wp-block-group-is-layout-constrained\" style=\"margin-top:0;margin-bottom:0;padding-top:calc( 0.5 * var(u002du002dwpu002du002dstyleu002du002drootu002du002dpadding-right, var(u002du002dwpu002du002dcustomu002du002dgapu002du002dhorizontal)));padding-right:var(u002du002dwpu002du002dstyleu002du002drootu002du002dpadding-right, var(u002du002dwpu002du002dcustomu002du002dgapu002du002dhorizontal));padding-bottom:calc( 0.5 * var(u002du002dwpu002du002dstyleu002du002drootu002du002dpadding-right, var(u002du002dwpu002du002dcustomu002du002dgapu002du002dhorizontal)));padding-left:var(u002du002dwpu002du002dstyleu002du002drootu002du002dpadding-left, var(u002du002dwpu002du002dcustomu002du002dgapu002du002dhorizontal))\">\n<div style=\"height:calc( 0.25 * var(u002du002dwpu002du002dstyleu002du002drootu002du002dpadding-right, var(u002du002dwpu002du002dcustomu002du002dgapu002du002dhorizontal)))\" aria-hidden=\"true\" class=\"wp-block-spacer\"><\/div>\n\n\n\n<div class=\"wp-block-columns alignwide are-vertically-aligned-center is-layout-flex wp-container-core-columns-is-layout-f1bd724e wp-block-columns-is-layout-flex\" style=\"padding-right:80px;padding-left:80px\">\n<div class=\"wp-block-column is-vertically-aligned-center is-layout-flow wp-block-column-is-layout-flow\">\n<figure class=\"wp-block-image aligncenter size-large is-resized\"><img decoding=\"async\" src=\"https:\/\/bionaturaa.wordpress.com\/wp-content\/uploads\/2024\/03\/melilot-vignerouge-30cp-rv3v0-vect-bt0125-0061-2.jpg?w=1024\" alt=\"\" class=\"wp-image-879\" style=\"width:570px;height:auto\"\/><\/figure>\n<\/div>\n\n\n\n<div class=\"wp-block-column is-vertically-aligned-center is-layout-flow wp-block-column-is-layout-flow\">\n<head>\n\n\n    <script src=\"https:\/\/code.jquery.com\/jquery-3.6.0.min.js\"><\/script>\n  \n<\/head>\n<body>\n    <div class=\"container\">\n        <div class=\"accordion_inner\">\n       \n            <div class=\"accordion-section\">\n                <div class=\"each-accordionbox\">\n                    <h3 class=\"each-title\">Posologie<\/h3>\n                    <p class=\"each-text\">Depuis plus de 20 ans, PiLeJe d\u00e9veloppe son savoir-faire en phytonutrition et focalise son exigence sur la qualit\u00e9 de la plante fra\u00eeche d\u2019origine. La marque Phytostandard\u00ae regroupe ainsi des extraits v\u00e9g\u00e9taux de haute qualit\u00e9, issus de cette expertise. <br\/>\n\nLes extraits d\u2019harpagophytum et de saule pr\u00e9sentent tous deux un int\u00e9r\u00eat en phytonutrition. Nous avons ainsi s\u00e9lectionn\u00e9 les parties de la plante les plus riches en compos\u00e9s : les racines d\u2019harpagophytum (Harpagophytum procumbens DC.) et les \u00e9corces de saule (Salix alba L. et purpurea L.) pour \u00e9laborer le compl\u00e9ment alimentaire Phytostandard\u00ae duo d\u2019Harpagophytum et de Saule.<br\/>\n\nComment sont s\u00e9lectionn\u00e9s les extraits d\u2019harpagophytum et de saule du Phytostandard\u00ae duo ?<br\/>\nCommun\u00e9ment appel\u00e9 \u00ab griffe du diable \u00bb en raison de ses fruits et \u00e9pines crochues, l\u2019harpagophytum affectionne les milieux arides. C\u2019est une plante sp\u00e9cifique du sud du continent africain. L\u2019harpagophytum utilis\u00e9 pour la fabrication de notre extrait Phytostandard\u00ae provient d\u2019une r\u00e9gion proche du D\u00e9sert de Namibi d\u00e9pourvue de toute infrastructure.<br\/> Ses racines y sont r\u00e9colt\u00e9es \u00e0 la main puis coup\u00e9es en tranches pour qu\u2019elles s\u00e8chent plus rapidement au soleil. La localisation de l\u2019harpagophytum rend impossible tout approvisionnement de racines fra\u00eeches (unique exception de la gamme Phytostandard\u00ae). Pour autant, ses compos\u00e9s, peu sensibles, supportent bien la chaleur ainsi que le transport en bateau jusqu\u2019en France.<br\/>\nLe saule est un arbre d\u2019Europe central pouvant atteindre 25 m de haut. L\u2019\u00e9corce des saules blancs a longtemps \u00e9t\u00e9 utilis\u00e9e en d\u00e9coction. Sa r\u00e9colte est fastidieuse : elle consiste \u00e0 r\u00e9cup\u00e9rer r\u00e9guli\u00e8rement, sur les mois d\u2019avril et mai, de petites quantit\u00e9s d\u2019\u00e9corces jeunes plus riches en compos\u00e9s. Afin de pr\u00e9server l\u2019arbre, nous raclons l\u2019\u00e9corce tr\u00e8s soigneusement pour qu\u2019elle puisse repousser par la suite.<br\/>\n\u00c0 base de : Harpagophytum, Saule\n\n\n<\/p>\n\n                <\/div>\n\n\n                <div class=\"each-accordionbox\">\n                    <h3 class=\"each-title\">Composition<\/h3>\n                    <p class=\"each-text\">Extraits Phytostandard\u00ae harpagophytum (Harpagophytum procumbens DC, racines) et saule blanc (Salix alba et purpurea L., \u00e9corces) (support : fibre d\u2019acacia), agent de charge : cellulose microcristalline, stabilisant : carboxym\u00e9thylcellulose de sodium r\u00e9ticul\u00e9e, anti-agglom\u00e9rants : mono-et diglyc\u00e9rides d\u2019acides gras, poudre de Bambou Bambusa bambos (r\u00e9sine).\n\n\n\n\n\n\n<\/p>\n                <\/div>\n                <div class=\"each-accordionbox\">\n                    <h3 class=\"each-title\">Utilisation<\/h3>\n                    <p class=\"each-text\">Conseils d&#8217;utilisation<br\/>\n2 comprim\u00e9s par jour, \u00e0 avaler avec un grand verre d\u2019eau, pendant 15 jours ou 4 \u00e0 6 comprim\u00e9s par jour, \u00e0 avaler avec un grand verre d\u2019eau, pendant 5 \u00e0 7 jours.\n\n\n\n\n.<br\/>\nConservation : dans un endroit frais et sec..\n\n\n\n\n\n\n<br\/>Pr\u00e9cautions d&#8217;emploi<br\/>\nD\u00e9conseill\u00e9 aux femmes enceintes ou allaitantes, aux enfants et aux adolescents, aux personnes sous traitements anticoagulants, en cas d&#8217;ulc\u00e8res (estomac et duod\u00e9num), en cas de calculs biliaires, aux personnes souffrant d&#8217;allergie aux d\u00e9riv\u00e9s salicyl\u00e9s.<br\/>\nDemander conseil \u00e0 un m\u00e9decin au pr\u00e9alable.<br\/>\nNe pas d\u00e9passer la dose journali\u00e8re recommand\u00e9e.<br\/>\nUne consommation excessive peut avoir des effets laxatifs.<br\/>\nCe compl\u00e9ment alimentaire ne peut se substituer \u00e0 une alimentation vari\u00e9e, \u00e9quilibr\u00e9e et \u00e0 un mode de vie sain.<br\/>\n\u00c0 tenir hors de port\u00e9e des enfants.<br\/>\n\u00c0 consommer de pr\u00e9f\u00e9rence avant fin et n\u00b0 de lot mentionn\u00e9s sur la face inf\u00e9rieure de l\u2019\u00e9tui.\n\n\n\n\n\n\n\n\n\n\n\n\n\n\n\n\n\n\n\n\n\n\n<\/p>\n                <\/div>\n            <\/div>\n        <\/div>           \n    <\/div> \n\n    <script>\n        $(document).ready(function() {\n            \/\/ Open the first accordion automatically\n            $(\".each-accordionbox:first-child\").addClass(\"active\").children(\".each-text\").slideDown();\n\n            \/\/ Accordion toggle functionality\n            $(\".each-title\").on(\"click\", function() {\n                if ($(this).parent().hasClass(\"active\")) {\n                    $(this).next().slideUp();\n                    $(this).parent().removeClass(\"active\");\n                } else {\n                    $(\".each-text\").slideUp();\n                    $(\".each-accordionbox\").removeClass(\"active\");\n                    $(this).parent().addClass(\"active\");\n                    $(this).next().slideDown();\n                }\n            });\n        });\n    <\/script>\n<\/body>\n\n\n\n\n\n<p><\/p>\n\n\n\n<p><\/p>\n<\/div>\n<\/div>\n<\/div>\n\n\n\n<div style=\"height:100px\" aria-hidden=\"true\" class=\"wp-block-spacer\"><\/div>\n\n\n\n<div style=\"height:100px\" aria-hidden=\"true\" class=\"wp-block-spacer\"><\/div>\n\n\n\n<div class=\"wp-block-columns alignfull is-layout-flex wp-container-core-columns-is-layout-28f84493 wp-block-columns-is-layout-flex\">\n<div class=\"wp-block-column is-vertically-aligned-center is-layout-flow wp-block-column-is-layout-flow\">\n<head>\n    <script src=\"https:\/\/kit.fontawesome.com\/3b161c540c.js\" crossorigin=\"anonymous\"><\/script>\n<\/head>\n<footer class=\"footer\">\n    <div class=\"container row\">\n        <div class=\"footer-col\">\n            <h4>Laboratoire Bionatura Diet<\/h4>\n            <ul>\n                <li><a href=\"https:\/\/natura-diet.com\/?page_id=21\">Qui Somme Nous<\/a><\/li>\n            <\/ul>\n        <\/div>\n        <div class=\"footer-col\">\n            <h4> Nos partenaires<\/h4>\n            <ul>\n                <li><a href=\"https:\/\/natura-diet.com\/?page_id=692\">PileJe<\/a><\/li>\n                <li><a href=\"https:\/\/natura-diet.com\/?page_id=115\">Ineldea<\/a><\/li>\n                <li><a href=\"#\">Fertyfarm<\/a><\/li>\n                <li><a href=\"#\">Polidis<\/a><\/li>\n                <li><a href=\"#\">Eafit<\/a><\/li>\n            <\/ul>\n\n        <\/div>\n        <div class=\"footer-col\">\n\n            <h4>Nos Gammes<\/h4>\n            <ul>\n                <li><a href=\"https:\/\/natura-diet.com\/?page_id=465\">Microbiotes<\/a><\/li>\n                <li><a href=\"https:\/\/natura-diet.com\/?page_id=694\">Micronutrition<\/a><\/li>\n                <li><a href=\"https:\/\/natura-diet.com\/?page_id=517\">Phytotherapie<\/a><\/li>\n                <li><a href=\"https:\/\/natura-diet.com\/?page_id=1202\">Pediakid<\/a><\/li>\n                <li><a href=\"https:\/\/natura-diet.com\/?page_id=726\">Effiderm<\/a><\/li>\n            <\/ul>\n\n        <\/div>\n        <div class=\"footer-col\">\n            <h4>Contactez-nous<\/h4>\n            <div class=\"social-links\">\n                <a href=\"tel:+21626330240\"><i class=\"fa fa-phone\"><\/i><\/a><span class=\"text-icon\">+216 26 330 240<\/span>\n                <br \/>\n                <a href=\"mailto:bionatura2@gmail.com\"><i class=\"fa fa-envelope\" aria-hidden=\"true\"><\/i><\/a><span\n                    class=\"text-icon\">bionatura2@gmail.com<\/span> <br \/>\n                <div class=\"social-media\">\n                    <a href=\"https:\/\/www.facebook.com\/profile.php?id=100054568084108\" target=\"_blank\" rel=\"noopener\"><i\n                            class=\"fa-brands fa-facebook\"><\/i><\/a>\n                    <a href=\"https:\/\/www.instagram.com\/bio.naturadiet?igsh=cXI0aDNvM3I3MXpk\" target=\"_blank\" rel=\"noopener\"><i class=\"fa-brands fa-instagram\"><\/i><\/a>\n                    <!-- <a href=\"#\"><i class=\"fa-brands fa-linkedin-in\"><\/i><\/a> -->\n                <\/div>\n            <\/div>\n        <\/div>\n        <div class=\"footer-col\" style=\"color: white; text-align: center; display: block;margin-left: auto;\n    margin-right: auto;margin-top: 20px;\">&copy; 2024 &#8211; All right\n            reserved <a href=\"https:\/\/zeenovi.com\/\" target=\"_blank\" style=\"color: white;\" rel=\"noopener\">Zeenovi\u2122<\/a>\n        <\/div>\n\n\n    <\/div>\n<\/footer>\n<\/div>\n<\/div>\n","protected":false},"excerpt":{"rendered":"<p>PHYTOSTANDARD MELILOT\/VIGNE ROUGE Posologie Depuis plus de 20 ans, PiLeJe d\u00e9veloppe son savoir-faire en phytonutrition et focalise son exigence sur la qualit\u00e9 de la plante fra\u00eeche d\u2019origine. La marque Phytostandard\u00ae [&hellip;]<\/p>\n","protected":false},"author":1,"featured_media":0,"parent":0,"menu_order":0,"comment_status":"closed","ping_status":"closed","template":"","meta":{"_eb_attr":"","_EventAllDay":false,"_EventTimezone":"","_EventStartDate":"","_EventEndDate":"","_EventStartDateUTC":"","_EventEndDateUTC":"","_EventShowMap":false,"_EventShowMapLink":false,"_EventURL":"","_EventCost":"","_EventCostDescription":"","_EventCurrencySymbol":"","_EventCurrencyCode":"","_EventCurrencyPosition":"","_EventDateTimeSeparator":"","_EventTimeRangeSeparator":"","_EventOrganizerID":[],"_EventVenueID":[],"_OrganizerEmail":"","_OrganizerPhone":"","_OrganizerWebsite":"","_VenueAddress":"","_VenueCity":"","_VenueCountry":"","_VenueProvince":"","_VenueState":"","_VenueZip":"","_VenuePhone":"","_VenueURL":"","_VenueStateProvince":"","_VenueLat":"","_VenueLng":"","_VenueShowMap":false,"_VenueShowMapLink":false,"footnotes":""},"class_list":["post-878","page","type-page","status-publish","hentry"],"_links":{"self":[{"href":"https:\/\/natura-diet.com\/index.php?rest_route=\/wp\/v2\/pages\/878","targetHints":{"allow":["GET"]}}],"collection":[{"href":"https:\/\/natura-diet.com\/index.php?rest_route=\/wp\/v2\/pages"}],"about":[{"href":"https:\/\/natura-diet.com\/index.php?rest_route=\/wp\/v2\/types\/page"}],"author":[{"embeddable":true,"href":"https:\/\/natura-diet.com\/index.php?rest_route=\/wp\/v2\/users\/1"}],"replies":[{"embeddable":true,"href":"https:\/\/natura-diet.com\/index.php?rest_route=%2Fwp%2Fv2%2Fcomments&post=878"}],"version-history":[{"count":7,"href":"https:\/\/natura-diet.com\/index.php?rest_route=\/wp\/v2\/pages\/878\/revisions"}],"predecessor-version":[{"id":3341,"href":"https:\/\/natura-diet.com\/index.php?rest_route=\/wp\/v2\/pages\/878\/revisions\/3341"}],"wp:attachment":[{"href":"https:\/\/natura-diet.com\/index.php?rest_route=%2Fwp%2Fv2%2Fmedia&parent=878"}],"curies":[{"name":"wp","href":"https:\/\/api.w.org\/{rel}","templated":true}]}}