{"id":881,"date":"2024-03-13T15:16:24","date_gmt":"2024-03-13T14:16:24","guid":{"rendered":"https:\/\/bionaturaa.wordpress.com\/?page_id=881"},"modified":"2024-06-06T14:10:41","modified_gmt":"2024-06-06T14:10:41","slug":"phytostandard-ginseng","status":"publish","type":"page","link":"https:\/\/natura-diet.com\/?page_id=881","title":{"rendered":"PHYTOSTANDARD GINSENG"},"content":{"rendered":"\n<div style=\"height:100px\" aria-hidden=\"true\" class=\"wp-block-spacer\"><\/div>\n\n\n\n<div class=\"wp-block-group alignfull has-global-padding is-content-justification-center is-layout-constrained wp-container-core-group-is-layout-888b3e69 wp-block-group-is-layout-constrained\" style=\"margin-top:0;margin-bottom:0;padding-top:calc( 0.5 * var(u002du002dwpu002du002dstyleu002du002drootu002du002dpadding-right, var(u002du002dwpu002du002dcustomu002du002dgapu002du002dhorizontal)));padding-right:var(u002du002dwpu002du002dstyleu002du002drootu002du002dpadding-right, var(u002du002dwpu002du002dcustomu002du002dgapu002du002dhorizontal));padding-bottom:calc( 0.5 * var(u002du002dwpu002du002dstyleu002du002drootu002du002dpadding-right, var(u002du002dwpu002du002dcustomu002du002dgapu002du002dhorizontal)));padding-left:var(u002du002dwpu002du002dstyleu002du002drootu002du002dpadding-left, var(u002du002dwpu002du002dcustomu002du002dgapu002du002dhorizontal))\">\n<div style=\"height:calc( 0.25 * var(u002du002dwpu002du002dstyleu002du002drootu002du002dpadding-right, var(u002du002dwpu002du002dcustomu002du002dgapu002du002dhorizontal)))\" aria-hidden=\"true\" class=\"wp-block-spacer\"><\/div>\n\n\n\n<h3 class=\"wp-block-heading has-text-align-left has-large-font-size\"><mark style=\"background-color:rgba(0, 0, 0, 0)\" class=\"has-inline-color has-theme-3-color\">PHYTOSTANDARD GINSENG<\/mark><\/h3>\n\n\n\n<div style=\"height:100px\" aria-hidden=\"true\" class=\"wp-block-spacer\"><\/div>\n\n\n\n<div class=\"wp-block-columns alignwide are-vertically-aligned-center is-layout-flex wp-container-core-columns-is-layout-f1bd724e wp-block-columns-is-layout-flex\" style=\"padding-right:80px;padding-left:80px\">\n<div class=\"wp-block-column is-vertically-aligned-center is-layout-flow wp-block-column-is-layout-flow\">\n<figure class=\"wp-block-image aligncenter size-large is-resized\"><img decoding=\"async\" src=\"https:\/\/bionaturaa.wordpress.com\/wp-content\/uploads\/2024\/03\/ginseng-20gel-rv5-2-1.jpg?w=1024\" alt=\"\" class=\"wp-image-882\" style=\"width:458px;height:auto\"\/><\/figure>\n<\/div>\n\n\n\n<div class=\"wp-block-column is-vertically-aligned-center is-layout-flow wp-block-column-is-layout-flow\">\n<head>\n\n\n    <script src=\"https:\/\/code.jquery.com\/jquery-3.6.0.min.js\"><\/script>\n  \n<\/head>\n<body>\n    <div class=\"container\">\n        <div class=\"accordion_inner\">\n       \n            <div class=\"accordion-section\">\n                <div class=\"each-accordionbox\">\n                    <h3 class=\"each-title\">Posologie<\/h3>\n                    <p class=\"each-text\">Depuis plus de 20 ans, PiLeJe d\u00e9veloppe son savoir-faire en phytonutrition et focalise son exigence sur la qualit\u00e9 de la plante fra\u00eeche d\u2019origine. La marque Phytostandard\u00ae regroupe ainsi des extraits v\u00e9g\u00e9taux de haute qualit\u00e9, issus de cette expertise.<br\/>\nChaque plante peut contenir jusqu\u2019\u00e0 250 compos\u00e9s dans ses cellules. L\u2019ensemble de ces compos\u00e9s forme le totum de la plante. Le proc\u00e9d\u00e9 d\u2019extraction est une donn\u00e9e cl\u00e9 pour pr\u00e9server l\u2019int\u00e9gralit\u00e9 des compos\u00e9s v\u00e9g\u00e9taux.<br\/>\nNous avons ainsi s\u00e9lectionn\u00e9 les parties de la plante les plus riches en compos\u00e9s : les racines de ginseg (Panax ginseng C.A. Meyer) pour \u00e9laborer le compl\u00e9ment alimentaire Phytostandard\u00ae Ginseng.<br\/>\nComment sont s\u00e9lectionn\u00e9s les extraits de ginseng de ce Phytostandard\u00ae ?<br\/>\nPlante renomm\u00e9e dans la m\u00e9decine chinoise, le ginseng est aussi connu pour sa forme particuli\u00e8re \u00e9voquant un corps humain. On la cultive principalement dans la p\u00e9ninsule cor\u00e9enne et le nord-est de la Chine. Le ginseng utilis\u00e9 en phytonutrition peut \u00eatre blanc ou rouge : nous utilisons le blanc pour la fabrication des Phytostandard\u00ae car il ne subit aucun traitement de s\u00e9chage, contrairement au ginseng rouge.<br\/>\nLes racines de Ginseng poussant lentement, nous attendons au moins 5 ans avant de les r\u00e9colter. Les racines fra\u00eeches sont ensuite congel\u00e9es dans les 24 heures pour pr\u00e9server tous leurs compos\u00e9s puis transport\u00e9es jusqu\u2019\u00e0 notre site de fabrication en France.<br\/>\nInterviennent alors le broyage puis l\u2019extraction selon le proc\u00e9d\u00e9 Phytostandard\u00ae reconnu pour son respect de l\u2019int\u00e9grit\u00e9 des compos\u00e9s de la plante. L\u2019extrait de ginseng alors obtenu est sans alcool. Il est ensuite lyophilis\u00e9, c\u2019est-\u00e0-dire d\u00e9shydrat\u00e9 \u00e0 froid pour \u00eatre mis en g\u00e9lule v\u00e9g\u00e9tale. La fabrication depuis l\u2019extraction Phytostandard\u00ae jusqu\u2019\u00e0 la mise en g\u00e9lule est r\u00e9alis\u00e9e en France, ce qui permet une tra\u00e7abilit\u00e9 des produits depuis leur production jusqu\u2019\u00e0 leur distribution.<br\/>\n\u00c0 base de : Ginseng\n\n\n\n<\/p>\n\n                <\/div>\n\n\n                <div class=\"each-accordionbox\">\n                    <h3 class=\"each-title\">Composition<\/h3>\n                    <p class=\"each-text\">Extrait Phytostandard\u00ae ginseng biologique (Panax Ginseng CA Meyer. racines) (support : fibre d\u2019acacia biologique), fibre d\u2019acacia biologique, g\u00e9lule v\u00e9g\u00e9tale, poudre de Bambou (Bambusa bambos, r\u00e9sine), huile de colza biologique.<br\/>\nCompl\u00e9ment alimentaire \u00e0 base d\u2019extrait de Ginseng biologique (Panax ginseng C.A.\n\n\n\n\n\n\n\n<\/p>\n                <\/div>\n                <div class=\"each-accordionbox\">\n                    <h3 class=\"each-title\">Utilisation<\/h3>\n                    <p class=\"each-text\">Conseils d&#8217;utilisation<br\/>\n1 \u00e0 2 g\u00e9lules par jour, \u00e0 avaler avec un grand verre d\u2019eau.\n\n\n.<br\/>\nConservation : dans un endroit frais et sec..\n\n\n\n\n\n\n<br\/>Pr\u00e9cautions d&#8217;emploi<br\/>\nL\u2019emploi chez les personnes sous traitement antidiab\u00e9tique est d\u00e9conseill\u00e9..<br\/>\nD\u00e9conseill\u00e9 aux femmes enceintes ou allaitantes et aux enfants..<br\/>\nNe pas d\u00e9passer la dose journali\u00e8re recommand\u00e9e..<br\/>\nUne consommation excessive peut avoir des effets laxatifs..<br\/>\nCe compl\u00e9ment alimentaire ne peut se substituer \u00e0 une alimentation vari\u00e9e, \u00e9quilibr\u00e9e et \u00e0 un mode de vie sain..<br\/>\n\u00c0 tenir hors de port\u00e9e des enfants..<br\/>\n\u00c0 consommer de pr\u00e9f\u00e9rence avant fin et n\u00b0 de lot mentionn\u00e9s sur la face inf\u00e9rieure de l\u2019\u00e9tui.\n\n\n\n\n\n\n\n\n\n\n\n\n\n\n\n\n\n\n\n\n\n\n\n\n<\/p>\n                <\/div>\n            <\/div>\n        <\/div>           \n    <\/div> \n\n    <script>\n        $(document).ready(function() {\n            \/\/ Open the first accordion automatically\n            $(\".each-accordionbox:first-child\").addClass(\"active\").children(\".each-text\").slideDown();\n\n            \/\/ Accordion toggle functionality\n            $(\".each-title\").on(\"click\", function() {\n                if ($(this).parent().hasClass(\"active\")) {\n                    $(this).next().slideUp();\n                    $(this).parent().removeClass(\"active\");\n                } else {\n                    $(\".each-text\").slideUp();\n                    $(\".each-accordionbox\").removeClass(\"active\");\n                    $(this).parent().addClass(\"active\");\n                    $(this).next().slideDown();\n                }\n            });\n        });\n    <\/script>\n<\/body>\n\n\n<\/div>\n<\/div>\n<\/div>\n\n\n\n<div style=\"height:100px\" aria-hidden=\"true\" class=\"wp-block-spacer\"><\/div>\n\n\n\n<div style=\"height:100px\" aria-hidden=\"true\" class=\"wp-block-spacer\"><\/div>\n\n\n\n<div class=\"wp-block-columns alignfull is-layout-flex wp-container-core-columns-is-layout-28f84493 wp-block-columns-is-layout-flex\">\n<div class=\"wp-block-column is-vertically-aligned-center is-layout-flow wp-block-column-is-layout-flow\">\n<head>\n    <script src=\"https:\/\/kit.fontawesome.com\/3b161c540c.js\" crossorigin=\"anonymous\"><\/script>\n<\/head>\n<footer class=\"footer\">\n    <div class=\"container row\">\n        <div class=\"footer-col\">\n            <h4>Laboratoire Bionatura Diet<\/h4>\n            <ul>\n                <li><a href=\"https:\/\/natura-diet.com\/?page_id=21\">Qui Somme Nous<\/a><\/li>\n            <\/ul>\n        <\/div>\n        <div class=\"footer-col\">\n            <h4> Nos partenaires<\/h4>\n            <ul>\n                <li><a href=\"https:\/\/natura-diet.com\/?page_id=692\">PileJe<\/a><\/li>\n                <li><a href=\"https:\/\/natura-diet.com\/?page_id=115\">Ineldea<\/a><\/li>\n                <li><a href=\"#\">Fertyfarm<\/a><\/li>\n                <li><a href=\"#\">Polidis<\/a><\/li>\n                <li><a href=\"#\">Eafit<\/a><\/li>\n            <\/ul>\n\n        <\/div>\n        <div class=\"footer-col\">\n\n            <h4>Nos Gammes<\/h4>\n            <ul>\n                <li><a href=\"https:\/\/natura-diet.com\/?page_id=465\">Microbiotes<\/a><\/li>\n                <li><a href=\"https:\/\/natura-diet.com\/?page_id=694\">Micronutrition<\/a><\/li>\n                <li><a href=\"https:\/\/natura-diet.com\/?page_id=517\">Phytotherapie<\/a><\/li>\n                <li><a href=\"https:\/\/natura-diet.com\/?page_id=1202\">Pediakid<\/a><\/li>\n                <li><a href=\"https:\/\/natura-diet.com\/?page_id=726\">Effiderm<\/a><\/li>\n            <\/ul>\n\n        <\/div>\n        <div class=\"footer-col\">\n            <h4>Contactez-nous<\/h4>\n            <div class=\"social-links\">\n                <a href=\"tel:+21626330240\"><i class=\"fa fa-phone\"><\/i><\/a><span class=\"text-icon\">+216 26 330 240<\/span>\n                <br \/>\n                <a href=\"mailto:bionatura2@gmail.com\"><i class=\"fa fa-envelope\" aria-hidden=\"true\"><\/i><\/a><span\n                    class=\"text-icon\">bionatura2@gmail.com<\/span> <br \/>\n                <div class=\"social-media\">\n                    <a href=\"https:\/\/www.facebook.com\/profile.php?id=100054568084108\" target=\"_blank\" rel=\"noopener\"><i\n                            class=\"fa-brands fa-facebook\"><\/i><\/a>\n                    <a href=\"https:\/\/www.instagram.com\/bio.naturadiet?igsh=cXI0aDNvM3I3MXpk\" target=\"_blank\" rel=\"noopener\"><i class=\"fa-brands fa-instagram\"><\/i><\/a>\n                    <!-- <a href=\"#\"><i class=\"fa-brands fa-linkedin-in\"><\/i><\/a> -->\n                <\/div>\n            <\/div>\n        <\/div>\n        <div class=\"footer-col\" style=\"color: white; text-align: center; display: block;margin-left: auto;\n    margin-right: auto;margin-top: 20px;\">&copy; 2024 &#8211; All right\n            reserved <a href=\"https:\/\/zeenovi.com\/\" target=\"_blank\" style=\"color: white;\" rel=\"noopener\">Zeenovi\u2122<\/a>\n        <\/div>\n\n\n    <\/div>\n<\/footer>\n<\/div>\n<\/div>\n","protected":false},"excerpt":{"rendered":"<p>PHYTOSTANDARD GINSENG Posologie Depuis plus de 20 ans, PiLeJe d\u00e9veloppe son savoir-faire en phytonutrition et focalise son exigence sur la qualit\u00e9 de la plante fra\u00eeche d\u2019origine. La marque Phytostandard\u00ae regroupe [&hellip;]<\/p>\n","protected":false},"author":1,"featured_media":0,"parent":0,"menu_order":0,"comment_status":"closed","ping_status":"closed","template":"","meta":{"_eb_attr":"","_EventAllDay":false,"_EventTimezone":"","_EventStartDate":"","_EventEndDate":"","_EventStartDateUTC":"","_EventEndDateUTC":"","_EventShowMap":false,"_EventShowMapLink":false,"_EventURL":"","_EventCost":"","_EventCostDescription":"","_EventCurrencySymbol":"","_EventCurrencyCode":"","_EventCurrencyPosition":"","_EventDateTimeSeparator":"","_EventTimeRangeSeparator":"","_EventOrganizerID":[],"_EventVenueID":[],"_OrganizerEmail":"","_OrganizerPhone":"","_OrganizerWebsite":"","_VenueAddress":"","_VenueCity":"","_VenueCountry":"","_VenueProvince":"","_VenueState":"","_VenueZip":"","_VenuePhone":"","_VenueURL":"","_VenueStateProvince":"","_VenueLat":"","_VenueLng":"","_VenueShowMap":false,"_VenueShowMapLink":false,"footnotes":""},"class_list":["post-881","page","type-page","status-publish","hentry"],"_links":{"self":[{"href":"https:\/\/natura-diet.com\/index.php?rest_route=\/wp\/v2\/pages\/881","targetHints":{"allow":["GET"]}}],"collection":[{"href":"https:\/\/natura-diet.com\/index.php?rest_route=\/wp\/v2\/pages"}],"about":[{"href":"https:\/\/natura-diet.com\/index.php?rest_route=\/wp\/v2\/types\/page"}],"author":[{"embeddable":true,"href":"https:\/\/natura-diet.com\/index.php?rest_route=\/wp\/v2\/users\/1"}],"replies":[{"embeddable":true,"href":"https:\/\/natura-diet.com\/index.php?rest_route=%2Fwp%2Fv2%2Fcomments&post=881"}],"version-history":[{"count":8,"href":"https:\/\/natura-diet.com\/index.php?rest_route=\/wp\/v2\/pages\/881\/revisions"}],"predecessor-version":[{"id":3344,"href":"https:\/\/natura-diet.com\/index.php?rest_route=\/wp\/v2\/pages\/881\/revisions\/3344"}],"wp:attachment":[{"href":"https:\/\/natura-diet.com\/index.php?rest_route=%2Fwp%2Fv2%2Fmedia&parent=881"}],"curies":[{"name":"wp","href":"https:\/\/api.w.org\/{rel}","templated":true}]}}