{"id":897,"date":"2024-03-18T10:23:46","date_gmt":"2024-03-18T09:23:46","guid":{"rendered":"https:\/\/bionaturaa.wordpress.com\/?page_id=897"},"modified":"2024-07-15T13:07:12","modified_gmt":"2024-07-15T13:07:12","slug":"pediakid-omega-3","status":"publish","type":"page","link":"https:\/\/natura-diet.com\/?page_id=897","title":{"rendered":"PEDIAKID OMEGA 3"},"content":{"rendered":"\n<div style=\"height:100px\" aria-hidden=\"true\" class=\"wp-block-spacer\"><\/div>\n\n\n\n<h3 class=\"wp-block-heading has-text-align-left has-large-font-size\"><mark style=\"background-color:rgba(0, 0, 0, 0)\" class=\"has-inline-color has-theme-3-color\">PEDIAKID OMEGA 3<\/mark><\/h3>\n\n\n\n<div style=\"height:100px\" aria-hidden=\"true\" class=\"wp-block-spacer\"><\/div>\n\n\n\n<div class=\"wp-block-group alignfull has-global-padding is-content-justification-center is-layout-constrained wp-container-core-group-is-layout-888b3e69 wp-block-group-is-layout-constrained\" style=\"margin-top:0;margin-bottom:0;padding-top:calc( 0.5 * var(u002du002dwpu002du002dstyleu002du002drootu002du002dpadding-right, var(u002du002dwpu002du002dcustomu002du002dgapu002du002dhorizontal)));padding-right:var(u002du002dwpu002du002dstyleu002du002drootu002du002dpadding-right, var(u002du002dwpu002du002dcustomu002du002dgapu002du002dhorizontal));padding-bottom:calc( 0.5 * var(u002du002dwpu002du002dstyleu002du002drootu002du002dpadding-right, var(u002du002dwpu002du002dcustomu002du002dgapu002du002dhorizontal)));padding-left:var(u002du002dwpu002du002dstyleu002du002drootu002du002dpadding-left, var(u002du002dwpu002du002dcustomu002du002dgapu002du002dhorizontal))\">\n<div style=\"height:calc( 0.25 * var(u002du002dwpu002du002dstyleu002du002drootu002du002dpadding-right, var(u002du002dwpu002du002dcustomu002du002dgapu002du002dhorizontal)))\" aria-hidden=\"true\" class=\"wp-block-spacer\"><\/div>\n\n\n\n<div class=\"wp-block-columns alignwide are-vertically-aligned-center is-layout-flex wp-container-core-columns-is-layout-7ccd07cf wp-block-columns-is-layout-flex\" style=\"padding-right:80px;padding-bottom:80px;padding-left:80px\">\n<div class=\"wp-block-column is-vertically-aligned-center is-layout-flow wp-block-column-is-layout-flow\">\n<figure class=\"wp-block-image aligncenter size-full is-resized\"><img loading=\"lazy\" decoding=\"async\" width=\"540\" height=\"540\" src=\"https:\/\/natura-diet.com\/wp-content\/uploads\/2024\/07\/omega-3.webp\" alt=\"\" class=\"wp-image-3578\" style=\"width:428px;height:auto\" srcset=\"https:\/\/natura-diet.com\/wp-content\/uploads\/2024\/07\/omega-3.webp 540w, https:\/\/natura-diet.com\/wp-content\/uploads\/2024\/07\/omega-3-300x300.webp 300w, https:\/\/natura-diet.com\/wp-content\/uploads\/2024\/07\/omega-3-150x150.webp 150w\" sizes=\"auto, (max-width: 540px) 100vw, 540px\" \/><\/figure>\n<\/div>\n\n\n\n<div class=\"wp-block-column is-vertically-aligned-center is-layout-flow wp-block-column-is-layout-flow\" style=\"flex-basis:50%\">\n<head>\n\n\n    <script src=\"https:\/\/code.jquery.com\/jquery-3.6.0.min.js\"><\/script>\n\n<\/head>\n\n<body>\n    <div class=\"container-accordion\">\n        <div class=\"accordion_inner\">\n            <div class=\"accordion-section\">\n                <div class=\"each-accordionbox\">\n                    <h3 class=\"each-title\">Posologie<\/h3>\n                    <div class=\"each-text\">\n                        <p>D\u00e8s lors que l\u2019alimentation est diversifi\u00e9e.\n                            Le + produit : Une innovation exclusive : Le Nectar d\u2019Agave\n                            Plus doux et moins \u00e9pais que le miel, ce sucre d\u2019origine v\u00e9g\u00e9tale fabriqu\u00e9 au Mexique est\n                            contenu dans toutes les formulations PEDIAKID\u00ae Sirops. Il est constitu\u00e9 de sucres naturels,\n                            non raffin\u00e9s, ce qui lui conf\u00e8re des qualit\u00e9s nutritionnelles sp\u00e9cifiques.\n                            Compl\u00e9ment alimentaire, sous forme de sirop \u00e0 base de DHA d\u2019origine naturelle, de Vitamines\n                            C-A-E-D, Magn\u00e9sium et Phosphore.\n                            En p\u00e9riode scolaire, quand l\u2019activit\u00e9 intellectuelle est plus intense, votre enfant a\n                            particuli\u00e8rement besoin de rester concentr\u00e9. Riche en un acide gras Om\u00e9ga 3 provenant\n                            d\u2019huile de poisson, le DHA, PEDIAKID\u00ae Om\u00e9ga 3 entretient le fonctionnement cognitif\n                            (m\u00e9moire, concentration, vision, apprentissage\u2026).\n                            D\u00e9licieusement aromatis\u00e9 au citron-cola, PEDIAKID\u00ae Om\u00e9ga 3 est id\u00e9al en cas de besoin accru\n                            d\u2019attention en p\u00e9riode scolaire. Etui de 125 ml.<br \/>\n                            <br \/>\n                        <\/p>\n\n                    <\/div>\n                <\/div>\n                <div class=\"each-accordionbox\">\n                    <h3 class=\"each-title\">Composition<\/h3>\n                    <div class=\"each-text\">\n                        <p>Sirop d\u2019agave 40%, eau purifi\u00e9e, fibres pr\u00e9biotiques d\u2019acacia Fibregum\u2122 15%, OmegaVie\u00ae (huile\n                            de poisson d\u00e9sodoris\u00e9e naturellement concentr\u00e9e en Om\u00e9ga 3 dont le DHA), concentr\u00e9 naturel\n                            de framboise, complexe de vitamines et min\u00e9raux : vitamines C-E-A-D3, phosphate de\n                            magn\u00e9sium, phosphate de calcium ; VitaCholine\u00ae (bitartrate de choline)(1), ar\u00f4mes naturels.\n                            <br \/>\n                            Fibregum\u2122 est une marque d\u00e9pos\u00e9e de Nexira.<br \/>\n                            (1)VitaCholine\u00ae is a registered trademark of Balchem Corporation<br \/>\n                            <strong>Informations nutritionnelles moyennes:<\/strong>\n                        <\/p>\n                        <div class=\"table-container\">\n                            <table class=\"responsive-table\">\n                                <thead>\n                                    <tr>\n                                        <th>Informations nutritionnelles moyennes<\/th>\n                                        <th>2 cuill\u00e8res \u00e0 caf\u00e9 (10 ml)*<\/th>\n                                    <\/tr>\n                                <\/thead>\n                                <tbody>\n                                    <tr>\n                                        <td data-label=\"Informations nutritionnelles moyennes\">Fibres pr\u00e9biotiques\n                                            Fibregum<sup>TM<\/sup><\/td>\n                                        <td data-label=\"2 cuill\u00e8res \u00e0 caf\u00e9 (10 ml)*\">1,8 g<\/td>\n                                    <\/tr>\n                                    <tr>\n                                        <td data-label=\"Informations nutritionnelles moyennes\">Huile de\n                                            poissons<br><em>Dont Omega 3<\/em><br><em>Dont DHA<\/em><br><em>Dont EPA<\/em>\n                                        <\/td>\n                                        <td data-label=\"2 cuill\u00e8res \u00e0 caf\u00e9 (10 ml)*\"><em>165 mg<\/em><br><em>115\n                                                mg<\/em><br><em>20 mg<\/em><\/td>\n                                    <\/tr>\n                                    <tr>\n                                        <td data-label=\"Informations nutritionnelles moyennes\">Choline<\/td>\n                                        <td data-label=\"2 cuill\u00e8res \u00e0 caf\u00e9 (10 ml)*\">71 mg<\/td>\n                                    <\/tr>\n                                    <tr>\n                                        <td data-label=\"Informations nutritionnelles moyennes\">Vitamine C<\/td>\n                                        <td data-label=\"2 cuill\u00e8res \u00e0 caf\u00e9 (10 ml)*\">40 mg (50% AR)<\/td>\n                                    <\/tr>\n                                    <tr>\n                                        <td data-label=\"Informations nutritionnelles moyennes\">Vitamine E<\/td>\n                                        <td data-label=\"2 cuill\u00e8res \u00e0 caf\u00e9 (10 ml)*\">6 mg (50% AR)<\/td>\n                                    <\/tr>\n                                    <tr>\n                                        <td data-label=\"Informations nutritionnelles moyennes\">Vitamine A<\/td>\n                                        <td data-label=\"2 cuill\u00e8res \u00e0 caf\u00e9 (10 ml)*\">400 \u00b5g (50% AR)<\/td>\n                                    <\/tr>\n                                    <tr>\n                                        <td data-label=\"Informations nutritionnelles moyennes\">Vitamine D<\/td>\n                                        <td data-label=\"2 cuill\u00e8res \u00e0 caf\u00e9 (10 ml)*\">2.5 \u00b5g (50% AR)<\/td>\n                                    <\/tr>\n                                    <tr>\n                                        <td data-label=\"Informations nutritionnelles moyennes\">Magn\u00e9sium<\/td>\n                                        <td data-label=\"2 cuill\u00e8res \u00e0 caf\u00e9 (10 ml)*\">0.2 mg (0,06% AR)<\/td>\n                                    <\/tr>\n                                    <tr>\n                                        <td data-label=\"Informations nutritionnelles moyennes\">Phosphore<\/td>\n                                        <td data-label=\"2 cuill\u00e8res \u00e0 caf\u00e9 (10 ml)*\">0.2 mg (0,02% AR)<\/td>\n                                    <\/tr>\n                                <\/tbody>\n                            <\/table>\n                        <\/div>\n                    <\/div>\n                <\/div>\n                <div class=\"each-accordionbox\">\n                    <h3 class=\"each-title\">Utilisation<\/h3>\n                    <div class=\"each-text\">\n                        <p>Conseils d&#8217;utilisation<br \/>\n                            Peut \u00eatre utilis\u00e9 d\u00e8s lors que l\u2019alimentation est diversifi\u00e9e. Agiter avant l&#8217;emploi.<br \/>\n                            Avant 5 ans : 1 cuill\u00e8re \u00e0 caf\u00e9 par jour, apr\u00e8s les repas.<br \/>\n                            Apr\u00e8s 5 ans : 1 \u00e0 2 cuill\u00e8res \u00e0 caf\u00e9 par jour apr\u00e8s le d\u00e9jeuner et\/ou le d\u00eener. (Les 2\n                            cuill\u00e8res pouvant \u00eatre prises en m\u00eame temps le soir si l\u2019enfant mange \u00e0 la cantine le\n                            midi).<br \/>\n                            En programme de 1 mois. A renouveler plusieurs fois dans l\u2019ann\u00e9e si n\u00e9cessaire. Ce produit\n                            peut \u00e9galement convenir \u00e0 l\u2019adulte de plus de 15 ans.<br \/>\n                            \u00c0 conserver dans un endroit frais et sec (4-22\u00b0C).\n                        <\/p>\n                        <p>Pr\u00e9cautions d&#8217;emploi<br \/>\n                            A conserver hors de la port\u00e9e des enfants, \u00e0 l\u2019abri de la chaleur et de l\u2019humidit\u00e9. A\n                            consommer dans le cadre d\u2019une alimentation vari\u00e9e et \u00e9quilibr\u00e9e, et d\u2019un mode de vie sain.\n                            Il est recommand\u00e9 de ne pas d\u00e9passer le dosage conseill\u00e9. L\u2019effet b\u00e9n\u00e9fique chez l\u2019adulte\n                            est obtenu pour une consommation de DHA de 250 mg par jour. A consommer de pr\u00e9f\u00e9rence avant\n                            la date indiqu\u00e9e sur l\u2019emballage. A conserver au r\u00e9frig\u00e9rateur et consommer dans les 30\n                            jours apr\u00e8s ouverture.\n                        <\/p>\n                    <\/div>\n                <\/div>\n            <\/div>\n        <\/div>\n    <\/div>\n\n    <\/tbody>\n    <\/table>\n\n    <\/div>\n    <\/div>\n\n\n\n    <script>\n        $(document).ready(function () {\n            \/\/ Open the first accordion automatically\n            $(\".each-accordionbox:first-child\").addClass(\"active\").children(\".each-text\").slideDown();\n\n            \/\/ Accordion toggle functionality\n            $(\".each-title\").on(\"click\",function () {\n                if ($(this).parent().hasClass(\"active\")) {\n                    $(this).next().slideUp();\n                    $(this).parent().removeClass(\"active\");\n                } else {\n                    $(\".each-text\").slideUp();\n                    $(\".each-accordionbox\").removeClass(\"active\");\n                    $(this).parent().addClass(\"active\");\n                    $(this).next().slideDown();\n                }\n            });\n        });\n    <\/script>\n<\/body>\n<\/div>\n<\/div>\n<\/div>\n\n\n\n<div style=\"height:100px\" aria-hidden=\"true\" class=\"wp-block-spacer\"><\/div>\n\n\n\n<div class=\"wp-block-columns alignfull is-layout-flex wp-container-core-columns-is-layout-28f84493 wp-block-columns-is-layout-flex\">\n<div class=\"wp-block-column is-vertically-aligned-center is-layout-flow wp-block-column-is-layout-flow\">\n<head>\n    <script src=\"https:\/\/kit.fontawesome.com\/3b161c540c.js\" crossorigin=\"anonymous\"><\/script>\n<\/head>\n<footer class=\"footer\">\n    <div class=\"container row\">\n        <div class=\"footer-col\">\n            <h4>Laboratoire Bionatura Diet<\/h4>\n            <ul>\n                <li><a href=\"https:\/\/natura-diet.com\/?page_id=21\">Qui Somme Nous<\/a><\/li>\n            <\/ul>\n        <\/div>\n        <div class=\"footer-col\">\n            <h4> Nos partenaires<\/h4>\n            <ul>\n                <li><a href=\"https:\/\/natura-diet.com\/?page_id=692\">PileJe<\/a><\/li>\n                <li><a href=\"https:\/\/natura-diet.com\/?page_id=115\">Ineldea<\/a><\/li>\n                <li><a href=\"#\">Fertyfarm<\/a><\/li>\n                <li><a href=\"#\">Polidis<\/a><\/li>\n                <li><a href=\"#\">Eafit<\/a><\/li>\n            <\/ul>\n\n        <\/div>\n        <div class=\"footer-col\">\n\n            <h4>Nos Gammes<\/h4>\n            <ul>\n                <li><a href=\"https:\/\/natura-diet.com\/?page_id=465\">Microbiotes<\/a><\/li>\n                <li><a href=\"https:\/\/natura-diet.com\/?page_id=694\">Micronutrition<\/a><\/li>\n                <li><a href=\"https:\/\/natura-diet.com\/?page_id=517\">Phytotherapie<\/a><\/li>\n                <li><a href=\"https:\/\/natura-diet.com\/?page_id=1202\">Pediakid<\/a><\/li>\n                <li><a href=\"https:\/\/natura-diet.com\/?page_id=726\">Effiderm<\/a><\/li>\n            <\/ul>\n\n        <\/div>\n        <div class=\"footer-col\">\n            <h4>Contactez-nous<\/h4>\n            <div class=\"social-links\">\n                <a href=\"tel:+21626330240\"><i class=\"fa fa-phone\"><\/i><\/a><span class=\"text-icon\">+216 26 330 240<\/span>\n                <br \/>\n                <a href=\"mailto:bionatura2@gmail.com\"><i class=\"fa fa-envelope\" aria-hidden=\"true\"><\/i><\/a><span\n                    class=\"text-icon\">bionatura2@gmail.com<\/span> <br \/>\n                <div class=\"social-media\">\n                    <a href=\"https:\/\/www.facebook.com\/profile.php?id=100054568084108\" target=\"_blank\" rel=\"noopener\"><i\n                            class=\"fa-brands fa-facebook\"><\/i><\/a>\n                    <a href=\"https:\/\/www.instagram.com\/bio.naturadiet?igsh=cXI0aDNvM3I3MXpk\" target=\"_blank\" rel=\"noopener\"><i class=\"fa-brands fa-instagram\"><\/i><\/a>\n                    <!-- <a href=\"#\"><i class=\"fa-brands fa-linkedin-in\"><\/i><\/a> -->\n                <\/div>\n            <\/div>\n        <\/div>\n        <div class=\"footer-col\" style=\"color: white; text-align: center; display: block;margin-left: auto;\n    margin-right: auto;margin-top: 20px;\">&copy; 2024 &#8211; All right\n            reserved <a href=\"https:\/\/zeenovi.com\/\" target=\"_blank\" style=\"color: white;\" rel=\"noopener\">Zeenovi\u2122<\/a>\n        <\/div>\n\n\n    <\/div>\n<\/footer>\n<\/div>\n<\/div>\n","protected":false},"excerpt":{"rendered":"<p>PEDIAKID OMEGA 3 Posologie D\u00e8s lors que l\u2019alimentation est diversifi\u00e9e. Le + produit : Une innovation exclusive : Le Nectar d\u2019Agave Plus doux et moins \u00e9pais que le miel, ce [&hellip;]<\/p>\n","protected":false},"author":1,"featured_media":0,"parent":0,"menu_order":0,"comment_status":"closed","ping_status":"closed","template":"","meta":{"_eb_attr":"","_EventAllDay":false,"_EventTimezone":"","_EventStartDate":"","_EventEndDate":"","_EventStartDateUTC":"","_EventEndDateUTC":"","_EventShowMap":false,"_EventShowMapLink":false,"_EventURL":"","_EventCost":"","_EventCostDescription":"","_EventCurrencySymbol":"","_EventCurrencyCode":"","_EventCurrencyPosition":"","_EventDateTimeSeparator":"","_EventTimeRangeSeparator":"","_EventOrganizerID":[],"_EventVenueID":[],"_OrganizerEmail":"","_OrganizerPhone":"","_OrganizerWebsite":"","_VenueAddress":"","_VenueCity":"","_VenueCountry":"","_VenueProvince":"","_VenueState":"","_VenueZip":"","_VenuePhone":"","_VenueURL":"","_VenueStateProvince":"","_VenueLat":"","_VenueLng":"","_VenueShowMap":false,"_VenueShowMapLink":false,"footnotes":""},"class_list":["post-897","page","type-page","status-publish","hentry"],"_links":{"self":[{"href":"https:\/\/natura-diet.com\/index.php?rest_route=\/wp\/v2\/pages\/897","targetHints":{"allow":["GET"]}}],"collection":[{"href":"https:\/\/natura-diet.com\/index.php?rest_route=\/wp\/v2\/pages"}],"about":[{"href":"https:\/\/natura-diet.com\/index.php?rest_route=\/wp\/v2\/types\/page"}],"author":[{"embeddable":true,"href":"https:\/\/natura-diet.com\/index.php?rest_route=\/wp\/v2\/users\/1"}],"replies":[{"embeddable":true,"href":"https:\/\/natura-diet.com\/index.php?rest_route=%2Fwp%2Fv2%2Fcomments&post=897"}],"version-history":[{"count":56,"href":"https:\/\/natura-diet.com\/index.php?rest_route=\/wp\/v2\/pages\/897\/revisions"}],"predecessor-version":[{"id":3579,"href":"https:\/\/natura-diet.com\/index.php?rest_route=\/wp\/v2\/pages\/897\/revisions\/3579"}],"wp:attachment":[{"href":"https:\/\/natura-diet.com\/index.php?rest_route=%2Fwp%2Fv2%2Fmedia&parent=897"}],"curies":[{"name":"wp","href":"https:\/\/api.w.org\/{rel}","templated":true}]}}