{"id":904,"date":"2024-03-18T10:35:40","date_gmt":"2024-03-18T09:35:40","guid":{"rendered":"https:\/\/bionaturaa.wordpress.com\/?page_id=904"},"modified":"2024-07-15T13:09:29","modified_gmt":"2024-07-15T13:09:29","slug":"pediakid-sommeil","status":"publish","type":"page","link":"https:\/\/natura-diet.com\/?page_id=904","title":{"rendered":"PEDIAKID SOMMEIL"},"content":{"rendered":"\n<div style=\"height:100px\" aria-hidden=\"true\" class=\"wp-block-spacer\"><\/div>\n\n\n\n<h3 class=\"wp-block-heading has-text-align-left has-large-font-size\"><mark style=\"background-color:rgba(0, 0, 0, 0)\" class=\"has-inline-color has-theme-3-color\">PEDIAKID SOMMEIL<\/mark><\/h3>\n\n\n\n<div style=\"height:100px\" aria-hidden=\"true\" class=\"wp-block-spacer\"><\/div>\n\n\n\n<div class=\"wp-block-group alignfull has-global-padding is-content-justification-center is-layout-constrained wp-container-core-group-is-layout-888b3e69 wp-block-group-is-layout-constrained\" style=\"margin-top:0;margin-bottom:0;padding-top:calc( 0.5 * var(u002du002dwpu002du002dstyleu002du002drootu002du002dpadding-right, var(u002du002dwpu002du002dcustomu002du002dgapu002du002dhorizontal)));padding-right:var(u002du002dwpu002du002dstyleu002du002drootu002du002dpadding-right, var(u002du002dwpu002du002dcustomu002du002dgapu002du002dhorizontal));padding-bottom:calc( 0.5 * var(u002du002dwpu002du002dstyleu002du002drootu002du002dpadding-right, var(u002du002dwpu002du002dcustomu002du002dgapu002du002dhorizontal)));padding-left:var(u002du002dwpu002du002dstyleu002du002drootu002du002dpadding-left, var(u002du002dwpu002du002dcustomu002du002dgapu002du002dhorizontal))\">\n<div style=\"height:calc( 0.25 * var(u002du002dwpu002du002dstyleu002du002drootu002du002dpadding-right, var(u002du002dwpu002du002dcustomu002du002dgapu002du002dhorizontal)))\" aria-hidden=\"true\" class=\"wp-block-spacer\"><\/div>\n\n\n\n<div class=\"wp-block-columns alignwide are-vertically-aligned-center is-layout-flex wp-container-core-columns-is-layout-28f84493 wp-block-columns-is-layout-flex\">\n<div class=\"wp-block-column is-vertically-aligned-center is-layout-flow wp-block-column-is-layout-flow\">\n<figure class=\"wp-block-image aligncenter size-full is-resized\"><img loading=\"lazy\" decoding=\"async\" width=\"540\" height=\"540\" src=\"https:\/\/natura-diet.com\/wp-content\/uploads\/2024\/07\/sommeil.webp\" alt=\"\" class=\"wp-image-3582\" style=\"width:441px;height:auto\" srcset=\"https:\/\/natura-diet.com\/wp-content\/uploads\/2024\/07\/sommeil.webp 540w, https:\/\/natura-diet.com\/wp-content\/uploads\/2024\/07\/sommeil-300x300.webp 300w, https:\/\/natura-diet.com\/wp-content\/uploads\/2024\/07\/sommeil-150x150.webp 150w\" sizes=\"auto, (max-width: 540px) 100vw, 540px\" \/><\/figure>\n<\/div>\n\n\n\n<div class=\"wp-block-column is-vertically-aligned-center is-layout-flow wp-block-column-is-layout-flow\">\n<head>\n\n\n    <script src=\"https:\/\/code.jquery.com\/jquery-3.6.0.min.js\"><\/script>\n\n<\/head>\n\n<body>\n    <div class=\"container-accordion\">\n        <div class=\"accordion_inner\">\n            <div class=\"accordion-section\">\n                <div class=\"each-accordionbox\">\n                    <h3 class=\"each-title\">Posologie<\/h3>\n                    <div class=\"each-text\">\n                        <p>D\u00e8s lors que l\u2019alimentation est diversifi\u00e9e. <br \/>\n\n                            Le + produit : FORMULE BREVET\u00c9E <br \/>\n\n                            Une innovation exclusive : l\u2019association unique de Nectar d\u2019Agave, Fibres Pr\u00e9biotiques\n                            d\u2019Acacia et Extraits de Plantes.<br \/>\n\n                            Plus doux et moins \u00e9pais que le miel, le Nectar d\u2019Agave est un sucrant d\u2019origine v\u00e9g\u00e9tale\n                            fabriqu\u00e9 au Mexique, pr\u00e9sentant un index glyc\u00e9mique faible. Il est constitu\u00e9 de sucres\n                            naturels, non raffin\u00e9s, ce qui lui conf\u00e8re des qualit\u00e9s nutritionnelles sp\u00e9cifiques. Les\n                            Fibres d\u2019Acacia sont des pr\u00e9biotiques d\u2019origine naturelle qui vont agir sur l\u2019\u00e9quilibre de\n                            la flore intestinale et permettre une meilleure assimilation des actifs\n\n                            Compl\u00e9ment alimentaire \u00e0 base d\u2019extraits de Fleur d\u2019Oranger, Lavande, Camomille, M\u00e9lisse,\n                            Marjolaine et Aub\u00e9pine.<br \/>\n\n                            PEDIAKID\u00ae Sommeil associe des actifs d\u2019origine naturelle pour favoriser l\u2019endormissement et\n                            \u00e9viter les r\u00e9veils nocturnes. Sa formule douce et apaisante, \u00e0 base de Lavande, M\u00e9lisse,\n                            Camomille, Marjolaine et Aub\u00e9pine, est id\u00e9ale pour apaiser l\u2019enfant au coucher et retrouver\n                            un sommeil de qualit\u00e9, utile au maintien de la vigilance dans la journ\u00e9e et \u00e0\n                            l\u2019\u00e9panouissement.\n\n                            PEDIAKID\u00ae Sommeil est \u00e9labor\u00e9 sans gluten, sans allerg\u00e8ne, sans ingr\u00e9dient d\u2019origine\n                            animale, sans OGM, sans ar\u00f4me ni colorant artificiels et sans conservateur.<br \/>\n\n                            D\u00e9licieusement aromatis\u00e9 \u00e0 la cerise. Flacon de 125 ml ou format familial 250 ml. Peut\n                            \u00e9galement convenir \u00e0 l\u2019adulte de plus de 15 ans.<br \/>\n\n                            LE SAVIEZ-VOUS ?\n                            Chez l\u2019enfant, les troubles du sommeil sont fr\u00e9quents et peuvent avoir diverses origines\n                            selon l\u2019\u00e2ge.<br \/>\n\n                            En effet, ils concernent 25% des jeunes enfants(1), 50% des enfants d\u2019\u00e2ge scolaire(2) et 33%\n                            des adolescents(3).<br \/>\n\n                            Une fois les causes pathologiques \u00e9cart\u00e9es, les principales raisons sont les suivantes :\n\n                            Chez le jeune enfant\n\n                            Les angoisses : (la peur du coucher, de la s\u00e9paration du noir,\u2026)\n                            L\u2019alimentation : un repas du soir insuffisant ou trop abondant peut avoir une influence sur\n                            le sommeil\n                            Les terreurs nocturnes : elles apparaissent en d\u00e9but de nuit, en sommeil profond, et se\n                            manifestent par une agitation de l\u2019enfant, des sueurs, parfois des cris ou des pleurs\n                            Chez le grand enfant et le pr\u00e9adolescent\n\n                            Une hygi\u00e8ne de vie inad\u00e9quate (rupture des rythmes biologiques, trop de temps pass\u00e9 sur\n                            \u00e9crans&#8230;)\n                            L\u2019anxi\u00e9t\u00e9 : stress, conflits familiaux, difficult\u00e9s scolaires, facteurs psycho-affectifs&#8230;\n                            sont autant de facteurs qui risquent d\u2019affecter l\u2019enfant et son sommeil.\n                            (1) Mindell JA: Sleep disorders in children. Health Psychology 1993; 33: 151-162.<br \/>\n\n                            (2) Kahn A, Van de Merckt C, Rebuffat E et al: Sleep problems in healthy preadolescents.\n                            Pediatrics 1989; 84: 542-546.<br \/>\n\n                            (3) Morrison DN, McGee R, Stanton WR: Sleep problems in adolescence. Journal of the American\n                            Academy of Child and Adolescent Psychiatry 1992; 31: 94-99.<br \/>\n\n\n\n                            Les perturbations du sommeil ne sont pas sans cons\u00e9quence sur la vie de l\u2019enfant mais aussi\n                            sur celle de son entourage. On pourra observer :<br \/>\n\n                            Un risque d\u2019irritabilit\u00e9 de l\u2019enfant<br \/>\n                            Un manque de concentration et de m\u00e9morisation qui peut, sur le long terme, entra\u00eener des\n                            difficult\u00e9s scolaires<br \/>\n                            Une somnolence diurne<br \/>\n                            Un risque de surpoids<br \/>\n                            Les rituels, un premier pas vers un sommeil de qualit\u00e9<br \/>\n\n                            On privil\u00e9giera des horaires de coucher et de lever r\u00e9guliers<br \/>\n                            Un environnement familial sain, non conflictuel et propice \u00e0 la d\u00e9tente favorisera\n                            l\u2019apaisement de l\u2019enfant avant l\u2019endormissement<br \/>\n                            Il est \u00e9galement conseill\u00e9 de mettre en place un \u00ab rituel de coucher \u00bb : la lecture d\u2019une\n                            histoire, un c\u00e2lin\u2026<br \/>\n                            Enfin, des plantes aux vertus apaisantes pourront participer \u00e0 l\u2019apaisement et favoriser un\n                            sommeil de qualit\u00e9.<br \/>\n                            PEDIAKID SOMMEIL, UNE SYNERGIE D\u2019ACTIFS 100 % D\u2019ORIGINE NATURELLE\n\n                            Chaque formule sirop PEDIAKID est constitu\u00e9e d\u2019une base de Nectar d\u2019Agave et de fibres\n                            pr\u00e9biotiques d\u2019Acacia, \u00e0 laquelle viennent s\u2019ajouter des extraits de plantes, des vitamines\n                            et des min\u00e9raux (dans la plupart des formules) sp\u00e9cifiques \u00e0 chaque formule.<br \/>\n\n                            Quels extraits de plantes dans PEDIAKID Sommeil?<br \/>\n\n                            M\u00e9lisse : elle est r\u00e9put\u00e9e pour apaiser en douceur les troubles qui ont une origine nerveuse\n                            et favoriser un endormissement rapide.<br \/>\n                            Aub\u00e9pine: elle est connue pour r\u00e9duire l\u2019anxi\u00e9t\u00e9 des enfants et restaurer un sommeil de\n                            qualit\u00e9 tout en \u00e9vitant la somnolence pendant la journ\u00e9e.<br \/>\n                            Marjolaine : elle renforce l\u2019efficacit\u00e9 de la m\u00e9lisse en aidant \u00e0 lutter contre les\n                            difficult\u00e9s d\u2019endormissement li\u00e9es notamment \u00e0 la nervosit\u00e9.<br \/>\n                            Camomille : elle permet de retrouver un sommeil r\u00e9parateur en douceur gr\u00e2ce \u00e0 sa double\n                            action sur le syst\u00e8me nerveux et le syst\u00e8me digestif.<br \/>\n                            Lavande : elle agit en synergie avec les autres plantes pour limiter les r\u00e9veils nocturnes\n                            tr\u00e8s fr\u00e9quents chez les enfants\n                            <br \/>\n                        <\/p>\n\n                    <\/div>\n                <\/div>\n                <div class=\"each-accordionbox\">\n                    <h3 class=\"each-title\">Composition<\/h3>\n                    <div class=\"each-text\">\n                        <p>Ingr\u00e9dients : Sirop d\u2019agave 40%, eau purifi\u00e9e, fibres pr\u00e9biotiques d\u2019acacia Fibregum\u2122 15%,\n                            extrait aqueux de plantes (Fleur d\u2019oranger, Lavande, Camomille, M\u00e9lisse, Marjolaine,\n                            Aub\u00e9pine), poudre de cerise, ar\u00f4mes naturels, jus concentr\u00e9 de citron, gluconate de\n                            Magn\u00e9sium, gluconate de Mangan\u00e8se, Phosphate de sodium. <br \/>\n\n                            Fibregum\u2122 est une marque de Nexira. <br \/>\n                            <br \/>\n                            Sans gluten &#8211; Sans allerg\u00e8ne &#8211; Sans ingr\u00e9dient d&#8217;origine animale &#8211; Sans OGM &#8211; Sans ar\u00f4me ni\n                            colorant artificiels &#8211; Sans conservateur. <br \/>\n                            <strong>Informations nutritionnelles moyennes:<\/strong>\n                        <\/p>\n                        <div class=\"table-container\">\n                            <table class=\"responsive-table\">\n                                <thead>\n                                    <tr>\n                                        <th>Informations nutritionnelles moyennes<\/th>\n                                        <th>2 cuill\u00e8res \u00e0 caf\u00e9 (10 ml)<\/th>\n                                    <\/tr>\n                                <\/thead>\n                                <tbody>\n                                    <tr>\n                                        <td data-label=\"Informations nutritionnelles moyennes\">Fibres pr\u00e9biotiques\n                                            d\u2019acacia Fibregum\u2122<\/td>\n                                        <td data-label=\"2 cuill\u00e8res \u00e0 caf\u00e9 (10 ml)\">1,8 g<\/td>\n                                    <\/tr>\n                                    <tr>\n                                        <td data-label=\"Informations nutritionnelles moyennes\">\n                                            Extrait aqueux de plantes dont :\n                                            <br><em>Extrait de fleur d\u2019Oranger (Citrus sinensis)<\/em>\n                                            <br><em>Extrait de Lavande (Lavandula angustifolia)<\/em>\n                                            <br> <em>Extrait de Camomille (Matricaria recutita)<\/em>\n                                            <br> <em>Extrait de M\u00e9lisse (Melissa officinalis)<\/em>\n                                            <br> <em>Extrait de Marjolaine (Origanum majorana)<\/em>\n                                            <br> <em>Extrait d\u2019Aub\u00e9pine (Crataegus laevigata)<\/em>\n                                        <\/td>\n                                        <td>\n                                            <br><em>170 mg<\/em>\n                                            <br> <em>170 mg<\/em>\n                                            <br><em>170 mg<\/em>\n                                            <br> <em>170 mg<\/em>\n                                            <br> <em>170 mg<\/em>\n                                            <br> <em>170 mg<\/em>\n                                        <\/td>\n                                    <\/tr>\n                                    <tr>\n                                        <td data-label=\"Informations nutritionnelles moyennes\">Magn\u00e9sium<\/td>\n                                        <td data-label=\"2 cuill\u00e8res \u00e0 caf\u00e9 (10 ml)\">2 mg (AR*)<\/td>\n                                    <\/tr>\n                                    <tr>\n                                        <td data-label=\"Informations nutritionnelles moyennes\">Mangan\u00e8se<\/td>\n                                        <td data-label=\"2 cuill\u00e8res \u00e0 caf\u00e9 (10 ml)\">0,14 mg (AR*)<\/td>\n                                    <\/tr>\n                                    <tr>\n                                        <td data-label=\"Informations nutritionnelles moyennes\">Phosphore<\/td>\n                                        <td data-label=\"2 cuill\u00e8res \u00e0 caf\u00e9 (10 ml)\">0,06 mg (AR*)<\/td>\n                                    <\/tr>\n                                <\/tbody>\n                            <\/table>\n                        <\/div>\n\n\n\n                    <\/div>\n                <\/div>\n                <div class=\"each-accordionbox\">\n                    <h3 class=\"each-title\">Utilisation<\/h3>\n                    <div class=\"each-text\">\n                        <p>Conseils d&#8217;utilisation<br \/>\n                            Peut \u00eatre utilis\u00e9 d\u00e8s lors que l\u2019alimentation est diversifi\u00e9e. Agiter avant emploi.<br \/>\n\n                            Avant 5 ans : 1 cuill\u00e8re \u00e0 caf\u00e9 avant le coucher.<br \/>\n                            Apr\u00e8s 5 ans : 2 cuill\u00e8res \u00e0 caf\u00e9 avant le coucher.<br \/>\n                            1 cuill\u00e8re \u00e0 caf\u00e9 = 5 ml. En programme de 1 \u00e0 2 mois. A renouveler plusieurs fois dans\n                            l\u2019ann\u00e9e si n\u00e9cessaire. Ce produit peut \u00e9galement convenir \u00e0 l\u2019adulte de plus de 15 ans.\n\n\n                        <\/p>\n                        <p>Pr\u00e9cautions d&#8217;emploi<br \/>\n                            A conserver hors de la port\u00e9e des enfants, \u00e0 l\u2019abri de la chaleur et de l\u2019humidit\u00e9. A\n                            consommer dans le cadre d\u2019une alimentation vari\u00e9e et \u00e9quilibr\u00e9e, et d\u2019un mode de vie sain.\n                            Il est recommand\u00e9 de ne pas d\u00e9passer le dosage conseill\u00e9. A consommer de pr\u00e9f\u00e9rence avant la\n                            date indiqu\u00e9e sur l\u2019emballage. A conserver au r\u00e9frig\u00e9rateur et consommer dans les 30 jours\n                            apr\u00e8s ouverture.<br \/>\n                        <\/p>\n                    <\/div>\n                <\/div>\n            <\/div>\n        <\/div>\n    <\/div>\n\n    <\/tbody>\n    <\/table>\n\n    <\/div>\n    <\/div>\n\n\n\n    <script>\n        $(document).ready(function () {\n            \/\/ Open the first accordion automatically\n            $(\".each-accordionbox:first-child\").addClass(\"active\").children(\".each-text\").slideDown();\n\n            \/\/ Accordion toggle functionality\n            $(\".each-title\").on(\"click\",function () {\n                if ($(this).parent().hasClass(\"active\")) {\n                    $(this).next().slideUp();\n                    $(this).parent().removeClass(\"active\");\n                } else {\n                    $(\".each-text\").slideUp();\n                    $(\".each-accordionbox\").removeClass(\"active\");\n                    $(this).parent().addClass(\"active\");\n                    $(this).next().slideDown();\n                }\n            });\n        });\n    <\/script>\n<\/body>\n\n\n\n<div style=\"height:var(--wp--preset--spacing--10)\" aria-hidden=\"true\" class=\"wp-block-spacer\"><\/div>\n<\/div>\n<\/div>\n<\/div>\n\n\n\n<div style=\"height:100px\" aria-hidden=\"true\" class=\"wp-block-spacer\"><\/div>\n\n\n\n<div style=\"height:100px\" aria-hidden=\"true\" class=\"wp-block-spacer\"><\/div>\n\n\n\n<div style=\"height:100px\" aria-hidden=\"true\" class=\"wp-block-spacer\"><\/div>\n\n\n\n<div class=\"wp-block-columns alignfull is-layout-flex wp-container-core-columns-is-layout-28f84493 wp-block-columns-is-layout-flex\">\n<div class=\"wp-block-column is-vertically-aligned-center is-layout-flow wp-block-column-is-layout-flow\">\n<head>\n    <script src=\"https:\/\/kit.fontawesome.com\/3b161c540c.js\" crossorigin=\"anonymous\"><\/script>\n<\/head>\n<footer class=\"footer\">\n    <div class=\"container row\">\n        <div class=\"footer-col\">\n            <h4>Laboratoire Bionatura Diet<\/h4>\n            <ul>\n                <li><a href=\"https:\/\/natura-diet.com\/?page_id=21\">Qui Somme Nous<\/a><\/li>\n            <\/ul>\n        <\/div>\n        <div class=\"footer-col\">\n            <h4> Nos partenaires<\/h4>\n            <ul>\n                <li><a href=\"https:\/\/natura-diet.com\/?page_id=692\">PileJe<\/a><\/li>\n                <li><a href=\"https:\/\/natura-diet.com\/?page_id=115\">Ineldea<\/a><\/li>\n                <li><a href=\"#\">Fertyfarm<\/a><\/li>\n                <li><a href=\"#\">Polidis<\/a><\/li>\n                <li><a href=\"#\">Eafit<\/a><\/li>\n            <\/ul>\n\n        <\/div>\n        <div class=\"footer-col\">\n\n            <h4>Nos Gammes<\/h4>\n            <ul>\n                <li><a href=\"https:\/\/natura-diet.com\/?page_id=465\">Microbiotes<\/a><\/li>\n                <li><a href=\"https:\/\/natura-diet.com\/?page_id=694\">Micronutrition<\/a><\/li>\n                <li><a href=\"https:\/\/natura-diet.com\/?page_id=517\">Phytotherapie<\/a><\/li>\n                <li><a href=\"https:\/\/natura-diet.com\/?page_id=1202\">Pediakid<\/a><\/li>\n                <li><a href=\"https:\/\/natura-diet.com\/?page_id=726\">Effiderm<\/a><\/li>\n            <\/ul>\n\n        <\/div>\n        <div class=\"footer-col\">\n            <h4>Contactez-nous<\/h4>\n            <div class=\"social-links\">\n                <a href=\"tel:+21626330240\"><i class=\"fa fa-phone\"><\/i><\/a><span class=\"text-icon\">+216 26 330 240<\/span>\n                <br \/>\n                <a href=\"mailto:bionatura2@gmail.com\"><i class=\"fa fa-envelope\" aria-hidden=\"true\"><\/i><\/a><span\n                    class=\"text-icon\">bionatura2@gmail.com<\/span> <br \/>\n                <div class=\"social-media\">\n                    <a href=\"https:\/\/www.facebook.com\/profile.php?id=100054568084108\" target=\"_blank\" rel=\"noopener\"><i\n                            class=\"fa-brands fa-facebook\"><\/i><\/a>\n                    <a href=\"https:\/\/www.instagram.com\/bio.naturadiet?igsh=cXI0aDNvM3I3MXpk\" target=\"_blank\" rel=\"noopener\"><i class=\"fa-brands fa-instagram\"><\/i><\/a>\n                    <!-- <a href=\"#\"><i class=\"fa-brands fa-linkedin-in\"><\/i><\/a> -->\n                <\/div>\n            <\/div>\n        <\/div>\n        <div class=\"footer-col\" style=\"color: white; text-align: center; display: block;margin-left: auto;\n    margin-right: auto;margin-top: 20px;\">&copy; 2024 &#8211; All right\n            reserved <a href=\"https:\/\/zeenovi.com\/\" target=\"_blank\" style=\"color: white;\" rel=\"noopener\">Zeenovi\u2122<\/a>\n        <\/div>\n\n\n    <\/div>\n<\/footer>\n<\/div>\n<\/div>\n","protected":false},"excerpt":{"rendered":"<p>PEDIAKID SOMMEIL Posologie D\u00e8s lors que l\u2019alimentation est diversifi\u00e9e. Le + produit : FORMULE BREVET\u00c9E Une innovation exclusive : l\u2019association unique de Nectar d\u2019Agave, Fibres Pr\u00e9biotiques d\u2019Acacia et Extraits de [&hellip;]<\/p>\n","protected":false},"author":1,"featured_media":0,"parent":0,"menu_order":0,"comment_status":"closed","ping_status":"closed","template":"","meta":{"_eb_attr":"","_EventAllDay":false,"_EventTimezone":"","_EventStartDate":"","_EventEndDate":"","_EventStartDateUTC":"","_EventEndDateUTC":"","_EventShowMap":false,"_EventShowMapLink":false,"_EventURL":"","_EventCost":"","_EventCostDescription":"","_EventCurrencySymbol":"","_EventCurrencyCode":"","_EventCurrencyPosition":"","_EventDateTimeSeparator":"","_EventTimeRangeSeparator":"","_EventOrganizerID":[],"_EventVenueID":[],"_OrganizerEmail":"","_OrganizerPhone":"","_OrganizerWebsite":"","_VenueAddress":"","_VenueCity":"","_VenueCountry":"","_VenueProvince":"","_VenueState":"","_VenueZip":"","_VenuePhone":"","_VenueURL":"","_VenueStateProvince":"","_VenueLat":"","_VenueLng":"","_VenueShowMap":false,"_VenueShowMapLink":false,"footnotes":""},"class_list":["post-904","page","type-page","status-publish","hentry"],"_links":{"self":[{"href":"https:\/\/natura-diet.com\/index.php?rest_route=\/wp\/v2\/pages\/904","targetHints":{"allow":["GET"]}}],"collection":[{"href":"https:\/\/natura-diet.com\/index.php?rest_route=\/wp\/v2\/pages"}],"about":[{"href":"https:\/\/natura-diet.com\/index.php?rest_route=\/wp\/v2\/types\/page"}],"author":[{"embeddable":true,"href":"https:\/\/natura-diet.com\/index.php?rest_route=\/wp\/v2\/users\/1"}],"replies":[{"embeddable":true,"href":"https:\/\/natura-diet.com\/index.php?rest_route=%2Fwp%2Fv2%2Fcomments&post=904"}],"version-history":[{"count":16,"href":"https:\/\/natura-diet.com\/index.php?rest_route=\/wp\/v2\/pages\/904\/revisions"}],"predecessor-version":[{"id":3583,"href":"https:\/\/natura-diet.com\/index.php?rest_route=\/wp\/v2\/pages\/904\/revisions\/3583"}],"wp:attachment":[{"href":"https:\/\/natura-diet.com\/index.php?rest_route=%2Fwp%2Fv2%2Fmedia&parent=904"}],"curies":[{"name":"wp","href":"https:\/\/api.w.org\/{rel}","templated":true}]}}