{"id":913,"date":"2024-03-18T13:34:22","date_gmt":"2024-03-18T12:34:22","guid":{"rendered":"https:\/\/bionaturaa.wordpress.com\/?page_id=913"},"modified":"2024-07-15T13:13:15","modified_gmt":"2024-07-15T13:13:15","slug":"pediakid-fer-vitamine-b","status":"publish","type":"page","link":"https:\/\/natura-diet.com\/?page_id=913","title":{"rendered":"PEDIAKID FER VITAMINE B"},"content":{"rendered":"\n<div style=\"height:100px\" aria-hidden=\"true\" class=\"wp-block-spacer\"><\/div>\n\n\n\n<h3 class=\"wp-block-heading has-text-align-left has-large-font-size\"><mark style=\"background-color:rgba(0, 0, 0, 0)\" class=\"has-inline-color has-theme-3-color\">PEDIAKID FER VITAMINE B<\/mark><\/h3>\n\n\n\n<div style=\"height:100px\" aria-hidden=\"true\" class=\"wp-block-spacer\"><\/div>\n\n\n\n<div class=\"wp-block-group alignfull has-global-padding is-content-justification-center is-layout-constrained wp-container-core-group-is-layout-888b3e69 wp-block-group-is-layout-constrained\" style=\"margin-top:0;margin-bottom:0;padding-top:calc( 0.5 * var(u002du002dwpu002du002dstyleu002du002drootu002du002dpadding-right, var(u002du002dwpu002du002dcustomu002du002dgapu002du002dhorizontal)));padding-right:var(u002du002dwpu002du002dstyleu002du002drootu002du002dpadding-right, var(u002du002dwpu002du002dcustomu002du002dgapu002du002dhorizontal));padding-bottom:calc( 0.5 * var(u002du002dwpu002du002dstyleu002du002drootu002du002dpadding-right, var(u002du002dwpu002du002dcustomu002du002dgapu002du002dhorizontal)));padding-left:var(u002du002dwpu002du002dstyleu002du002drootu002du002dpadding-left, var(u002du002dwpu002du002dcustomu002du002dgapu002du002dhorizontal))\">\n<div style=\"height:calc( 0.25 * var(u002du002dwpu002du002dstyleu002du002drootu002du002dpadding-right, var(u002du002dwpu002du002dcustomu002du002dgapu002du002dhorizontal)))\" aria-hidden=\"true\" class=\"wp-block-spacer\"><\/div>\n\n\n\n<div class=\"wp-block-columns alignwide are-vertically-aligned-center is-layout-flex wp-container-core-columns-is-layout-7705d9bc wp-block-columns-is-layout-flex\" style=\"padding-bottom:80px\">\n<div class=\"wp-block-column is-vertically-aligned-center is-layout-flow wp-block-column-is-layout-flow\">\n<figure class=\"wp-block-image aligncenter size-full is-resized\"><img loading=\"lazy\" decoding=\"async\" width=\"540\" height=\"540\" src=\"https:\/\/natura-diet.com\/wp-content\/uploads\/2024\/07\/fer-vitamines-b.webp\" alt=\"\" class=\"wp-image-3590\" style=\"width:468px;height:auto\" srcset=\"https:\/\/natura-diet.com\/wp-content\/uploads\/2024\/07\/fer-vitamines-b.webp 540w, https:\/\/natura-diet.com\/wp-content\/uploads\/2024\/07\/fer-vitamines-b-300x300.webp 300w, https:\/\/natura-diet.com\/wp-content\/uploads\/2024\/07\/fer-vitamines-b-150x150.webp 150w\" sizes=\"auto, (max-width: 540px) 100vw, 540px\" \/><\/figure>\n<\/div>\n\n\n\n<div class=\"wp-block-column is-vertically-aligned-center is-layout-flow wp-block-column-is-layout-flow\">\n<head>\n\n\n    <script src=\"https:\/\/code.jquery.com\/jquery-3.6.0.min.js\"><\/script>\n\n<\/head>\n\n<body>\n    <div class=\"container-accordion\">\n        <div class=\"accordion_inner\">\n            <div class=\"accordion-section\">\n                <div class=\"each-accordionbox\">\n                    <h3 class=\"each-title\">Posologie<\/h3>\n                    <div class=\"each-text\">\n                        <p>D\u00e8s lors que l\u2019alimentation est diversifi\u00e9e. <br \/>\n\n                            Le + produit :\u00a0Une innovation exclusive : Le Nectar d\u2019Agave<br \/>\n\n                            Plus doux et moins \u00e9pais que le miel, ce sucre d\u2019origine v\u00e9g\u00e9tale fabriqu\u00e9 au Mexique est\n                            contenu dans toutes les formulations PEDIAKID\u00ae Sirops. Il est constitu\u00e9 de sucres naturels,\n                            non raffin\u00e9s, ce qui lui conf\u00e8re des qualit\u00e9s nutritionnelles sp\u00e9cifiques. <br \/>\n\n                            Compl\u00e9ment alimentaire \u00e0 base d\u2019extraits de Carotte, Epinard, Topinambour, Patience,\n                            Spiruline, Vitamines B1, B2, B3, B5, B6, B8, B9, B12 et Fer.<br \/>\n\n                            Le fer contribue au transport de l\u2019oxyg\u00e8ne vers les cellules, \u00e0 la r\u00e9duction de la fatigue\n                            et au m\u00e9tabolisme \u00e9nerg\u00e9tique. Une mauvaise mine, une pr\u00e9disposition \u00e0 la fatigue, peuvent\n                            \u00eatre les premiers signes d\u2019une d\u00e9ficience en fer.<br \/>\n\n                            Tous les enfants sont potentiellement concern\u00e9s, en particulier les\n                            pr\u00e9adolescentes.\u00a0PEDIAKID\u00ae Fer + Vitamines B,\u00a0permet d\u2019optimiser les apports en Fer pour\n                            lutter contre la fatigue. Sa formule parfaitement assimilable gr\u00e2ce au fer microencapsul\u00e9 (5\n                            fois plus biodisponible que les formes traditionnelles de Fer), permet d\u2019optimiser les\n                            apports, sans go\u00fbt ni odeur d\u00e9sagr\u00e9ables, et sans perturbation du syst\u00e8me digestif. La\n                            Vitamine B2 qui y est associ\u00e9e contribue au m\u00e9tabolisme du fer, pour une meilleure\n                            utilisation par l\u2019organisme.<br \/>\n\n                            PEDIAKID\u00ae Fer + Vitamines B\u00a0est \u00e9labor\u00e9 sans gluten, sans allerg\u00e8ne, sans ingr\u00e9dient\n                            d\u2019origine animale, sans OGM, sans ar\u00f4me ni colorant artificiels\u00a0et sans conservateur.<br \/>\n\n                            D\u00e9licieusement aromatis\u00e9 au concentr\u00e9 naturel de banane. Etui de 125 ml.<br \/>\n                        <\/p>\n\n                    <\/div>\n                <\/div>\n                <div class=\"each-accordionbox\">\n                    <h3 class=\"each-title\">Composition<\/h3>\n                    <div class=\"each-text\">\n                        <p>Sirop d\u2019agave 40%, eau purifi\u00e9e, fibres pr\u00e9biotiques d\u2019acacia Fibregum\u2122 15%, extrait aqueux\n                            de plantes (Carotte, Epinard, Topinambour, Patience), pyrophosphate de Fer, ar\u00f4mes naturels,\n                            jus concentr\u00e9 de citron, Vitamines B1-B2-B3-B5-B6-B8-B9-B12 ; poudre de banane, poudre de\n                            Spiruline. <br \/>\n\n                            Fibregum\u2122 est une marque de Nexira.<br \/>\n                            <br \/>\n                            Sans\u00a0 gluten\u00a0 &#8211;\u00a0 Sans\u00a0 allerg\u00e8ne\u00a0 &#8211;\u00a0 Sans\u00a0 ingr\u00e9dient\u00a0\u00a0 d\u2019origine\u00a0\u00a0 animale\u00a0\u00a0 &#8211;\u00a0\u00a0 Sans\u00a0\u00a0 OGM\n                            &#8211; Sans ar\u00f4me ni colorant artificiels &#8211; Sans conservateur<br \/>\n                            <strong>Informations nutritionnelles moyennes:<\/strong>\n                        <\/p>\n                        <div class=\"table-container\">\n                            <table class=\"responsive-table\">\n                                <thead>\n                                    <tr>\n                                        <th>Informations nutritionnelles moyennes<\/th>\n                                        <th>4 cuill\u00e8res \u00e0 caf\u00e9 (20 ml)<\/th>\n                                    <\/tr>\n                                <\/thead>\n                                <tbody>\n                                    <tr>\n                                        <td data-label=\"Informations nutritionnelles moyennes\">Fibres pr\u00e9biotiques\n                                            Fibregum<sup>TM<\/sup><\/td>\n                                        <td data-label=\"4 cuill\u00e8res \u00e0 caf\u00e9 (20 ml)\">3,6 g<\/td>\n                                    <\/tr>\n                                    <tr>\n                                        <td data-label=\"Informations nutritionnelles moyennes\">Poudre de Spiruline\n                                            (Spirulina platensis)<\/td>\n                                        <td data-label=\"4 cuill\u00e8res \u00e0 caf\u00e9 (20 ml)\">370 mg*<\/td>\n                                    <\/tr>\n                                    <tr>\n                                        <td data-label=\"Informations nutritionnelles moyennes\">\n                                            Extrait de plantes dont :<br>\n                                            Extrait de Carotte (<em>Daucus carota<\/em>)<br>\n                                            Extrait d&#8217;Epinard (<em>Spinacia oleracea<\/em>)<br>\n                                            Extrait de Topinambour (<em>Helianthus tuberosus<\/em>)<br>\n                                            Extrait de Patience (<em>Rumex patientia<\/em>)\n                                        <\/td>\n                                        <td data-label=\"4 cuill\u00e8res \u00e0 caf\u00e9 (20 ml)\">\n                                            370 mg<br>\n                                            370 mg<br>\n                                            370 mg<br>\n                                            370 mg\n                                        <\/td>\n                                    <\/tr>\n                                    <tr>\n                                        <td data-label=\"Informations nutritionnelles moyennes\">Vitamine B1<\/td>\n                                        <td data-label=\"4 cuill\u00e8res \u00e0 caf\u00e9 (20 ml)\">1.1 mg**<\/td>\n                                    <\/tr>\n                                    <tr>\n                                        <td data-label=\"Informations nutritionnelles moyennes\">Vitamine B2<\/td>\n                                        <td data-label=\"4 cuill\u00e8res \u00e0 caf\u00e9 (20 ml)\">1.4 mg**<\/td>\n                                    <\/tr>\n                                    <tr>\n                                        <td data-label=\"Informations nutritionnelles moyennes\">Vitamine B3<\/td>\n                                        <td data-label=\"4 cuill\u00e8res \u00e0 caf\u00e9 (20 ml)\">16 mg**<\/td>\n                                    <\/tr>\n                                    <tr>\n                                        <td data-label=\"Informations nutritionnelles moyennes\">Vitamine B5<\/td>\n                                        <td data-label=\"4 cuill\u00e8res \u00e0 caf\u00e9 (20 ml)\">6 mg**<\/td>\n                                    <\/tr>\n                                    <tr>\n                                        <td data-label=\"Informations nutritionnelles moyennes\">Vitamine B6<\/td>\n                                        <td data-label=\"4 cuill\u00e8res \u00e0 caf\u00e9 (20 ml)\">1.4 mg**<\/td>\n                                    <\/tr>\n                                    <tr>\n                                        <td data-label=\"Informations nutritionnelles moyennes\">Vitamine B8<\/td>\n                                        <td data-label=\"4 cuill\u00e8res \u00e0 caf\u00e9 (20 ml)\">50 mcg**<\/td>\n                                    <\/tr>\n                                    <tr>\n                                        <td data-label=\"Informations nutritionnelles moyennes\">Vitamine B9<\/td>\n                                        <td data-label=\"4 cuill\u00e8res \u00e0 caf\u00e9 (20 ml)\">200 mcg**<\/td>\n                                    <\/tr>\n                                    <tr>\n                                        <td data-label=\"Informations nutritionnelles moyennes\">Vitamine B12<\/td>\n                                        <td data-label=\"4 cuill\u00e8res \u00e0 caf\u00e9 (20 ml)\">2.5 mcg**<\/td>\n                                    <\/tr>\n                                    <tr>\n                                        <td data-label=\"Informations nutritionnelles moyennes\">Fer<\/td>\n                                        <td data-label=\"4 cuill\u00e8res \u00e0 caf\u00e9 (20 ml)\">14 mg*<\/td>\n                                    <\/tr>\n                                <\/tbody>\n                            <\/table>\n                        <\/div>\n\n\n\n                    <\/div>\n                <\/div>\n                <div class=\"each-accordionbox\">\n                    <h3 class=\"each-title\">Utilisation<\/h3>\n                    <div class=\"each-text\">\n                        <p>Conseils d&#8217;utilisation<br \/>\n                            Peut \u00eatre utilis\u00e9 d\u00e8s lors que l\u2019alimentation est diversifi\u00e9e. Agiter avant emploi.<br \/>\n                            Avant 5 ans\u00a0: 1 cuill\u00e8re \u00e0 caf\u00e9 2 fois par jour, apr\u00e8s les repas. <br \/>\n\n                            Apr\u00e8s 5 ans\u00a0: 2 cuill\u00e8res \u00e0 caf\u00e9 2 fois par jour, apr\u00e8s les repas.<br \/>\n\n                            1 cuill\u00e8re \u00e0 caf\u00e9 = 5 ml. En programme de 1 mois. Peut convenir \u00e9galement \u00e0 l\u2019adulte de plus\n                            de 15 ans.<br \/>\n\n                        <\/p>\n                        <p>Pr\u00e9cautions d&#8217;emploi<br \/>\n                            A conserver hors de la port\u00e9e des enfants, \u00e0 l&#8217;abri de la chaleur et de l\u2019humidit\u00e9. A\n                            consommer dans le cadre d&#8217;une alimentation vari\u00e9e et \u00e9quilibr\u00e9e, et d\u2019un mode de vie sain.\n                            Il est recommand\u00e9 de ne pas d\u00e9passer le dosage conseill\u00e9. A consommer de pr\u00e9f\u00e9rence avant la\n                            date indiqu\u00e9e sur l\u2019emballage.\u00a0A conserver au r\u00e9frig\u00e9rateur et consommer dans les 30 jours\n                            apr\u00e8s ouverture.<br \/>\n                        <\/p>\n                    <\/div>\n                <\/div>\n            <\/div>\n        <\/div>\n    <\/div>\n\n    <\/tbody>\n    <\/table>\n\n    <\/div>\n    <\/div>\n\n\n\n    <script>\n        $(document).ready(function () {\n            \/\/ Open the first accordion automatically\n            $(\".each-accordionbox:first-child\").addClass(\"active\").children(\".each-text\").slideDown();\n\n            \/\/ Accordion toggle functionality\n            $(\".each-title\").on(\"click\",function () {\n                if ($(this).parent().hasClass(\"active\")) {\n                    $(this).next().slideUp();\n                    $(this).parent().removeClass(\"active\");\n                } else {\n                    $(\".each-text\").slideUp();\n                    $(\".each-accordionbox\").removeClass(\"active\");\n                    $(this).parent().addClass(\"active\");\n                    $(this).next().slideDown();\n                }\n            });\n        });\n    <\/script>\n<\/body>\n\n\n\n<p><\/p>\n<\/div>\n<\/div>\n<\/div>\n\n\n\n<div style=\"height:100px\" aria-hidden=\"true\" class=\"wp-block-spacer\"><\/div>\n\n\n\n<div style=\"height:100px\" aria-hidden=\"true\" class=\"wp-block-spacer\"><\/div>\n\n\n\n<div style=\"height:100px\" aria-hidden=\"true\" class=\"wp-block-spacer\"><\/div>\n\n\n\n<div class=\"wp-block-columns alignfull is-layout-flex wp-container-core-columns-is-layout-28f84493 wp-block-columns-is-layout-flex\">\n<div class=\"wp-block-column is-vertically-aligned-center is-layout-flow wp-block-column-is-layout-flow\">\n<head>\n    <script src=\"https:\/\/kit.fontawesome.com\/3b161c540c.js\" crossorigin=\"anonymous\"><\/script>\n<\/head>\n<footer class=\"footer\">\n    <div class=\"container row\">\n        <div class=\"footer-col\">\n            <h4>Laboratoire Bionatura Diet<\/h4>\n            <ul>\n                <li><a href=\"https:\/\/natura-diet.com\/?page_id=21\">Qui Somme Nous<\/a><\/li>\n            <\/ul>\n        <\/div>\n        <div class=\"footer-col\">\n            <h4> Nos partenaires<\/h4>\n            <ul>\n                <li><a href=\"https:\/\/natura-diet.com\/?page_id=692\">PileJe<\/a><\/li>\n                <li><a href=\"https:\/\/natura-diet.com\/?page_id=115\">Ineldea<\/a><\/li>\n                <li><a href=\"#\">Fertyfarm<\/a><\/li>\n                <li><a href=\"#\">Polidis<\/a><\/li>\n                <li><a href=\"#\">Eafit<\/a><\/li>\n            <\/ul>\n\n        <\/div>\n        <div class=\"footer-col\">\n\n            <h4>Nos Gammes<\/h4>\n            <ul>\n                <li><a href=\"https:\/\/natura-diet.com\/?page_id=465\">Microbiotes<\/a><\/li>\n                <li><a href=\"https:\/\/natura-diet.com\/?page_id=694\">Micronutrition<\/a><\/li>\n                <li><a href=\"https:\/\/natura-diet.com\/?page_id=517\">Phytotherapie<\/a><\/li>\n                <li><a href=\"https:\/\/natura-diet.com\/?page_id=1202\">Pediakid<\/a><\/li>\n                <li><a href=\"https:\/\/natura-diet.com\/?page_id=726\">Effiderm<\/a><\/li>\n            <\/ul>\n\n        <\/div>\n        <div class=\"footer-col\">\n            <h4>Contactez-nous<\/h4>\n            <div class=\"social-links\">\n                <a href=\"tel:+21626330240\"><i class=\"fa fa-phone\"><\/i><\/a><span class=\"text-icon\">+216 26 330 240<\/span>\n                <br \/>\n                <a href=\"mailto:bionatura2@gmail.com\"><i class=\"fa fa-envelope\" aria-hidden=\"true\"><\/i><\/a><span\n                    class=\"text-icon\">bionatura2@gmail.com<\/span> <br \/>\n                <div class=\"social-media\">\n                    <a href=\"https:\/\/www.facebook.com\/profile.php?id=100054568084108\" target=\"_blank\" rel=\"noopener\"><i\n                            class=\"fa-brands fa-facebook\"><\/i><\/a>\n                    <a href=\"https:\/\/www.instagram.com\/bio.naturadiet?igsh=cXI0aDNvM3I3MXpk\" target=\"_blank\" rel=\"noopener\"><i class=\"fa-brands fa-instagram\"><\/i><\/a>\n                    <!-- <a href=\"#\"><i class=\"fa-brands fa-linkedin-in\"><\/i><\/a> -->\n                <\/div>\n            <\/div>\n        <\/div>\n        <div class=\"footer-col\" style=\"color: white; text-align: center; display: block;margin-left: auto;\n    margin-right: auto;margin-top: 20px;\">&copy; 2024 &#8211; All right\n            reserved <a href=\"https:\/\/zeenovi.com\/\" target=\"_blank\" style=\"color: white;\" rel=\"noopener\">Zeenovi\u2122<\/a>\n        <\/div>\n\n\n    <\/div>\n<\/footer>\n<\/div>\n<\/div>\n","protected":false},"excerpt":{"rendered":"<p>PEDIAKID FER VITAMINE B Posologie D\u00e8s lors que l\u2019alimentation est diversifi\u00e9e. Le + produit :\u00a0Une innovation exclusive : Le Nectar d\u2019Agave Plus doux et moins \u00e9pais que le miel, ce [&hellip;]<\/p>\n","protected":false},"author":1,"featured_media":0,"parent":0,"menu_order":0,"comment_status":"closed","ping_status":"closed","template":"","meta":{"_eb_attr":"","_EventAllDay":false,"_EventTimezone":"","_EventStartDate":"","_EventEndDate":"","_EventStartDateUTC":"","_EventEndDateUTC":"","_EventShowMap":false,"_EventShowMapLink":false,"_EventURL":"","_EventCost":"","_EventCostDescription":"","_EventCurrencySymbol":"","_EventCurrencyCode":"","_EventCurrencyPosition":"","_EventDateTimeSeparator":"","_EventTimeRangeSeparator":"","_EventOrganizerID":[],"_EventVenueID":[],"_OrganizerEmail":"","_OrganizerPhone":"","_OrganizerWebsite":"","_VenueAddress":"","_VenueCity":"","_VenueCountry":"","_VenueProvince":"","_VenueState":"","_VenueZip":"","_VenuePhone":"","_VenueURL":"","_VenueStateProvince":"","_VenueLat":"","_VenueLng":"","_VenueShowMap":false,"_VenueShowMapLink":false,"footnotes":""},"class_list":["post-913","page","type-page","status-publish","hentry"],"_links":{"self":[{"href":"https:\/\/natura-diet.com\/index.php?rest_route=\/wp\/v2\/pages\/913","targetHints":{"allow":["GET"]}}],"collection":[{"href":"https:\/\/natura-diet.com\/index.php?rest_route=\/wp\/v2\/pages"}],"about":[{"href":"https:\/\/natura-diet.com\/index.php?rest_route=\/wp\/v2\/types\/page"}],"author":[{"embeddable":true,"href":"https:\/\/natura-diet.com\/index.php?rest_route=\/wp\/v2\/users\/1"}],"replies":[{"embeddable":true,"href":"https:\/\/natura-diet.com\/index.php?rest_route=%2Fwp%2Fv2%2Fcomments&post=913"}],"version-history":[{"count":12,"href":"https:\/\/natura-diet.com\/index.php?rest_route=\/wp\/v2\/pages\/913\/revisions"}],"predecessor-version":[{"id":3591,"href":"https:\/\/natura-diet.com\/index.php?rest_route=\/wp\/v2\/pages\/913\/revisions\/3591"}],"wp:attachment":[{"href":"https:\/\/natura-diet.com\/index.php?rest_route=%2Fwp%2Fv2%2Fmedia&parent=913"}],"curies":[{"name":"wp","href":"https:\/\/api.w.org\/{rel}","templated":true}]}}