{"id":916,"date":"2024-03-18T13:35:14","date_gmt":"2024-03-18T12:35:14","guid":{"rendered":"https:\/\/bionaturaa.wordpress.com\/?page_id=916"},"modified":"2024-07-15T13:11:40","modified_gmt":"2024-07-15T13:11:40","slug":"pediakid-22-vitamines-2","status":"publish","type":"page","link":"https:\/\/natura-diet.com\/?page_id=916","title":{"rendered":"PEDIAKID 22 VITAMINES"},"content":{"rendered":"\n<div style=\"height:100px\" aria-hidden=\"true\" class=\"wp-block-spacer\"><\/div>\n\n\n\n<h3 class=\"wp-block-heading has-text-align-left has-large-font-size\"><mark style=\"background-color:rgba(0, 0, 0, 0)\" class=\"has-inline-color has-theme-3-color\">PEDIAKID 22 VITAMINES<\/mark><\/h3>\n\n\n\n<div style=\"height:100px\" aria-hidden=\"true\" class=\"wp-block-spacer\"><\/div>\n\n\n\n<div class=\"wp-block-group alignfull has-global-padding is-content-justification-center is-layout-constrained wp-container-core-group-is-layout-888b3e69 wp-block-group-is-layout-constrained\" style=\"margin-top:0;margin-bottom:0;padding-top:calc( 0.5 * var(u002du002dwpu002du002dstyleu002du002drootu002du002dpadding-right, var(u002du002dwpu002du002dcustomu002du002dgapu002du002dhorizontal)));padding-right:var(u002du002dwpu002du002dstyleu002du002drootu002du002dpadding-right, var(u002du002dwpu002du002dcustomu002du002dgapu002du002dhorizontal));padding-bottom:calc( 0.5 * var(u002du002dwpu002du002dstyleu002du002drootu002du002dpadding-right, var(u002du002dwpu002du002dcustomu002du002dgapu002du002dhorizontal)));padding-left:var(u002du002dwpu002du002dstyleu002du002drootu002du002dpadding-left, var(u002du002dwpu002du002dcustomu002du002dgapu002du002dhorizontal))\">\n<div style=\"height:calc( 0.25 * var(u002du002dwpu002du002dstyleu002du002drootu002du002dpadding-right, var(u002du002dwpu002du002dcustomu002du002dgapu002du002dhorizontal)))\" aria-hidden=\"true\" class=\"wp-block-spacer\"><\/div>\n\n\n\n<div class=\"wp-block-columns alignwide are-vertically-aligned-center is-layout-flex wp-container-core-columns-is-layout-28f84493 wp-block-columns-is-layout-flex\">\n<div class=\"wp-block-column is-vertically-aligned-center is-layout-flow wp-block-column-is-layout-flow\">\n<figure class=\"wp-block-image aligncenter size-full is-resized\"><img loading=\"lazy\" decoding=\"async\" width=\"540\" height=\"540\" src=\"https:\/\/natura-diet.com\/wp-content\/uploads\/2024\/07\/vitamines-oligo-elements.webp\" alt=\"\" class=\"wp-image-3586\" style=\"width:462px;height:auto\" srcset=\"https:\/\/natura-diet.com\/wp-content\/uploads\/2024\/07\/vitamines-oligo-elements.webp 540w, https:\/\/natura-diet.com\/wp-content\/uploads\/2024\/07\/vitamines-oligo-elements-300x300.webp 300w, https:\/\/natura-diet.com\/wp-content\/uploads\/2024\/07\/vitamines-oligo-elements-150x150.webp 150w\" sizes=\"auto, (max-width: 540px) 100vw, 540px\" \/><\/figure>\n<\/div>\n\n\n\n<div class=\"wp-block-column is-vertically-aligned-center is-layout-flow wp-block-column-is-layout-flow\">\n<head>\n\n\n    <script src=\"https:\/\/code.jquery.com\/jquery-3.6.0.min.js\"><\/script>\n\n<\/head>\n\n<body>\n    <div class=\"container-accordion\">\n        <div class=\"accordion_inner\">\n            <div class=\"accordion-section\">\n                <div class=\"each-accordionbox\">\n                    <h3 class=\"each-title\">Posologie<\/h3>\n                    <div class=\"each-text\">\n                        <p>D\u00e8s lors que l\u2019alimentation est diversifi\u00e9e. <br \/>\n\n                            Le + produit : FORMULE BREVET\u00c9E <br \/>\n\n                            Une innovation exclusive : l\u2019association unique de Sirop d\u2019Agave, Fibres Pr\u00e9biotiques\n                            d\u2019Acacia, des extraits de plantes, Vitamines &#038; Min\u00e9raux.<br \/>\n\n                            Compl\u00e9ment alimentaire \u00e0 base d\u2019extraits de Carotte, Cresson, Epinard, Betterave, Persil ;\n                            Vitamines et Min\u00e9raux.<br \/>\n\n                            Parfaitement adapt\u00e9 aux enfants et pr\u00e9adolescents,\u00a0PEDIAKID\u00ae 22 Vitamines &#038;\n                            Oligo-\u00e9l\u00e9ments\u00a0associe des plantes, mais aussi des vitamines et des min\u00e9raux pour\u00a0optimiser\n                            les apports en micronutriments essentiels, afin de participer au bon fonctionnement de\n                            l\u2019organisme et \u00e0 l\u2019\u00e9quilibre g\u00e9n\u00e9ral. Il est riche en Vitamines Pro-A, E, C, D, B1, B2, B3,\n                            B5, B6, B8, B9, B12, Molybd\u00e8ne, S\u00e9l\u00e9nium et source de Cuivre et Iode, qui participent,\n                            chacun \u00e0 leur niveau, au m\u00e9tabolisme \u00e9nerg\u00e9tique\u00a0(Vitamines B1, B2, B3, B5, B6, B8, B12, C,\n                            Cuivre)\u00a0et des macronutriments (Vitamines B6, B8, Chrome),\u00a0au syst\u00e8me nerveux\u00a0(Vitamines B1,\n                            B2, B3, B6, B8, B12, C, Cuivre), au fonctionnement du syst\u00e8me immunitaire\u00a0(Vitamines B6, B9,\n                            B12, C, D, Cuivre, et S\u00e9l\u00e9nium) ainsi qu\u2019\u00e0 la croissance des enfants (iode).<br \/>\n\n                            PEDIAKID\u00ae 22 Vitamines &#038; Oligo-\u00e9l\u00e9ments\u00a0est \u00e9labor\u00e9 sans gluten, sans allerg\u00e8ne, sans\n                            ingr\u00e9dient d\u2019origine animale, sans OGM sans ar\u00f4me ni colorant artificiels et sans\n                            conservateur.<br \/>\n\n                            D\u00e9licieusement aromatis\u00e9 \u00e0 l\u2019orange et d\u2019abricot.\u00a0\u00a0Flacon de 125 ml ou format familial 250\n                            ml.\u00a0Peut \u00e9galement convenir \u00e0 l\u2019adulte de plus de 15 ans.<br \/>\n\n                            LE SAVIEZ-VOUS ?<br \/>\n\n                            Chez l\u2019enfant, la baisse de vitalit\u00e9 peut \u00eatre due \u00e0 plusieurs facteurs.<br \/>\n\n                            En effet, parmi les gros consommateurs d\u2019\u00e9nergie, on retrouve\u00a0:\n\n                            La croissance, le d\u00e9veloppement psychomoteur et intellectuel<br \/>\n\n                            Les rythmes scolaires et extra-scolaires de plus en plus intenses d\u00e8s le plus jeune \u00e2ge\n\n                            Le manque de sommeil (endormissement tardif, r\u00e9veils nocturnes)\n\n                            Il est donc int\u00e9ressant de soutenir les apports en micronutriments indispensables au\n                            m\u00e9tabolisme \u00e9nerg\u00e9tique.<br \/>\n\n                            Chaque formule des concentr\u00e9s buvables PEDIAKID est constitu\u00e9e d\u2019une base de Sirop d\u2019Agave\n                            et de fibres pr\u00e9biotiques d\u2019Acacia, \u00e0 laquelle viennent d\u2019ajouter des extraits de plantes,\n                            des vitamines et des min\u00e9raux sp\u00e9cifiques \u00e0 chaque formule.<br \/>\n\n                            Quels vitamines &#038; min\u00e9raux\u00a0dans PEDIAKID\u00a022 Vitamines &#038; Oligo-\u00e9l\u00e9ments?<br \/>\n\n                            Vitamine C\u00a0: l\u2019indispensable des vitamines pour dynamiser, stimuler les d\u00e9fenses naturelles\n                            et aider \u00e0 l\u2019absorption du fer\n\n                            Vitamine D\u00a0: elle contribue \u00e0 l\u2019absorption du calcium, indispensable \u00e0 la croissance osseuse\n                            et participe aux d\u00e9fenses immunitaires\n\n                            Vitamines du groupe B :\u00a0elles jouent un r\u00f4le important, notamment dans le m\u00e9tabolisme\n                            \u00e9nerg\u00e9tique (B1, B2, B3, B5, B6, B8, B12), le fonctionnement du syst\u00e8me nerveux (B1, B2, B3,\n                            B6, B8, B12) et immunitaire (Vitamines B6, B9, B12) et la production des globules rouges\n                            (Vitamines B2, B6, B12)<br \/>\n\n                            Cuivre\u00a0: c\u2019est l\u2019oligo-\u00e9l\u00e9ment recommand\u00e9 pour soutenir la fonction immunitaire<br \/>\n\n                            S\u00e9l\u00e9nium\u00a0: c\u2019est un anti-oxydant puissant qui agit notamment en synergie avec la vitamine E\n                            pour prot\u00e9ger les cellules de l\u2019organisme.<br \/>\n\n                            Iode\u00a0: cet oligo-\u00e9l\u00e9ment contribue \u00e0 la croissance normale des enfants, contribue \u00e0 la\n                            production normale d&#8217;hormones thyro\u00efdiennes et participe \u00e0 la fonction cognitive.\n                            <br \/>\n                        <\/p>\n\n                    <\/div>\n                <\/div>\n                <div class=\"each-accordionbox\">\n                    <h3 class=\"each-title\">Composition<\/h3>\n                    <div class=\"each-text\">\n                        <p>Sirop d\u2019agave 40%, eau purifi\u00e9e, fibres pr\u00e9biotiques d\u2019acacia Fibregum\u2122 15%, extrait aqueux\n                            de plantes (Carotte, Cresson, Epinard, Betterave, Persil), complexe de vitamines et min\u00e9raux\n                            : Vitamines C, E, B1-B2-B3-B5-B6-B8-B9-B12, B\u00eatacarot\u00e8ne, Iodure de Potassium, S\u00e9l\u00e9nate de\n                            sodium, gluconate de Zinc, sulfates de Cuivre et de Mangan\u00e8se, citrates de Magn\u00e9sium et de\n                            Potassium, pyrophosphate de Fer, Vitamine D3, Molybdate de sodium ; jus concentr\u00e9s d\u2019abricot\n                            et de citron, ar\u00f4mes naturels, poudre de jus d\u2019ananas, chlorure de chrome. <br \/>\n\n                            Fibregum\u2122 est une marque de Nexira. <br \/>\n\n                            Sans gluten &#8211; Sans allerg\u00e8ne &#8211; Sans ingr\u00e9dient d\u2019origine animale &#8211; Sans OGM &#8211; Sans ar\u00f4me ni\n                            colorant artificiels &#8211; Sans conservateur <br \/>\n                            <strong>Informations nutritionnelles moyennes:<\/strong>\n                        <\/p>\n                        <div class=\"table-container\">\n                            <table class=\"responsive-table\">\n                                <thead>\n                                    <tr>\n                                        <th>Informations nutritionnelles moyennes<\/th>\n                                        <th>4 cuill\u00e8res \u00e0 caf\u00e9 (20 ml)<\/th>\n                                    <\/tr>\n                                <\/thead>\n                                <tbody>\n                                    <tr>\n                                        <td data-label=\"Informations nutritionnelles moyennes\">Fibres pr\u00e9biotiques\n                                            d&#8217;acacia Fibregum<sup>TM<\/sup><\/td>\n                                        <td data-label=\"4 cuill\u00e8res \u00e0 caf\u00e9 (20 ml)\">3.6 g<\/td>\n                                    <\/tr>\n                                    <tr>\n                                        <td data-label=\"Informations nutritionnelles moyennes\">Extrait aqueux de plantes\n                                            dont :<br>Extrait de Carotte (<em>Daucus carota<\/em>)<br>Extrait de Cresson\n                                            (<em>Nasturtium officinale<\/em>)<br>Extrait d\u2019Epinard (<em>Spinacia\n                                                oleracea<\/em>)<br>Extrait de Betterave (<em>Beta vulgaris<\/em>)<\/td>\n                                        <td data-label=\"4 cuill\u00e8res \u00e0 caf\u00e9 (20 ml)\">&nbsp;<br>365 mg<br>365 mg<br>365\n                                            mg<br>365 mg<\/td>\n                                    <\/tr>\n                                    <tr>\n                                        <td data-label=\"Informations nutritionnelles moyennes\">B\u00e9tacarot\u00e8ne (Provitamine\n                                            A)<\/td>\n                                        <td data-label=\"4 cuill\u00e8res \u00e0 caf\u00e9 (20 ml)\">2.4 mg (50%*)<\/td>\n                                    <\/tr>\n                                    <tr>\n                                        <td data-label=\"Informations nutritionnelles moyennes\">Vit. E<\/td>\n                                        <td data-label=\"4 cuill\u00e8res \u00e0 caf\u00e9 (20 ml)\">12 mg (100%*)<\/td>\n                                    <\/tr>\n                                    <tr>\n                                        <td data-label=\"Informations nutritionnelles moyennes\">Vit. C<\/td>\n                                        <td data-label=\"4 cuill\u00e8res \u00e0 caf\u00e9 (20 ml)\">80 mg (100%*)<\/td>\n                                    <\/tr>\n                                    <tr>\n                                        <td data-label=\"Informations nutritionnelles moyennes\">Vit. B1<\/td>\n                                        <td data-label=\"4 cuill\u00e8res \u00e0 caf\u00e9 (20 ml)\">1.1 mg (100%*)<\/td>\n                                    <\/tr>\n                                    <tr>\n                                        <td data-label=\"Informations nutritionnelles moyennes\">Vit. B2<\/td>\n                                        <td data-label=\"4 cuill\u00e8res \u00e0 caf\u00e9 (20 ml)\">1.4 mg (100%*)<\/td>\n                                    <\/tr>\n                                    <tr>\n                                        <td data-label=\"Informations nutritionnelles moyennes\">Vit. B3<\/td>\n                                        <td data-label=\"4 cuill\u00e8res \u00e0 caf\u00e9 (20 ml)\">16 mg (100%*)<\/td>\n                                    <\/tr>\n                                    <tr>\n                                        <td data-label=\"Informations nutritionnelles moyennes\">Vit. B5<\/td>\n                                        <td data-label=\"4 cuill\u00e8res \u00e0 caf\u00e9 (20 ml)\">6 mg (100%*)<\/td>\n                                    <\/tr>\n                                    <tr>\n                                        <td data-label=\"Informations nutritionnelles moyennes\">Vit. B6<\/td>\n                                        <td data-label=\"4 cuill\u00e8res \u00e0 caf\u00e9 (20 ml)\">1.4 mg (100%*)<\/td>\n                                    <\/tr>\n                                    <tr>\n                                        <td data-label=\"Informations nutritionnelles moyennes\">Vit. B8<\/td>\n                                        <td data-label=\"4 cuill\u00e8res \u00e0 caf\u00e9 (20 ml)\">50 \u00b5g (100%*)<\/td>\n                                    <\/tr>\n                                    <tr>\n                                        <td data-label=\"Informations nutritionnelles moyennes\">Vit. B9<\/td>\n                                        <td data-label=\"4 cuill\u00e8res \u00e0 caf\u00e9 (20 ml)\">200 \u00b5g (100%*)<\/td>\n                                    <\/tr>\n                                    <tr>\n                                        <td data-label=\"Informations nutritionnelles moyennes\">Vit. B12<\/td>\n                                        <td data-label=\"4 cuill\u00e8res \u00e0 caf\u00e9 (20 ml)\">2.5 \u00b5g (100%*)<\/td>\n                                    <\/tr>\n                                    <tr>\n                                        <td data-label=\"Informations nutritionnelles moyennes\">Vit. D<\/td>\n                                        <td data-label=\"4 cuill\u00e8res \u00e0 caf\u00e9 (20 ml)\">5 \u00b5g (100%*)<\/td>\n                                    <\/tr>\n                                    <tr>\n                                        <td data-label=\"Informations nutritionnelles moyennes\">Chrome<\/td>\n                                        <td data-label=\"4 cuill\u00e8res \u00e0 caf\u00e9 (20 ml)\">10 \u00b5g (25%*)<\/td>\n                                    <\/tr>\n                                    <tr>\n                                        <td data-label=\"Informations nutritionnelles moyennes\">Cuivre<\/td>\n                                        <td data-label=\"4 cuill\u00e8res \u00e0 caf\u00e9 (20 ml)\">0.4 mg (40%*)<\/td>\n                                    <\/tr>\n                                    <tr>\n                                        <td data-label=\"Informations nutritionnelles moyennes\">Iode<\/td>\n                                        <td data-label=\"4 cuill\u00e8res \u00e0 caf\u00e9 (20 ml)\">50 \u00b5g (33%*)<\/td>\n                                    <\/tr>\n                                    <tr>\n                                        <td data-label=\"Informations nutritionnelles moyennes\">Mangan\u00e8se<\/td>\n                                        <td data-label=\"4 cuill\u00e8res \u00e0 caf\u00e9 (20 ml)\">400 \u00b5g (20%*)<\/td>\n                                    <\/tr>\n                                    <tr>\n                                        <td data-label=\"Informations nutritionnelles moyennes\">Molybd\u00e8ne<\/td>\n                                        <td data-label=\"4 cuill\u00e8res \u00e0 caf\u00e9 (20 ml)\">50 \u00b5g (100%*)<\/td>\n                                    <\/tr>\n                                    <tr>\n                                        <td data-label=\"Informations nutritionnelles moyennes\">S\u00e9l\u00e9nium<\/td>\n                                        <td data-label=\"4 cuill\u00e8res \u00e0 caf\u00e9 (20 ml)\">50 \u00b5g (90%*)<\/td>\n                                    <\/tr>\n                                    <tr>\n                                        <td data-label=\"Informations nutritionnelles moyennes\">Potassium<\/td>\n                                        <td data-label=\"4 cuill\u00e8res \u00e0 caf\u00e9 (20 ml)\">7.2 mg (%AR**)<\/td>\n                                    <\/tr>\n                                    <tr>\n                                        <td data-label=\"Informations nutritionnelles moyennes\">Magn\u00e9sium<\/td>\n                                        <td data-label=\"4 cuill\u00e8res \u00e0 caf\u00e9 (20 ml)\">4 mg (%AR**)<\/td>\n                                    <\/tr>\n                                    <tr>\n                                        <td data-label=\"Informations nutritionnelles moyennes\">Fer<\/td>\n                                        <td data-label=\"4 cuill\u00e8res \u00e0 caf\u00e9 (20 ml)\">0.56 mg (%AR**)<\/td>\n                                    <\/tr>\n                                    <tr>\n                                        <td data-label=\"Informations nutritionnelles moyennes\">Zinc<\/td>\n                                        <td data-label=\"4 cuill\u00e8res \u00e0 caf\u00e9 (20 ml)\">0.4 mg (%AR**)<\/td>\n                                    <\/tr>\n                                <\/tbody>\n                            <\/table>\n                        <\/div>\n\n\n\n                    <\/div>\n                <\/div>\n                <div class=\"each-accordionbox\">\n                    <h3 class=\"each-title\">Utilisation<\/h3>\n                    <div class=\"each-text\">\n                        <p>Conseils d&#8217;utilisation<br \/>\n                            Peut \u00eatre utilis\u00e9 d\u00e8s lors que l\u2019alimentation est diversifi\u00e9e. Agiter avant emploi.<br \/>\n\n                            Avant 5 ans : 1 cuill\u00e8re \u00e0 caf\u00e9 2 fois par jour apr\u00e8s les repas.<br \/>\n\n                            Apr\u00e8s 5 ans :<br \/>\n\n                            2 cuill\u00e8res \u00e0 caf\u00e9 2 fois par jour apr\u00e8s les repas.<br \/>\n\n                            1 cuill\u00e8re \u00e0 caf\u00e9 = 5 ml, En programme de 1 mois.<br \/>\n\n                            A renouveler plusieurs fois dans l\u2019ann\u00e9e si n\u00e9cessaire.<br \/>\n                            Ce produit peut \u00e9galement convenir \u00e0 l\u2019adulte de plus de 15 ans.\n\n                        <\/p>\n                        <p>Pr\u00e9cautions d&#8217;emploi<br \/>\n                            A conserver hors de la port\u00e9e des enfants, \u00e0 l&#8217;abri de la chaleur et de l\u2019humidit\u00e9. A\n                            consommer dans le cadre d&#8217;une alimentation vari\u00e9e et \u00e9quilibr\u00e9e, et d\u2019un mode de vie sain.\n                            Il est recommand\u00e9 de ne pas d\u00e9passer le dosage conseill\u00e9. A consommer de pr\u00e9f\u00e9rence avant la\n                            date indiqu\u00e9e sur l\u2019emballage. A conserver au r\u00e9frig\u00e9rateur et consommer dans les 30 jours\n                            apr\u00e8s ouverture.<br \/>\n                        <\/p>\n                    <\/div>\n                <\/div>\n            <\/div>\n        <\/div>\n    <\/div>\n\n    <\/tbody>\n    <\/table>\n\n    <\/div>\n    <\/div>\n\n\n\n    <script>\n        $(document).ready(function () {\n            \/\/ Open the first accordion automatically\n            $(\".each-accordionbox:first-child\").addClass(\"active\").children(\".each-text\").slideDown();\n\n            \/\/ Accordion toggle functionality\n            $(\".each-title\").on(\"click\",function () {\n                if ($(this).parent().hasClass(\"active\")) {\n                    $(this).next().slideUp();\n                    $(this).parent().removeClass(\"active\");\n                } else {\n                    $(\".each-text\").slideUp();\n                    $(\".each-accordionbox\").removeClass(\"active\");\n                    $(this).parent().addClass(\"active\");\n                    $(this).next().slideDown();\n                }\n            });\n        });\n    <\/script>\n<\/body>\n<\/div>\n<\/div>\n<\/div>\n\n\n\n<div style=\"height:100px\" aria-hidden=\"true\" class=\"wp-block-spacer\"><\/div>\n\n\n\n<p><\/p>\n\n\n\n<p><\/p>\n\n\n\n<div style=\"height:100px\" aria-hidden=\"true\" class=\"wp-block-spacer\"><\/div>\n\n\n\n<div style=\"height:100px\" aria-hidden=\"true\" class=\"wp-block-spacer\"><\/div>\n\n\n\n<div class=\"wp-block-columns alignfull is-layout-flex wp-container-core-columns-is-layout-28f84493 wp-block-columns-is-layout-flex\">\n<div class=\"wp-block-column is-vertically-aligned-center is-layout-flow wp-block-column-is-layout-flow\">\n<head>\n    <script src=\"https:\/\/kit.fontawesome.com\/3b161c540c.js\" crossorigin=\"anonymous\"><\/script>\n<\/head>\n<footer class=\"footer\">\n    <div class=\"container row\">\n        <div class=\"footer-col\">\n            <h4>Laboratoire Bionatura Diet<\/h4>\n            <ul>\n                <li><a href=\"https:\/\/natura-diet.com\/?page_id=21\">Qui Somme Nous<\/a><\/li>\n            <\/ul>\n        <\/div>\n        <div class=\"footer-col\">\n            <h4> Nos partenaires<\/h4>\n            <ul>\n                <li><a href=\"https:\/\/natura-diet.com\/?page_id=692\">PileJe<\/a><\/li>\n                <li><a href=\"https:\/\/natura-diet.com\/?page_id=115\">Ineldea<\/a><\/li>\n                <li><a href=\"#\">Fertyfarm<\/a><\/li>\n                <li><a href=\"#\">Polidis<\/a><\/li>\n                <li><a href=\"#\">Eafit<\/a><\/li>\n            <\/ul>\n\n        <\/div>\n        <div class=\"footer-col\">\n\n            <h4>Nos Gammes<\/h4>\n            <ul>\n                <li><a href=\"https:\/\/natura-diet.com\/?page_id=465\">Microbiotes<\/a><\/li>\n                <li><a href=\"https:\/\/natura-diet.com\/?page_id=694\">Micronutrition<\/a><\/li>\n                <li><a href=\"https:\/\/natura-diet.com\/?page_id=517\">Phytotherapie<\/a><\/li>\n                <li><a href=\"https:\/\/natura-diet.com\/?page_id=1202\">Pediakid<\/a><\/li>\n                <li><a href=\"https:\/\/natura-diet.com\/?page_id=726\">Effiderm<\/a><\/li>\n            <\/ul>\n\n        <\/div>\n        <div class=\"footer-col\">\n            <h4>Contactez-nous<\/h4>\n            <div class=\"social-links\">\n                <a href=\"tel:+21626330240\"><i class=\"fa fa-phone\"><\/i><\/a><span class=\"text-icon\">+216 26 330 240<\/span>\n                <br \/>\n                <a href=\"mailto:bionatura2@gmail.com\"><i class=\"fa fa-envelope\" aria-hidden=\"true\"><\/i><\/a><span\n                    class=\"text-icon\">bionatura2@gmail.com<\/span> <br \/>\n                <div class=\"social-media\">\n                    <a href=\"https:\/\/www.facebook.com\/profile.php?id=100054568084108\" target=\"_blank\" rel=\"noopener\"><i\n                            class=\"fa-brands fa-facebook\"><\/i><\/a>\n                    <a href=\"https:\/\/www.instagram.com\/bio.naturadiet?igsh=cXI0aDNvM3I3MXpk\" target=\"_blank\" rel=\"noopener\"><i class=\"fa-brands fa-instagram\"><\/i><\/a>\n                    <!-- <a href=\"#\"><i class=\"fa-brands fa-linkedin-in\"><\/i><\/a> -->\n                <\/div>\n            <\/div>\n        <\/div>\n        <div class=\"footer-col\" style=\"color: white; text-align: center; display: block;margin-left: auto;\n    margin-right: auto;margin-top: 20px;\">&copy; 2024 &#8211; All right\n            reserved <a href=\"https:\/\/zeenovi.com\/\" target=\"_blank\" style=\"color: white;\" rel=\"noopener\">Zeenovi\u2122<\/a>\n        <\/div>\n\n\n    <\/div>\n<\/footer>\n<\/div>\n<\/div>\n","protected":false},"excerpt":{"rendered":"<p>PEDIAKID 22 VITAMINES Posologie D\u00e8s lors que l\u2019alimentation est diversifi\u00e9e. Le + produit : FORMULE BREVET\u00c9E Une innovation exclusive : l\u2019association unique de Sirop d\u2019Agave, Fibres Pr\u00e9biotiques d\u2019Acacia, des extraits [&hellip;]<\/p>\n","protected":false},"author":1,"featured_media":0,"parent":0,"menu_order":0,"comment_status":"closed","ping_status":"closed","template":"","meta":{"_eb_attr":"","_EventAllDay":false,"_EventTimezone":"","_EventStartDate":"","_EventEndDate":"","_EventStartDateUTC":"","_EventEndDateUTC":"","_EventShowMap":false,"_EventShowMapLink":false,"_EventURL":"","_EventCost":"","_EventCostDescription":"","_EventCurrencySymbol":"","_EventCurrencyCode":"","_EventCurrencyPosition":"","_EventDateTimeSeparator":"","_EventTimeRangeSeparator":"","_EventOrganizerID":[],"_EventVenueID":[],"_OrganizerEmail":"","_OrganizerPhone":"","_OrganizerWebsite":"","_VenueAddress":"","_VenueCity":"","_VenueCountry":"","_VenueProvince":"","_VenueState":"","_VenueZip":"","_VenuePhone":"","_VenueURL":"","_VenueStateProvince":"","_VenueLat":"","_VenueLng":"","_VenueShowMap":false,"_VenueShowMapLink":false,"footnotes":""},"class_list":["post-916","page","type-page","status-publish","hentry"],"_links":{"self":[{"href":"https:\/\/natura-diet.com\/index.php?rest_route=\/wp\/v2\/pages\/916","targetHints":{"allow":["GET"]}}],"collection":[{"href":"https:\/\/natura-diet.com\/index.php?rest_route=\/wp\/v2\/pages"}],"about":[{"href":"https:\/\/natura-diet.com\/index.php?rest_route=\/wp\/v2\/types\/page"}],"author":[{"embeddable":true,"href":"https:\/\/natura-diet.com\/index.php?rest_route=\/wp\/v2\/users\/1"}],"replies":[{"embeddable":true,"href":"https:\/\/natura-diet.com\/index.php?rest_route=%2Fwp%2Fv2%2Fcomments&post=916"}],"version-history":[{"count":14,"href":"https:\/\/natura-diet.com\/index.php?rest_route=\/wp\/v2\/pages\/916\/revisions"}],"predecessor-version":[{"id":3587,"href":"https:\/\/natura-diet.com\/index.php?rest_route=\/wp\/v2\/pages\/916\/revisions\/3587"}],"wp:attachment":[{"href":"https:\/\/natura-diet.com\/index.php?rest_route=%2Fwp%2Fv2%2Fmedia&parent=916"}],"curies":[{"name":"wp","href":"https:\/\/api.w.org\/{rel}","templated":true}]}}