{"id":920,"date":"2024-03-18T13:36:34","date_gmt":"2024-03-18T12:36:34","guid":{"rendered":"https:\/\/bionaturaa.wordpress.com\/?page_id=920"},"modified":"2024-07-15T13:14:47","modified_gmt":"2024-07-15T13:14:47","slug":"pediakid-immunofort","status":"publish","type":"page","link":"https:\/\/natura-diet.com\/?page_id=920","title":{"rendered":"PEDIAKID IMMUNOFORT"},"content":{"rendered":"\n<div style=\"height:100px\" aria-hidden=\"true\" class=\"wp-block-spacer\"><\/div>\n\n\n\n<h3 class=\"wp-block-heading has-text-align-left has-large-font-size\"><mark style=\"background-color:rgba(0, 0, 0, 0)\" class=\"has-inline-color has-theme-3-color\">PEDIAKID IMMUNOFORT<\/mark><\/h3>\n\n\n\n<div style=\"height:100px\" aria-hidden=\"true\" class=\"wp-block-spacer\"><\/div>\n\n\n\n<div class=\"wp-block-group alignfull has-global-padding is-content-justification-center is-layout-constrained wp-container-core-group-is-layout-888b3e69 wp-block-group-is-layout-constrained\" style=\"margin-top:0;margin-bottom:0;padding-top:calc( 0.5 * var(u002du002dwpu002du002dstyleu002du002drootu002du002dpadding-right, var(u002du002dwpu002du002dcustomu002du002dgapu002du002dhorizontal)));padding-right:var(u002du002dwpu002du002dstyleu002du002drootu002du002dpadding-right, var(u002du002dwpu002du002dcustomu002du002dgapu002du002dhorizontal));padding-bottom:calc( 0.5 * var(u002du002dwpu002du002dstyleu002du002drootu002du002dpadding-right, var(u002du002dwpu002du002dcustomu002du002dgapu002du002dhorizontal)));padding-left:var(u002du002dwpu002du002dstyleu002du002drootu002du002dpadding-left, var(u002du002dwpu002du002dcustomu002du002dgapu002du002dhorizontal))\">\n<div style=\"height:calc( 0.25 * var(u002du002dwpu002du002dstyleu002du002drootu002du002dpadding-right, var(u002du002dwpu002du002dcustomu002du002dgapu002du002dhorizontal)))\" aria-hidden=\"true\" class=\"wp-block-spacer\"><\/div>\n\n\n\n<div class=\"wp-block-columns alignwide are-vertically-aligned-center is-layout-flex wp-container-core-columns-is-layout-28f84493 wp-block-columns-is-layout-flex\">\n<div class=\"wp-block-column is-vertically-aligned-center is-layout-flow wp-block-column-is-layout-flow\">\n<figure class=\"wp-block-image aligncenter size-full is-resized\"><img loading=\"lazy\" decoding=\"async\" width=\"800\" height=\"800\" src=\"https:\/\/natura-diet.com\/wp-content\/uploads\/2024\/07\/immuno-fort.webp\" alt=\"\" class=\"wp-image-3595\" style=\"width:414px;height:auto\" srcset=\"https:\/\/natura-diet.com\/wp-content\/uploads\/2024\/07\/immuno-fort.webp 800w, https:\/\/natura-diet.com\/wp-content\/uploads\/2024\/07\/immuno-fort-300x300.webp 300w, https:\/\/natura-diet.com\/wp-content\/uploads\/2024\/07\/immuno-fort-150x150.webp 150w, https:\/\/natura-diet.com\/wp-content\/uploads\/2024\/07\/immuno-fort-768x768.webp 768w\" sizes=\"auto, (max-width: 800px) 100vw, 800px\" \/><\/figure>\n<\/div>\n\n\n\n<div class=\"wp-block-column is-vertically-aligned-center is-layout-flow wp-block-column-is-layout-flow\">\n<head>\n\n\n    <script src=\"https:\/\/code.jquery.com\/jquery-3.6.0.min.js\"><\/script>\n\n<\/head>\n\n<body>\n    <div class=\"container-accordion\">\n        <div class=\"accordion_inner\">\n            <div class=\"accordion-section\">\n                <div class=\"each-accordionbox\">\n                    <h3 class=\"each-title\">Posologie<\/h3>\n                    <div class=\"each-text\">\n                        <p>D\u00e8s 6 mois. <br \/>\n\n                            Le + produit :\u00a0FORMULE\u00a0BREVET\u00c9E <br \/>\n\n                            Une innovation exclusive : l\u2019association unique de Nectar d\u2019Agave, Fibres Pr\u00e9biotiques\n                            d\u2019Acacia, Extraits de Plantes, Vitamines &#038; Min\u00e9raux.<br \/>\n\n                            Plus doux et moins \u00e9pais que le miel, le Nectar d\u2019Agave est un sucrant d\u2019origine v\u00e9g\u00e9tale\n                            fabriqu\u00e9 au Mexique, pr\u00e9sentant un index glyc\u00e9mique faible. Il est constitu\u00e9 de sucres\n                            naturels, non raffin\u00e9s, ce qui lui conf\u00e8re des qualit\u00e9s nutritionnelles sp\u00e9cifiques. Les\n                            Fibres d\u2019Acacia sont des pr\u00e9biotiques d\u2019origine naturelle qui vont agir sur l\u2019\u00e9quilibre de\n                            la flore intestinale et permettre une meilleure assimilation des actifs.<br \/>\n\n                            Compl\u00e9ment alimentaire \u00e0 base d\u2019extraits d\u2019Ac\u00e9rola, Brocoli, Propolis, Echinac\u00e9e, Ginseng,\n                            Cynorrhodon, Vitamine C, Cuivre et Mangan\u00e8se.<br \/>\n\n                            PEDIAKID\u00ae Immuno-Fort\u00a0r\u00e9unit des actifs d\u2019origine naturelle pour\u00a0soutenir la r\u00e9sistance de\n                            l\u2019organisme. Id\u00e9al aux changements de saison, p\u00e9riodes propices aux refroidissements \u00e0\n                            r\u00e9p\u00e9tition,\u00a0PEDIAKID\u00ae Immuno-Fort\u00a0est riche en Cuivre et Vitamine C, qui participent \u00e0 la\n                            fonction immunitaire, et contient \u00e9galement de l\u2019Echinac\u00e9e, du Ginseng, et du Cynorrhodon,\n                            qui contribuent aux d\u00e9fenses naturelles de l\u2019organisme.<br \/>\n\n                            PEDIAKID\u00ae Immuno-Fort\u00a0est \u00e9labor\u00e9 sans gluten, sans allerg\u00e8ne, sans OGM, sans ar\u00f4me ni\n                            colorant artificiels et sans conservateur.<br \/>\n\n                            D\u00e9licieusement aromatis\u00e9 \u00e0 la myrtille. Flacon de 125 ml ou format familial 250 ml.\u00a0Peut\n                            \u00e9galement convenir \u00e0 l\u2019adulte de plus de 15 ans.<br \/>\n\n                            LE SAVIEZ-VOUS\u00a0?<br \/>\n\n                            Chez l\u2019enfant l\u2019affaiblissement des d\u00e9fenses naturelles\u00a0peut s\u2019expliquer\u00a0par divers facteurs\n                            :<br \/>\n\n                            Une flore intestinale encore immature,\u00a0or elle abrite 50% du potentiel de d\u00e9fenses de\n                            l\u2019organisme<br \/>\n\n                            Une alimentation d\u00e9s\u00e9quilibr\u00e9e,\u00a0pauvre en fruits et l\u00e9gumes, donc en substances d\u2019int\u00e9r\u00eat\n                            (vitamines, min\u00e9raux), trop riche en sucre&#8230;<br \/>\n\n                            Une hygi\u00e8ne parfois d\u00e9faillante\u00a0(lavage des mains, des fosses nasales, brossage des dents\u2026)\n\n                            Une flore intestinale perturb\u00e9e :\u00a0en raison le plus souvent de traitements antibiotiques \u00e0\n                            r\u00e9p\u00e9tition<br \/>\n\n                            Une vie en collectivit\u00e9\u00a0de plus en plus pr\u00e9coce,\u00a0le manque de sommeil, la fatigue scolaire,\n                            la pollution\u2026<br \/>\n\n                            Cette baisse d\u2019immunit\u00e9\u00a0pourra entrainer\u00a0:\u00a0<br \/>\n\n                            1. Des troubles de la sph\u00e8re ORL :\u00a0(refroidissements et autres maux de l\u2019hiver)<br \/>\n\n                            Les enfants de moins de 2 ans attrapent entre\u00a06 \u00e0 10 rhumes par an*<br \/>\n\n                            La\u00a0bronchiolite\u00a0touche chaque ann\u00e9e pr\u00e8s de\u00a030%\u00a0des jeunes enfants (moins de 24 mois)*<br \/>\n\n                            Les enfants contractent\u00a0la grippe\u00a0en moyenne\u00a0tous les 2 ans*<br \/>\n\n                            2. Des perturbations intestinales r\u00e9currentes<br \/>\n\n                            La\u00a0gastro-ent\u00e9rite\u00a0affecte surtout les\u00a0enfants de moins de 8 ans, en moyenne 3 fois par\n                            an*<br \/>\n\n                            Plus de\u00a090%\u00a0des\u00a0gastro-ent\u00e9rites\u00a0sont\u00a0virales*<br \/>\n\n                            *Source\u00a0: INVS<br \/>\n\n                            IMMUNO-FORT, UNE SYNERGIE D\u2019ACTIFS 100 % D\u2019ORIGINE NATURELLE<br \/>\n\n                            Chaque formule sirop PEDIAKID est constitu\u00e9e d\u2019une base de Nectar d\u2019Agave et de fibres\n                            pr\u00e9biotiques d\u2019Acacia, \u00e0 laquelle viennent d\u2019ajouter des extraits de plantes, des vitamines\n                            et des min\u00e9raux sp\u00e9cifiques \u00e0 chaque formule.<br \/>\n\n                            Quels extraits\u00a0de plantes dans Immuno-Fort ?<br \/>\n\n                            Ac\u00e9rola et Cynorrhodon\u00a0:\u00a0riches en vitamine C, ils aident \u00e0 retarder l\u2019apparition de la\n                            fatigue, favorisent le dynamisme intellectuel et physique au quotidien et contribuent \u00e0\n                            lutter contre les agressions ext\u00e9rieures.<br \/>\n\n                            Propolis\u00a0:\u00a0V\u00e9ritable alli\u00e9e contre les refroidissements.\u00a0<br \/>\n\n                            Echinac\u00e9e\u00a0:\u00a0ses propri\u00e9t\u00e9s immuno-fortifiantes sont particuli\u00e8rement utiles aux changements\n                            de saison<br \/>\n\n                            Brocoli\u00a0:\u00a0il a des propri\u00e9t\u00e9s protectrices et anti-oxydantes<br \/>\n\n                            Ginseng Panax Meyer\u00a0:\u00a0ses propri\u00e9t\u00e9s tonifiantes, revitalisantes et fortifiantes sont\n                            recommand\u00e9es pour aider \u00e0 lutter contre les maux de l\u2019hiver<br \/>\n\n                            Concentr\u00e9 naturel de Myrtille\u00a0:\u00a0antioxydante, la myrtille aide \u00e0 lutter contre les\n                            affections hivernales\u00a0<br \/>\n\n                            Quels vitamines &#038; min\u00e9raux\u00a0dans Immuno-Fort\u00a0?<br \/>\n\n                            Vitamine C\u00a0:\u00a0l\u2019indispensable des vitamines pour\u00a0dynamiser, stimuler les d\u00e9fenses naturelles\n                            etaider \u00e0 l\u2019absorption du fer<br \/>\n\n                            Cuivre\u00a0:\u00a0c\u2019est l\u2019oligo-\u00e9l\u00e9ment recommand\u00e9\u00a0pour soutenir la fonction immunitaire<br \/>\n\n                            Mangan\u00e8se\u00a0: il\u00a0exerce une\u00a0action tonifiante sur l\u2019organisme<br \/>\n                        <\/p>\n                    <\/div>\n                <\/div>\n                <div class=\"each-accordionbox\">\n                    <h3 class=\"each-title\">Composition<\/h3>\n                    <div class=\"each-text\">\n                        <p>Sirop d\u2019agave 40%, eau purifi\u00e9e, fibres pr\u00e9biotiques d\u2019acacia Fibregum\u2122 15%, extrait aqueux\n                            de plantes (Echinac\u00e9e, Ginseng, Cynorrhodon), extraits d\u2019Ac\u00e9rola, Brocoli et Propolis,\n                            vitamine C, ar\u00f4mes naturels, jus concentr\u00e9s de myrtille et citron, gluconate de mangan\u00e8se,\n                            gluconate de cuivre.<br \/>\n\n                            Fibregum\u2122 est une marque de Nexira.<br \/>\n\n                            Sans\u00a0 gluten\u00a0 &#8211;\u00a0 Sans\u00a0 allerg\u00e8ne\u00a0 &#8211;\u00a0 Sans\u00a0 OGM &#8211; Sans ar\u00f4me ni colorant artificiels &#8211; Sans\n                            conservateur<br \/>\n                            <strong>Informations nutritionnelles moyennes:<\/strong>\n                        <\/p>\n                        <div class=\"table-container\">\n                            <table class=\"responsive-table\">\n                                <thead>\n                                    <tr>\n                                        <th>Informations nutritionnelles moyennes<\/th>\n                                        <th>4 cuill\u00e8res \u00e0 caf\u00e9 (20 ml)<\/th>\n                                    <\/tr>\n                                <\/thead>\n                                <tbody>\n                                    <tr>\n                                        <td data-label=\"Informations nutritionnelles moyennes\">Fibres pr\u00e9biotiques\n                                            d&#8217;acacia Fibregum\u2122<\/td>\n                                        <td data-label=\"4 cuill\u00e8res \u00e0 caf\u00e9 (20 ml)\">3,6 g<\/td>\n                                    <\/tr>\n                                    <tr>\n                                        <td data-label=\"Informations nutritionnelles moyennes\">Extrait d&#8217;Ac\u00e9rola\n                                            (Malpighia punicifolia)<\/td>\n                                        <td data-label=\"4 cuill\u00e8res \u00e0 caf\u00e9 (20 ml)\">305 mg<\/td>\n                                    <\/tr>\n                                    <tr>\n                                        <td data-label=\"Informations nutritionnelles moyennes\">Extrait de Brocoli\n                                            (Brassica oleracea)<\/td>\n                                        <td data-label=\"4 cuill\u00e8res \u00e0 caf\u00e9 (20 ml)\">305 mg<\/td>\n                                    <\/tr>\n                                    <tr>\n                                        <td data-label=\"Informations nutritionnelles moyennes\">Extrait de Propolis<\/td>\n                                        <td data-label=\"4 cuill\u00e8res \u00e0 caf\u00e9 (20 ml)\">305 mg<\/td>\n                                    <\/tr>\n                                    <tr>\n                                        <td data-label=\"Informations nutritionnelles moyennes\">\n                                            Extrait aqueux de plantes dont :\n                                            <br>Extrait d&#8217;Echinac\u00e9e (Echinacea purpurea)\n                                            <br>Extrait de Ginseng (Panax ginseng)\n                                            <br>Extrait de Cynorrhodon (Rosa canina)\n                                        <\/td>\n                                        <td data-label=\"4 cuill\u00e8res \u00e0 caf\u00e9 (20 ml)\">305 mg<br>305 mg<br>305 mg<\/td>\n                                    <\/tr>\n                                    <tr>\n                                        <td data-label=\"Informations nutritionnelles moyennes\">Vitamine C<\/td>\n                                        <td data-label=\"4 cuill\u00e8res \u00e0 caf\u00e9 (20 ml)\">24 mg (30% AR)<\/td>\n                                    <\/tr>\n                                    <tr>\n                                        <td data-label=\"Informations nutritionnelles moyennes\">Cuivre<\/td>\n                                        <td data-label=\"4 cuill\u00e8res \u00e0 caf\u00e9 (20 ml)\">0,30 mg (30% AR)<\/td>\n                                    <\/tr>\n                                    <tr>\n                                        <td data-label=\"Informations nutritionnelles moyennes\">Mangan\u00e8se<\/td>\n                                        <td data-label=\"4 cuill\u00e8res \u00e0 caf\u00e9 (20 ml)\">0,30 mg (15% AR)<\/td>\n                                    <\/tr>\n                                <\/tbody>\n                            <\/table>\n                        <\/div>\n\n\n\n\n                    <\/div>\n                <\/div>\n                <div class=\"each-accordionbox\">\n                    <h3 class=\"each-title\">Utilisation<\/h3>\n                    <div class=\"each-text\">\n                        <p>Conseils d&#8217;utilisation<br \/>\n                            Avant 5 ans : 1 cuill\u00e8re \u00e0 caf\u00e9 matin et midi apr\u00e8s le repas.<br \/>\n\n                            Apr\u00e8s 5 ans : 2 cuill\u00e8res \u00e0 caf\u00e9 matin et midi apr\u00e8s le repas.<br \/>\n\n                            1 cuill\u00e8re \u00e0 caf\u00e9 = 5 ml. La prise du midi peut \u00eatre administr\u00e9e le soir en cas de d\u00e9jeuner\n                            \u00e0 la cantine. En programme de 1 \u00e0 2 mois. A renouveler plusieurs fois dans l\u2019ann\u00e9e si\n                            n\u00e9cessaire. Ce produit peut \u00e9galement convenir \u00e0 l\u2019adulte de plus de 15 ans.<br \/>\n\n                        <\/p>\n                        <p>Pr\u00e9cautions d&#8217;emploi<br \/>\n                            A conserver hors de la port\u00e9e des enfants, \u00e0 l&#8217;abri de la chaleur et de l\u2019humidit\u00e9. A\n                            consommer dans le cadre d&#8217;une alimentation vari\u00e9e et \u00e9quilibr\u00e9e, et d\u2019un mode de vie sain.\n                            Il est recommand\u00e9 de ne pas d\u00e9passer le dosage conseill\u00e9. Il est recommand\u00e9 aux personnes\n                            ayant une hypothyro\u00efdie ou un traitement de la thyro\u00efde de consulter leur m\u00e9decin. A\n                            consommer de pr\u00e9f\u00e9rence avant la date indiqu\u00e9e sur l\u2019emballage. A conserver au r\u00e9frig\u00e9rateur\n                            et consommer dans les 30 jours apr\u00e8s ouverture. <br \/>\n                        <\/p>\n                    <\/div>\n                <\/div>\n            <\/div>\n        <\/div>\n    <\/div>\n\n    <\/tbody>\n    <\/table>\n\n    <\/div>\n    <\/div>\n\n\n\n    <script>\n        $(document).ready(function () {\n            \/\/ Open the first accordion automatically\n            $(\".each-accordionbox:first-child\").addClass(\"active\").children(\".each-text\").slideDown();\n\n            \/\/ Accordion toggle functionality\n            $(\".each-title\").on(\"click\",function () {\n                if ($(this).parent().hasClass(\"active\")) {\n                    $(this).next().slideUp();\n                    $(this).parent().removeClass(\"active\");\n                } else {\n                    $(\".each-text\").slideUp();\n                    $(\".each-accordionbox\").removeClass(\"active\");\n                    $(this).parent().addClass(\"active\");\n                    $(this).next().slideDown();\n                }\n            });\n        });\n    <\/script>\n<\/body>\n<\/div>\n<\/div>\n<\/div>\n\n\n\n<p><\/p>\n\n\n\n<div style=\"height:100px\" aria-hidden=\"true\" class=\"wp-block-spacer\"><\/div>\n\n\n\n<div class=\"wp-block-columns alignfull is-layout-flex wp-container-core-columns-is-layout-28f84493 wp-block-columns-is-layout-flex\">\n<div class=\"wp-block-column is-vertically-aligned-center is-layout-flow wp-block-column-is-layout-flow\">\n<head>\n    <script src=\"https:\/\/kit.fontawesome.com\/3b161c540c.js\" crossorigin=\"anonymous\"><\/script>\n<\/head>\n<footer class=\"footer\">\n    <div class=\"container row\">\n        <div class=\"footer-col\">\n            <h4>Laboratoire Bionatura Diet<\/h4>\n            <ul>\n                <li><a href=\"https:\/\/natura-diet.com\/?page_id=21\">Qui Somme Nous<\/a><\/li>\n            <\/ul>\n        <\/div>\n        <div class=\"footer-col\">\n            <h4> Nos partenaires<\/h4>\n            <ul>\n                <li><a href=\"https:\/\/natura-diet.com\/?page_id=692\">PileJe<\/a><\/li>\n                <li><a href=\"https:\/\/natura-diet.com\/?page_id=115\">Ineldea<\/a><\/li>\n                <li><a href=\"#\">Fertyfarm<\/a><\/li>\n                <li><a href=\"#\">Polidis<\/a><\/li>\n                <li><a href=\"#\">Eafit<\/a><\/li>\n            <\/ul>\n\n        <\/div>\n        <div class=\"footer-col\">\n\n            <h4>Nos Gammes<\/h4>\n            <ul>\n                <li><a href=\"https:\/\/natura-diet.com\/?page_id=465\">Microbiotes<\/a><\/li>\n                <li><a href=\"https:\/\/natura-diet.com\/?page_id=694\">Micronutrition<\/a><\/li>\n                <li><a href=\"https:\/\/natura-diet.com\/?page_id=517\">Phytotherapie<\/a><\/li>\n                <li><a href=\"https:\/\/natura-diet.com\/?page_id=1202\">Pediakid<\/a><\/li>\n                <li><a href=\"https:\/\/natura-diet.com\/?page_id=726\">Effiderm<\/a><\/li>\n            <\/ul>\n\n        <\/div>\n        <div class=\"footer-col\">\n            <h4>Contactez-nous<\/h4>\n            <div class=\"social-links\">\n                <a href=\"tel:+21626330240\"><i class=\"fa fa-phone\"><\/i><\/a><span class=\"text-icon\">+216 26 330 240<\/span>\n                <br \/>\n                <a href=\"mailto:bionatura2@gmail.com\"><i class=\"fa fa-envelope\" aria-hidden=\"true\"><\/i><\/a><span\n                    class=\"text-icon\">bionatura2@gmail.com<\/span> <br \/>\n                <div class=\"social-media\">\n                    <a href=\"https:\/\/www.facebook.com\/profile.php?id=100054568084108\" target=\"_blank\" rel=\"noopener\"><i\n                            class=\"fa-brands fa-facebook\"><\/i><\/a>\n                    <a href=\"https:\/\/www.instagram.com\/bio.naturadiet?igsh=cXI0aDNvM3I3MXpk\" target=\"_blank\" rel=\"noopener\"><i class=\"fa-brands fa-instagram\"><\/i><\/a>\n                    <!-- <a href=\"#\"><i class=\"fa-brands fa-linkedin-in\"><\/i><\/a> -->\n                <\/div>\n            <\/div>\n        <\/div>\n        <div class=\"footer-col\" style=\"color: white; text-align: center; display: block;margin-left: auto;\n    margin-right: auto;margin-top: 20px;\">&copy; 2024 &#8211; All right\n            reserved <a href=\"https:\/\/zeenovi.com\/\" target=\"_blank\" style=\"color: white;\" rel=\"noopener\">Zeenovi\u2122<\/a>\n        <\/div>\n\n\n    <\/div>\n<\/footer>\n<\/div>\n<\/div>\n","protected":false},"excerpt":{"rendered":"<p>PEDIAKID IMMUNOFORT Posologie D\u00e8s 6 mois. Le + produit :\u00a0FORMULE\u00a0BREVET\u00c9E Une innovation exclusive : l\u2019association unique de Nectar d\u2019Agave, Fibres Pr\u00e9biotiques d\u2019Acacia, Extraits de Plantes, Vitamines &#038; Min\u00e9raux. Plus doux [&hellip;]<\/p>\n","protected":false},"author":1,"featured_media":0,"parent":0,"menu_order":0,"comment_status":"closed","ping_status":"closed","template":"","meta":{"_eb_attr":"","_EventAllDay":false,"_EventTimezone":"","_EventStartDate":"","_EventEndDate":"","_EventStartDateUTC":"","_EventEndDateUTC":"","_EventShowMap":false,"_EventShowMapLink":false,"_EventURL":"","_EventCost":"","_EventCostDescription":"","_EventCurrencySymbol":"","_EventCurrencyCode":"","_EventCurrencyPosition":"","_EventDateTimeSeparator":"","_EventTimeRangeSeparator":"","_EventOrganizerID":[],"_EventVenueID":[],"_OrganizerEmail":"","_OrganizerPhone":"","_OrganizerWebsite":"","_VenueAddress":"","_VenueCity":"","_VenueCountry":"","_VenueProvince":"","_VenueState":"","_VenueZip":"","_VenuePhone":"","_VenueURL":"","_VenueStateProvince":"","_VenueLat":"","_VenueLng":"","_VenueShowMap":false,"_VenueShowMapLink":false,"footnotes":""},"class_list":["post-920","page","type-page","status-publish","hentry"],"_links":{"self":[{"href":"https:\/\/natura-diet.com\/index.php?rest_route=\/wp\/v2\/pages\/920","targetHints":{"allow":["GET"]}}],"collection":[{"href":"https:\/\/natura-diet.com\/index.php?rest_route=\/wp\/v2\/pages"}],"about":[{"href":"https:\/\/natura-diet.com\/index.php?rest_route=\/wp\/v2\/types\/page"}],"author":[{"embeddable":true,"href":"https:\/\/natura-diet.com\/index.php?rest_route=\/wp\/v2\/users\/1"}],"replies":[{"embeddable":true,"href":"https:\/\/natura-diet.com\/index.php?rest_route=%2Fwp%2Fv2%2Fcomments&post=920"}],"version-history":[{"count":10,"href":"https:\/\/natura-diet.com\/index.php?rest_route=\/wp\/v2\/pages\/920\/revisions"}],"predecessor-version":[{"id":3596,"href":"https:\/\/natura-diet.com\/index.php?rest_route=\/wp\/v2\/pages\/920\/revisions\/3596"}],"wp:attachment":[{"href":"https:\/\/natura-diet.com\/index.php?rest_route=%2Fwp%2Fv2%2Fmedia&parent=920"}],"curies":[{"name":"wp","href":"https:\/\/api.w.org\/{rel}","templated":true}]}}