{"id":931,"date":"2024-03-18T14:07:51","date_gmt":"2024-03-18T13:07:51","guid":{"rendered":"https:\/\/bionaturaa.wordpress.com\/?page_id=931"},"modified":"2024-06-07T19:16:24","modified_gmt":"2024-06-07T19:16:24","slug":"eau-micellaire-hydratante","status":"publish","type":"page","link":"https:\/\/natura-diet.com\/?page_id=931","title":{"rendered":"EAU MICELLAIRE HYDRATANTE"},"content":{"rendered":"\n<div class=\"wp-block-group alignfull has-global-padding is-content-justification-center is-layout-constrained wp-container-core-group-is-layout-888b3e69 wp-block-group-is-layout-constrained\" style=\"margin-top:0;margin-bottom:0;padding-top:calc( 0.5 * var(u002du002dwpu002du002dstyleu002du002drootu002du002dpadding-right, var(u002du002dwpu002du002dcustomu002du002dgapu002du002dhorizontal)));padding-right:var(u002du002dwpu002du002dstyleu002du002drootu002du002dpadding-right, var(u002du002dwpu002du002dcustomu002du002dgapu002du002dhorizontal));padding-bottom:calc( 0.5 * var(u002du002dwpu002du002dstyleu002du002drootu002du002dpadding-right, var(u002du002dwpu002du002dcustomu002du002dgapu002du002dhorizontal)));padding-left:var(u002du002dwpu002du002dstyleu002du002drootu002du002dpadding-left, var(u002du002dwpu002du002dcustomu002du002dgapu002du002dhorizontal))\">\n<div style=\"height:calc( 0.25 * var(u002du002dwpu002du002dstyleu002du002drootu002du002dpadding-right, var(u002du002dwpu002du002dcustomu002du002dgapu002du002dhorizontal)))\" aria-hidden=\"true\" class=\"wp-block-spacer\"><\/div>\n\n\n\n<div style=\"height:100px\" aria-hidden=\"true\" class=\"wp-block-spacer\"><\/div>\n\n\n\n<h3 class=\"wp-block-heading has-text-align-left has-large-font-size\"><mark style=\"background-color:rgba(0, 0, 0, 0)\" class=\"has-inline-color has-theme-3-color\">EAU MICELLAIRE HYDRATANTE<\/mark><\/h3>\n\n\n\n<div style=\"height:100px\" aria-hidden=\"true\" class=\"wp-block-spacer\"><\/div>\n\n\n\n<div class=\"wp-block-columns alignwide is-layout-flex wp-container-core-columns-is-layout-7705d9bc wp-block-columns-is-layout-flex\" style=\"padding-bottom:80px\">\n<div class=\"wp-block-column is-vertically-aligned-stretch is-layout-flow wp-block-column-is-layout-flow\">\n<figure class=\"wp-block-image aligncenter size-large is-resized\"><img decoding=\"async\" src=\"https:\/\/bionaturaa.wordpress.com\/wp-content\/uploads\/2024\/03\/eau-micellaire-hydratante-300ml-2.jpg?w=388\" alt=\"\" class=\"wp-image-932\" style=\"width:160px;height:auto\"\/><\/figure>\n<\/div>\n\n\n\n<div class=\"wp-block-column is-vertically-aligned-stretch is-layout-flow wp-block-column-is-layout-flow\">\n<head>\n\n\n    <script src=\"https:\/\/code.jquery.com\/jquery-3.6.0.min.js\"><\/script>\n\n<\/head>\n\n<body>\n    <div class=\"container-accordion\">\n        <div class=\"accordion_inner\">\n            <div class=\"accordion-section\">\n                <div class=\"each-accordionbox\">\n                    <h3 class=\"each-title\">Posologie<\/h3>\n                    <div class=\"each-text\">\n                        <p>Le + Produit :\u00a0Formule hypoallerg\u00e9nique, sans parfum\u00a0<br \/>\n\n                            Base essentielle d\u2019une bonne routine le nettoyage est une \u00e9tape cl\u00e9s d\u2019une routine beaut\u00e9\n                            r\u00e9ussie.<br \/>\n\n                            Maquillage, pollution et autres agressions ext\u00e9rieures, la peau est malmen\u00e9e \u00e0 longueur\n                            journ\u00e9e. Afin de d\u00e9barrasser cette derni\u00e8re des impuret\u00e9s accumul\u00e9es, le nettoyage est une\n                            \u00e9tape essentielle\u00a0dans l\u2019efficacit\u00e9 de notre routine beaut\u00e9.\u00a0<br \/>\n\n                            Adapt\u00e9 aux peaux m\u00eame les plus sensibles, l\u2019Eau Micellaire Hydratante EFFIDERM\u00ae, nettoie\n                            efficacement et d\u00e9licatement\u00a0visage, yeux et l\u00e8vres\u00a0et\u00a0laisse une peau douce et hydrat\u00e9e,\n                            sans picotements ni tiraillements. Sa formule v\u00e9gan, hypoallerg\u00e9nique \u00e0 l\u2019acide hyaluronique\n                            est enrichie en polysaccharides et en plancton marin, aux effets restructurant qui stimulent\n                            la fonction barri\u00e8re de la peau et sa capacit\u00e9 de r\u00e9hydratation.<br \/>\n\n                            La peau est d\u00e9maquill\u00e9e, nettoy\u00e9e et repulp\u00e9e en un seul geste, tout en pr\u00e9servant le film\n                            hydrolipidique.\u00a0\u00a0<br \/>\n\n                            Flacon de 300 ml\u00a0<br \/>\n\n                            Ayez le bon geste, recyclez vos produits apr\u00e8s leur utilisation.<br \/>\n                        <\/p>\n                    <\/div>\n                <\/div>\n                <div class=\"each-accordionbox\">\n                    <h3 class=\"each-title\">Composition<\/h3>\n                    <div class=\"each-text\">\n                        <strong> Composition : <\/strong>Tensio-actif, glyc\u00e9rine v\u00e9g\u00e9tale, polysaccharides v\u00e9g\u00e9taux\n                        (d\u00e9riv\u00e9s de glucose et\n                        xylitol issus du bl\u00e9 et du bois), extrait de Plancton marin titr\u00e9 en N-acetyl-glucosamine, acide\n                        hyaluronique (hyaluronate de sodium).<br \/>\n\n                        Sans parfum, sans parab\u00e8nes, sans phenoxy\u00e9thanol, sans colorants.<br \/>\n                        <strong> Ingr\u00e9dients : <\/strong>AQUA, PEG-6 CAPRYLIC\/CAPRIC TRIGLYCERIDE, GLYCERIN, POTASSIUM\n                        SORBATE, SODIUM\n                        BENZOATE, XYLITYLGLUCOSIDE, ANHYDROXYLITOL, XYLITOL, GLUCOSE, PLANKTON EXTRACT, PHENETHYL\n                        ALCOHOL, SODIUM HYALURONATE, CITRIC ACID.<br \/>\n\n\n\n                        <\/p>\n\n\n\n\n                    <\/div>\n                <\/div>\n                <div class=\"each-accordionbox\">\n                    <h3 class=\"each-title\">Utilisation<\/h3>\n                    <div class=\"each-text\">\n                        <p>Conseils d&#8217;utilisation<br \/>\n                            Usage externe. Appliquer l\u2019Eau Micellaire Hydratante sur un coton puis d\u00e9maquiller et\n                            nettoyer les yeux, le visage et le cou en douceur.<br \/>\n\n                            Avec ou sans rin\u00e7age.<br \/>\n\n                        <\/p>\n\n\n                    <\/div>\n                <\/div>\n            <\/div>\n        <\/div>\n    <\/div>\n\n    <\/tbody>\n    <\/table>\n\n    <\/div>\n    <\/div>\n\n\n\n    <script>\n        $(document).ready(function () {\n            \/\/ Open the first accordion automatically\n            $(\".each-accordionbox:first-child\").addClass(\"active\").children(\".each-text\").slideDown();\n\n            \/\/ Accordion toggle functionality\n            $(\".each-title\").on(\"click\",function () {\n                if ($(this).parent().hasClass(\"active\")) {\n                    $(this).next().slideUp();\n                    $(this).parent().removeClass(\"active\");\n                } else {\n                    $(\".each-text\").slideUp();\n                    $(\".each-accordionbox\").removeClass(\"active\");\n                    $(this).parent().addClass(\"active\");\n                    $(this).next().slideDown();\n                }\n            });\n        });\n    <\/script>\n<\/body>\n<\/div>\n<\/div>\n<\/div>\n\n\n\n<div style=\"height:100px\" aria-hidden=\"true\" class=\"wp-block-spacer\"><\/div>\n\n\n\n<div style=\"height:100px\" aria-hidden=\"true\" class=\"wp-block-spacer\"><\/div>\n\n\n\n<div class=\"wp-block-columns alignfull is-layout-flex wp-container-core-columns-is-layout-28f84493 wp-block-columns-is-layout-flex\">\n<div class=\"wp-block-column is-vertically-aligned-center is-layout-flow wp-block-column-is-layout-flow\">\n<head>\n    <script src=\"https:\/\/kit.fontawesome.com\/3b161c540c.js\" crossorigin=\"anonymous\"><\/script>\n<\/head>\n<footer class=\"footer\">\n    <div class=\"container row\">\n        <div class=\"footer-col\">\n            <h4>Laboratoire Bionatura Diet<\/h4>\n            <ul>\n                <li><a href=\"https:\/\/natura-diet.com\/?page_id=21\">Qui Somme Nous<\/a><\/li>\n            <\/ul>\n        <\/div>\n        <div class=\"footer-col\">\n            <h4> Nos partenaires<\/h4>\n            <ul>\n                <li><a href=\"https:\/\/natura-diet.com\/?page_id=692\">PileJe<\/a><\/li>\n                <li><a href=\"https:\/\/natura-diet.com\/?page_id=115\">Ineldea<\/a><\/li>\n                <li><a href=\"#\">Fertyfarm<\/a><\/li>\n                <li><a href=\"#\">Polidis<\/a><\/li>\n                <li><a href=\"#\">Eafit<\/a><\/li>\n            <\/ul>\n\n        <\/div>\n        <div class=\"footer-col\">\n\n            <h4>Nos Gammes<\/h4>\n            <ul>\n                <li><a href=\"https:\/\/natura-diet.com\/?page_id=465\">Microbiotes<\/a><\/li>\n                <li><a href=\"https:\/\/natura-diet.com\/?page_id=694\">Micronutrition<\/a><\/li>\n                <li><a href=\"https:\/\/natura-diet.com\/?page_id=517\">Phytotherapie<\/a><\/li>\n                <li><a href=\"https:\/\/natura-diet.com\/?page_id=1202\">Pediakid<\/a><\/li>\n                <li><a href=\"https:\/\/natura-diet.com\/?page_id=726\">Effiderm<\/a><\/li>\n            <\/ul>\n\n        <\/div>\n        <div class=\"footer-col\">\n            <h4>Contactez-nous<\/h4>\n            <div class=\"social-links\">\n                <a href=\"tel:+21626330240\"><i class=\"fa fa-phone\"><\/i><\/a><span class=\"text-icon\">+216 26 330 240<\/span>\n                <br \/>\n                <a href=\"mailto:bionatura2@gmail.com\"><i class=\"fa fa-envelope\" aria-hidden=\"true\"><\/i><\/a><span\n                    class=\"text-icon\">bionatura2@gmail.com<\/span> <br \/>\n                <div class=\"social-media\">\n                    <a href=\"https:\/\/www.facebook.com\/profile.php?id=100054568084108\" target=\"_blank\" rel=\"noopener\"><i\n                            class=\"fa-brands fa-facebook\"><\/i><\/a>\n                    <a href=\"https:\/\/www.instagram.com\/bio.naturadiet?igsh=cXI0aDNvM3I3MXpk\" target=\"_blank\" rel=\"noopener\"><i class=\"fa-brands fa-instagram\"><\/i><\/a>\n                    <!-- <a href=\"#\"><i class=\"fa-brands fa-linkedin-in\"><\/i><\/a> -->\n                <\/div>\n            <\/div>\n        <\/div>\n        <div class=\"footer-col\" style=\"color: white; text-align: center; display: block;margin-left: auto;\n    margin-right: auto;margin-top: 20px;\">&copy; 2024 &#8211; All right\n            reserved <a href=\"https:\/\/zeenovi.com\/\" target=\"_blank\" style=\"color: white;\" rel=\"noopener\">Zeenovi\u2122<\/a>\n        <\/div>\n\n\n    <\/div>\n<\/footer>\n<\/div>\n<\/div>\n","protected":false},"excerpt":{"rendered":"<p>EAU MICELLAIRE HYDRATANTE Posologie Le + Produit :\u00a0Formule hypoallerg\u00e9nique, sans parfum\u00a0 Base essentielle d\u2019une bonne routine le nettoyage est une \u00e9tape cl\u00e9s d\u2019une routine beaut\u00e9 r\u00e9ussie. Maquillage, pollution et autres [&hellip;]<\/p>\n","protected":false},"author":1,"featured_media":0,"parent":0,"menu_order":0,"comment_status":"closed","ping_status":"closed","template":"","meta":{"_eb_attr":"","_EventAllDay":false,"_EventTimezone":"","_EventStartDate":"","_EventEndDate":"","_EventStartDateUTC":"","_EventEndDateUTC":"","_EventShowMap":false,"_EventShowMapLink":false,"_EventURL":"","_EventCost":"","_EventCostDescription":"","_EventCurrencySymbol":"","_EventCurrencyCode":"","_EventCurrencyPosition":"","_EventDateTimeSeparator":"","_EventTimeRangeSeparator":"","_EventOrganizerID":[],"_EventVenueID":[],"_OrganizerEmail":"","_OrganizerPhone":"","_OrganizerWebsite":"","_VenueAddress":"","_VenueCity":"","_VenueCountry":"","_VenueProvince":"","_VenueState":"","_VenueZip":"","_VenuePhone":"","_VenueURL":"","_VenueStateProvince":"","_VenueLat":"","_VenueLng":"","_VenueShowMap":false,"_VenueShowMapLink":false,"footnotes":""},"class_list":["post-931","page","type-page","status-publish","hentry"],"_links":{"self":[{"href":"https:\/\/natura-diet.com\/index.php?rest_route=\/wp\/v2\/pages\/931","targetHints":{"allow":["GET"]}}],"collection":[{"href":"https:\/\/natura-diet.com\/index.php?rest_route=\/wp\/v2\/pages"}],"about":[{"href":"https:\/\/natura-diet.com\/index.php?rest_route=\/wp\/v2\/types\/page"}],"author":[{"embeddable":true,"href":"https:\/\/natura-diet.com\/index.php?rest_route=\/wp\/v2\/users\/1"}],"replies":[{"embeddable":true,"href":"https:\/\/natura-diet.com\/index.php?rest_route=%2Fwp%2Fv2%2Fcomments&post=931"}],"version-history":[{"count":8,"href":"https:\/\/natura-diet.com\/index.php?rest_route=\/wp\/v2\/pages\/931\/revisions"}],"predecessor-version":[{"id":3457,"href":"https:\/\/natura-diet.com\/index.php?rest_route=\/wp\/v2\/pages\/931\/revisions\/3457"}],"wp:attachment":[{"href":"https:\/\/natura-diet.com\/index.php?rest_route=%2Fwp%2Fv2%2Fmedia&parent=931"}],"curies":[{"name":"wp","href":"https:\/\/api.w.org\/{rel}","templated":true}]}}