{"id":934,"date":"2024-03-18T14:08:57","date_gmt":"2024-03-18T13:08:57","guid":{"rendered":"https:\/\/bionaturaa.wordpress.com\/?page_id=934"},"modified":"2024-06-09T18:09:35","modified_gmt":"2024-06-09T18:09:35","slug":"creme-riche-anti-age","status":"publish","type":"page","link":"https:\/\/natura-diet.com\/?page_id=934","title":{"rendered":"CREME RICHE ANTI AGE"},"content":{"rendered":"\n<div class=\"wp-block-group alignfull has-global-padding is-content-justification-center is-layout-constrained wp-container-core-group-is-layout-888b3e69 wp-block-group-is-layout-constrained\" style=\"margin-top:0;margin-bottom:0;padding-top:calc( 0.5 * var(u002du002dwpu002du002dstyleu002du002drootu002du002dpadding-right, var(u002du002dwpu002du002dcustomu002du002dgapu002du002dhorizontal)));padding-right:var(u002du002dwpu002du002dstyleu002du002drootu002du002dpadding-right, var(u002du002dwpu002du002dcustomu002du002dgapu002du002dhorizontal));padding-bottom:calc( 0.5 * var(u002du002dwpu002du002dstyleu002du002drootu002du002dpadding-right, var(u002du002dwpu002du002dcustomu002du002dgapu002du002dhorizontal)));padding-left:var(u002du002dwpu002du002dstyleu002du002drootu002du002dpadding-left, var(u002du002dwpu002du002dcustomu002du002dgapu002du002dhorizontal))\">\n<div style=\"height:calc( 0.25 * var(u002du002dwpu002du002dstyleu002du002drootu002du002dpadding-right, var(u002du002dwpu002du002dcustomu002du002dgapu002du002dhorizontal)))\" aria-hidden=\"true\" class=\"wp-block-spacer\"><\/div>\n\n\n\n<div style=\"height:100px\" aria-hidden=\"true\" class=\"wp-block-spacer\"><\/div>\n\n\n\n<h3 class=\"wp-block-heading has-text-align-left has-large-font-size\"><mark style=\"background-color:rgba(0, 0, 0, 0)\" class=\"has-inline-color has-theme-3-color\">CREME RICHE ANTI AGE<\/mark><\/h3>\n\n\n\n<div style=\"height:100px\" aria-hidden=\"true\" class=\"wp-block-spacer\"><\/div>\n\n\n\n<div class=\"wp-block-columns alignwide are-vertically-aligned-center is-layout-flex wp-container-core-columns-is-layout-28f84493 wp-block-columns-is-layout-flex\">\n<div class=\"wp-block-column is-vertically-aligned-center is-layout-flow wp-block-column-is-layout-flow\">\n<figure class=\"wp-block-image aligncenter size-large is-resized\"><img decoding=\"async\" src=\"https:\/\/bionaturaa.wordpress.com\/wp-content\/uploads\/2024\/03\/creme-riche-anti-age_tube-1.jpg?w=586\" alt=\"\" class=\"wp-image-935\" style=\"width:250px;height:auto\"\/><\/figure>\n<\/div>\n\n\n\n<div class=\"wp-block-column is-vertically-aligned-center is-layout-flow wp-block-column-is-layout-flow\">\n<head>\n\n\n    <script src=\"https:\/\/code.jquery.com\/jquery-3.6.0.min.js\"><\/script>\n\n<\/head>\n\n<body>\n    <div class=\"container-accordion\">\n        <div class=\"accordion_inner\">\n            <div class=\"accordion-section\">\n                <div class=\"each-accordionbox\">\n                    <h3 class=\"each-title\">Posologie<\/h3>\n                    <div class=\"each-text\">\n                        <p>Le + Produit : \u00a0Formule \u00e0 base de CellRepulp \u00ae Complex, un complexe anti-\u00e2ge exclusif, qui\n                            tonifie, repulpe et renforce en profondeur les tissus de soutien pour une peau plus jeune.\n                            <br \/>\n\n                            Avec le temps, la peau est plus exigeante en termes d\u2019hydratation, si elle n\u2019est pas\n                            satisfaite, elle peut perdre en fermet\u00e9 et \u00e9lasticit\u00e9, rides et ridules s\u2019installent et les\n                            signes de l\u2019\u00e2ge sont de plus en plus visibles.\u00a0\u00a0\u00a0 <br \/>\n\n                            Compos\u00e9e d\u2019actifs 100% naturels et alli\u00e9e des peaux matures, la Cr\u00e8me Riche\n                            Anti-\u00e2ge\u00a0augmente leur vitalit\u00e9, leur r\u00e9sistance et la r\u00e9g\u00e9n\u00e9ration cellulaire. Riche en\n                            beurre de Karit\u00e9 et l\u2019huile d\u2019Amande douce, elle pr\u00e9serve la peau du dess\u00e8chement et de la\n                            d\u00e9shydratation et lutte activement contre les effets du temps gr\u00e2ce \u00e0 l\u2019action synergique de\n                            l\u2019acide hyaluronique et de l\u2019extrait de M\u00e9lisse et d\u2019Orge riche en puissants compos\u00e9s\n                            antioxydants. <br \/>\n\n                            Le CellRepulp\u00ae Complex, un complexe v\u00e9g\u00e9tal anti-\u00e2ge exclusif : <br \/>\n\n                            Laisse la peau douce et hydrat\u00e9e, <br \/>\n\n                            Tonifie et raffermit les tissus de soutien, pour une peau plus jeune, <br \/>\n\n                            Prot\u00e8ge la peau des agressions ext\u00e9rieures, notamment de la pollution, <br \/>\n\n                            Illumine le teint. <br \/>\n\n                            Les rides s\u2019att\u00e9nuent, les contours du visage se raffermissent, le grain de peau s\u2019affine.\n                            <br \/>\n\n                            Tube 50 ml en plastique recycl\u00e9. Etui \u00e9co-con\u00e7u en fibre de papier recycl\u00e9. <br \/>\n\n                            Ayez le bon geste, recyclez vos produits apr\u00e8s leur utilisation <br \/>\n                        <\/p>\n                    <\/div>\n                <\/div>\n                <div class=\"each-accordionbox\">\n                    <h3 class=\"each-title\">Composition<\/h3>\n                    <p class=\"each-text\">\n                        <strong>Composition <\/strong> Total principes actifs 23% : Aloe vera 10%, CellRepulp\u00ae Complex,\n                        glyc\u00e9rine v\u00e9g\u00e9tale, beurre de\n                        Karit\u00e9, huile d\u2019Amande douce, vitamine E, extraits de m\u00e9lisse et d\u2019orge, acide\n                        hyaluronique.<br \/>\n\n                        <strong> Ingr\u00e9dients : <\/strong>\u00a0AQUA, ALOE BARBADENSIS LEAF EXTRACT, GLYCERIN, BUTYROSPERMUM\n                        PARKII BUTTER,\n                        CAPRYLIC \/ CAPRIC TRIGLYCERIDE, GLYCERYL STEARATE SE, PRUNUS AMYGDALUS DULCIS OIL,\n                        COCOCAPRYLATE, POLYGLYCERYL-6 DISTEARATE, PALMITIC ACID, STEARIC ACID, ORYZA SATIVA STARCH,\n                        BENZYL ALCOHOL, PARFUM, MICROCRYSTALLINE CELLULOSE, SODIUM STEAROYL GLUTAMATE, CETYL ALCOHOL,\n                        XANTHAN GUM, TOCOPHERYL ACETATE, CELLULOSE GUM, DEHYDROACETIC ACID, CITRIC ACID, GINKGO BILOBA\n                        LEAF EXTRACT, HYDROLYZED LUPINE PROTEIN, SODIUM HYALURONATE, SODIUM BENZOATE, POTASSIUM SORBATE,\n                        MELISSA OFFICINALIS LEAF EXTRACT, DISODIUM RUTINYL, DISULFATE, HORDEUM DISTICHON EXTRACT,\n                        LINALOOL, LIMONENE, EUGENOL, CITRONELLOL, GENRANIOL.<br \/>\n\n                    <\/p>\n\n\n\n\n                <\/div>\n            <\/div>\n            <div class=\"each-accordionbox\">\n                <h3 class=\"each-title\">Utilisation<\/h3>\n                <div class=\"each-text\">\n                    <p>Conseils d&#8217;utilisation<br \/>\n                        \u00a0Appliquer matin et \/ou soir en massage sur l\u2019ensemble du visage.<br \/>\n\n\n\n                    <\/p>\n\n\n                <\/div>\n            <\/div>\n        <\/div>\n    <\/div>\n    <\/div>\n\n    <\/tbody>\n    <\/table>\n\n    <\/div>\n    <\/div>\n\n\n\n    <script>\n        $(document).ready(function () {\n            \/\/ Open the first accordion automatically\n            $(\".each-accordionbox:first-child\").addClass(\"active\").children(\".each-text\").slideDown();\n\n            \/\/ Accordion toggle functionality\n            $(\".each-title\").on(\"click\",function () {\n                if ($(this).parent().hasClass(\"active\")) {\n                    $(this).next().slideUp();\n                    $(this).parent().removeClass(\"active\");\n                } else {\n                    $(\".each-text\").slideUp();\n                    $(\".each-accordionbox\").removeClass(\"active\");\n                    $(this).parent().addClass(\"active\");\n                    $(this).next().slideDown();\n                }\n            });\n        });\n    <\/script>\n<\/body>\n\n\n\n<p><strong>.<\/strong><\/p>\n<\/div>\n<\/div>\n<\/div>\n\n\n\n<p><\/p>\n\n\n\n<div style=\"height:100px\" aria-hidden=\"true\" class=\"wp-block-spacer\"><\/div>\n\n\n\n<div class=\"wp-block-columns alignfull is-layout-flex wp-container-core-columns-is-layout-28f84493 wp-block-columns-is-layout-flex\">\n<div class=\"wp-block-column is-vertically-aligned-center is-layout-flow wp-block-column-is-layout-flow\">\n<head>\n    <script src=\"https:\/\/kit.fontawesome.com\/3b161c540c.js\" crossorigin=\"anonymous\"><\/script>\n<\/head>\n<footer class=\"footer\">\n    <div class=\"container row\">\n        <div class=\"footer-col\">\n            <h4>Laboratoire Bionatura Diet<\/h4>\n            <ul>\n                <li><a href=\"https:\/\/natura-diet.com\/?page_id=21\">Qui Somme Nous<\/a><\/li>\n            <\/ul>\n        <\/div>\n        <div class=\"footer-col\">\n            <h4> Nos partenaires<\/h4>\n            <ul>\n                <li><a href=\"https:\/\/natura-diet.com\/?page_id=692\">PileJe<\/a><\/li>\n                <li><a href=\"https:\/\/natura-diet.com\/?page_id=115\">Ineldea<\/a><\/li>\n                <li><a href=\"#\">Fertyfarm<\/a><\/li>\n                <li><a href=\"#\">Polidis<\/a><\/li>\n                <li><a href=\"#\">Eafit<\/a><\/li>\n            <\/ul>\n\n        <\/div>\n        <div class=\"footer-col\">\n\n            <h4>Nos Gammes<\/h4>\n            <ul>\n                <li><a href=\"https:\/\/natura-diet.com\/?page_id=465\">Microbiotes<\/a><\/li>\n                <li><a href=\"https:\/\/natura-diet.com\/?page_id=694\">Micronutrition<\/a><\/li>\n                <li><a href=\"https:\/\/natura-diet.com\/?page_id=517\">Phytotherapie<\/a><\/li>\n                <li><a href=\"https:\/\/natura-diet.com\/?page_id=1202\">Pediakid<\/a><\/li>\n                <li><a href=\"https:\/\/natura-diet.com\/?page_id=726\">Effiderm<\/a><\/li>\n            <\/ul>\n\n        <\/div>\n        <div class=\"footer-col\">\n            <h4>Contactez-nous<\/h4>\n            <div class=\"social-links\">\n                <a href=\"tel:+21626330240\"><i class=\"fa fa-phone\"><\/i><\/a><span class=\"text-icon\">+216 26 330 240<\/span>\n                <br \/>\n                <a href=\"mailto:bionatura2@gmail.com\"><i class=\"fa fa-envelope\" aria-hidden=\"true\"><\/i><\/a><span\n                    class=\"text-icon\">bionatura2@gmail.com<\/span> <br \/>\n                <div class=\"social-media\">\n                    <a href=\"https:\/\/www.facebook.com\/profile.php?id=100054568084108\" target=\"_blank\" rel=\"noopener\"><i\n                            class=\"fa-brands fa-facebook\"><\/i><\/a>\n                    <a href=\"https:\/\/www.instagram.com\/bio.naturadiet?igsh=cXI0aDNvM3I3MXpk\" target=\"_blank\" rel=\"noopener\"><i class=\"fa-brands fa-instagram\"><\/i><\/a>\n                    <!-- <a href=\"#\"><i class=\"fa-brands fa-linkedin-in\"><\/i><\/a> -->\n                <\/div>\n            <\/div>\n        <\/div>\n        <div class=\"footer-col\" style=\"color: white; text-align: center; display: block;margin-left: auto;\n    margin-right: auto;margin-top: 20px;\">&copy; 2024 &#8211; All right\n            reserved <a href=\"https:\/\/zeenovi.com\/\" target=\"_blank\" style=\"color: white;\" rel=\"noopener\">Zeenovi\u2122<\/a>\n        <\/div>\n\n\n    <\/div>\n<\/footer>\n<\/div>\n<\/div>\n","protected":false},"excerpt":{"rendered":"<p>CREME RICHE ANTI AGE Posologie Le + Produit : \u00a0Formule \u00e0 base de CellRepulp \u00ae Complex, un complexe anti-\u00e2ge exclusif, qui tonifie, repulpe et renforce en profondeur les tissus de [&hellip;]<\/p>\n","protected":false},"author":1,"featured_media":0,"parent":0,"menu_order":0,"comment_status":"closed","ping_status":"closed","template":"","meta":{"_eb_attr":"","_EventAllDay":false,"_EventTimezone":"","_EventStartDate":"","_EventEndDate":"","_EventStartDateUTC":"","_EventEndDateUTC":"","_EventShowMap":false,"_EventShowMapLink":false,"_EventURL":"","_EventCost":"","_EventCostDescription":"","_EventCurrencySymbol":"","_EventCurrencyCode":"","_EventCurrencyPosition":"","_EventDateTimeSeparator":"","_EventTimeRangeSeparator":"","_EventOrganizerID":[],"_EventVenueID":[],"_OrganizerEmail":"","_OrganizerPhone":"","_OrganizerWebsite":"","_VenueAddress":"","_VenueCity":"","_VenueCountry":"","_VenueProvince":"","_VenueState":"","_VenueZip":"","_VenuePhone":"","_VenueURL":"","_VenueStateProvince":"","_VenueLat":"","_VenueLng":"","_VenueShowMap":false,"_VenueShowMapLink":false,"footnotes":""},"class_list":["post-934","page","type-page","status-publish","hentry"],"_links":{"self":[{"href":"https:\/\/natura-diet.com\/index.php?rest_route=\/wp\/v2\/pages\/934","targetHints":{"allow":["GET"]}}],"collection":[{"href":"https:\/\/natura-diet.com\/index.php?rest_route=\/wp\/v2\/pages"}],"about":[{"href":"https:\/\/natura-diet.com\/index.php?rest_route=\/wp\/v2\/types\/page"}],"author":[{"embeddable":true,"href":"https:\/\/natura-diet.com\/index.php?rest_route=\/wp\/v2\/users\/1"}],"replies":[{"embeddable":true,"href":"https:\/\/natura-diet.com\/index.php?rest_route=%2Fwp%2Fv2%2Fcomments&post=934"}],"version-history":[{"count":7,"href":"https:\/\/natura-diet.com\/index.php?rest_route=\/wp\/v2\/pages\/934\/revisions"}],"predecessor-version":[{"id":3459,"href":"https:\/\/natura-diet.com\/index.php?rest_route=\/wp\/v2\/pages\/934\/revisions\/3459"}],"wp:attachment":[{"href":"https:\/\/natura-diet.com\/index.php?rest_route=%2Fwp%2Fv2%2Fmedia&parent=934"}],"curies":[{"name":"wp","href":"https:\/\/api.w.org\/{rel}","templated":true}]}}