{"id":940,"date":"2024-03-18T14:19:46","date_gmt":"2024-03-18T13:19:46","guid":{"rendered":"https:\/\/bionaturaa.wordpress.com\/?page_id=940"},"modified":"2024-06-10T00:17:08","modified_gmt":"2024-06-10T00:17:08","slug":"masque-creme-regenerant","status":"publish","type":"page","link":"https:\/\/natura-diet.com\/?page_id=940","title":{"rendered":"MASQUE CREME REGENERANT"},"content":{"rendered":"\n<div style=\"height:100px\" aria-hidden=\"true\" class=\"wp-block-spacer\"><\/div>\n\n\n\n<h3 class=\"wp-block-heading has-text-align-left has-large-font-size\"><mark style=\"background-color:rgba(0, 0, 0, 0)\" class=\"has-inline-color has-theme-3-color\">MASQUE CREME REGENERANT<\/mark><\/h3>\n\n\n\n<div style=\"height:100px\" aria-hidden=\"true\" class=\"wp-block-spacer\"><\/div>\n\n\n\n<div class=\"wp-block-group alignfull has-global-padding is-content-justification-center is-layout-constrained wp-container-core-group-is-layout-888b3e69 wp-block-group-is-layout-constrained\" style=\"margin-top:0;margin-bottom:0;padding-top:calc( 0.5 * var(u002du002dwpu002du002dstyleu002du002drootu002du002dpadding-right, var(u002du002dwpu002du002dcustomu002du002dgapu002du002dhorizontal)));padding-right:var(u002du002dwpu002du002dstyleu002du002drootu002du002dpadding-right, var(u002du002dwpu002du002dcustomu002du002dgapu002du002dhorizontal));padding-bottom:calc( 0.5 * var(u002du002dwpu002du002dstyleu002du002drootu002du002dpadding-right, var(u002du002dwpu002du002dcustomu002du002dgapu002du002dhorizontal)));padding-left:var(u002du002dwpu002du002dstyleu002du002drootu002du002dpadding-left, var(u002du002dwpu002du002dcustomu002du002dgapu002du002dhorizontal))\">\n<div style=\"height:calc( 0.25 * var(u002du002dwpu002du002dstyleu002du002drootu002du002dpadding-right, var(u002du002dwpu002du002dcustomu002du002dgapu002du002dhorizontal)))\" aria-hidden=\"true\" class=\"wp-block-spacer\"><\/div>\n\n\n\n<div class=\"wp-block-columns alignwide is-layout-flex wp-container-core-columns-is-layout-28f84493 wp-block-columns-is-layout-flex\">\n<div class=\"wp-block-column is-vertically-aligned-stretch is-layout-flow wp-block-column-is-layout-flow\">\n<figure class=\"wp-block-image aligncenter size-large is-resized\"><img decoding=\"async\" src=\"https:\/\/bionaturaa.wordpress.com\/wp-content\/uploads\/2024\/03\/masque-creme-regenerant_tube-1.jpg?w=586\" alt=\"\" class=\"wp-image-942\" style=\"width:284px;height:auto\"\/><\/figure>\n<\/div>\n\n\n\n<div class=\"wp-block-column is-vertically-aligned-stretch is-layout-flow wp-block-column-is-layout-flow\">\n<head>\n\n\n    <script src=\"https:\/\/code.jquery.com\/jquery-3.6.0.min.js\"><\/script>\n\n<\/head>\n\n<body>\n    <div class=\"container-accordion\">\n        <div class=\"accordion_inner\">\n            <div class=\"accordion-section\">\n                <div class=\"each-accordionbox\">\n                    <h3 class=\"each-title\">Posologie<\/h3>\n                    <div class=\"each-text\">\n                        <p><strong>Le + Produit :<\/strong> Le kaolin, qui nettoie la peau en douceur, la d\u00e9barrasse de\n                            ses impuret\u00e9s et des cellules mortes.<br \/>\n                            Une hydratation compl\u00e8te, avec le karit\u00e9 et l\u2019aloe vera, qui nourrissent la peau et la\n                            rendent moins sensible. Le teint est lumineux.\n                            V\u00e9ritable soin 2 en 1, Le Masque Cr\u00e8me R\u00e9g\u00e9n\u00e9rant nettoie la peau en douceur tout en lui\n                            apportant une hydratation profonde.<br \/>\n\n                            Riche en CellRepulp, notre complexe brevet\u00e9, il stimule le process de r\u00e9g\u00e9n\u00e9ration de la\n                            peau et active sa protection tout en la nettoyant en douceur de ses impuret\u00e9s et\n                            imperfections gr\u00e2ce au Kaolin.<br \/>\n\n                            L\u2019action combin\u00e9e de l\u2019Alo\u00e9 V\u00e9ra et du Beurre de Karit\u00e9 vont nourrir et hydrater l\u2019\u00e9piderme\n                            pour r\u00e9duire la s\u00e9cheresse cutan\u00e9e et illuminer le teint.<br \/>\n\n                            La peau est rebondie, l\u2019hypersensibilit\u00e9 r\u00e9duite et les peaux sensibles retrouvent confort\n                            et \u00e9clat.<br \/>\n\n                            Utiliser une \u00e0 deux par semaine en couche fine sur une peau s\u00e8che et nettoy\u00e9e.<br \/>\n\n                            Tube 50 ml en plastique recycl\u00e9. Etui \u00e9co-con\u00e7u en fibre de papier recycl\u00e9.<br \/>\n\n                            Ayez le bon geste, recyclez vos produits apr\u00e8s leur utilisation.<br \/>\n                        <\/p>\n                    <\/div>\n                <\/div>\n                <div class=\"each-accordionbox\">\n                    <h3 class=\"each-title\">Composition<\/h3>\n                    <p class=\"each-text\">\n                        <strong>Composition <\/strong> Extrait d\u2019Aloe vera 10% (Aloe barbadensis), beurre de Karit\u00e9 5%\n                        (Butyrospermum parkii), kaolin 5%, glyc\u00e9rine v\u00e9g\u00e9tale, CellRepulp\u00ae Complex (Ginkgo biloba\n                        extract andhydrolyzed lupine protein), vitamine E naturelle, acide hyaluronique (hyaluronate de\n                        sodium).<br \/>\n\n                        Sans parab\u00e8nes, sans phenoxy\u00e9thanol, sans phtalates, sans colorants.<br \/>\n\n\n                        <strong> Ingr\u00e9dients : <\/strong>\u00a0AQUA, CAPRYLIC \/ CAPRIC TRIGLYCERIDE, ALOE BARBADENSIS LEAF\n                        EXTRACT, BUTYROSPERMUM PARKII BUTTER, GLYCERIN, GLYCERYL STEARATE SE, KAOLIN, POLYGLYCERYL-6\n                        DISTEARATE, COCO-CAPRYLATE\/CAPRATE, PALMITIC ACID, STEARIC ACID, PARFUM, BENZYL ALCOHOL,\n                        MICROCRYSTALLINE CELLULOSE, SODIUM STEAROYL GLUTAMATE, XANTHAN GUM, TOCOPHERYL ACETATE,\n                        CELLULOSE GUM, CITRIC ACID, DEHYDROACETIC ACID, GINKGO BILOBA LEAF EXTRACT, HYDROLYZED LUPINE\n                        PROTEIN, SODIUM HYALURONATE, LIMONENE, ALPHA-ISOMETHYL IONONE, BUTYLPHENYL METHYLPROPIONAL,\n                        BENZYL SALICYLATE, GERANIOL, COUMARIN, SODIUM BENZOATE, LINALOOL, CITRONELLOL, POTASSIUM\n                        SORBATE.<br \/>\n\n                    <\/p>\n\n\n\n\n                <\/div>\n            <\/div>\n            <div class=\"each-accordionbox\">\n                <h3 class=\"each-title\">Utilisation<\/h3>\n                <div class=\"each-text\">\n                    <p>Conseils d&#8217;utilisation<br \/>\n                        Utiliser une \u00e0 deux par semaine en couche fine sur une peau s\u00e8che et nettoy\u00e9e en \u00e9vitant le\n                        contour des yeux et de la bouche. Retirer apr\u00e8s 10 minutes de pose avec un coton ou des \u00e9ponges\n                        impr\u00e9gn\u00e9es d\u2019eau chaude.\n                        <br \/>\n\n\n\n                    <\/p>\n\n\n                <\/div>\n            <\/div>\n        <\/div>\n    <\/div>\n    <\/div>\n\n    <\/tbody>\n    <\/table>\n\n    <\/div>\n    <\/div>\n\n\n\n    <script>\n        $(document).ready(function () {\n            \/\/ Open the first accordion automatically\n            $(\".each-accordionbox:first-child\").addClass(\"active\").children(\".each-text\").slideDown();\n\n            \/\/ Accordion toggle functionality\n            $(\".each-title\").on(\"click\",function () {\n                if ($(this).parent().hasClass(\"active\")) {\n                    $(this).next().slideUp();\n                    $(this).parent().removeClass(\"active\");\n                } else {\n                    $(\".each-text\").slideUp();\n                    $(\".each-accordionbox\").removeClass(\"active\");\n                    $(this).parent().addClass(\"active\");\n                    $(this).next().slideDown();\n                }\n            });\n        });\n    <\/script>\n<\/body>\n<\/div>\n<\/div>\n<\/div>\n\n\n\n<div style=\"height:100px\" aria-hidden=\"true\" class=\"wp-block-spacer\"><\/div>\n\n\n\n<div style=\"height:100px\" aria-hidden=\"true\" class=\"wp-block-spacer\"><\/div>\n\n\n\n<div style=\"height:100px\" aria-hidden=\"true\" class=\"wp-block-spacer\"><\/div>\n\n\n\n<div class=\"wp-block-columns alignfull is-layout-flex wp-container-core-columns-is-layout-28f84493 wp-block-columns-is-layout-flex\">\n<div class=\"wp-block-column is-vertically-aligned-center is-layout-flow wp-block-column-is-layout-flow\">\n<head>\n    <script src=\"https:\/\/kit.fontawesome.com\/3b161c540c.js\" crossorigin=\"anonymous\"><\/script>\n<\/head>\n<footer class=\"footer\">\n    <div class=\"container row\">\n        <div class=\"footer-col\">\n            <h4>Laboratoire Bionatura Diet<\/h4>\n            <ul>\n                <li><a href=\"https:\/\/natura-diet.com\/?page_id=21\">Qui Somme Nous<\/a><\/li>\n            <\/ul>\n        <\/div>\n        <div class=\"footer-col\">\n            <h4> Nos partenaires<\/h4>\n            <ul>\n                <li><a href=\"https:\/\/natura-diet.com\/?page_id=692\">PileJe<\/a><\/li>\n                <li><a href=\"https:\/\/natura-diet.com\/?page_id=115\">Ineldea<\/a><\/li>\n                <li><a href=\"#\">Fertyfarm<\/a><\/li>\n                <li><a href=\"#\">Polidis<\/a><\/li>\n                <li><a href=\"#\">Eafit<\/a><\/li>\n            <\/ul>\n\n        <\/div>\n        <div class=\"footer-col\">\n\n            <h4>Nos Gammes<\/h4>\n            <ul>\n                <li><a href=\"https:\/\/natura-diet.com\/?page_id=465\">Microbiotes<\/a><\/li>\n                <li><a href=\"https:\/\/natura-diet.com\/?page_id=694\">Micronutrition<\/a><\/li>\n                <li><a href=\"https:\/\/natura-diet.com\/?page_id=517\">Phytotherapie<\/a><\/li>\n                <li><a href=\"https:\/\/natura-diet.com\/?page_id=1202\">Pediakid<\/a><\/li>\n                <li><a href=\"https:\/\/natura-diet.com\/?page_id=726\">Effiderm<\/a><\/li>\n            <\/ul>\n\n        <\/div>\n        <div class=\"footer-col\">\n            <h4>Contactez-nous<\/h4>\n            <div class=\"social-links\">\n                <a href=\"tel:+21626330240\"><i class=\"fa fa-phone\"><\/i><\/a><span class=\"text-icon\">+216 26 330 240<\/span>\n                <br \/>\n                <a href=\"mailto:bionatura2@gmail.com\"><i class=\"fa fa-envelope\" aria-hidden=\"true\"><\/i><\/a><span\n                    class=\"text-icon\">bionatura2@gmail.com<\/span> <br \/>\n                <div class=\"social-media\">\n                    <a href=\"https:\/\/www.facebook.com\/profile.php?id=100054568084108\" target=\"_blank\" rel=\"noopener\"><i\n                            class=\"fa-brands fa-facebook\"><\/i><\/a>\n                    <a href=\"https:\/\/www.instagram.com\/bio.naturadiet?igsh=cXI0aDNvM3I3MXpk\" target=\"_blank\" rel=\"noopener\"><i class=\"fa-brands fa-instagram\"><\/i><\/a>\n                    <!-- <a href=\"#\"><i class=\"fa-brands fa-linkedin-in\"><\/i><\/a> -->\n                <\/div>\n            <\/div>\n        <\/div>\n        <div class=\"footer-col\" style=\"color: white; text-align: center; display: block;margin-left: auto;\n    margin-right: auto;margin-top: 20px;\">&copy; 2024 &#8211; All right\n            reserved <a href=\"https:\/\/zeenovi.com\/\" target=\"_blank\" style=\"color: white;\" rel=\"noopener\">Zeenovi\u2122<\/a>\n        <\/div>\n\n\n    <\/div>\n<\/footer>\n<\/div>\n<\/div>\n","protected":false},"excerpt":{"rendered":"<p>MASQUE CREME REGENERANT Posologie Le + Produit : Le kaolin, qui nettoie la peau en douceur, la d\u00e9barrasse de ses impuret\u00e9s et des cellules mortes. Une hydratation compl\u00e8te, avec le [&hellip;]<\/p>\n","protected":false},"author":1,"featured_media":0,"parent":0,"menu_order":0,"comment_status":"closed","ping_status":"closed","template":"","meta":{"_eb_attr":"","_EventAllDay":false,"_EventTimezone":"","_EventStartDate":"","_EventEndDate":"","_EventStartDateUTC":"","_EventEndDateUTC":"","_EventShowMap":false,"_EventShowMapLink":false,"_EventURL":"","_EventCost":"","_EventCostDescription":"","_EventCurrencySymbol":"","_EventCurrencyCode":"","_EventCurrencyPosition":"","_EventDateTimeSeparator":"","_EventTimeRangeSeparator":"","_EventOrganizerID":[],"_EventVenueID":[],"_OrganizerEmail":"","_OrganizerPhone":"","_OrganizerWebsite":"","_VenueAddress":"","_VenueCity":"","_VenueCountry":"","_VenueProvince":"","_VenueState":"","_VenueZip":"","_VenuePhone":"","_VenueURL":"","_VenueStateProvince":"","_VenueLat":"","_VenueLng":"","_VenueShowMap":false,"_VenueShowMapLink":false,"footnotes":""},"class_list":["post-940","page","type-page","status-publish","hentry"],"_links":{"self":[{"href":"https:\/\/natura-diet.com\/index.php?rest_route=\/wp\/v2\/pages\/940","targetHints":{"allow":["GET"]}}],"collection":[{"href":"https:\/\/natura-diet.com\/index.php?rest_route=\/wp\/v2\/pages"}],"about":[{"href":"https:\/\/natura-diet.com\/index.php?rest_route=\/wp\/v2\/types\/page"}],"author":[{"embeddable":true,"href":"https:\/\/natura-diet.com\/index.php?rest_route=\/wp\/v2\/users\/1"}],"replies":[{"embeddable":true,"href":"https:\/\/natura-diet.com\/index.php?rest_route=%2Fwp%2Fv2%2Fcomments&post=940"}],"version-history":[{"count":6,"href":"https:\/\/natura-diet.com\/index.php?rest_route=\/wp\/v2\/pages\/940\/revisions"}],"predecessor-version":[{"id":3463,"href":"https:\/\/natura-diet.com\/index.php?rest_route=\/wp\/v2\/pages\/940\/revisions\/3463"}],"wp:attachment":[{"href":"https:\/\/natura-diet.com\/index.php?rest_route=%2Fwp%2Fv2%2Fmedia&parent=940"}],"curies":[{"name":"wp","href":"https:\/\/api.w.org\/{rel}","templated":true}]}}