{"id":945,"date":"2024-03-18T14:28:27","date_gmt":"2024-03-18T13:28:27","guid":{"rendered":"https:\/\/bionaturaa.wordpress.com\/?page_id=945"},"modified":"2024-06-10T00:23:29","modified_gmt":"2024-06-10T00:23:29","slug":"masque-exfoliant-desincrustant","status":"publish","type":"page","link":"https:\/\/natura-diet.com\/?page_id=945","title":{"rendered":"MASQUE EXFOLIANT DESINCRUSTANT"},"content":{"rendered":"\n<div class=\"wp-block-group alignfull has-global-padding is-content-justification-center is-layout-constrained wp-container-core-group-is-layout-888b3e69 wp-block-group-is-layout-constrained\" style=\"margin-top:0;margin-bottom:0;padding-top:calc( 0.5 * var(u002du002dwpu002du002dstyleu002du002drootu002du002dpadding-right, var(u002du002dwpu002du002dcustomu002du002dgapu002du002dhorizontal)));padding-right:var(u002du002dwpu002du002dstyleu002du002drootu002du002dpadding-right, var(u002du002dwpu002du002dcustomu002du002dgapu002du002dhorizontal));padding-bottom:calc( 0.5 * var(u002du002dwpu002du002dstyleu002du002drootu002du002dpadding-right, var(u002du002dwpu002du002dcustomu002du002dgapu002du002dhorizontal)));padding-left:var(u002du002dwpu002du002dstyleu002du002drootu002du002dpadding-left, var(u002du002dwpu002du002dcustomu002du002dgapu002du002dhorizontal))\">\n<div style=\"height:calc( 0.25 * var(u002du002dwpu002du002dstyleu002du002drootu002du002dpadding-right, var(u002du002dwpu002du002dcustomu002du002dgapu002du002dhorizontal)))\" aria-hidden=\"true\" class=\"wp-block-spacer\"><\/div>\n\n\n\n<div style=\"height:100px\" aria-hidden=\"true\" class=\"wp-block-spacer\"><\/div>\n\n\n\n<h3 class=\"wp-block-heading has-text-align-left has-large-font-size\"><mark style=\"background-color:rgba(0, 0, 0, 0)\" class=\"has-inline-color has-theme-3-color\">MASQUE EXFOLIANT DESINCRUSTANT<\/mark><\/h3>\n\n\n\n<div style=\"height:100px\" aria-hidden=\"true\" class=\"wp-block-spacer\"><\/div>\n\n\n\n<div class=\"wp-block-columns alignwide are-vertically-aligned-center is-layout-flex wp-container-core-columns-is-layout-28f84493 wp-block-columns-is-layout-flex\">\n<div class=\"wp-block-column is-vertically-aligned-center is-layout-flow wp-block-column-is-layout-flow\">\n<figure class=\"wp-block-image aligncenter size-large is-resized\"><img decoding=\"async\" src=\"https:\/\/bionaturaa.wordpress.com\/wp-content\/uploads\/2024\/03\/exfoliant-desincrustant-tube-photo-1.jpg?w=683\" alt=\"\" class=\"wp-image-947\" style=\"width:332px;height:auto\"\/><\/figure>\n<\/div>\n\n\n\n<div class=\"wp-block-column is-vertically-aligned-center is-layout-flow wp-block-column-is-layout-flow\">\n<head>\n\n\n    <script src=\"https:\/\/code.jquery.com\/jquery-3.6.0.min.js\"><\/script>\n\n<\/head>\n\n<body>\n    <div class=\"container-accordion\">\n        <div class=\"accordion_inner\">\n            <div class=\"accordion-section\">\n                <div class=\"each-accordionbox\">\n                    <h3 class=\"each-title\">Posologie<\/h3>\n                    <div class=\"each-text\">\n                        <p><strong>Le + Produit :<\/strong> Favorise la r\u00e9g\u00e9n\u00e9ration de l\u2019\u00e9piderme (Aloe vera et peptides\n                            de lupin blanc)<br \/>\n\n                            Souvent sursollicit\u00e9e, la peau a besoin d\u2019un coup de pouce pour respirer et se d\u00e9barrasser\n                            de ses cellules mortes. <br \/>\n\n                            Utilis\u00e9 une \u00e0 deux fois par semaine, l\u2019Exfoliant D\u00e9sincrustant EFFIDERM\u00ae \u00e9limine en douceur\n                            cellules mortes, exc\u00e8s de s\u00e9bum et impuret\u00e9s, pour att\u00e9nuer les rugosit\u00e9s gr\u00e2ce aux\n                            particules de coquilles de noix de coco tout en favorisant la r\u00e9g\u00e9n\u00e9ration de l\u2019\u00e9piderme\n                            gr\u00e2ce \u00e0 l\u2019Aloe vera et aux peptides de lupin blanc.<br \/>\n\n                            L\u2019\u00e9piderme est net, les soins p\u00e9n\u00e8trent mieux. La peau est redynamis\u00e9e et liss\u00e9e, le teint\n                            est uniforme et lumineux, sublim\u00e9.<br \/>\n\n                            Tube 50 ml en plastique recycl\u00e9. Etui \u00e9co-con\u00e7u en fibre de papier recycl\u00e9.<br \/>\n\n                            Ayez le bon geste, recyclez vos produits apr\u00e8s leur utilisation.<br \/>\n                        <\/p>\n                    <\/div>\n                <\/div>\n                <div class=\"each-accordionbox\">\n                    <h3 class=\"each-title\">Composition<\/h3>\n                    <p class=\"each-text\">\n                        <strong>Composition <\/strong>Silice, poudre de coquille de Noix de Coco (Cocos nucifera), cire\n                        de noyau d&#8217;Abricot, huile de Noix de Coco 1% (Cocos nucifera), extrait de Noix de Coco 1,3%\n                        (Cocos nucifera), peptides bioactifs de Lupin blanc doux (Lupinus albus), poudre d\u2019Aloe vera\n                        (Aloe barbadensis), vitamine E.<br \/>\n\n                        Sans parab\u00e8nes, sans phenoxy\u00e9thanol, sans phtalates, sans colorants.<br \/>\n\n\n                        <strong> Ingr\u00e9dients : <\/strong>\u00a0AQUA, GLYCERYL STEARATE SE, CAPRYLIC\/CAPRIC TRIGLYCERIDE,\n                        CETEARYL ALCOHOL, HYDRATED SILICA, COCOSNUCIFERA OIL, ALOE BARBADENSIS LEAF EXTRACT, BENZYL\n                        ALCOHOL, HYDROGENATED VEGETABLE OIL, COCOSNUCIFERA FRUIT EXTRACT, COCOS NUCIFERA SHELL POWDER,\n                        GLYCERYL STEARATE, PARFUM,ETHYLHEXYLGLYCERIN, PRUNUS ARMENIACA KERNEL OIL, CITRIC ACID, CETYL\n                        PALMITATE, COCOGLYCERIDES,LINALOOL, TOCOPHEROL, HYDROLYZED LUPINE PROTEIN, SODIUM BENZOATE\n                        <br \/>\n\n                    <\/p>\n\n\n\n\n                <\/div>\n            <\/div>\n            <div class=\"each-accordionbox\">\n                <h3 class=\"each-title\">Utilisation<\/h3>\n                <div class=\"each-text\">\n                    <p>Conseils d&#8217;utilisation<br \/>\n                        Appliquer en massage l\u00e9ger sur le visage, en \u00e9vitant le contour des yeux et de la bouche. <br \/>\n\n                        Enlever apr\u00e8s 5 min. de pose avec un coton ou des \u00e9ponges impr\u00e9gn\u00e9es d\u2019eau chaude. <br \/>\n                        <br \/>\n\n\n\n                    <\/p>\n\n\n                <\/div>\n            <\/div>\n        <\/div>\n    <\/div>\n    <\/div>\n\n    <\/tbody>\n    <\/table>\n\n    <\/div>\n    <\/div>\n\n\n\n    <script>\n        $(document).ready(function () {\n            \/\/ Open the first accordion automatically\n            $(\".each-accordionbox:first-child\").addClass(\"active\").children(\".each-text\").slideDown();\n\n            \/\/ Accordion toggle functionality\n            $(\".each-title\").on(\"click\",function () {\n                if ($(this).parent().hasClass(\"active\")) {\n                    $(this).next().slideUp();\n                    $(this).parent().removeClass(\"active\");\n                } else {\n                    $(\".each-text\").slideUp();\n                    $(\".each-accordionbox\").removeClass(\"active\");\n                    $(this).parent().addClass(\"active\");\n                    $(this).next().slideDown();\n                }\n            });\n        });\n    <\/script>\n<\/body>\n<\/div>\n<\/div>\n<\/div>\n\n\n\n<div style=\"height:100px\" aria-hidden=\"true\" class=\"wp-block-spacer\"><\/div>\n\n\n\n<div style=\"height:100px\" aria-hidden=\"true\" class=\"wp-block-spacer\"><\/div>\n\n\n\n<div class=\"wp-block-columns alignfull is-layout-flex wp-container-core-columns-is-layout-28f84493 wp-block-columns-is-layout-flex\">\n<div class=\"wp-block-column is-vertically-aligned-center is-layout-flow wp-block-column-is-layout-flow\">\n<head>\n    <script src=\"https:\/\/kit.fontawesome.com\/3b161c540c.js\" crossorigin=\"anonymous\"><\/script>\n<\/head>\n<footer class=\"footer\">\n    <div class=\"container row\">\n        <div class=\"footer-col\">\n            <h4>Laboratoire Bionatura Diet<\/h4>\n            <ul>\n                <li><a href=\"https:\/\/natura-diet.com\/?page_id=21\">Qui Somme Nous<\/a><\/li>\n            <\/ul>\n        <\/div>\n        <div class=\"footer-col\">\n            <h4> Nos partenaires<\/h4>\n            <ul>\n                <li><a href=\"https:\/\/natura-diet.com\/?page_id=692\">PileJe<\/a><\/li>\n                <li><a href=\"https:\/\/natura-diet.com\/?page_id=115\">Ineldea<\/a><\/li>\n                <li><a href=\"#\">Fertyfarm<\/a><\/li>\n                <li><a href=\"#\">Polidis<\/a><\/li>\n                <li><a href=\"#\">Eafit<\/a><\/li>\n            <\/ul>\n\n        <\/div>\n        <div class=\"footer-col\">\n\n            <h4>Nos Gammes<\/h4>\n            <ul>\n                <li><a href=\"https:\/\/natura-diet.com\/?page_id=465\">Microbiotes<\/a><\/li>\n                <li><a href=\"https:\/\/natura-diet.com\/?page_id=694\">Micronutrition<\/a><\/li>\n                <li><a href=\"https:\/\/natura-diet.com\/?page_id=517\">Phytotherapie<\/a><\/li>\n                <li><a href=\"https:\/\/natura-diet.com\/?page_id=1202\">Pediakid<\/a><\/li>\n                <li><a href=\"https:\/\/natura-diet.com\/?page_id=726\">Effiderm<\/a><\/li>\n            <\/ul>\n\n        <\/div>\n        <div class=\"footer-col\">\n            <h4>Contactez-nous<\/h4>\n            <div class=\"social-links\">\n                <a href=\"tel:+21626330240\"><i class=\"fa fa-phone\"><\/i><\/a><span class=\"text-icon\">+216 26 330 240<\/span>\n                <br \/>\n                <a href=\"mailto:bionatura2@gmail.com\"><i class=\"fa fa-envelope\" aria-hidden=\"true\"><\/i><\/a><span\n                    class=\"text-icon\">bionatura2@gmail.com<\/span> <br \/>\n                <div class=\"social-media\">\n                    <a href=\"https:\/\/www.facebook.com\/profile.php?id=100054568084108\" target=\"_blank\" rel=\"noopener\"><i\n                            class=\"fa-brands fa-facebook\"><\/i><\/a>\n                    <a href=\"https:\/\/www.instagram.com\/bio.naturadiet?igsh=cXI0aDNvM3I3MXpk\" target=\"_blank\" rel=\"noopener\"><i class=\"fa-brands fa-instagram\"><\/i><\/a>\n                    <!-- <a href=\"#\"><i class=\"fa-brands fa-linkedin-in\"><\/i><\/a> -->\n                <\/div>\n            <\/div>\n        <\/div>\n        <div class=\"footer-col\" style=\"color: white; text-align: center; display: block;margin-left: auto;\n    margin-right: auto;margin-top: 20px;\">&copy; 2024 &#8211; All right\n            reserved <a href=\"https:\/\/zeenovi.com\/\" target=\"_blank\" style=\"color: white;\" rel=\"noopener\">Zeenovi\u2122<\/a>\n        <\/div>\n\n\n    <\/div>\n<\/footer>\n<\/div>\n<\/div>\n","protected":false},"excerpt":{"rendered":"<p>MASQUE EXFOLIANT DESINCRUSTANT Posologie Le + Produit : Favorise la r\u00e9g\u00e9n\u00e9ration de l\u2019\u00e9piderme (Aloe vera et peptides de lupin blanc) Souvent sursollicit\u00e9e, la peau a besoin d\u2019un coup de pouce [&hellip;]<\/p>\n","protected":false},"author":1,"featured_media":0,"parent":0,"menu_order":0,"comment_status":"closed","ping_status":"closed","template":"","meta":{"_eb_attr":"","_EventAllDay":false,"_EventTimezone":"","_EventStartDate":"","_EventEndDate":"","_EventStartDateUTC":"","_EventEndDateUTC":"","_EventShowMap":false,"_EventShowMapLink":false,"_EventURL":"","_EventCost":"","_EventCostDescription":"","_EventCurrencySymbol":"","_EventCurrencyCode":"","_EventCurrencyPosition":"","_EventDateTimeSeparator":"","_EventTimeRangeSeparator":"","_EventOrganizerID":[],"_EventVenueID":[],"_OrganizerEmail":"","_OrganizerPhone":"","_OrganizerWebsite":"","_VenueAddress":"","_VenueCity":"","_VenueCountry":"","_VenueProvince":"","_VenueState":"","_VenueZip":"","_VenuePhone":"","_VenueURL":"","_VenueStateProvince":"","_VenueLat":"","_VenueLng":"","_VenueShowMap":false,"_VenueShowMapLink":false,"footnotes":""},"class_list":["post-945","page","type-page","status-publish","hentry"],"_links":{"self":[{"href":"https:\/\/natura-diet.com\/index.php?rest_route=\/wp\/v2\/pages\/945","targetHints":{"allow":["GET"]}}],"collection":[{"href":"https:\/\/natura-diet.com\/index.php?rest_route=\/wp\/v2\/pages"}],"about":[{"href":"https:\/\/natura-diet.com\/index.php?rest_route=\/wp\/v2\/types\/page"}],"author":[{"embeddable":true,"href":"https:\/\/natura-diet.com\/index.php?rest_route=\/wp\/v2\/users\/1"}],"replies":[{"embeddable":true,"href":"https:\/\/natura-diet.com\/index.php?rest_route=%2Fwp%2Fv2%2Fcomments&post=945"}],"version-history":[{"count":6,"href":"https:\/\/natura-diet.com\/index.php?rest_route=\/wp\/v2\/pages\/945\/revisions"}],"predecessor-version":[{"id":3465,"href":"https:\/\/natura-diet.com\/index.php?rest_route=\/wp\/v2\/pages\/945\/revisions\/3465"}],"wp:attachment":[{"href":"https:\/\/natura-diet.com\/index.php?rest_route=%2Fwp%2Fv2%2Fmedia&parent=945"}],"curies":[{"name":"wp","href":"https:\/\/api.w.org\/{rel}","templated":true}]}}