{"id":949,"date":"2024-03-18T14:30:18","date_gmt":"2024-03-18T13:30:18","guid":{"rendered":"https:\/\/bionaturaa.wordpress.com\/?page_id=949"},"modified":"2024-06-10T00:27:36","modified_gmt":"2024-06-10T00:27:36","slug":"huile-soyeuse-regenerante","status":"publish","type":"page","link":"https:\/\/natura-diet.com\/?page_id=949","title":{"rendered":"HUILE SOYEUSE REGENERANTE"},"content":{"rendered":"\n<div class=\"wp-block-group alignfull has-global-padding is-content-justification-center is-layout-constrained wp-container-core-group-is-layout-888b3e69 wp-block-group-is-layout-constrained\" style=\"margin-top:0;margin-bottom:0;padding-top:calc( 0.5 * var(u002du002dwpu002du002dstyleu002du002drootu002du002dpadding-right, var(u002du002dwpu002du002dcustomu002du002dgapu002du002dhorizontal)));padding-right:var(u002du002dwpu002du002dstyleu002du002drootu002du002dpadding-right, var(u002du002dwpu002du002dcustomu002du002dgapu002du002dhorizontal));padding-bottom:calc( 0.5 * var(u002du002dwpu002du002dstyleu002du002drootu002du002dpadding-right, var(u002du002dwpu002du002dcustomu002du002dgapu002du002dhorizontal)));padding-left:var(u002du002dwpu002du002dstyleu002du002drootu002du002dpadding-left, var(u002du002dwpu002du002dcustomu002du002dgapu002du002dhorizontal))\">\n<div style=\"height:calc( 0.25 * var(u002du002dwpu002du002dstyleu002du002drootu002du002dpadding-right, var(u002du002dwpu002du002dcustomu002du002dgapu002du002dhorizontal)))\" aria-hidden=\"true\" class=\"wp-block-spacer\"><\/div>\n\n\n\n<div style=\"height:100px\" aria-hidden=\"true\" class=\"wp-block-spacer\"><\/div>\n\n\n\n<h3 class=\"wp-block-heading has-text-align-left has-large-font-size\"><mark style=\"background-color:rgba(0, 0, 0, 0)\" class=\"has-inline-color has-theme-3-color\">HUILE SOYEUSE REGENERANTE<\/mark><\/h3>\n\n\n\n<div style=\"height:100px\" aria-hidden=\"true\" class=\"wp-block-spacer\"><\/div>\n\n\n\n<div class=\"wp-block-columns alignwide are-vertically-aligned-center is-layout-flex wp-container-core-columns-is-layout-28f84493 wp-block-columns-is-layout-flex\">\n<div class=\"wp-block-column is-vertically-aligned-center is-layout-flow wp-block-column-is-layout-flow\">\n<figure class=\"wp-block-image aligncenter size-large is-resized\"><img loading=\"lazy\" decoding=\"async\" width=\"1100\" height=\"2380\" src=\"https:\/\/bionaturaa.wordpress.com\/wp-content\/uploads\/2024\/03\/huile-soyeuse-regenerante-30ml-etui-2.jpg?w=473\" alt=\"\" class=\"wp-image-1224\" style=\"width:250px;height:auto\" srcset=\"https:\/\/natura-diet.com\/wp-content\/uploads\/2024\/03\/huile-soyeuse-regenerante-30ml-etui-2.jpg 1100w, https:\/\/natura-diet.com\/wp-content\/uploads\/2024\/03\/huile-soyeuse-regenerante-30ml-etui-2-139x300.jpg 139w, https:\/\/natura-diet.com\/wp-content\/uploads\/2024\/03\/huile-soyeuse-regenerante-30ml-etui-2-473x1024.jpg 473w, https:\/\/natura-diet.com\/wp-content\/uploads\/2024\/03\/huile-soyeuse-regenerante-30ml-etui-2-768x1662.jpg 768w, https:\/\/natura-diet.com\/wp-content\/uploads\/2024\/03\/huile-soyeuse-regenerante-30ml-etui-2-710x1536.jpg 710w, https:\/\/natura-diet.com\/wp-content\/uploads\/2024\/03\/huile-soyeuse-regenerante-30ml-etui-2-947x2048.jpg 947w\" sizes=\"auto, (max-width: 1100px) 100vw, 1100px\" \/><\/figure>\n<\/div>\n\n\n\n<div class=\"wp-block-column is-vertically-aligned-center is-layout-flow wp-block-column-is-layout-flow\">\n<head>\n\n\n    <script src=\"https:\/\/code.jquery.com\/jquery-3.6.0.min.js\"><\/script>\n\n<\/head>\n\n<body>\n    <div class=\"container-accordion\">\n        <div class=\"accordion_inner\">\n            <div class=\"accordion-section\">\n                <div class=\"each-accordionbox\">\n                    <h3 class=\"each-title\">Posologie<\/h3>\n                    <div class=\"each-text\">\n                        <p><strong>Le + Produit :<\/strong> Association des meilleures huiles v\u00e9g\u00e9tales, dont l\u2019huile\n                            d\u2019Argan, d\u2019amande douce, de noyau d\u2019abricot, de bourrache\u2026\n                            Enrichie en extrait de figue de barbarie, aux vertus anti-\u00e2ge.<br \/>\n\n                            Compos\u00e9e d\u2019actifs 100% d\u2019origine naturelle l\u2019Huile Soyeuse vous accompagne de jour comme de\n                            nuit avant votre cr\u00e8me. Huile multiusage, sa texture s\u00e8che p\u00e9n\u00e8tre rapidement et s\u2019applique\n                            aussi bien sur le visage et le cou que sur les cheveux.<br \/>\n\n                            Une formule d\u2019actifs naturels vegan, rigoureusement s\u00e9lectionn\u00e9s r\u00e9unissant les meilleures\n                            huiles v\u00e9g\u00e9tales et ingr\u00e9dients naturels, tel que l\u2019huile d\u2019Argan, noyau d\u2019Abricot, Amande\n                            douce, Huile d\u2019Olive et Bourache, Vitamine E naturelle, Ginkgo et Fleur de Figuier de\n                            Barbarie qui font d\u2019elle un cocktail v\u00e9g\u00e9tale r\u00e9g\u00e9n\u00e9rant et anti-\u00e2ge pour soutenir notre\n                            peau face aux agressions ext\u00e9rieures.<br \/>\n\n                            Hydrat\u00e9e, assouplie et prot\u00e9g\u00e9e, la peau est lisse et velout\u00e9e pour un teint lumineux.\n\n                            A appliquer matin et\/ou soir avant la cr\u00e8me.<br \/>\n\n                            Flacon en verre recyclable de 30 ml Etui \u00e9co-con\u00e7u en fibre de papier recycl\u00e9<br \/>\n\n                            Ayez le bon geste, recyclez vos produits apr\u00e8s leur utilisation.<br \/>\n                        <\/p>\n                    <\/div>\n                <\/div>\n                <div class=\"each-accordionbox\">\n                    <h3 class=\"each-title\">Composition<\/h3>\n                    <p class=\"each-text\">\n                        <strong>Composition <\/strong>Total principes actifs 31% : Huile d\u2019argan, huile de noyau\n                        d\u2019abricot, huile d\u2019amande douce, huile d\u2019olive, huile de bourrache, vitamine E naturelle,\n                        mac\u00e9r\u00e2ts huileux de ginkgo et de fleur de figuier de barbarie.<br \/>\n\n                        Sans parab\u00e8nes, sans phenoxy\u00e9thanol, sans phtalates, sans colorants.<br \/>\n                        <br \/>\n\n                        <strong> Ingr\u00e9dients : <\/strong>\u00a0CAPRYLIC \/ CAPRIC TRIGLYCERIDE, DICAPRYLYL ETHER, ISOPROPYL\n                        MYRISTATE, PRUNUS AMYGDALUS DULCIS OIL, PRUNUS ARMENIACA KERNEL OIL, BORAGO OFFICINALIS SEED\n                        OIL, OLEA EUROPAEA FRUIT OIL, ARGANIA SPINOSA KERNEL OIL, HELIANTHUS ANNUUS SEED OIL, PARFUM,\n                        OPUNTIA FICUS-INDICA FLOWER EXTRACT, GINKGO BILOBA LEAF EXTRACT, TOCOPHERYL ACETATE, LINALOOL,\n                        LIMONENE, BENZYL BENZOATE, BENZYL SALICYLATE, FARNESOL.\n                        <br \/>\n\n                    <\/p>\n\n\n\n\n                <\/div>\n            <\/div>\n            <div class=\"each-accordionbox\">\n                <h3 class=\"each-title\">Utilisation<\/h3>\n                <div class=\"each-text\">\n                    <p>Conseils d&#8217;utilisation<br \/>\n                        Appliquer matin et \/ ou soir en massage sur le visage et le cou, seule ou incorpor\u00e9e \u00e0 une noix\n                        de cr\u00e8me de soin, en \u00e9vitant le contour des yeux. Sa texture s\u00e8che, l\u00e9g\u00e8re, p\u00e9n\u00e8tre rapidement\n                        sans laisser de film gras. Id\u00e9ale \u00e9galement pour le soin des cheveux. <br \/>\n                        <br \/>\n\n\n\n                    <\/p>\n\n\n                <\/div>\n            <\/div>\n        <\/div>\n    <\/div>\n    <\/div>\n\n    <\/tbody>\n    <\/table>\n\n    <\/div>\n    <\/div>\n\n\n\n    <script>\n        $(document).ready(function () {\n            \/\/ Open the first accordion automatically\n            $(\".each-accordionbox:first-child\").addClass(\"active\").children(\".each-text\").slideDown();\n\n            \/\/ Accordion toggle functionality\n            $(\".each-title\").on(\"click\",function () {\n                if ($(this).parent().hasClass(\"active\")) {\n                    $(this).next().slideUp();\n                    $(this).parent().removeClass(\"active\");\n                } else {\n                    $(\".each-text\").slideUp();\n                    $(\".each-accordionbox\").removeClass(\"active\");\n                    $(this).parent().addClass(\"active\");\n                    $(this).next().slideDown();\n                }\n            });\n        });\n    <\/script>\n<\/body>\n\n\n\n<p><\/p>\n<\/div>\n<\/div>\n<\/div>\n\n\n\n<div style=\"height:100px\" aria-hidden=\"true\" class=\"wp-block-spacer\"><\/div>\n\n\n\n<div style=\"height:100px\" aria-hidden=\"true\" class=\"wp-block-spacer\"><\/div>\n\n\n\n<div style=\"height:100px\" aria-hidden=\"true\" class=\"wp-block-spacer\"><\/div>\n\n\n\n<div class=\"wp-block-columns alignfull is-layout-flex wp-container-core-columns-is-layout-28f84493 wp-block-columns-is-layout-flex\">\n<div class=\"wp-block-column is-vertically-aligned-center is-layout-flow wp-block-column-is-layout-flow\">\n<head>\n    <script src=\"https:\/\/kit.fontawesome.com\/3b161c540c.js\" crossorigin=\"anonymous\"><\/script>\n<\/head>\n<footer class=\"footer\">\n    <div class=\"container row\">\n        <div class=\"footer-col\">\n            <h4>Laboratoire Bionatura Diet<\/h4>\n            <ul>\n                <li><a href=\"https:\/\/natura-diet.com\/?page_id=21\">Qui Somme Nous<\/a><\/li>\n            <\/ul>\n        <\/div>\n        <div class=\"footer-col\">\n            <h4> Nos partenaires<\/h4>\n            <ul>\n                <li><a href=\"https:\/\/natura-diet.com\/?page_id=692\">PileJe<\/a><\/li>\n                <li><a href=\"https:\/\/natura-diet.com\/?page_id=115\">Ineldea<\/a><\/li>\n                <li><a href=\"#\">Fertyfarm<\/a><\/li>\n                <li><a href=\"#\">Polidis<\/a><\/li>\n                <li><a href=\"#\">Eafit<\/a><\/li>\n            <\/ul>\n\n        <\/div>\n        <div class=\"footer-col\">\n\n            <h4>Nos Gammes<\/h4>\n            <ul>\n                <li><a href=\"https:\/\/natura-diet.com\/?page_id=465\">Microbiotes<\/a><\/li>\n                <li><a href=\"https:\/\/natura-diet.com\/?page_id=694\">Micronutrition<\/a><\/li>\n                <li><a href=\"https:\/\/natura-diet.com\/?page_id=517\">Phytotherapie<\/a><\/li>\n                <li><a href=\"https:\/\/natura-diet.com\/?page_id=1202\">Pediakid<\/a><\/li>\n                <li><a href=\"https:\/\/natura-diet.com\/?page_id=726\">Effiderm<\/a><\/li>\n            <\/ul>\n\n        <\/div>\n        <div class=\"footer-col\">\n            <h4>Contactez-nous<\/h4>\n            <div class=\"social-links\">\n                <a href=\"tel:+21626330240\"><i class=\"fa fa-phone\"><\/i><\/a><span class=\"text-icon\">+216 26 330 240<\/span>\n                <br \/>\n                <a href=\"mailto:bionatura2@gmail.com\"><i class=\"fa fa-envelope\" aria-hidden=\"true\"><\/i><\/a><span\n                    class=\"text-icon\">bionatura2@gmail.com<\/span> <br \/>\n                <div class=\"social-media\">\n                    <a href=\"https:\/\/www.facebook.com\/profile.php?id=100054568084108\" target=\"_blank\" rel=\"noopener\"><i\n                            class=\"fa-brands fa-facebook\"><\/i><\/a>\n                    <a href=\"https:\/\/www.instagram.com\/bio.naturadiet?igsh=cXI0aDNvM3I3MXpk\" target=\"_blank\" rel=\"noopener\"><i class=\"fa-brands fa-instagram\"><\/i><\/a>\n                    <!-- <a href=\"#\"><i class=\"fa-brands fa-linkedin-in\"><\/i><\/a> -->\n                <\/div>\n            <\/div>\n        <\/div>\n        <div class=\"footer-col\" style=\"color: white; text-align: center; display: block;margin-left: auto;\n    margin-right: auto;margin-top: 20px;\">&copy; 2024 &#8211; All right\n            reserved <a href=\"https:\/\/zeenovi.com\/\" target=\"_blank\" style=\"color: white;\" rel=\"noopener\">Zeenovi\u2122<\/a>\n        <\/div>\n\n\n    <\/div>\n<\/footer>\n<\/div>\n<\/div>\n","protected":false},"excerpt":{"rendered":"<p>HUILE SOYEUSE REGENERANTE Posologie Le + Produit : Association des meilleures huiles v\u00e9g\u00e9tales, dont l\u2019huile d\u2019Argan, d\u2019amande douce, de noyau d\u2019abricot, de bourrache\u2026 Enrichie en extrait de figue de barbarie, [&hellip;]<\/p>\n","protected":false},"author":1,"featured_media":0,"parent":0,"menu_order":0,"comment_status":"closed","ping_status":"closed","template":"","meta":{"_eb_attr":"","_EventAllDay":false,"_EventTimezone":"","_EventStartDate":"","_EventEndDate":"","_EventStartDateUTC":"","_EventEndDateUTC":"","_EventShowMap":false,"_EventShowMapLink":false,"_EventURL":"","_EventCost":"","_EventCostDescription":"","_EventCurrencySymbol":"","_EventCurrencyCode":"","_EventCurrencyPosition":"","_EventDateTimeSeparator":"","_EventTimeRangeSeparator":"","_EventOrganizerID":[],"_EventVenueID":[],"_OrganizerEmail":"","_OrganizerPhone":"","_OrganizerWebsite":"","_VenueAddress":"","_VenueCity":"","_VenueCountry":"","_VenueProvince":"","_VenueState":"","_VenueZip":"","_VenuePhone":"","_VenueURL":"","_VenueStateProvince":"","_VenueLat":"","_VenueLng":"","_VenueShowMap":false,"_VenueShowMapLink":false,"footnotes":""},"class_list":["post-949","page","type-page","status-publish","hentry"],"_links":{"self":[{"href":"https:\/\/natura-diet.com\/index.php?rest_route=\/wp\/v2\/pages\/949","targetHints":{"allow":["GET"]}}],"collection":[{"href":"https:\/\/natura-diet.com\/index.php?rest_route=\/wp\/v2\/pages"}],"about":[{"href":"https:\/\/natura-diet.com\/index.php?rest_route=\/wp\/v2\/types\/page"}],"author":[{"embeddable":true,"href":"https:\/\/natura-diet.com\/index.php?rest_route=\/wp\/v2\/users\/1"}],"replies":[{"embeddable":true,"href":"https:\/\/natura-diet.com\/index.php?rest_route=%2Fwp%2Fv2%2Fcomments&post=949"}],"version-history":[{"count":7,"href":"https:\/\/natura-diet.com\/index.php?rest_route=\/wp\/v2\/pages\/949\/revisions"}],"predecessor-version":[{"id":3467,"href":"https:\/\/natura-diet.com\/index.php?rest_route=\/wp\/v2\/pages\/949\/revisions\/3467"}],"wp:attachment":[{"href":"https:\/\/natura-diet.com\/index.php?rest_route=%2Fwp%2Fv2%2Fmedia&parent=949"}],"curies":[{"name":"wp","href":"https:\/\/api.w.org\/{rel}","templated":true}]}}