{"id":959,"date":"2024-03-18T14:32:44","date_gmt":"2024-03-18T13:32:44","guid":{"rendered":"https:\/\/bionaturaa.wordpress.com\/?page_id=959"},"modified":"2024-06-10T00:38:42","modified_gmt":"2024-06-10T00:38:42","slug":"ampoules-concentrees-instant-eclat","status":"publish","type":"page","link":"https:\/\/natura-diet.com\/?page_id=959","title":{"rendered":"AMPOULES CONCENTREES INSTANT ECLAT"},"content":{"rendered":"\n<div style=\"height:100px\" aria-hidden=\"true\" class=\"wp-block-spacer\"><\/div>\n\n\n\n<div class=\"wp-block-group alignfull has-global-padding is-content-justification-center is-layout-constrained wp-container-core-group-is-layout-888b3e69 wp-block-group-is-layout-constrained\" style=\"margin-top:0;margin-bottom:0;padding-top:calc( 0.5 * var(u002du002dwpu002du002dstyleu002du002drootu002du002dpadding-right, var(u002du002dwpu002du002dcustomu002du002dgapu002du002dhorizontal)));padding-right:var(u002du002dwpu002du002dstyleu002du002drootu002du002dpadding-right, var(u002du002dwpu002du002dcustomu002du002dgapu002du002dhorizontal));padding-bottom:calc( 0.5 * var(u002du002dwpu002du002dstyleu002du002drootu002du002dpadding-right, var(u002du002dwpu002du002dcustomu002du002dgapu002du002dhorizontal)));padding-left:var(u002du002dwpu002du002dstyleu002du002drootu002du002dpadding-left, var(u002du002dwpu002du002dcustomu002du002dgapu002du002dhorizontal))\">\n<div style=\"height:calc( 0.25 * var(u002du002dwpu002du002dstyleu002du002drootu002du002dpadding-right, var(u002du002dwpu002du002dcustomu002du002dgapu002du002dhorizontal)))\" aria-hidden=\"true\" class=\"wp-block-spacer\"><\/div>\n\n\n\n<h3 class=\"wp-block-heading has-text-align-left has-large-font-size\"><mark style=\"background-color:rgba(0, 0, 0, 0)\" class=\"has-inline-color has-theme-3-color\">AMPOULES CONCENTREES INSTANT ECLAT<\/mark><\/h3>\n\n\n\n<div style=\"height:100px\" aria-hidden=\"true\" class=\"wp-block-spacer\"><\/div>\n\n\n\n<div class=\"wp-block-columns alignwide are-vertically-aligned-center is-layout-flex wp-container-core-columns-is-layout-28f84493 wp-block-columns-is-layout-flex\">\n<div class=\"wp-block-column is-vertically-aligned-center is-layout-flow wp-block-column-is-layout-flow\">\n<figure class=\"wp-block-image aligncenter size-large is-resized\"><img loading=\"lazy\" decoding=\"async\" width=\"2289\" height=\"1388\" src=\"https:\/\/bionaturaa.wordpress.com\/wp-content\/uploads\/2024\/03\/concentre-instant-eclat_etui-ampoule-4.jpg?w=1024\" alt=\"\" class=\"wp-image-960\" style=\"width:666px;height:auto\" srcset=\"https:\/\/natura-diet.com\/wp-content\/uploads\/2024\/03\/concentre-instant-eclat_etui-ampoule-4.jpg 2289w, https:\/\/natura-diet.com\/wp-content\/uploads\/2024\/03\/concentre-instant-eclat_etui-ampoule-4-300x182.jpg 300w, https:\/\/natura-diet.com\/wp-content\/uploads\/2024\/03\/concentre-instant-eclat_etui-ampoule-4-1024x621.jpg 1024w, https:\/\/natura-diet.com\/wp-content\/uploads\/2024\/03\/concentre-instant-eclat_etui-ampoule-4-768x466.jpg 768w, https:\/\/natura-diet.com\/wp-content\/uploads\/2024\/03\/concentre-instant-eclat_etui-ampoule-4-1536x931.jpg 1536w, https:\/\/natura-diet.com\/wp-content\/uploads\/2024\/03\/concentre-instant-eclat_etui-ampoule-4-2048x1242.jpg 2048w\" sizes=\"auto, (max-width: 2289px) 100vw, 2289px\" \/><\/figure>\n<\/div>\n\n\n\n<div class=\"wp-block-column is-vertically-aligned-center is-layout-flow wp-block-column-is-layout-flow\">\n<head>\n\n\n    <script src=\"https:\/\/code.jquery.com\/jquery-3.6.0.min.js\"><\/script>\n\n<\/head>\n\n<body>\n    <div class=\"container-accordion\">\n        <div class=\"accordion_inner\">\n            <div class=\"accordion-section\">\n                <div class=\"each-accordionbox\">\n                    <h3 class=\"each-title\">Posologie<\/h3>\n                    <div class=\"each-text\">\n                        <p><strong>Le + Produit :<\/strong> A l\u2019Osilift\u00ae dont l\u2019efficacit\u00e9 est d\u00e9montr\u00e9e* sur l\u2019effet\n                            tenseur et liftant imm\u00e9diat au niveau des pattes d\u2019oie<br \/>\n\n                            Cure compl\u00e8te contre le vieillissement cutan\u00e9, les Ampoules Concentr\u00e9es \u00ab Instant Eclat \u00bb\n                            offre une action anti-\u00e2ge globale :<br \/>\n\n                            Lissent le micro-relief cutan\u00e9 et tonifie la peau<br \/>\n                            Agissent sur le rel\u00e2chement cutan\u00e9 et raffermissent l\u2019ovale du visage<br \/>\n                            Estompent rides et ridules\n                            Effet tenseur et liftant imm\u00e9diat, notamment au niveau des pattes d\u2019oie.<br \/>\n                            Riche en Osilift\u00ae, un actif naturel brevet\u00e9 \u00e0 l\u2019efficacit\u00e9 cliniquement prouv\u00e9e* extrait\n                            purifi\u00e9 d\u2019avoine, il forme d\u00e8s l\u2019application un film invisible \u00e0 la surface de la peau pour\n                            un effet \u00ab liftant \u00bb et raffermissant imm\u00e9diat. <br \/>\n\n                            Riche en glyc\u00e9rine v\u00e9g\u00e9tale, L\u2019Osilift\n                            limite la d\u00e9shydratation en retenant l\u2019eau dans les couches sup\u00e9rieures de l\u2019\u00e9piderme.\n                            <br \/>\n                            Un concentr\u00e9 v\u00e9g\u00e9tale anti-\u00e2ge pour une peau liss\u00e9e et un ovale raffermit.<br \/>\n\n                            Cure de 7 semaines, une ampoule\/semaine<br \/>\n\n                            * Effet d\u00e9montr\u00e9 chez 82% des volontaires, test r\u00e9alis\u00e9 sur 32 volontaires.<br \/>\n\n                            Etui de 7 ampoules 3 ml en verre recyclable &#8211; Etui \u00e9co-con\u00e7u en fibre de papier recycl\u00e9 &#8211;\n                            Cure de 7 semaines<br \/>\n\n                            Ayez le bon geste, recyclez vos produits apr\u00e8s leur utilisation.<br \/>\n                        <\/p>\n                    <\/div>\n                <\/div>\n                <div class=\"each-accordionbox\">\n                    <h3 class=\"each-title\">Composition<\/h3>\n                    <p class=\"each-text\">\n                        <strong>Composition <\/strong>Osilift\u00ae* 5%, glyc\u00e9rine v\u00e9g\u00e9tale 6%. Sans parfum, sans parab\u00e8nes,\n                        sans phtalates, sans colorants.<br \/>\n\n                        * OSILIFT\u00ae est une marque d\u00e9pos\u00e9e de Silab SA.<br \/>\n\n                        <strong> Ingr\u00e9dients : <\/strong>\u00a0AQUA, GLYCERIN, PROPYLENE GLYCOL, PROPANEDIOL, AVENA SATIVA\n                        (OAT) KERNEL EXTRACT*, HYDROXYETHYLCELLULOSE, CHLORPHENESIN, CAPRYLYL GLYCOL, SODIUM BENZOATE.\n                        <br \/>\n\n                    <\/p>\n\n\n\n\n                <\/div>\n            <\/div>\n            <div class=\"each-accordionbox\">\n                <h3 class=\"each-title\">Utilisation<\/h3>\n                <div class=\"each-text\">\n                    <p>Conseils d&#8217;utilisation<br \/>\n                        Appliquer sur le visage et le d\u00e9collet\u00e9 en \u00e9vitant le contour de la bouche, et \u00e9taler par\n                        tapotements puis laisser s\u00e9cher. Appliquer une ampoule par semaine pendant 10 semaines. Adapt\u00e9\n                        au soin de tous types de peau.<br \/>\n\n                        <br \/>\n\n\n\n                    <\/p>\n\n\n                <\/div>\n            <\/div>\n        <\/div>\n    <\/div>\n    <\/div>\n\n    <\/tbody>\n    <\/table>\n\n    <\/div>\n    <\/div>\n\n\n\n    <script>\n        $(document).ready(function () {\n            \/\/ Open the first accordion automatically\n            $(\".each-accordionbox:first-child\").addClass(\"active\").children(\".each-text\").slideDown();\n\n            \/\/ Accordion toggle functionality\n            $(\".each-title\").on(\"click\",function () {\n                if ($(this).parent().hasClass(\"active\")) {\n                    $(this).next().slideUp();\n                    $(this).parent().removeClass(\"active\");\n                } else {\n                    $(\".each-text\").slideUp();\n                    $(\".each-accordionbox\").removeClass(\"active\");\n                    $(this).parent().addClass(\"active\");\n                    $(this).next().slideDown();\n                }\n            });\n        });\n    <\/script>\n<\/body>\n<\/div>\n<\/div>\n<\/div>\n\n\n\n<div style=\"height:100px\" aria-hidden=\"true\" class=\"wp-block-spacer\"><\/div>\n\n\n\n<div style=\"height:100px\" aria-hidden=\"true\" class=\"wp-block-spacer\"><\/div>\n\n\n\n<div class=\"wp-block-columns alignfull is-layout-flex wp-container-core-columns-is-layout-28f84493 wp-block-columns-is-layout-flex\">\n<div class=\"wp-block-column is-vertically-aligned-center is-layout-flow wp-block-column-is-layout-flow\">\n<head>\n    <script src=\"https:\/\/kit.fontawesome.com\/3b161c540c.js\" crossorigin=\"anonymous\"><\/script>\n<\/head>\n<footer class=\"footer\">\n    <div class=\"container row\">\n        <div class=\"footer-col\">\n            <h4>Laboratoire Bionatura Diet<\/h4>\n            <ul>\n                <li><a href=\"https:\/\/natura-diet.com\/?page_id=21\">Qui Somme Nous<\/a><\/li>\n            <\/ul>\n        <\/div>\n        <div class=\"footer-col\">\n            <h4> Nos partenaires<\/h4>\n            <ul>\n                <li><a href=\"https:\/\/natura-diet.com\/?page_id=692\">PileJe<\/a><\/li>\n                <li><a href=\"https:\/\/natura-diet.com\/?page_id=115\">Ineldea<\/a><\/li>\n                <li><a href=\"#\">Fertyfarm<\/a><\/li>\n                <li><a href=\"#\">Polidis<\/a><\/li>\n                <li><a href=\"#\">Eafit<\/a><\/li>\n            <\/ul>\n\n        <\/div>\n        <div class=\"footer-col\">\n\n            <h4>Nos Gammes<\/h4>\n            <ul>\n                <li><a href=\"https:\/\/natura-diet.com\/?page_id=465\">Microbiotes<\/a><\/li>\n                <li><a href=\"https:\/\/natura-diet.com\/?page_id=694\">Micronutrition<\/a><\/li>\n                <li><a href=\"https:\/\/natura-diet.com\/?page_id=517\">Phytotherapie<\/a><\/li>\n                <li><a href=\"https:\/\/natura-diet.com\/?page_id=1202\">Pediakid<\/a><\/li>\n                <li><a href=\"https:\/\/natura-diet.com\/?page_id=726\">Effiderm<\/a><\/li>\n            <\/ul>\n\n        <\/div>\n        <div class=\"footer-col\">\n            <h4>Contactez-nous<\/h4>\n            <div class=\"social-links\">\n                <a href=\"tel:+21626330240\"><i class=\"fa fa-phone\"><\/i><\/a><span class=\"text-icon\">+216 26 330 240<\/span>\n                <br \/>\n                <a href=\"mailto:bionatura2@gmail.com\"><i class=\"fa fa-envelope\" aria-hidden=\"true\"><\/i><\/a><span\n                    class=\"text-icon\">bionatura2@gmail.com<\/span> <br \/>\n                <div class=\"social-media\">\n                    <a href=\"https:\/\/www.facebook.com\/profile.php?id=100054568084108\" target=\"_blank\" rel=\"noopener\"><i\n                            class=\"fa-brands fa-facebook\"><\/i><\/a>\n                    <a href=\"https:\/\/www.instagram.com\/bio.naturadiet?igsh=cXI0aDNvM3I3MXpk\" target=\"_blank\" rel=\"noopener\"><i class=\"fa-brands fa-instagram\"><\/i><\/a>\n                    <!-- <a href=\"#\"><i class=\"fa-brands fa-linkedin-in\"><\/i><\/a> -->\n                <\/div>\n            <\/div>\n        <\/div>\n        <div class=\"footer-col\" style=\"color: white; text-align: center; display: block;margin-left: auto;\n    margin-right: auto;margin-top: 20px;\">&copy; 2024 &#8211; All right\n            reserved <a href=\"https:\/\/zeenovi.com\/\" target=\"_blank\" style=\"color: white;\" rel=\"noopener\">Zeenovi\u2122<\/a>\n        <\/div>\n\n\n    <\/div>\n<\/footer>\n<\/div>\n<\/div>\n","protected":false},"excerpt":{"rendered":"<p>AMPOULES CONCENTREES INSTANT ECLAT Posologie Le + Produit : A l\u2019Osilift\u00ae dont l\u2019efficacit\u00e9 est d\u00e9montr\u00e9e* sur l\u2019effet tenseur et liftant imm\u00e9diat au niveau des pattes d\u2019oie Cure compl\u00e8te contre le [&hellip;]<\/p>\n","protected":false},"author":1,"featured_media":0,"parent":0,"menu_order":0,"comment_status":"closed","ping_status":"closed","template":"","meta":{"_eb_attr":"","_EventAllDay":false,"_EventTimezone":"","_EventStartDate":"","_EventEndDate":"","_EventStartDateUTC":"","_EventEndDateUTC":"","_EventShowMap":false,"_EventShowMapLink":false,"_EventURL":"","_EventCost":"","_EventCostDescription":"","_EventCurrencySymbol":"","_EventCurrencyCode":"","_EventCurrencyPosition":"","_EventDateTimeSeparator":"","_EventTimeRangeSeparator":"","_EventOrganizerID":[],"_EventVenueID":[],"_OrganizerEmail":"","_OrganizerPhone":"","_OrganizerWebsite":"","_VenueAddress":"","_VenueCity":"","_VenueCountry":"","_VenueProvince":"","_VenueState":"","_VenueZip":"","_VenuePhone":"","_VenueURL":"","_VenueStateProvince":"","_VenueLat":"","_VenueLng":"","_VenueShowMap":false,"_VenueShowMapLink":false,"footnotes":""},"class_list":["post-959","page","type-page","status-publish","hentry"],"_links":{"self":[{"href":"https:\/\/natura-diet.com\/index.php?rest_route=\/wp\/v2\/pages\/959","targetHints":{"allow":["GET"]}}],"collection":[{"href":"https:\/\/natura-diet.com\/index.php?rest_route=\/wp\/v2\/pages"}],"about":[{"href":"https:\/\/natura-diet.com\/index.php?rest_route=\/wp\/v2\/types\/page"}],"author":[{"embeddable":true,"href":"https:\/\/natura-diet.com\/index.php?rest_route=\/wp\/v2\/users\/1"}],"replies":[{"embeddable":true,"href":"https:\/\/natura-diet.com\/index.php?rest_route=%2Fwp%2Fv2%2Fcomments&post=959"}],"version-history":[{"count":8,"href":"https:\/\/natura-diet.com\/index.php?rest_route=\/wp\/v2\/pages\/959\/revisions"}],"predecessor-version":[{"id":3471,"href":"https:\/\/natura-diet.com\/index.php?rest_route=\/wp\/v2\/pages\/959\/revisions\/3471"}],"wp:attachment":[{"href":"https:\/\/natura-diet.com\/index.php?rest_route=%2Fwp%2Fv2%2Fmedia&parent=959"}],"curies":[{"name":"wp","href":"https:\/\/api.w.org\/{rel}","templated":true}]}}