{"id":967,"date":"2024-03-18T14:51:05","date_gmt":"2024-03-18T13:51:05","guid":{"rendered":"https:\/\/bionaturaa.wordpress.com\/?page_id=967"},"modified":"2024-07-15T13:14:08","modified_gmt":"2024-07-15T13:14:08","slug":"pediakid-probiotiques","status":"publish","type":"page","link":"https:\/\/natura-diet.com\/?page_id=967","title":{"rendered":"PEDIAKID PROBIOTIQUES"},"content":{"rendered":"\n<div style=\"height:100px\" aria-hidden=\"true\" class=\"wp-block-spacer\"><\/div>\n\n\n\n<h3 class=\"wp-block-heading has-text-align-left has-large-font-size\"><mark style=\"background-color:rgba(0, 0, 0, 0)\" class=\"has-inline-color has-theme-3-color\">PEDIAKID PROBIOTIQUES<\/mark><\/h3>\n\n\n\n<div style=\"height:100px\" aria-hidden=\"true\" class=\"wp-block-spacer\"><\/div>\n\n\n\n<div style=\"height:100px\" aria-hidden=\"true\" class=\"wp-block-spacer\"><\/div>\n\n\n\n<div class=\"wp-block-group alignfull has-global-padding is-content-justification-center is-layout-constrained wp-container-core-group-is-layout-888b3e69 wp-block-group-is-layout-constrained\" style=\"margin-top:0;margin-bottom:0;padding-top:calc( 0.5 * var(u002du002dwpu002du002dstyleu002du002drootu002du002dpadding-right, var(u002du002dwpu002du002dcustomu002du002dgapu002du002dhorizontal)));padding-right:var(u002du002dwpu002du002dstyleu002du002drootu002du002dpadding-right, var(u002du002dwpu002du002dcustomu002du002dgapu002du002dhorizontal));padding-bottom:calc( 0.5 * var(u002du002dwpu002du002dstyleu002du002drootu002du002dpadding-right, var(u002du002dwpu002du002dcustomu002du002dgapu002du002dhorizontal)));padding-left:var(u002du002dwpu002du002dstyleu002du002drootu002du002dpadding-left, var(u002du002dwpu002du002dcustomu002du002dgapu002du002dhorizontal))\">\n<div style=\"height:0px\" aria-hidden=\"true\" class=\"wp-block-spacer\"><\/div>\n\n\n\n<div class=\"wp-block-columns alignwide are-vertically-aligned-center is-layout-flex wp-container-core-columns-is-layout-7705d9bc wp-block-columns-is-layout-flex\" style=\"padding-bottom:80px\">\n<div class=\"wp-block-column is-vertically-aligned-stretch is-layout-flow wp-block-column-is-layout-flow\">\n<figure class=\"wp-block-image aligncenter size-full is-resized\"><img loading=\"lazy\" decoding=\"async\" width=\"540\" height=\"540\" src=\"https:\/\/natura-diet.com\/wp-content\/uploads\/2024\/07\/probiotiques-10m.webp\" alt=\"\" class=\"wp-image-3593\" style=\"width:398px;height:auto\" srcset=\"https:\/\/natura-diet.com\/wp-content\/uploads\/2024\/07\/probiotiques-10m.webp 540w, https:\/\/natura-diet.com\/wp-content\/uploads\/2024\/07\/probiotiques-10m-300x300.webp 300w, https:\/\/natura-diet.com\/wp-content\/uploads\/2024\/07\/probiotiques-10m-150x150.webp 150w\" sizes=\"auto, (max-width: 540px) 100vw, 540px\" \/><\/figure>\n<\/div>\n\n\n\n<div class=\"wp-block-column is-vertically-aligned-stretch is-layout-flow wp-block-column-is-layout-flow\">\n<head>\n\n\n    <script src=\"https:\/\/code.jquery.com\/jquery-3.6.0.min.js\"><\/script>\n\n<\/head>\n\n<body>\n    <div class=\"container-accordion\">\n        <div class=\"accordion_inner\">\n            <div class=\"accordion-section\">\n                <div class=\"each-accordionbox\">\n                    <h3 class=\"each-title\">Posologie<\/h3>\n                    <div class=\"each-text\">\n                        <p>D\u00e8s 6 mois. <br \/>\n\n                            Le + produit : Innovation Garantie &#8220;Formule concentr\u00e9e et stabilis\u00e9e&#8221;<br \/>\n\n                            PEDIAKID Probiotiques-10M a \u00e9t\u00e9 \u00e9labor\u00e9 \u00e0 partir de souches de ferments lactiques\n                            rigoureusement s\u00e9lectionn\u00e9es pour leur stabilit\u00e9 et leurs bienfaits. Il b\u00e9n\u00e9ficie d\u2019un\n                            conditionnement sp\u00e9cialement \u00e9tudi\u00e9 pour garantir la stabilit\u00e9 de ses 10 milliards de\n                            ferments, sans n\u00e9cessit\u00e9 d\u2019une conservation \u00e0 froid.<br \/>\n\n                            Compl\u00e9ment alimentaire aux ferments lactiques, fibres d&#8217;inuline de Chicor\u00e9e et Zinc\n                            biodisponible.<br \/>\n\n                            Le syst\u00e8me digestif abrite 50% du potentiel de d\u00e9fense de l\u2019organisme. Il contient 100 000\n                            milliards de \u201cbonnes\u201c bact\u00e9ries essentielles. Chez les enfants, la flore intestinale est\n                            immature et particuli\u00e8rement sensible aux perturbations. Une alimentation peu diversifi\u00e9e,\n                            le stress li\u00e9 \u00e0 la croissance ou la prise d\u2019antibiotiques peuvent la d\u00e9s\u00e9quilibrer.<br \/>\n\n                            PEDIAKID Probiotiques-10M a \u00e9t\u00e9 \u00e9labor\u00e9 \u00e0 partir de ferments lactiques (Lactobacillus casei,\n                            Lactobacillus acidophilus, Lactobacillus plantarum, Streptococcus thermophilus)\n                            rigoureusement s\u00e9lectionn\u00e9s pour r\u00e9\u00e9quilibrer la flore intestinale. Sa formule \u00e0 l&#8217;inuline\n                            de Chicor\u00e9e participe \u00e0 la croissance des bonnes bact\u00e9ries de l&#8217;intestin.<br \/>\n\n                            Afin de renforcer l\u2019immunit\u00e9, PEDIAKID Probiotiques-10M est riche en Zinc. Pr\u00e9sent sous\n                            forme de bisglycinate il b\u00e9n\u00e9ficie d\u2019une biodisponibilit\u00e9 optimale.<br \/>\n\n                            PEDIAKID\u00ae Probiotiques-10M est \u00e9labor\u00e9 sans gluten, sans ar\u00f4me et sans colorant.<br \/>\n\n                            Peut \u00e9galement convenir \u00e0 l\u2019adulte de plus de 15 ans.<br \/>\n\n                            Etui 10 sachets de poudre \u00e0 diluer.<br \/>\n\n\n\n                            EN SAVOIR PLUS<br \/>\n\n                            Qu\u2019est-ce que le microbiote intestinal ?<br \/>\n                            Le microbiote intestinal (ou flore intestinale) se d\u00e9finit par l\u2019ensemble des\n                            micro-organismes contenus dans l\u2019intestin. Dans un organisme sain et adulte, le tube\n                            digestif est colonis\u00e9 par environ 100 000 milliards de bact\u00e9ries appartenant \u00e0 plus de 500\n                            esp\u00e8ces diff\u00e9rentes, qui contribuent \u00e0 la digestion et \u00e0 la d\u00e9fense de l\u2019organisme vis-\u00e0-vis\n                            des agressions ext\u00e9rieures. Cette flore endog\u00e8ne se forge \u00e0 la naissance et se d\u00e9veloppe\n                            dans les 3 premi\u00e8res ann\u00e9es de la vie. \u00c0 tout moment, elle peut \u00eatre affaiblie et\n                            d\u00e9s\u00e9quilibr\u00e9e par la fatigue engendr\u00e9e par la croissance ou par la prise d\u2019antibiotiques, ce\n                            qui fragilise l\u2019organisme.<br \/>\n\n\n\n                            UN R\u00d4LE MAJEUR POUR NOTRE SANT\u00c9<br \/>\n                            Le microbiote joue un r\u00f4le cl\u00e9 en favorisant la digestion gr\u00e2ce \u00e0 des m\u00e9canismes de\n                            fermentation. Il permet ainsi d\u2019assurer l\u2019assimilation des nutriments issus de notre\n                            alimentation tels que les vitamines, les min\u00e9raux, les acides amin\u00e9s, ou encore les acides\n                            gras. <br \/>\n\n                            Le microbiote intervient \u00e9galement dans le soutien de l\u2019immunit\u00e9 et des d\u00e9fenses naturelles\n                            en prot\u00e9geant le tube digestif contre la colonisation par des microorganismes pathog\u00e8nes\n                            (effet barri\u00e8re). Et tout au long de la vie, il va permettre le d\u00e9veloppement et la\n                            maturation du syst\u00e8me immunitaire. L\u2019intestin abrite pr\u00e8s de 70 % de nos cellules\n                            immunitaires ! <br \/>\n\n                            Le microbiote intervient aussi dans le m\u00e9tabolisme des sucres, des graisses et dans la\n                            r\u00e9gulation de l\u2019app\u00e9tit. Il participe aussi \u00e0 la fabrication de vitamines telles que celles\n                            du groupe B, la vitamine K. <br \/>\n\n                            Enfin, le microbiote r\u00e9alise la synth\u00e8se de neurotransmetteurs et est impliqu\u00e9 en\n                            particulier dans le dialogue cerveau-intestin. <br \/>\n\n\n\n                            &#8230; MAIS UN \u00c9COSYST\u00c8ME FRAGILE <br \/>\n                            Le microbiote peut \u00eatre appauvri et perdre en diversit\u00e9 du fait notamment : <br \/>\n\n                            De l\u2019\u00e2ge, <br \/>\n                            D\u2019une alimentation trop sucr\u00e9e, trop grasse, trop industrielle, <br \/>\n                            Du stress, <br \/>\n                            De la prise d\u2019antibiotiques, <br \/>\n                            De troubles fonctionnels. <br \/>\n                            \u2026pouvant ainsi g\u00e9n\u00e9rer divers troubles intestinaux (diarrh\u00e9e, constipation, ballonnements\u2026),\n                            <br \/>\n                            une prise de poids, une baisse des d\u00e9fenses immunitaires (sensibilit\u00e9 aux infections) et de\n                            la vitalit\u00e9 voire m\u00eame, \u00e0 long terme, constituer un facteur de risque de maladies\n                            m\u00e9taboliques. <br \/>\n\n                            Pourquoi prendre des probiotiques &#038; des pr\u00e9biotiques ? <br \/>\n                            Il existe des \u00e9l\u00e9ments capables de restaurer les propri\u00e9t\u00e9s du microbiote : <br \/>\n\n                            \u2022 PROBIOTIQUES : Micro-organismes vivants, bact\u00e9ries ou levures, qui, lorsqu\u2019ils sont\n                            administr\u00e9s en quantit\u00e9 suffisante et avec la bonne association de souches, favorisent le\n                            d\u00e9veloppement ou l\u2019\u00e9quilibre de la microflore intestinale et exercent des effets positifs\n                            sur la sant\u00e9 de l\u2019h\u00f4te, au-del\u00e0 des effets nutritionnels traditionnels (OMS-FAO, 2001)\n                            <br \/>\n\n                            \u2022 PR\u00c9BIOTIQUES : Oligo- ou poly-saccharides non digestibles (fibres), qui stimulent de fa\u00e7on\n                            s\u00e9lective le d\u00e9veloppement ou l\u2019activit\u00e9 des bact\u00e9ries intestinales endog\u00e8nes (bifidog\u00e8nes),\n                            am\u00e9liorant ainsi la sant\u00e9 de l\u2019h\u00f4te. <br \/>\n\n\n\n                            DES B\u00c9N\u00c9FICES AU NIVEAU INTESTINAL <br \/>\n                            \u2022 R\u00e9tablir un transit normal : lutte contre la constipation, diminution de la fr\u00e9quence et\n                            de la dur\u00e9e des diarrh\u00e9es associ\u00e9es aux antibiotiques ou infectieuses (gastro-ent\u00e9rites,\n                            intoxications alimentaires) <br \/>\n\n                            \u2022 R\u00e9duire les ballonnements, troubles du transit, douleurs abdominales\u2026 <br \/>\n\n                            \u2022 Faciliter la digestion notamment chez les personnes intol\u00e9rantes au lactose <br \/>\n\n\n\n                            DES B\u00c9N\u00c9FICES SUR LE SYST\u00c8ME IMMUNITAIRE <br \/>\n                            \u2022 Augmentation de la fonction barri\u00e8re de la muqueuse intestinale : r\u00e9\u00e9quilibre de la\n                            population de micro-organismes b\u00e9n\u00e9fiques, stimulation de la production de mucus et\n                            s\u00e9cr\u00e9tions antibact\u00e9riennes par les ent\u00e9rocytes, augmentation de la production d\u2019anticorps\n                            de type IgA impliqu\u00e9s dans la r\u00e9ponse immunitaire inn\u00e9e <br \/>\n\n                            \u2022 Modulation de l\u2019activit\u00e9 du syst\u00e8me immunitaire intestinal : renforcement en cas\n                            d\u2019affaiblissement, mais aussi diminution de la suractivation dans les cas d\u2019allergies ou de\n                            troubles fonctionnels de l\u2019intestin <br \/>\n\n\n\n                            DES B\u00c9N\u00c9FICES SUR L\u2019\u00c9QUILIBRE M\u00c9TABOLIQUE <br \/>\n                            \u2022 Am\u00e9lioration de la fonction h\u00e9patique <br \/>\n\n                            \u2022 Augmentation de la d\u00e9pense \u00e9nerg\u00e9tique et diminution de l\u2019absorption lipidique <br \/>\n                        <\/p>\n                    <\/div>\n                <\/div>\n                <div class=\"each-accordionbox\">\n                    <h3 class=\"each-title\">Composition<\/h3>\n                    <div class=\"each-text\">\n                        <p>Maltodextrine de pomme de terre, inuline de chicor\u00e9e, ferments lactiques (soja, lait* et\n                            d\u00e9riv\u00e9s) : Lactobacillus casei HA-108, Lactobacillus acidophilus HA-122, Lactobacillus\n                            plantarum HA-119, Streptococcus thermophilus HA-110; bisglycinate de Zinc.<br \/>\n\n                            * Contient des traces de lait qui n\u2019affectent pas les personnes intol\u00e9rantes au\n                            lactose.<br \/>\n\n                            Sans gluten &#8211; Sans ar\u00f4me &#8211; Sans colorant<br \/>\n                            <strong>Informations nutritionnelles moyennes:<\/strong>\n                        <\/p>\n                        <div class=\"table-container\">\n                            <table class=\"responsive-table\">\n                                <thead>\n                                    <tr>\n                                        <th>Informations nutritionnelles moyennes<\/th>\n                                        <th>Par sachet (2 g)<\/th>\n                                    <\/tr>\n                                <\/thead>\n                                <tbody>\n                                    <tr>\n                                        <td data-label=\"Informations nutritionnelles moyennes\">Ferments lactiques<\/td>\n                                        <td data-label=\"Par sachet (2 g)\">\u00e9quivalent \u00e0 10 milliards de ferments<\/td>\n                                    <\/tr>\n                                    <tr>\n                                        <td data-label=\"Informations nutritionnelles moyennes\">Zinc<\/td>\n                                        <td data-label=\"Par sachet (2 g)\">3 mg (30% AR)<\/td>\n                                    <\/tr>\n                                    <tr>\n                                        <td data-label=\"Informations nutritionnelles moyennes\">Inuline de Chicor\u00e9e<\/td>\n                                        <td data-label=\"Par sachet (2 g)\">900 mg<\/td>\n                                    <\/tr>\n                                <\/tbody>\n                            <\/table>\n                        <\/div>\n\n\n\n\n                    <\/div>\n                <\/div>\n                <div class=\"each-accordionbox\">\n                    <h3 class=\"each-title\">Utilisation<\/h3>\n                    <div class=\"each-text\">\n                        <p>Conseils d&#8217;utilisation<br \/>\n                            D\u00e8s 6 mois. 1 sachet par jour, le matin ou le soir avant les repas, dilu\u00e9 dans un verre\n                            d\u2019eau ou m\u00e9lang\u00e9 \u00e0 un aliment semi-liquide (yaourt, compote,\u2026), de pr\u00e9f\u00e9rence\n                            37\u00b0C. Programme de 10 jours. Ce produit peut \u00e9galement convenir \u00e0 l\u2019adulte de plus de 15\n                            ans. <br \/>\n\n                        <\/p>\n                        <p>Pr\u00e9cautions d&#8217;emploi<br \/>\n                            Conserver hors de la port\u00e9e des enfants, \u00e0 l\u2019abri de la chaleur et de l\u2019humidit\u00e9. \u00c0\n                            consommer dans le cadre d\u2019une alimentation vari\u00e9e et \u00e9quilibr\u00e9e, et d\u2019un mode de vie sain.\n                            Il est recommand\u00e9 de ne pas d\u00e9passer le dosage conseill\u00e9. \u00c0 consommer de pr\u00e9f\u00e9rence avant la\n                            date indiqu\u00e9e sur l\u2019emballage. Se conserve \u00e0 temp\u00e9rature ambiante.<br \/>\n                        <\/p>\n                    <\/div>\n                <\/div>\n            <\/div>\n        <\/div>\n    <\/div>\n\n    <\/tbody>\n    <\/table>\n\n    <\/div>\n    <\/div>\n\n\n\n    <script>\n        $(document).ready(function () {\n            \/\/ Open the first accordion automatically\n            $(\".each-accordionbox:first-child\").addClass(\"active\").children(\".each-text\").slideDown();\n\n            \/\/ Accordion toggle functionality\n            $(\".each-title\").on(\"click\",function () {\n                if ($(this).parent().hasClass(\"active\")) {\n                    $(this).next().slideUp();\n                    $(this).parent().removeClass(\"active\");\n                } else {\n                    $(\".each-text\").slideUp();\n                    $(\".each-accordionbox\").removeClass(\"active\");\n                    $(this).parent().addClass(\"active\");\n                    $(this).next().slideDown();\n                }\n            });\n        });\n    <\/script>\n<\/body>\n<\/div>\n<\/div>\n<\/div>\n\n\n\n<div style=\"height:100px\" aria-hidden=\"true\" class=\"wp-block-spacer\"><\/div>\n\n\n\n<p><\/p>\n\n\n\n<div style=\"height:100px\" aria-hidden=\"true\" class=\"wp-block-spacer\"><\/div>\n\n\n\n<div class=\"wp-block-columns alignfull is-layout-flex wp-container-core-columns-is-layout-28f84493 wp-block-columns-is-layout-flex\">\n<div class=\"wp-block-column is-vertically-aligned-center is-layout-flow wp-block-column-is-layout-flow\">\n<head>\n    <script src=\"https:\/\/kit.fontawesome.com\/3b161c540c.js\" crossorigin=\"anonymous\"><\/script>\n<\/head>\n<footer class=\"footer\">\n    <div class=\"container row\">\n        <div class=\"footer-col\">\n            <h4>Laboratoire Bionatura Diet<\/h4>\n            <ul>\n                <li><a href=\"https:\/\/natura-diet.com\/?page_id=21\">Qui Somme Nous<\/a><\/li>\n            <\/ul>\n        <\/div>\n        <div class=\"footer-col\">\n            <h4> Nos partenaires<\/h4>\n            <ul>\n                <li><a href=\"https:\/\/natura-diet.com\/?page_id=692\">PileJe<\/a><\/li>\n                <li><a href=\"https:\/\/natura-diet.com\/?page_id=115\">Ineldea<\/a><\/li>\n                <li><a href=\"#\">Fertyfarm<\/a><\/li>\n                <li><a href=\"#\">Polidis<\/a><\/li>\n                <li><a href=\"#\">Eafit<\/a><\/li>\n            <\/ul>\n\n        <\/div>\n        <div class=\"footer-col\">\n\n            <h4>Nos Gammes<\/h4>\n            <ul>\n                <li><a href=\"https:\/\/natura-diet.com\/?page_id=465\">Microbiotes<\/a><\/li>\n                <li><a href=\"https:\/\/natura-diet.com\/?page_id=694\">Micronutrition<\/a><\/li>\n                <li><a href=\"https:\/\/natura-diet.com\/?page_id=517\">Phytotherapie<\/a><\/li>\n                <li><a href=\"https:\/\/natura-diet.com\/?page_id=1202\">Pediakid<\/a><\/li>\n                <li><a href=\"https:\/\/natura-diet.com\/?page_id=726\">Effiderm<\/a><\/li>\n            <\/ul>\n\n        <\/div>\n        <div class=\"footer-col\">\n            <h4>Contactez-nous<\/h4>\n            <div class=\"social-links\">\n                <a href=\"tel:+21626330240\"><i class=\"fa fa-phone\"><\/i><\/a><span class=\"text-icon\">+216 26 330 240<\/span>\n                <br \/>\n                <a href=\"mailto:bionatura2@gmail.com\"><i class=\"fa fa-envelope\" aria-hidden=\"true\"><\/i><\/a><span\n                    class=\"text-icon\">bionatura2@gmail.com<\/span> <br \/>\n                <div class=\"social-media\">\n                    <a href=\"https:\/\/www.facebook.com\/profile.php?id=100054568084108\" target=\"_blank\" rel=\"noopener\"><i\n                            class=\"fa-brands fa-facebook\"><\/i><\/a>\n                    <a href=\"https:\/\/www.instagram.com\/bio.naturadiet?igsh=cXI0aDNvM3I3MXpk\" target=\"_blank\" rel=\"noopener\"><i class=\"fa-brands fa-instagram\"><\/i><\/a>\n                    <!-- <a href=\"#\"><i class=\"fa-brands fa-linkedin-in\"><\/i><\/a> -->\n                <\/div>\n            <\/div>\n        <\/div>\n        <div class=\"footer-col\" style=\"color: white; text-align: center; display: block;margin-left: auto;\n    margin-right: auto;margin-top: 20px;\">&copy; 2024 &#8211; All right\n            reserved <a href=\"https:\/\/zeenovi.com\/\" target=\"_blank\" style=\"color: white;\" rel=\"noopener\">Zeenovi\u2122<\/a>\n        <\/div>\n\n\n    <\/div>\n<\/footer>\n<\/div>\n<\/div>\n","protected":false},"excerpt":{"rendered":"<p>PEDIAKID PROBIOTIQUES Posologie D\u00e8s 6 mois. Le + produit : Innovation Garantie &#8220;Formule concentr\u00e9e et stabilis\u00e9e&#8221; PEDIAKID Probiotiques-10M a \u00e9t\u00e9 \u00e9labor\u00e9 \u00e0 partir de souches de ferments lactiques rigoureusement s\u00e9lectionn\u00e9es [&hellip;]<\/p>\n","protected":false},"author":1,"featured_media":0,"parent":0,"menu_order":0,"comment_status":"closed","ping_status":"closed","template":"","meta":{"_eb_attr":"","_EventAllDay":false,"_EventTimezone":"","_EventStartDate":"","_EventEndDate":"","_EventStartDateUTC":"","_EventEndDateUTC":"","_EventShowMap":false,"_EventShowMapLink":false,"_EventURL":"","_EventCost":"","_EventCostDescription":"","_EventCurrencySymbol":"","_EventCurrencyCode":"","_EventCurrencyPosition":"","_EventDateTimeSeparator":"","_EventTimeRangeSeparator":"","_EventOrganizerID":[],"_EventVenueID":[],"_OrganizerEmail":"","_OrganizerPhone":"","_OrganizerWebsite":"","_VenueAddress":"","_VenueCity":"","_VenueCountry":"","_VenueProvince":"","_VenueState":"","_VenueZip":"","_VenuePhone":"","_VenueURL":"","_VenueStateProvince":"","_VenueLat":"","_VenueLng":"","_VenueShowMap":false,"_VenueShowMapLink":false,"footnotes":""},"class_list":["post-967","page","type-page","status-publish","hentry"],"_links":{"self":[{"href":"https:\/\/natura-diet.com\/index.php?rest_route=\/wp\/v2\/pages\/967","targetHints":{"allow":["GET"]}}],"collection":[{"href":"https:\/\/natura-diet.com\/index.php?rest_route=\/wp\/v2\/pages"}],"about":[{"href":"https:\/\/natura-diet.com\/index.php?rest_route=\/wp\/v2\/types\/page"}],"author":[{"embeddable":true,"href":"https:\/\/natura-diet.com\/index.php?rest_route=\/wp\/v2\/users\/1"}],"replies":[{"embeddable":true,"href":"https:\/\/natura-diet.com\/index.php?rest_route=%2Fwp%2Fv2%2Fcomments&post=967"}],"version-history":[{"count":20,"href":"https:\/\/natura-diet.com\/index.php?rest_route=\/wp\/v2\/pages\/967\/revisions"}],"predecessor-version":[{"id":3594,"href":"https:\/\/natura-diet.com\/index.php?rest_route=\/wp\/v2\/pages\/967\/revisions\/3594"}],"wp:attachment":[{"href":"https:\/\/natura-diet.com\/index.php?rest_route=%2Fwp%2Fv2%2Fmedia&parent=967"}],"curies":[{"name":"wp","href":"https:\/\/api.w.org\/{rel}","templated":true}]}}